{"id":4273,"date":"2025-05-19T18:08:02","date_gmt":"2025-05-19T16:08:02","guid":{"rendered":"http:\/\/segu-aero.com\/?post_type=product&#038;p=4273"},"modified":"2025-10-31T03:13:53","modified_gmt":"2025-10-31T02:13:53","slug":"curso-formador-formadores-aviacion","status":"publish","type":"product","link":"https:\/\/segu-aero.com\/fr\/produit\/curso-formador-formadores-aviacion\/","title":{"rendered":"Cours de formateur en ligne pour formateurs en aviation"},"content":{"rendered":"\t\t<div data-elementor-type=\"product-post\" data-elementor-id=\"4273\" class=\"elementor elementor-4273 elementor-4271\" data-elementor-post-type=\"product\">\n\t\t\t\t<div class=\"elementor-element elementor-element-6fd2f045 e-flex e-con-boxed e-con e-parent\" data-id=\"6fd2f045\" data-element_type=\"container\" data-e-type=\"container\">\n\t\t\t\t\t<div class=\"e-con-inner\">\n\t\t\t\t<div class=\"elementor-element elementor-element-10705d10 elementor-widget elementor-widget-text-editor\" data-id=\"10705d10\" data-element_type=\"widget\" data-e-type=\"widget\" data-widget_type=\"text-editor.default\">\n\t\t\t\t<div class=\"elementor-widget-container\">\n\t\t\t\t\t\t\t\t\t<p>La<strong> formation de formateur a\u00e9ronautique<\/strong> pr\u00e9pare les professionnels du secteur a\u00e9ronautique \u00e0 acqu\u00e9rir les comp\u00e9tences p\u00e9dagogiques n\u00e9cessaires pour dispenser des formations techniques, de s\u00e9curit\u00e9 ou de maintenance dans des organismes agr\u00e9\u00e9s.<\/p><p>Cette formation combine les principes de l&#8217;enseignement professionnel avec les exigences sp\u00e9cifiques du domaine a\u00e9ronautique r\u00e9glement\u00e9 par l&#8217;EASA, permettant aux participants de planifier, d\u00e9velopper et \u00e9valuer des actions de formation de haut niveau.<\/p><p>La formation s&#8217;adresse aussi bien aux techniciens qu&#8217;aux ing\u00e9nieurs ou agents de ma\u00eetrise qui souhaitent franchir le pas vers une formation professionnelle a\u00e9ronautique.<\/p><h2>Objectifs du cours<\/h2><p>L&#8217;obtention du certificat li\u00e9 au cours de formateur de formateurs est obligatoire pour tous les travailleurs qui dispensent une formation en aviation.<\/p><p>L&#8217;objectif de cette formation est de former des professionnels capables d&#8217;enseigner et de transmettre des connaissances techniques de mani\u00e8re efficace, r\u00e9pondant aux normes p\u00e9dagogiques de qualit\u00e9 et de s\u00e9curit\u00e9 requises dans le secteur a\u00e9ronautique.<\/p><p>\u00c0 la fin, l&#8217;\u00e9tudiant sera capable de :<\/p><ul><li>Concevoir des programmes de formation adapt\u00e9s au milieu a\u00e9ronautique.<\/li><li>Appliquer des techniques d\u2019enseignement et d\u2019apprentissage sp\u00e9cifiques aux adultes.<\/li><li>\u00c9valuer les progr\u00e8s et les performances des \u00e9tudiants.<\/li><li>D\u00e9velopper du mat\u00e9riel p\u00e9dagogique efficace et actualis\u00e9.<\/li><li>Assurer une formation conforme aux exigences de l&#8217;AESA et de l&#8217;EASA.<\/li><li>Agir \u00e0 titre d&#8217;instructeur ou de formateur interne au sein des organisations a\u00e9ronautiques.<\/li><\/ul><h2>A qui s&#8217;adresse-t-il?<\/h2><p>La formation Aviation Trainers s&#8217;adresse aux professionnels du secteur a\u00e9ronautique qui souhaitent d\u00e9velopper leur carri\u00e8re d&#8217;instructeurs ou de formateurs au sein d&#8217;organismes agr\u00e9\u00e9s ou de centres de formation a\u00e9ronautique.<\/p><p>Il est notamment id\u00e9al pour :<\/p><ul><li>Techniciens et ing\u00e9nieurs a\u00e9ronautiques qui souhaitent dispenser une formation technique ou de maintenance.<\/li><li>Superviseurs, chefs d&#8217;\u00e9quipe ou responsables qualit\u00e9 avec fonctions de formation interne.<\/li><li>Partie 147 instructeurs ou aspirants professionnels.<\/li><li>Personnel des organismes de maintenance (Partie 145) ou des \u00e9coles d&#8217;aviation qui souhaitent perfectionner leurs comp\u00e9tences p\u00e9dagogiques.<\/li><\/ul><p>Sa modalit\u00e9 100% en ligne vous permet de suivre le cours de mani\u00e8re flexible, combinant travail et formation sans avoir besoin de vous d\u00e9placer.<\/p><h2>Pourquoi suivre ce cours ?<\/h2><p>Les connaissances techniques sont essentielles, mais savoir les transmettre correctement est ce qui diff\u00e9rencie un bon professionnel d&#8217;un vrai formateur.<\/p><p>Avec ce cursus, vous acquerrez les outils p\u00e9dagogiques et m\u00e9thodologiques n\u00e9cessaires pour enseigner efficacement dans le secteur a\u00e9ronautique, l&#8217;un des plus exigeants au monde.<\/p><p>Suivre cette formation vous permettra de :<\/p><ul><li>Obtenir une certification valide pour dispenser une formation a\u00e9ronautique.<\/li><li>R\u00e9pondre aux exigences d\u2019enseignement \u00e9tablies par l\u2019AESA et l\u2019EASA.<\/li><li>Apprenez des techniques efficaces de communication et d\u2019\u00e9valuation.<\/li><li>D\u00e9velopper une carri\u00e8re de formateur, d\u2019instructeur ou de responsable de formation.<\/li><li>Am\u00e9liorez vos opportunit\u00e9s professionnelles dans les organisations Part 145 ou 147.<\/li><\/ul><p>Cette formation de formateur en a\u00e9ronautique est l&#8217;occasion id\u00e9ale de convertir votre exp\u00e9rience technique en vocation d&#8217;enseignant, favorisant votre \u00e9volution professionnelle au sein d&#8217;un secteur en constante croissance.<\/p><h2>Agenda du cours de formation des formateurs a\u00e9ronautiques<\/h2><ul><li><span style=\"font-size: 0.9375rem;\">Module 1 : Apprentissage.<\/span><\/li><li><span style=\"font-size: 0.9375rem;\">Module 2 : Attitudes. <\/span><\/li><li><span style=\"font-size: 0.9375rem;\">Module 3 : Assertivit\u00e9. <\/span><\/li><li><span style=\"font-size: 0.9375rem;\">Module 4 : \u00c9coute active. <\/span><\/li><li><span style=\"font-size: 0.9375rem;\">Module 5 : Styles d&#8217;enseignement. <\/span><\/li><li><span style=\"font-size: 0.9375rem;\">Module 6 : Champ d&#8217;action d&#8217;un formateur d&#8217;adultes. <\/span><\/li><li><span style=\"font-size: 0.9375rem;\">Module 7 : L&#8217;\u00e9tudiant. <\/span><\/li><li><span style=\"font-size: 0.9375rem;\">Module 8 : Intelligence \u00e9motionnelle. <\/span><\/li><li><span style=\"font-size: 0.9375rem;\">Module 9 : Strat\u00e9gies m\u00e9thodologiques pour dynamiser la classe. <\/span><\/li><li><span style=\"font-size: 0.9375rem;\">Module 10 : Concepts et types d&#8217;\u00e9valuation. <\/span><\/li><li><span style=\"font-size: 0.9375rem;\">Module 11 : Conception et programmation d&#8217;une session de formation.<\/span><\/li><\/ul>\t\t\t\t\t\t\t\t<\/div>\n\t\t\t\t<\/div>\n\t\t\t\t\t<\/div>\n\t\t\t\t<\/div>\n\t\t\t\t<\/div>\n\t\t","protected":false},"excerpt":{"rendered":"<p>Cours en ligne destin\u00e9 aux professionnels de l&#8217;a\u00e9ronautique qui souhaitent devenir instructeurs qualifi\u00e9s. Apprenez \u00e0 concevoir, dispenser et \u00e9valuer une formation technique a\u00e9ronautique.<\/p>\n<ul>\n<li>Langue: Espagnol<\/li>\n<li>Dur\u00e9e: 6 heures<\/li>\n<li>Certification : valable 3 ans<\/li>\n<\/ul>\n","protected":false},"featured_media":4250,"template":"","meta":{"_acf_changed":false,"site-sidebar-layout":"default","site-content-layout":"","ast-site-content-layout":"default","site-content-style":"default","site-sidebar-style":"default","ast-global-header-display":"","ast-banner-title-visibility":"","ast-main-header-display":"","ast-hfb-above-header-display":"","ast-hfb-below-header-display":"","ast-hfb-mobile-header-display":"","site-post-title":"","ast-breadcrumbs-content":"","ast-featured-img":"","footer-sml-layout":"","ast-disable-related-posts":"","theme-transparent-header-meta":"default","adv-header-id-meta":"","stick-header-meta":"","header-above-stick-meta":"","header-main-stick-meta":"","header-below-stick-meta":"","astra-migrate-meta-layouts":"set","ast-page-background-enabled":"default","ast-page-background-meta":{"desktop":{"background-color":"var(--ast-global-color-5)","background-image":"","background-repeat":"repeat","background-position":"center center","background-size":"auto","background-attachment":"scroll","background-type":"","background-media":"","overlay-type":"","overlay-color":"","overlay-opacity":"","overlay-gradient":""},"tablet":{"background-color":"","background-image":"","background-repeat":"repeat","background-position":"center center","background-size":"auto","background-attachment":"scroll","background-type":"","background-media":"","overlay-type":"","overlay-color":"","overlay-opacity":"","overlay-gradient":""},"mobile":{"background-color":"","background-image":"","background-repeat":"repeat","background-position":"center center","background-size":"auto","background-attachment":"scroll","background-type":"","background-media":"","overlay-type":"","overlay-color":"","overlay-opacity":"","overlay-gradient":""}},"ast-content-background-meta":{"desktop":{"background-color":"var(--ast-global-color-4)","background-image":"","background-repeat":"repeat","background-position":"center center","background-size":"auto","background-attachment":"scroll","background-type":"","background-media":"","overlay-type":"","overlay-color":"","overlay-opacity":"","overlay-gradient":""},"tablet":{"background-color":"var(--ast-global-color-4)","background-image":"","background-repeat":"repeat","background-position":"center center","background-size":"auto","background-attachment":"scroll","background-type":"","background-media":"","overlay-type":"","overlay-color":"","overlay-opacity":"","overlay-gradient":""},"mobile":{"background-color":"var(--ast-global-color-4)","background-image":"","background-repeat":"repeat","background-position":"center center","background-size":"auto","background-attachment":"scroll","background-type":"","background-media":"","overlay-type":"","overlay-color":"","overlay-opacity":"","overlay-gradient":""}}},"product_brand":[],"product_cat":[151,145],"product_tag":[],"class_list":{"0":"post-4273","1":"product","2":"type-product","3":"status-publish","4":"has-post-thumbnail","6":"product_cat-otros-fr","7":"product_cat-espanol-fr","8":"desktop-align-left","9":"tablet-align-left","10":"mobile-align-left","12":"first","13":"instock","14":"sale","15":"downloadable","16":"virtual","17":"taxable","18":"purchasable","19":"product-type-simple"},"acf":[],"yoast_head":"<!-- This site is optimized with the Yoast SEO plugin v27.4 - https:\/\/yoast.com\/product\/yoast-seo-wordpress\/ -->\n<title>Cours de formateur en ligne pour formateurs en aviation<\/title>\n<meta name=\"description\" content=\"Devenez instructeur a\u00e9ronautique certifi\u00e9. Suivez d\u00e8s maintenant la formation en ligne de formateur a\u00e9ronautique valable avant AESA\/EASA.\" \/>\n<meta name=\"robots\" content=\"index, follow, max-snippet:-1, max-image-preview:large, max-video-preview:-1\" \/>\n<link rel=\"canonical\" href=\"http:\/\/segu-aero.com\/fr\/producto\/curso-formador-formadores-aviacion\/\" \/>\n<meta property=\"og:locale\" content=\"fr_FR\" \/>\n<meta property=\"og:type\" content=\"article\" \/>\n<meta property=\"og:title\" content=\"Cours de formateur en ligne pour formateurs en aviation | Segu-Aero\" \/>\n<meta property=\"og:description\" content=\"Devenez instructeur a\u00e9ronautique certifi\u00e9. Suivez d\u00e8s maintenant la formation en ligne de formateur a\u00e9ronautique valable avant AESA\/EASA.\" \/>\n<meta property=\"og:url\" content=\"http:\/\/segu-aero.com\/producto\/curso-formador-formadores-aviacion\/\" \/>\n<meta property=\"og:site_name\" content=\"Segu-Aero\" \/>\n<meta property=\"article:modified_time\" content=\"2025-10-31T02:13:53+00:00\" \/>\n<meta property=\"og:image\" content=\"http:\/\/segu-aero.com\/wp-content\/uploads\/2025\/05\/formador-de-formadores-2-1024x768.jpg\" \/>\n<meta name=\"twitter:card\" content=\"summary_large_image\" \/>\n<meta name=\"twitter:title\" content=\"Cours de formateur en ligne pour formateurs en aviation | Segu-Aero\" \/>\n<meta name=\"twitter:description\" content=\"Devenez instructeur a\u00e9ronautique certifi\u00e9. Suivez d\u00e8s maintenant la formation en ligne de formateur a\u00e9ronautique valable avant AESA\/EASA.\" \/>\n<meta name=\"twitter:image\" content=\"http:\/\/segu-aero.com\/wp-content\/uploads\/2025\/05\/formador-de-formadores-2-1024x768.jpg\" \/>\n<meta name=\"twitter:label1\" content=\"Dur\u00e9e de lecture estim\u00e9e\" \/>\n\t<meta name=\"twitter:data1\" content=\"3 minutes\" \/>\n<!-- \/ Yoast SEO plugin. -->","yoast_head_json":{"title":"Cours de formateur en ligne pour formateurs en aviation","description":"Devenez instructeur a\u00e9ronautique certifi\u00e9. Suivez d\u00e8s maintenant la formation en ligne de formateur a\u00e9ronautique valable avant AESA\/EASA.","robots":{"index":"index","follow":"follow","max-snippet":"max-snippet:-1","max-image-preview":"max-image-preview:large","max-video-preview":"max-video-preview:-1"},"canonical":"http:\/\/segu-aero.com\/fr\/producto\/curso-formador-formadores-aviacion\/","og_locale":"fr_FR","og_type":"article","og_title":"Cours de formateur en ligne pour formateurs en aviation | Segu-Aero","og_description":"Devenez instructeur a\u00e9ronautique certifi\u00e9. Suivez d\u00e8s maintenant la formation en ligne de formateur a\u00e9ronautique valable avant AESA\/EASA.","og_url":"http:\/\/segu-aero.com\/producto\/curso-formador-formadores-aviacion\/","og_site_name":"Segu-Aero","article_modified_time":"2025-10-31T02:13:53+00:00","og_image":[{"url":"http:\/\/segu-aero.com\/wp-content\/uploads\/2025\/05\/formador-de-formadores-2-1024x768.jpg","type":"","width":"","height":""}],"twitter_card":"summary_large_image","twitter_title":"Cours de formateur en ligne pour formateurs en aviation | Segu-Aero","twitter_description":"Devenez instructeur a\u00e9ronautique certifi\u00e9. Suivez d\u00e8s maintenant la formation en ligne de formateur a\u00e9ronautique valable avant AESA\/EASA.","twitter_image":"http:\/\/segu-aero.com\/wp-content\/uploads\/2025\/05\/formador-de-formadores-2-1024x768.jpg","twitter_misc":{"Dur\u00e9e de lecture estim\u00e9e":"3 minutes"},"schema":{"@context":"https:\/\/schema.org","@graph":[{"@type":"WebPage","@id":"https:\/\/segu-aero.com\/fr\/produit\/curso-formador-formadores-aviacion\/","url":"http:\/\/segu-aero.com\/producto\/curso-formador-formadores-aviacion\/","name":"Cours de formateur en ligne pour formateurs en aviation","isPartOf":{"@id":"https:\/\/segu-aero.com\/fr\/#website"},"primaryImageOfPage":{"@id":"http:\/\/segu-aero.com\/producto\/curso-formador-formadores-aviacion\/#primaryimage"},"image":{"@id":"http:\/\/segu-aero.com\/producto\/curso-formador-formadores-aviacion\/#primaryimage"},"thumbnailUrl":"https:\/\/segu-aero.com\/wp-content\/uploads\/2025\/05\/formador-de-formadores-2.jpg","datePublished":"2025-05-19T16:08:02+00:00","dateModified":"2025-10-31T02:13:53+00:00","description":"Devenez instructeur a\u00e9ronautique certifi\u00e9. Suivez d\u00e8s maintenant la formation en ligne de formateur a\u00e9ronautique valable avant AESA\/EASA.","breadcrumb":{"@id":"http:\/\/segu-aero.com\/producto\/curso-formador-formadores-aviacion\/#breadcrumb"},"inLanguage":"fr-FR","potentialAction":[{"@type":"ReadAction","target":["http:\/\/segu-aero.com\/producto\/curso-formador-formadores-aviacion\/"]}]},{"@type":"ImageObject","inLanguage":"fr-FR","@id":"http:\/\/segu-aero.com\/producto\/curso-formador-formadores-aviacion\/#primaryimage","url":"https:\/\/segu-aero.com\/wp-content\/uploads\/2025\/05\/formador-de-formadores-2.jpg","contentUrl":"https:\/\/segu-aero.com\/wp-content\/uploads\/2025\/05\/formador-de-formadores-2.jpg","width":1984,"height":1488,"caption":"Cours de formateur en ligne pour formateurs en aviation"},{"@type":"BreadcrumbList","@id":"http:\/\/segu-aero.com\/producto\/curso-formador-formadores-aviacion\/#breadcrumb","itemListElement":[{"@type":"ListItem","position":1,"name":"Portada","item":"https:\/\/segu-aero.com\/fr\/"},{"@type":"ListItem","position":2,"name":"Produits","item":"https:\/\/segu-aero.com\/fr\/shop\/"},{"@type":"ListItem","position":3,"name":"Cours de formateur en ligne pour formateurs en aviation"}]},{"@type":"WebSite","@id":"https:\/\/segu-aero.com\/fr\/#website","url":"https:\/\/segu-aero.com\/fr\/","name":"Segu-Aero","description":"Especialistas en formaci\u00f3n y seguridad aeroportuaria","publisher":{"@id":"https:\/\/segu-aero.com\/fr\/#organization"},"potentialAction":[{"@type":"SearchAction","target":{"@type":"EntryPoint","urlTemplate":"https:\/\/segu-aero.com\/fr\/?s={search_term_string}"},"query-input":{"@type":"PropertyValueSpecification","valueRequired":true,"valueName":"search_term_string"}}],"inLanguage":"fr-FR"},{"@type":"Organization","@id":"https:\/\/segu-aero.com\/fr\/#organization","name":"Segu-Aero","url":"https:\/\/segu-aero.com\/fr\/","logo":{"@type":"ImageObject","inLanguage":"fr-FR","@id":"https:\/\/segu-aero.com\/fr\/#\/schema\/logo\/image\/","url":"https:\/\/segu-aero.com\/wp-content\/uploads\/2024\/10\/LOGO-SEG-AERO-2024.png","contentUrl":"https:\/\/segu-aero.com\/wp-content\/uploads\/2024\/10\/LOGO-SEG-AERO-2024.png","width":293,"height":128,"caption":"Segu-Aero"},"image":{"@id":"https:\/\/segu-aero.com\/fr\/#\/schema\/logo\/image\/"},"sameAs":["https:\/\/www.linkedin.com\/company\/formaero\/"]}]}},"_links":{"self":[{"href":"https:\/\/segu-aero.com\/fr\/wp-json\/wp\/v2\/product\/4273","targetHints":{"allow":["GET"]}}],"collection":[{"href":"https:\/\/segu-aero.com\/fr\/wp-json\/wp\/v2\/product"}],"about":[{"href":"https:\/\/segu-aero.com\/fr\/wp-json\/wp\/v2\/types\/product"}],"version-history":[{"count":11,"href":"https:\/\/segu-aero.com\/fr\/wp-json\/wp\/v2\/product\/4273\/revisions"}],"predecessor-version":[{"id":6158,"href":"https:\/\/segu-aero.com\/fr\/wp-json\/wp\/v2\/product\/4273\/revisions\/6158"}],"wp:featuredmedia":[{"embeddable":true,"href":"https:\/\/segu-aero.com\/fr\/wp-json\/wp\/v2\/media\/4250"}],"wp:attachment":[{"href":"https:\/\/segu-aero.com\/fr\/wp-json\/wp\/v2\/media?parent=4273"}],"wp:term":[{"taxonomy":"product_brand","embeddable":true,"href":"https:\/\/segu-aero.com\/fr\/wp-json\/wp\/v2\/product_brand?post=4273"},{"taxonomy":"product_cat","embeddable":true,"href":"https:\/\/segu-aero.com\/fr\/wp-json\/wp\/v2\/product_cat?post=4273"},{"taxonomy":"product_tag","embeddable":true,"href":"https:\/\/segu-aero.com\/fr\/wp-json\/wp\/v2\/product_tag?post=4273"}],"curies":[{"name":"wp","href":"https:\/\/api.w.org\/{rel}","templated":true}]}}