{"id":4227,"date":"2025-04-25T18:33:37","date_gmt":"2025-04-25T16:33:37","guid":{"rendered":"http:\/\/segu-aero.com\/product\/curso-responsable-de-seguridad-11-2-2-11-2-5\/"},"modified":"2025-10-30T17:42:04","modified_gmt":"2025-10-30T16:42:04","slug":"curso-responsable-de-seguridad-11-2-2-11-2-5","status":"publish","type":"product","link":"https:\/\/segu-aero.com\/fr\/produit\/curso-responsable-de-seguridad-11-2-2-11-2-5\/","title":{"rendered":"Formation AVSEC compl\u00e8te: Agent de s\u00e9curit\u00e9 a\u00e9roportuaire (11.2.2 + 11.2.5)"},"content":{"rendered":"\t\t<div data-elementor-type=\"product-post\" data-elementor-id=\"4227\" class=\"elementor elementor-4227 elementor-4192\" data-elementor-post-type=\"product\">\n\t\t\t\t<div class=\"elementor-element elementor-element-3723265c e-flex e-con-boxed e-con e-parent\" data-id=\"3723265c\" data-element_type=\"container\" data-e-type=\"container\">\n\t\t\t\t\t<div class=\"e-con-inner\">\n\t\t\t\t<div class=\"elementor-element elementor-element-1541acab elementor-widget elementor-widget-text-editor\" data-id=\"1541acab\" data-element_type=\"widget\" data-e-type=\"widget\" data-widget_type=\"text-editor.default\">\n\t\t\t\t<div class=\"elementor-widget-container\">\n\t\t\t\t\t\t\t\t\t<div class=\"elementor-element elementor-element-2a4a10cb elementor-widget elementor-widget-woocommerce-product-content\" data-id=\"2a4a10cb\" data-element_type=\"widget\" data-widget_type=\"woocommerce-product-content.default\"><p>Ce cours est con\u00e7u pour couvrir de mani\u00e8re exhaustive les comp\u00e9tences requises pour \u00eatre un<strong> responsable de la s\u00e9curit\u00e9 AVSEC<\/strong>, int\u00e9grant \u00e0 la fois le <a href=\"https:\/\/segu-aero.com\/fr\/producto\/11-2-2-formacion-basica-del-responsable-de-seguridad\/\" target=\"_blank\" rel=\"noopener\">module 11.2.2 (Formation de base pour le responsable de la s\u00e9curit\u00e9)<\/a> et le <a href=\"https:\/\/segu-aero.com\/fr\/producto\/11-2-5-formacion-especifica-para-el-responsable-de-seguridad\/\" target=\"_blank\" rel=\"noopener\">module 11.2.5 (Formation sp\u00e9cifique pour le responsable de la s\u00e9curit\u00e9)<\/a>.<\/p><p>De cette mani\u00e8re, le participant n&#8217;est pas oblig\u00e9 de suivre les deux cours s\u00e9par\u00e9ment, mais re\u00e7oit plut\u00f4t une formation unifi\u00e9e qui couvre tout, depuis les bases r\u00e9glementaires et op\u00e9rationnelles jusqu&#8217;aux comp\u00e9tences avanc\u00e9es en mati\u00e8re de supervision, de leadership et d&#8217;audit requises par le r\u00f4le de responsable de la s\u00e9curit\u00e9 dans les a\u00e9roports ou les entit\u00e9s AVSEC.<\/p><p>Ce mod\u00e8le est align\u00e9 sur les exigences \u00e9tablies par la r\u00e9glementation espagnole et europ\u00e9enne pour le poste de responsable de la s\u00e9curit\u00e9 AVSEC-RA.<\/p><div class=\"elementor-widget-container\"><h2>Objectifs du cours<\/h2><p>\u00c0 l&#8217;issue de cette formation int\u00e9gr\u00e9e, l&#8217;\u00e9tudiant sera capable de:<\/p><ul><li>Ma\u00eetriser le cadre r\u00e9glementaire national et europ\u00e9en qui r\u00e9git la s\u00e9curit\u00e9 a\u00e9roportuaire (actes ill\u00e9gaux, r\u00e9glementation l\u00e9gale, obligations).<\/li><li>Comprendre et appliquer les proc\u00e9dures de contr\u00f4le d&#8217;acc\u00e8s, d&#8217;accr\u00e9ditation et de gestion des incidents.<\/li><li>Diriger l&#8217;ex\u00e9cution du programme de s\u00e9curit\u00e9 de l&#8217;agent accr\u00e9dit\u00e9 (RA) ou de l&#8217;entit\u00e9 AVSEC.<\/li><li>Superviser et auditer les processus de s\u00e9curit\u00e9, motiver le personnel et appliquer des m\u00e9thodologies d&#8217;am\u00e9lioration continue.<\/li><li>Agir avec autorit\u00e9 dans la prise de d\u00e9cisions en cas d&#8217;\u00e9v\u00e9nements de s\u00e9curit\u00e9, dans le respect de la r\u00e9glementation.<\/li><\/ul><h2>A qui s&#8217;adresse-t-il?<\/h2><p>Ce cours est id\u00e9al pour :<\/p><ul><li>Personnes d\u00e9sign\u00e9es comme responsables de la s\u00e9curit\u00e9 AVSEC (RA \/ Fournisseurs accr\u00e9dit\u00e9s).<\/li><li>Ceux qui souhaitent assumer le r\u00f4le de responsable de la s\u00e9curit\u00e9 au sein d\u2019entit\u00e9s, d\u2019entreprises ou de fournisseurs a\u00e9roportuaires.<\/li><li>Professionnels du secteur de la s\u00e9curit\u00e9 a\u00e9roportuaire qui souhaitent compl\u00e9ter leur formation de base par des comp\u00e9tences sp\u00e9cifiques.<\/li><li>Les candidats qui aspirent \u00e0 \u00eatre certifi\u00e9s par l&#8217;AESA en tant que responsables de la s\u00e9curit\u00e9 dans des entit\u00e9s accr\u00e9dit\u00e9es.<\/li><\/ul><h2>Pourquoi suivre le cours complet de responsable de la s\u00e9curit\u00e9 ?<\/h2><ul><li>Car il regroupe les deux modules indispensables exig\u00e9s par la r\u00e9glementation pour le r\u00f4le de Security Manager (11.2.2 + 11.2.5), proposant une formation compl\u00e8te et efficace.<\/li><li>Vous respectez les exigences de formation incluses dans la proc\u00e9dure de certification des responsables de s\u00e9curit\u00e9 AVSEC-RA. <br>S\u00e9curit\u00e9 a\u00e9rienne<\/li><li>Vous r\u00e9duisez les redondances: un seul cours complet au lieu de deux cours distincts, ce qui am\u00e9liore la coh\u00e9rence p\u00e9dagogique et la valeur pour le participant.<\/li><li>Vous augmentez votre employabilit\u00e9 dans le secteur AVSEC en tant que responsable s\u00e9curit\u00e9 juridique et op\u00e9rationnel.<\/li><li>Vous obtenez une certification officielle reconnue par l&#8217;AESA, valable pour exercer des fonctions de responsabilit\u00e9 dans la s\u00e9curit\u00e9 a\u00e9roportuaire.<b><\/b><\/li><\/ul><h2>Programme de formation complet pour Security Manager<\/h2><ul><li>Actes ant\u00e9rieurs d\u2019intervention ill\u00e9gale contre l\u2019aviation civile, actes terroristes et menaces r\u00e9elles.<\/li><li>Cadre juridique pour la s\u00e9curit\u00e9 a\u00e9rienne.<\/li><li>Objectifs et organisation de la s\u00fbret\u00e9 a\u00e9rienne, y compris les obligations et responsabilit\u00e9s des personnes effectuant les contr\u00f4les de s\u00fbret\u00e9.<\/li><li>Proc\u00e9dures de contr\u00f4le d&#8217;acc\u00e8s.<\/li><li>Syst\u00e8mes d&#8217;accr\u00e9ditation et d&#8217;autorisation utilis\u00e9s dans les a\u00e9roports.<\/li><li>Proc\u00e9dures d&#8217;interception de personnes et circonstances dans lesquelles les personnes doivent \u00eatre d\u00e9tenues ou signal\u00e9es.<\/li><li>Proc\u00e9dures de r\u00e9clamation.<\/li><li>Identification des objets interdits<\/li><li>Action en cas d&#8217;incidents de s\u00e9curit\u00e9<\/li><li>Comportement et r\u00e9actions humaines dans les performances de s\u00e9curit\u00e9<\/li><li>Communication avec clart\u00e9 et confiance<\/li><li>Culture de s\u00e9curit\u00e9 sur le lieu de travail et dans le domaine a\u00e9rien.<\/li><li>Dispositions l\u00e9gales. Programme de s\u00e9curit\u00e9 des compagnies a\u00e9riennes. <\/li><li>Proc\u00e9dures de contr\u00f4le qualit\u00e9 internes, nationales, communautaires et internationales.<\/li><li>M\u00e9thodes de motivation du personnel.<\/li><li>Capacit\u00e9s et limites des \u00e9quipements de s\u00e9curit\u00e9 ou des m\u00e9thodes de contr\u00f4le utilis\u00e9s.<\/li><\/ul><\/div><\/div>\t\t\t\t\t\t\t\t<\/div>\n\t\t\t\t<\/div>\n\t\t\t\t\t<\/div>\n\t\t\t\t<\/div>\n\t\t\t\t<\/div>\n\t\t","protected":false},"excerpt":{"rendered":"<p>Cours combin\u00e9 11.2.2 + 11.2.5 qui forme le responsable de la s\u00e9curit\u00e9 : formation de base et sp\u00e9cifique int\u00e9gr\u00e9e \u00e0 la certification officielle AVSEC.<\/p>\n<ul>\n<li>Langue: Espagnol<\/li>\n<li>Dur\u00e9e: 6 heures<\/li>\n<li>Certification: valable 2 ans<\/li>\n<\/ul>\n","protected":false},"featured_media":4195,"template":"","meta":{"_acf_changed":false,"site-sidebar-layout":"default","site-content-layout":"","ast-site-content-layout":"default","site-content-style":"default","site-sidebar-style":"default","ast-global-header-display":"","ast-banner-title-visibility":"","ast-main-header-display":"","ast-hfb-above-header-display":"","ast-hfb-below-header-display":"","ast-hfb-mobile-header-display":"","site-post-title":"","ast-breadcrumbs-content":"","ast-featured-img":"","footer-sml-layout":"","ast-disable-related-posts":"","theme-transparent-header-meta":"default","adv-header-id-meta":"","stick-header-meta":"","header-above-stick-meta":"","header-main-stick-meta":"","header-below-stick-meta":"","astra-migrate-meta-layouts":"set","ast-page-background-enabled":"default","ast-page-background-meta":{"desktop":{"background-color":"var(--ast-global-color-5)","background-image":"","background-repeat":"repeat","background-position":"center center","background-size":"auto","background-attachment":"scroll","background-type":"","background-media":"","overlay-type":"","overlay-color":"","overlay-opacity":"","overlay-gradient":""},"tablet":{"background-color":"","background-image":"","background-repeat":"repeat","background-position":"center center","background-size":"auto","background-attachment":"scroll","background-type":"","background-media":"","overlay-type":"","overlay-color":"","overlay-opacity":"","overlay-gradient":""},"mobile":{"background-color":"","background-image":"","background-repeat":"repeat","background-position":"center center","background-size":"auto","background-attachment":"scroll","background-type":"","background-media":"","overlay-type":"","overlay-color":"","overlay-opacity":"","overlay-gradient":""}},"ast-content-background-meta":{"desktop":{"background-color":"var(--ast-global-color-4)","background-image":"","background-repeat":"repeat","background-position":"center center","background-size":"auto","background-attachment":"scroll","background-type":"","background-media":"","overlay-type":"","overlay-color":"","overlay-opacity":"","overlay-gradient":""},"tablet":{"background-color":"var(--ast-global-color-4)","background-image":"","background-repeat":"repeat","background-position":"center center","background-size":"auto","background-attachment":"scroll","background-type":"","background-media":"","overlay-type":"","overlay-color":"","overlay-opacity":"","overlay-gradient":""},"mobile":{"background-color":"var(--ast-global-color-4)","background-image":"","background-repeat":"repeat","background-position":"center center","background-size":"auto","background-attachment":"scroll","background-type":"","background-media":"","overlay-type":"","overlay-color":"","overlay-opacity":"","overlay-gradient":""}}},"product_brand":[],"product_cat":[144,145],"product_tag":[],"class_list":{"0":"post-4227","1":"product","2":"type-product","3":"status-publish","4":"has-post-thumbnail","6":"product_cat-avsec-fr","7":"product_cat-espanol-fr","8":"desktop-align-left","9":"tablet-align-left","10":"mobile-align-left","12":"first","13":"instock","14":"sale","15":"downloadable","16":"virtual","17":"taxable","18":"purchasable","19":"product-type-simple"},"acf":[],"yoast_head":"<!-- This site is optimized with the Yoast SEO plugin v27.4 - https:\/\/yoast.com\/product\/yoast-seo-wordpress\/ -->\n<title>Formation AVSEC: Agent de s\u00e9curit\u00e9 (11.2.2 + 11.2.5)<\/title>\n<meta name=\"description\" content=\"Devenez agent de s\u00fbret\u00e9 a\u00e9roportuaire gr\u00e2ce \u00e0 la certification AESA 11.2.2 et 11.2.5. Suivez d\u00e8s maintenant la formation AVSEC compl\u00e8te en ligne.\" \/>\n<meta name=\"robots\" content=\"index, follow, max-snippet:-1, max-image-preview:large, max-video-preview:-1\" \/>\n<link rel=\"canonical\" href=\"http:\/\/segu-aero.com\/fr\/producto\/curso-responsable-de-seguridad-11-2-2-11-2-5\/\" \/>\n<meta property=\"og:locale\" content=\"fr_FR\" \/>\n<meta property=\"og:type\" content=\"article\" \/>\n<meta property=\"og:title\" content=\"Formation AVSEC compl\u00e8te: Agent de s\u00e9curit\u00e9 a\u00e9roportuaire (11.2.2 + 11.2.5)\" \/>\n<meta property=\"og:description\" content=\"Devenez agent de s\u00fbret\u00e9 a\u00e9roportuaire gr\u00e2ce \u00e0 la certification AESA 11.2.2 et 11.2.5. Suivez d\u00e8s maintenant la formation AVSEC compl\u00e8te en ligne.\" \/>\n<meta property=\"og:url\" content=\"http:\/\/segu-aero.com\/producto\/curso-responsable-de-seguridad-11-2-2-11-2-5\/\" \/>\n<meta property=\"og:site_name\" content=\"Segu-Aero\" \/>\n<meta property=\"article:modified_time\" content=\"2025-10-30T16:42:04+00:00\" \/>\n<meta property=\"og:image\" content=\"https:\/\/segu-aero.com\/wp-content\/uploads\/2025\/04\/19201571048c14f5b6caaa9f29fe65f9-recuperado.jpg\" \/>\n\t<meta property=\"og:image:width\" content=\"391\" \/>\n\t<meta property=\"og:image:height\" content=\"338\" \/>\n\t<meta property=\"og:image:type\" content=\"image\/jpeg\" \/>\n<meta name=\"twitter:card\" content=\"summary_large_image\" \/>\n<meta name=\"twitter:title\" content=\"Formation AVSEC compl\u00e8te: Agent de s\u00e9curit\u00e9 a\u00e9roportuaire (11.2.2 + 11.2.5)\" \/>\n<meta name=\"twitter:description\" content=\"Devenez agent de s\u00fbret\u00e9 a\u00e9roportuaire gr\u00e2ce \u00e0 la certification AESA 11.2.2 et 11.2.5. Suivez d\u00e8s maintenant la formation AVSEC compl\u00e8te en ligne.\" \/>\n<meta name=\"twitter:image\" content=\"https:\/\/segu-aero.com\/wp-content\/uploads\/2025\/04\/19201571048c14f5b6caaa9f29fe65f9-recuperado.jpg\" \/>\n<meta name=\"twitter:label1\" content=\"Dur\u00e9e de lecture estim\u00e9e\" \/>\n\t<meta name=\"twitter:data1\" content=\"3 minutes\" \/>\n<!-- \/ Yoast SEO plugin. -->","yoast_head_json":{"title":"Formation AVSEC: Agent de s\u00e9curit\u00e9 (11.2.2 + 11.2.5)","description":"Devenez agent de s\u00fbret\u00e9 a\u00e9roportuaire gr\u00e2ce \u00e0 la certification AESA 11.2.2 et 11.2.5. Suivez d\u00e8s maintenant la formation AVSEC compl\u00e8te en ligne.","robots":{"index":"index","follow":"follow","max-snippet":"max-snippet:-1","max-image-preview":"max-image-preview:large","max-video-preview":"max-video-preview:-1"},"canonical":"http:\/\/segu-aero.com\/fr\/producto\/curso-responsable-de-seguridad-11-2-2-11-2-5\/","og_locale":"fr_FR","og_type":"article","og_title":"Formation AVSEC compl\u00e8te: Agent de s\u00e9curit\u00e9 a\u00e9roportuaire (11.2.2 + 11.2.5)","og_description":"Devenez agent de s\u00fbret\u00e9 a\u00e9roportuaire gr\u00e2ce \u00e0 la certification AESA 11.2.2 et 11.2.5. Suivez d\u00e8s maintenant la formation AVSEC compl\u00e8te en ligne.","og_url":"http:\/\/segu-aero.com\/producto\/curso-responsable-de-seguridad-11-2-2-11-2-5\/","og_site_name":"Segu-Aero","article_modified_time":"2025-10-30T16:42:04+00:00","og_image":[{"width":391,"height":338,"url":"https:\/\/segu-aero.com\/wp-content\/uploads\/2025\/04\/19201571048c14f5b6caaa9f29fe65f9-recuperado.jpg","type":"image\/jpeg"}],"twitter_card":"summary_large_image","twitter_title":"Formation AVSEC compl\u00e8te: Agent de s\u00e9curit\u00e9 a\u00e9roportuaire (11.2.2 + 11.2.5)","twitter_description":"Devenez agent de s\u00fbret\u00e9 a\u00e9roportuaire gr\u00e2ce \u00e0 la certification AESA 11.2.2 et 11.2.5. Suivez d\u00e8s maintenant la formation AVSEC compl\u00e8te en ligne.","twitter_image":"https:\/\/segu-aero.com\/wp-content\/uploads\/2025\/04\/19201571048c14f5b6caaa9f29fe65f9-recuperado.jpg","twitter_misc":{"Dur\u00e9e de lecture estim\u00e9e":"3 minutes"},"schema":{"@context":"https:\/\/schema.org","@graph":[{"@type":"WebPage","@id":"https:\/\/segu-aero.com\/fr\/produit\/curso-responsable-de-seguridad-11-2-2-11-2-5\/","url":"http:\/\/segu-aero.com\/producto\/curso-responsable-de-seguridad-11-2-2-11-2-5\/","name":"Formation AVSEC: Agent de s\u00e9curit\u00e9 (11.2.2 + 11.2.5)","isPartOf":{"@id":"https:\/\/segu-aero.com\/fr\/#website"},"primaryImageOfPage":{"@id":"http:\/\/segu-aero.com\/producto\/curso-responsable-de-seguridad-11-2-2-11-2-5\/#primaryimage"},"image":{"@id":"http:\/\/segu-aero.com\/producto\/curso-responsable-de-seguridad-11-2-2-11-2-5\/#primaryimage"},"thumbnailUrl":"https:\/\/segu-aero.com\/wp-content\/uploads\/2025\/04\/19201571048c14f5b6caaa9f29fe65f9-recuperado.jpg","datePublished":"2025-04-25T16:33:37+00:00","dateModified":"2025-10-30T16:42:04+00:00","description":"Devenez agent de s\u00fbret\u00e9 a\u00e9roportuaire gr\u00e2ce \u00e0 la certification AESA 11.2.2 et 11.2.5. Suivez d\u00e8s maintenant la formation AVSEC compl\u00e8te en ligne.","breadcrumb":{"@id":"http:\/\/segu-aero.com\/producto\/curso-responsable-de-seguridad-11-2-2-11-2-5\/#breadcrumb"},"inLanguage":"fr-FR","potentialAction":[{"@type":"ReadAction","target":["http:\/\/segu-aero.com\/producto\/curso-responsable-de-seguridad-11-2-2-11-2-5\/"]}]},{"@type":"ImageObject","inLanguage":"fr-FR","@id":"http:\/\/segu-aero.com\/producto\/curso-responsable-de-seguridad-11-2-2-11-2-5\/#primaryimage","url":"https:\/\/segu-aero.com\/wp-content\/uploads\/2025\/04\/19201571048c14f5b6caaa9f29fe65f9-recuperado.jpg","contentUrl":"https:\/\/segu-aero.com\/wp-content\/uploads\/2025\/04\/19201571048c14f5b6caaa9f29fe65f9-recuperado.jpg","width":391,"height":338,"caption":"Responsable de la s\u00e9curit\u00e9 a\u00e9roportuaire"},{"@type":"BreadcrumbList","@id":"http:\/\/segu-aero.com\/producto\/curso-responsable-de-seguridad-11-2-2-11-2-5\/#breadcrumb","itemListElement":[{"@type":"ListItem","position":1,"name":"Portada","item":"https:\/\/segu-aero.com\/fr\/"},{"@type":"ListItem","position":2,"name":"Produits","item":"https:\/\/segu-aero.com\/fr\/shop\/"},{"@type":"ListItem","position":3,"name":"Formation AVSEC compl\u00e8te: Agent de s\u00e9curit\u00e9 a\u00e9roportuaire (11.2.2 + 11.2.5)"}]},{"@type":"WebSite","@id":"https:\/\/segu-aero.com\/fr\/#website","url":"https:\/\/segu-aero.com\/fr\/","name":"Segu-Aero","description":"Especialistas en formaci\u00f3n y seguridad aeroportuaria","publisher":{"@id":"https:\/\/segu-aero.com\/fr\/#organization"},"potentialAction":[{"@type":"SearchAction","target":{"@type":"EntryPoint","urlTemplate":"https:\/\/segu-aero.com\/fr\/?s={search_term_string}"},"query-input":{"@type":"PropertyValueSpecification","valueRequired":true,"valueName":"search_term_string"}}],"inLanguage":"fr-FR"},{"@type":"Organization","@id":"https:\/\/segu-aero.com\/fr\/#organization","name":"Segu-Aero","url":"https:\/\/segu-aero.com\/fr\/","logo":{"@type":"ImageObject","inLanguage":"fr-FR","@id":"https:\/\/segu-aero.com\/fr\/#\/schema\/logo\/image\/","url":"https:\/\/segu-aero.com\/wp-content\/uploads\/2024\/10\/LOGO-SEG-AERO-2024.png","contentUrl":"https:\/\/segu-aero.com\/wp-content\/uploads\/2024\/10\/LOGO-SEG-AERO-2024.png","width":293,"height":128,"caption":"Segu-Aero"},"image":{"@id":"https:\/\/segu-aero.com\/fr\/#\/schema\/logo\/image\/"},"sameAs":["https:\/\/www.linkedin.com\/company\/formaero\/"]}]}},"_links":{"self":[{"href":"https:\/\/segu-aero.com\/fr\/wp-json\/wp\/v2\/product\/4227","targetHints":{"allow":["GET"]}}],"collection":[{"href":"https:\/\/segu-aero.com\/fr\/wp-json\/wp\/v2\/product"}],"about":[{"href":"https:\/\/segu-aero.com\/fr\/wp-json\/wp\/v2\/types\/product"}],"version-history":[{"count":15,"href":"https:\/\/segu-aero.com\/fr\/wp-json\/wp\/v2\/product\/4227\/revisions"}],"predecessor-version":[{"id":6044,"href":"https:\/\/segu-aero.com\/fr\/wp-json\/wp\/v2\/product\/4227\/revisions\/6044"}],"wp:featuredmedia":[{"embeddable":true,"href":"https:\/\/segu-aero.com\/fr\/wp-json\/wp\/v2\/media\/4195"}],"wp:attachment":[{"href":"https:\/\/segu-aero.com\/fr\/wp-json\/wp\/v2\/media?parent=4227"}],"wp:term":[{"taxonomy":"product_brand","embeddable":true,"href":"https:\/\/segu-aero.com\/fr\/wp-json\/wp\/v2\/product_brand?post=4227"},{"taxonomy":"product_cat","embeddable":true,"href":"https:\/\/segu-aero.com\/fr\/wp-json\/wp\/v2\/product_cat?post=4227"},{"taxonomy":"product_tag","embeddable":true,"href":"https:\/\/segu-aero.com\/fr\/wp-json\/wp\/v2\/product_tag?post=4227"}],"curies":[{"name":"wp","href":"https:\/\/api.w.org\/{rel}","templated":true}]}}