{"id":4226,"date":"2025-05-05T12:28:39","date_gmt":"2025-05-05T10:28:39","guid":{"rendered":"http:\/\/segu-aero.com\/product\/11-2-8-1-formacion-de-concienciacion-en-seguridad-de-la-informacion-ciberseguridad-en-aviacion\/"},"modified":"2025-10-30T18:56:28","modified_gmt":"2025-10-30T17:56:28","slug":"11-2-8-1-formacion-de-concienciacion-en-seguridad-de-la-informacion-ciberseguridad-en-aviacion","status":"publish","type":"product","link":"https:\/\/segu-aero.com\/fr\/produit\/11-2-8-1-formacion-de-concienciacion-en-seguridad-de-la-informacion-ciberseguridad-en-aviacion\/","title":{"rendered":"Cours en ligne AVSEC sur la s\u00e9curit\u00e9 de l&#8217;information (Cybers\u00e9curit\u00e9 dans l&#8217;aviation) (11.2.8.1)"},"content":{"rendered":"\t\t<div data-elementor-type=\"product-post\" data-elementor-id=\"4226\" class=\"elementor elementor-4226 elementor-4217\" data-elementor-post-type=\"product\">\n\t\t\t\t<div class=\"elementor-element elementor-element-114ec446 e-flex e-con-boxed e-con e-parent\" data-id=\"114ec446\" data-element_type=\"container\" data-e-type=\"container\">\n\t\t\t\t\t<div class=\"e-con-inner\">\n\t\t\t\t<div class=\"elementor-element elementor-element-fd212db elementor-widget elementor-widget-text-editor\" data-id=\"fd212db\" data-element_type=\"widget\" data-e-type=\"widget\" data-widget_type=\"text-editor.default\">\n\t\t\t\t<div class=\"elementor-widget-container\">\n\t\t\t\t\t\t\t\t\t<p>Ce cours enseigne les concepts fondamentaux de la <strong>s\u00e9curit\u00e9 de l&#8217;information et de la cybers\u00e9curit\u00e9 appliqu\u00e9s au contexte a\u00e9ronautique<\/strong>. Il s&#8217;adresse \u00e0 ceux qui manipulent des donn\u00e9es, utilisent des syst\u00e8mes informatiques ou ont des responsabilit\u00e9s en mati\u00e8re de s\u00e9curit\u00e9 au sein des compagnies a\u00e9riennes, des a\u00e9roports, des agences de navigation a\u00e9rienne, des constructeurs, des prestataires de services ou de fournitures a\u00e9roportuaires. <\/p><h2>Objectifs du cours<\/h2><p>Ce cours fournit aux participants des comp\u00e9tences essentielles en mati\u00e8re de s\u00e9curit\u00e9 de l&#8217;information, align\u00e9es sur le programme de s\u00e9curit\u00e9 nationale. Il s&#8217;adresse aux professionnels du secteur de l&#8217;aviation civile, tels que le personnel des compagnies a\u00e9riennes, les a\u00e9roports, les compagnies a\u00e9riennes, les agents accr\u00e9dit\u00e9s, les chargeurs connus, les fournisseurs d&#8217;approvisionnement, les prestataires de services de navigation a\u00e9rienne et les constructeurs. <\/p><h2>A qui s&#8217;adresse-t-il?<\/h2><p>L&#8217;obtention du certificat li\u00e9 au cours AVSEC 11.2.8.1 est une condition essentielle pour les travailleurs a\u00e9roportuaires qui ont acc\u00e8s aux donn\u00e9es ou qui utilisent les logiciels\/syst\u00e8mes de l&#8217;entreprise, il s&#8217;adresse aux responsables de la s\u00e9curit\u00e9 et au reste des membres de l&#8217;organisation.<\/p><p>Le cours est con\u00e7u pour :<\/p><ul><li>Responsables de la s\u00e9curit\u00e9 AVSEC et \u00e9quipes de s\u00e9curit\u00e9 de l\u2019information.<\/li><li>Personnel des compagnies a\u00e9riennes, des a\u00e9roports, des op\u00e9rateurs, des fabricants, des prestataires de services qui utilisent des syst\u00e8mes informatiques ou acc\u00e8dent \u00e0 des donn\u00e9es sensibles.<\/li><li>Utilisateurs de logiciels, de syst\u00e8mes d&#8217;entreprise ou d&#8217;infrastructures num\u00e9riques de l&#8217;organisation.<\/li><li>Tout membre de l&#8217;organisation a\u00e9ronautique ayant besoin de se sensibiliser \u00e0 la cybers\u00e9curit\u00e9, aux bonnes pratiques et \u00e0 la protection de l&#8217;information.<\/li><\/ul><h2>Pourquoi suivre ce cours ?<\/h2><p>Parce que la s\u00e9curit\u00e9 de l\u2019information est aujourd\u2019hui aussi critique que la s\u00e9curit\u00e9 physique. Avec ce cours : <\/p><ul><li>Vous r\u00e9pondez \u00e0 une exigence AVSEC et au programme de s\u00e9curit\u00e9 nationale pour ceux qui manipulent des donn\u00e9es sensibles.<\/li><li>Vous prot\u00e9gez votre organisation contre les cyberattaques, les fuites de donn\u00e9es, le phishing, les malwares ou autres vecteurs de risques.<\/li><li>Vous augmentez la r\u00e9silience de vos syst\u00e8mes et la confiance des clients, des passagers et des autorit\u00e9s.<\/li><li>Vous acqu\u00e9rez des comp\u00e9tences tr\u00e8s appr\u00e9ci\u00e9es dans le secteur a\u00e9ronautique moderne.<\/li><li>Vous obtenez un certificat officiel qui confirme votre engagement en faveur de la s\u00e9curit\u00e9 des informations au sein d&#8217;AVSEC.<\/li><\/ul><h2>Programme du cours AVSEC sur la s\u00e9curit\u00e9 des informations a\u00e9ronautiques<\/h2><ol><li>Introduction \u00e0 la s\u00e9curit\u00e9 de l&#8217;information et \u00e0 la cybers\u00e9curit\u00e9.<\/li><li>Culture et politique de s\u00e9curit\u00e9 de l\u2019information\/cybers\u00e9curit\u00e9 d\u2019une entit\u00e9.<\/li><li>Concept de vuln\u00e9rabilit\u00e9 et son impact organisationnel.<\/li><li>Notion de menace.<\/li><li>Vecteurs d&#8217;attaque possibles et comment les identifier.<\/li><li>Actions de protection possibles pour \u00e9viter une attaque ou minimiser ses cons\u00e9quences.<\/li><li>Actions possibles \u00e0 entreprendre si vous pensez avoir \u00e9t\u00e9 la cible d&#8217;une cyberattaque.<\/li><li>Syst\u00e8me de reporting interne pour les incidents de s\u00e9curit\u00e9 de l\u2019information\/cybers\u00e9curit\u00e9.<\/li><\/ol>\t\t\t\t\t\t\t\t<\/div>\n\t\t\t\t<\/div>\n\t\t\t\t\t<\/div>\n\t\t\t\t<\/div>\n\t\t\t\t<\/div>\n\t\t","protected":false},"excerpt":{"rendered":"<p>Formation en ligne de sensibilisation \u00e0 la cybers\u00e9curit\u00e9 pour le personnel a\u00e9ronautique : prot\u00e9gez les informations sensibles en vous conformant \u00e0 l&#8217;AVSEC 11.2.8.1.<\/p>\n<ul>\n<li>Langue: Espagnol<\/li>\n<li>Dur\u00e9e: 4 heures<\/li>\n<li>Certification: valable 5 ans<\/li>\n<\/ul>\n","protected":false},"featured_media":4231,"template":"","meta":{"_acf_changed":false,"site-sidebar-layout":"default","site-content-layout":"","ast-site-content-layout":"default","site-content-style":"default","site-sidebar-style":"default","ast-global-header-display":"","ast-banner-title-visibility":"","ast-main-header-display":"","ast-hfb-above-header-display":"","ast-hfb-below-header-display":"","ast-hfb-mobile-header-display":"","site-post-title":"","ast-breadcrumbs-content":"","ast-featured-img":"","footer-sml-layout":"","ast-disable-related-posts":"","theme-transparent-header-meta":"default","adv-header-id-meta":"","stick-header-meta":"","header-above-stick-meta":"","header-main-stick-meta":"","header-below-stick-meta":"","astra-migrate-meta-layouts":"set","ast-page-background-enabled":"default","ast-page-background-meta":{"desktop":{"background-color":"var(--ast-global-color-5)","background-image":"","background-repeat":"repeat","background-position":"center center","background-size":"auto","background-attachment":"scroll","background-type":"","background-media":"","overlay-type":"","overlay-color":"","overlay-opacity":"","overlay-gradient":""},"tablet":{"background-color":"","background-image":"","background-repeat":"repeat","background-position":"center center","background-size":"auto","background-attachment":"scroll","background-type":"","background-media":"","overlay-type":"","overlay-color":"","overlay-opacity":"","overlay-gradient":""},"mobile":{"background-color":"","background-image":"","background-repeat":"repeat","background-position":"center center","background-size":"auto","background-attachment":"scroll","background-type":"","background-media":"","overlay-type":"","overlay-color":"","overlay-opacity":"","overlay-gradient":""}},"ast-content-background-meta":{"desktop":{"background-color":"var(--ast-global-color-4)","background-image":"","background-repeat":"repeat","background-position":"center center","background-size":"auto","background-attachment":"scroll","background-type":"","background-media":"","overlay-type":"","overlay-color":"","overlay-opacity":"","overlay-gradient":""},"tablet":{"background-color":"var(--ast-global-color-4)","background-image":"","background-repeat":"repeat","background-position":"center center","background-size":"auto","background-attachment":"scroll","background-type":"","background-media":"","overlay-type":"","overlay-color":"","overlay-opacity":"","overlay-gradient":""},"mobile":{"background-color":"var(--ast-global-color-4)","background-image":"","background-repeat":"repeat","background-position":"center center","background-size":"auto","background-attachment":"scroll","background-type":"","background-media":"","overlay-type":"","overlay-color":"","overlay-opacity":"","overlay-gradient":""}}},"product_brand":[],"product_cat":[144,145],"product_tag":[],"class_list":{"0":"post-4226","1":"product","2":"type-product","3":"status-publish","4":"has-post-thumbnail","6":"product_cat-avsec-fr","7":"product_cat-espanol-fr","8":"desktop-align-left","9":"tablet-align-left","10":"mobile-align-left","12":"first","13":"instock","14":"sale","15":"featured","16":"taxable","17":"shipping-taxable","18":"purchasable","19":"product-type-simple"},"acf":[],"yoast_head":"<!-- This site is optimized with the Yoast SEO plugin v27.4 - https:\/\/yoast.com\/product\/yoast-seo-wordpress\/ -->\n<title>Cours AVSEC: La s\u00e9curit\u00e9 de l&#039;information a\u00e9ronautique (11.2.8.1)<\/title>\n<meta name=\"description\" content=\"Acc\u00e9dez au cours AVSEC sur la cybers\u00e9curit\u00e9 dans l&#039;aviation. Apprenez \u00e0 prot\u00e9ger les donn\u00e9es, signaler les incidents et respecter les r\u00e9glementations.\" \/>\n<meta name=\"robots\" content=\"index, follow, max-snippet:-1, max-image-preview:large, max-video-preview:-1\" \/>\n<link rel=\"canonical\" href=\"http:\/\/segu-aero.com\/fr\/producto\/11-2-8-1-formacion-de-concienciacion-en-seguridad-de-la-informacion-ciberseguridad-en-aviacion\/\" \/>\n<meta property=\"og:locale\" content=\"fr_FR\" \/>\n<meta property=\"og:type\" content=\"article\" \/>\n<meta property=\"og:title\" content=\"Cours en ligne AVSEC sur la cybers\u00e9curit\u00e9 ou la s\u00e9curit\u00e9 de l&#039;information dans l&#039;aviation (11.2.8.1)\" \/>\n<meta property=\"og:description\" content=\"Acc\u00e9dez au cours AVSEC sur la cybers\u00e9curit\u00e9 dans l&#039;aviation. Apprenez \u00e0 prot\u00e9ger les donn\u00e9es, signaler les incidents et respecter les r\u00e9glementations.\" \/>\n<meta property=\"og:url\" content=\"http:\/\/segu-aero.com\/producto\/11-2-8-1-formacion-de-concienciacion-en-seguridad-de-la-informacion-ciberseguridad-en-aviacion\/\" \/>\n<meta property=\"og:site_name\" content=\"Segu-Aero\" \/>\n<meta property=\"article:modified_time\" content=\"2025-10-30T17:56:28+00:00\" \/>\n<meta property=\"og:image\" content=\"http:\/\/segu-aero.com\/wp-content\/uploads\/2025\/05\/logo-ciber-300x300.png\" \/>\n<meta name=\"twitter:card\" content=\"summary_large_image\" \/>\n<meta name=\"twitter:title\" content=\"Cours en ligne AVSEC sur la cybers\u00e9curit\u00e9 ou la s\u00e9curit\u00e9 de l&#039;information dans l&#039;aviation (11.2.8.1)\" \/>\n<meta name=\"twitter:description\" content=\"Acc\u00e9dez au cours AVSEC sur la cybers\u00e9curit\u00e9 dans l&#039;aviation. Apprenez \u00e0 prot\u00e9ger les donn\u00e9es, signaler les incidents et respecter les r\u00e9glementations.\" \/>\n<meta name=\"twitter:image\" content=\"http:\/\/segu-aero.com\/wp-content\/uploads\/2025\/05\/logo-ciber.png\" \/>\n<meta name=\"twitter:label1\" content=\"Dur\u00e9e de lecture estim\u00e9e\" \/>\n\t<meta name=\"twitter:data1\" content=\"3 minutes\" \/>\n<!-- \/ Yoast SEO plugin. -->","yoast_head_json":{"title":"Cours AVSEC: La s\u00e9curit\u00e9 de l'information a\u00e9ronautique (11.2.8.1)","description":"Acc\u00e9dez au cours AVSEC sur la cybers\u00e9curit\u00e9 dans l'aviation. Apprenez \u00e0 prot\u00e9ger les donn\u00e9es, signaler les incidents et respecter les r\u00e9glementations.","robots":{"index":"index","follow":"follow","max-snippet":"max-snippet:-1","max-image-preview":"max-image-preview:large","max-video-preview":"max-video-preview:-1"},"canonical":"http:\/\/segu-aero.com\/fr\/producto\/11-2-8-1-formacion-de-concienciacion-en-seguridad-de-la-informacion-ciberseguridad-en-aviacion\/","og_locale":"fr_FR","og_type":"article","og_title":"Cours en ligne AVSEC sur la cybers\u00e9curit\u00e9 ou la s\u00e9curit\u00e9 de l'information dans l'aviation (11.2.8.1)","og_description":"Acc\u00e9dez au cours AVSEC sur la cybers\u00e9curit\u00e9 dans l'aviation. Apprenez \u00e0 prot\u00e9ger les donn\u00e9es, signaler les incidents et respecter les r\u00e9glementations.","og_url":"http:\/\/segu-aero.com\/producto\/11-2-8-1-formacion-de-concienciacion-en-seguridad-de-la-informacion-ciberseguridad-en-aviacion\/","og_site_name":"Segu-Aero","article_modified_time":"2025-10-30T17:56:28+00:00","og_image":[{"url":"http:\/\/segu-aero.com\/wp-content\/uploads\/2025\/05\/logo-ciber-300x300.png","type":"","width":"","height":""}],"twitter_card":"summary_large_image","twitter_title":"Cours en ligne AVSEC sur la cybers\u00e9curit\u00e9 ou la s\u00e9curit\u00e9 de l'information dans l'aviation (11.2.8.1)","twitter_description":"Acc\u00e9dez au cours AVSEC sur la cybers\u00e9curit\u00e9 dans l'aviation. Apprenez \u00e0 prot\u00e9ger les donn\u00e9es, signaler les incidents et respecter les r\u00e9glementations.","twitter_image":"http:\/\/segu-aero.com\/wp-content\/uploads\/2025\/05\/logo-ciber.png","twitter_misc":{"Dur\u00e9e de lecture estim\u00e9e":"3 minutes"},"schema":{"@context":"https:\/\/schema.org","@graph":[{"@type":"WebPage","@id":"https:\/\/segu-aero.com\/fr\/produit\/11-2-8-1-formacion-de-concienciacion-en-seguridad-de-la-informacion-ciberseguridad-en-aviacion\/","url":"http:\/\/segu-aero.com\/producto\/11-2-8-1-formacion-de-concienciacion-en-seguridad-de-la-informacion-ciberseguridad-en-aviacion\/","name":"Cours AVSEC: La s\u00e9curit\u00e9 de l'information a\u00e9ronautique (11.2.8.1)","isPartOf":{"@id":"https:\/\/segu-aero.com\/fr\/#website"},"primaryImageOfPage":{"@id":"http:\/\/segu-aero.com\/producto\/11-2-8-1-formacion-de-concienciacion-en-seguridad-de-la-informacion-ciberseguridad-en-aviacion\/#primaryimage"},"image":{"@id":"http:\/\/segu-aero.com\/producto\/11-2-8-1-formacion-de-concienciacion-en-seguridad-de-la-informacion-ciberseguridad-en-aviacion\/#primaryimage"},"thumbnailUrl":"https:\/\/segu-aero.com\/wp-content\/uploads\/2025\/05\/logo-ciber.png","datePublished":"2025-05-05T10:28:39+00:00","dateModified":"2025-10-30T17:56:28+00:00","description":"Acc\u00e9dez au cours AVSEC sur la cybers\u00e9curit\u00e9 dans l'aviation. Apprenez \u00e0 prot\u00e9ger les donn\u00e9es, signaler les incidents et respecter les r\u00e9glementations.","breadcrumb":{"@id":"http:\/\/segu-aero.com\/producto\/11-2-8-1-formacion-de-concienciacion-en-seguridad-de-la-informacion-ciberseguridad-en-aviacion\/#breadcrumb"},"inLanguage":"fr-FR","potentialAction":[{"@type":"ReadAction","target":["http:\/\/segu-aero.com\/producto\/11-2-8-1-formacion-de-concienciacion-en-seguridad-de-la-informacion-ciberseguridad-en-aviacion\/"]}]},{"@type":"ImageObject","inLanguage":"fr-FR","@id":"http:\/\/segu-aero.com\/producto\/11-2-8-1-formacion-de-concienciacion-en-seguridad-de-la-informacion-ciberseguridad-en-aviacion\/#primaryimage","url":"https:\/\/segu-aero.com\/wp-content\/uploads\/2025\/05\/logo-ciber.png","contentUrl":"https:\/\/segu-aero.com\/wp-content\/uploads\/2025\/05\/logo-ciber.png","width":1024,"height":1024,"caption":"AVSEC en cybers\u00e9curit\u00e9 ou s\u00e9curit\u00e9 de l'information dans l'aviation"},{"@type":"BreadcrumbList","@id":"http:\/\/segu-aero.com\/producto\/11-2-8-1-formacion-de-concienciacion-en-seguridad-de-la-informacion-ciberseguridad-en-aviacion\/#breadcrumb","itemListElement":[{"@type":"ListItem","position":1,"name":"Portada","item":"https:\/\/segu-aero.com\/fr\/"},{"@type":"ListItem","position":2,"name":"Produits","item":"https:\/\/segu-aero.com\/fr\/shop\/"},{"@type":"ListItem","position":3,"name":"Cours en ligne AVSEC sur la s\u00e9curit\u00e9 de l&#8217;information (Cybers\u00e9curit\u00e9 dans l&#8217;aviation) (11.2.8.1)"}]},{"@type":"WebSite","@id":"https:\/\/segu-aero.com\/fr\/#website","url":"https:\/\/segu-aero.com\/fr\/","name":"Segu-Aero","description":"Especialistas en formaci\u00f3n y seguridad aeroportuaria","publisher":{"@id":"https:\/\/segu-aero.com\/fr\/#organization"},"potentialAction":[{"@type":"SearchAction","target":{"@type":"EntryPoint","urlTemplate":"https:\/\/segu-aero.com\/fr\/?s={search_term_string}"},"query-input":{"@type":"PropertyValueSpecification","valueRequired":true,"valueName":"search_term_string"}}],"inLanguage":"fr-FR"},{"@type":"Organization","@id":"https:\/\/segu-aero.com\/fr\/#organization","name":"Segu-Aero","url":"https:\/\/segu-aero.com\/fr\/","logo":{"@type":"ImageObject","inLanguage":"fr-FR","@id":"https:\/\/segu-aero.com\/fr\/#\/schema\/logo\/image\/","url":"https:\/\/segu-aero.com\/wp-content\/uploads\/2024\/10\/LOGO-SEG-AERO-2024.png","contentUrl":"https:\/\/segu-aero.com\/wp-content\/uploads\/2024\/10\/LOGO-SEG-AERO-2024.png","width":293,"height":128,"caption":"Segu-Aero"},"image":{"@id":"https:\/\/segu-aero.com\/fr\/#\/schema\/logo\/image\/"},"sameAs":["https:\/\/www.linkedin.com\/company\/formaero\/"]}]}},"_links":{"self":[{"href":"https:\/\/segu-aero.com\/fr\/wp-json\/wp\/v2\/product\/4226","targetHints":{"allow":["GET"]}}],"collection":[{"href":"https:\/\/segu-aero.com\/fr\/wp-json\/wp\/v2\/product"}],"about":[{"href":"https:\/\/segu-aero.com\/fr\/wp-json\/wp\/v2\/types\/product"}],"version-history":[{"count":13,"href":"https:\/\/segu-aero.com\/fr\/wp-json\/wp\/v2\/product\/4226\/revisions"}],"predecessor-version":[{"id":6075,"href":"https:\/\/segu-aero.com\/fr\/wp-json\/wp\/v2\/product\/4226\/revisions\/6075"}],"wp:featuredmedia":[{"embeddable":true,"href":"https:\/\/segu-aero.com\/fr\/wp-json\/wp\/v2\/media\/4231"}],"wp:attachment":[{"href":"https:\/\/segu-aero.com\/fr\/wp-json\/wp\/v2\/media?parent=4226"}],"wp:term":[{"taxonomy":"product_brand","embeddable":true,"href":"https:\/\/segu-aero.com\/fr\/wp-json\/wp\/v2\/product_brand?post=4226"},{"taxonomy":"product_cat","embeddable":true,"href":"https:\/\/segu-aero.com\/fr\/wp-json\/wp\/v2\/product_cat?post=4226"},{"taxonomy":"product_tag","embeddable":true,"href":"https:\/\/segu-aero.com\/fr\/wp-json\/wp\/v2\/product_tag?post=4226"}],"curies":[{"name":"wp","href":"https:\/\/api.w.org\/{rel}","templated":true}]}}