{"id":4181,"date":"2025-01-22T16:31:04","date_gmt":"2025-01-22T16:31:04","guid":{"rendered":"http:\/\/segu-aero.com\/product\/fuel-tank-safety-level-12-eng-recurrent\/"},"modified":"2025-10-31T03:44:48","modified_gmt":"2025-10-31T02:44:48","slug":"fuel-tank-safety-level-12-eng-recurrent","status":"publish","type":"product","link":"https:\/\/segu-aero.com\/fr\/produit\/fuel-tank-safety-level-12-eng-recurrent\/","title":{"rendered":"Cours en ligne sur la s\u00e9curit\u00e9 des r\u00e9servoirs de carburant, niveaux 1 et 2 (r\u00e9current) &#8211; Anglais"},"content":{"rendered":"\t\t<div data-elementor-type=\"product-post\" data-elementor-id=\"4181\" class=\"elementor elementor-4181 elementor-2292\" data-elementor-post-type=\"product\">\n\t\t\t\t<div class=\"elementor-element elementor-element-ad54da1 e-flex e-con-boxed e-con e-parent\" data-id=\"ad54da1\" data-element_type=\"container\" data-e-type=\"container\">\n\t\t\t\t\t<div class=\"e-con-inner\">\n\t\t\t\t<div class=\"elementor-element elementor-element-5d7963c9 elementor-widget elementor-widget-text-editor\" data-id=\"5d7963c9\" data-element_type=\"widget\" data-e-type=\"widget\" data-widget_type=\"text-editor.default\">\n\t\t\t\t<div class=\"elementor-widget-container\">\n\t\t\t\t\t\t\t\t\t<blockquote><p style=\"font-weight: 400;\"><strong>IMPORTANT : Ce cours est en anglais. Si vous le souhaitez, vous pouvez acheter le <a href=\"https:\/\/segu-aero.com\/fr\/producto\/fuel-tank-safety-nivel-12-esp-recurrente\/\">cours r\u00e9current sur la s\u00e9curit\u00e9 des r\u00e9servoirs de carburant en espagnol.<\/a> <\/strong><\/p><\/blockquote><p style=\"font-weight: 400;\">Le <b>cours r\u00e9current S\u00e9curit\u00e9 des r\u00e9servoirs de carburant niveaux 1 et 2<\/b> est con\u00e7u pour mettre \u00e0 jour les connaissances et les comp\u00e9tences du personnel a\u00e9ronautique pr\u00e9alablement form\u00e9 aux<a href=\"https:\/\/segu-aero.com\/fr\/producto\/fuel-tank-safety-nivel-12-esp-inicial\/\"> niveaux initiaux du programme S\u00e9curit\u00e9 des r\u00e9servoirs de carburant (FTS).<\/a><\/p><p style=\"font-weight: 400;\">Cette formation r\u00e9currente porte sur les \u00e9volutions r\u00e9glementaires, les enseignements tir\u00e9s et les bonnes pratiques issues de l&#8217;exp\u00e9rience op\u00e9rationnelle accumul\u00e9e dans le secteur.<\/p><p style=\"font-weight: 400;\">Le cours vous permet de maintenir la validit\u00e9 de la certification de l<a href=\"https:\/\/www.easa.europa.eu\/en\">&#8216;Agence europ\u00e9enne de la s\u00e9curit\u00e9 a\u00e9rienne (AESA)<\/a>, garantissant que le personnel continue d&#8217;appliquer correctement les mesures de s\u00e9curit\u00e9 dans la maintenance, l&#8217;inspection et la gestion des syst\u00e8mes de carburant des avions.<\/p><h2 style=\"font-weight: 500;\">Objectifs du cours<\/h2><p style=\"font-weight: 400;\">L&#8217;objectif du cours r\u00e9current est de renforcer et d&#8217;actualiser les comp\u00e9tences du personnel a\u00e9ronautique en mati\u00e8re de s\u00e9curit\u00e9 des r\u00e9servoirs de carburant, garantissant le respect continu des exigences \u00e9tablies par l&#8217;AESA.<\/p><p style=\"font-weight: 400;\">A la fin du cours, l&#8217;\u00e9tudiant sera capable de :<\/p><ul style=\"font-weight: 400;\"><li style=\"font-style: inherit; font-weight: inherit;\">Consolider les connaissances du contexte historique li\u00e9 \u00e0 la s\u00e9curit\u00e9 des r\u00e9servoirs de carburant (FTS).<\/li><li style=\"font-style: inherit; font-weight: inherit;\">Conna\u00eetre les concepts de Fuel ALI, y compris les limitations de contr\u00f4le de la configuration de conception critique CDCCL ainsi que son identification dans la documentation des fabricants.<\/li><li style=\"font-style: inherit; font-weight: inherit;\">Identifier les changements r\u00e9cents dans les r\u00e9glementations FAA (SFAR \/ Special FAR) 88 de la FAA et le guide temporaire JAA TGL 47.<\/li><li style=\"font-style: inherit; font-weight: inherit;\">Informer le personnel op\u00e9rationnel des risques li\u00e9s aux interventions sur les syst\u00e8mes de carburant et notamment ceux li\u00e9s aux syst\u00e8mes de r\u00e9duction de l&#8217;inflammabilit\u00e9.<\/li><li style=\"font-style: inherit; font-weight: inherit;\">Maintenir la validit\u00e9 de la formation FTS requise par l&#8217;<a href=\"https:\/\/www.easa.europa.eu\/en\/the-agency\/faqs\/part-145\">EASA Part 145<\/a> et <a href=\"https:\/\/www.easa.europa.eu\/en\/domains\/aircraft-products\/continuing-airworthiness-organisations\/part-camo-part-cao\">Part CAMO<\/a>.<\/li><\/ul><h2 style=\"font-weight: 500;\">A qui s&#8217;adresse-t-il?<\/h2><p style=\"font-weight: 400;\">Cette formation s&#8217;adresse aux professionnels ayant d\u00e9j\u00e0 suivi une formation initiale en S\u00e9curit\u00e9 des R\u00e9servoirs de Carburant (niveaux 1 et 2) et qui ont besoin de renouveler ou de mettre \u00e0 jour leurs comp\u00e9tences conform\u00e9ment aux exigences des organismes de maintenance certifi\u00e9s EASA Part 145 ou Part M.<\/p><p style=\"font-weight: 400;\">Ceux-ci incluent :<\/p><ul style=\"font-weight: 400;\"><li style=\"font-style: inherit; font-weight: inherit;\">Techniciens et m\u00e9caniciens a\u00e9ronautiques avec formation pr\u00e9alable FTS.<\/li><li style=\"font-style: inherit; font-weight: inherit;\">Personnel de planification d\u2019ing\u00e9nierie et de maintenance.<\/li><li style=\"font-style: inherit; font-weight: inherit;\">Responsable du contr\u00f4le qualit\u00e9 et de la conformit\u00e9 r\u00e9glementaire.<\/li><li style=\"font-style: inherit; font-weight: inherit;\">Superviseurs de maintenance et personnel CAMO.<\/li><li style=\"font-style: inherit; font-weight: inherit;\">Travailleurs impliqu\u00e9s dans les zones de carburant ou dans les inspections des r\u00e9servoirs.<\/li><\/ul><p style=\"font-weight: 400;\">\u00c9tant en ligne, la formation s&#8217;adapte facilement aux horaires de travail et permet d&#8217;effectuer la mise \u00e0 jour de mani\u00e8re rapide et efficace, sans interrompre l&#8217;activit\u00e9 professionnelle.<\/p><h2 style=\"font-weight: 500;\">Pourquoi est-il important de suivre ce cours ?<\/h2><p style=\"font-weight: 400;\">Les niveaux de s\u00e9curit\u00e9 r\u00e9currents des r\u00e9servoirs de carburant 1 et 2 sont essentiels pour garantir que les professionnels de l\u2019aviation restent inform\u00e9s des nouvelles normes de s\u00e9curit\u00e9 op\u00e9rationnelle et exigences techniques.<\/p><p style=\"font-weight: 400;\">Effectuer cette mise \u00e0 jour vous permettra de :<\/p><ul style=\"font-weight: 400;\"><li style=\"font-style: inherit; font-weight: inherit;\">Renouvelez votre certification FTS conform\u00e9ment \u00e0 la r\u00e9glementation EASA en vigueur.<\/li><li style=\"font-style: inherit; font-weight: inherit;\">R\u00e9pondre aux exigences de formation r\u00e9currentes de la partie 145 et du CAMO.<\/li><li style=\"font-style: inherit; font-weight: inherit;\">Conna\u00eetre les derni\u00e8res \u00e9volutions techniques et r\u00e9glementaires en mati\u00e8re de s\u00e9curit\u00e9 des r\u00e9servoirs de carburant.<\/li><li style=\"font-style: inherit; font-weight: inherit;\">Renforcez la culture de s\u00e9curit\u00e9 et de pr\u00e9vention au sein de votre organisation.<\/li><li style=\"font-style: inherit; font-weight: inherit;\">Maintenir la confiance et la qualification professionnelle requises dans des environnements \u00e0 haute responsabilit\u00e9.<\/li><\/ul><p style=\"font-weight: 400;\">Cette formation r\u00e9currente garantit que les professionnels de l&#8217;a\u00e9ronautique maintiennent les plus hauts standards de s\u00e9curit\u00e9 op\u00e9rationnelle, renfor\u00e7ant leur r\u00f4le cl\u00e9 dans la pr\u00e9vention des risques dans les syst\u00e8mes carburant et le respect des directives de l&#8217;AESA.<\/p><h2 style=\"font-weight: 500;\">Syllabus de cours r\u00e9current S\u00e9curit\u00e9 des r\u00e9servoirs de carburant niveaux 1 et 2<\/h2><ul style=\"font-weight: 400;\"><li style=\"font-style: inherit; font-weight: inherit;\">Module 1 : Introduction ; Accidents, analyse et conclusions.<\/li><li style=\"font-style: inherit; font-weight: inherit;\">Module 2 : \u00c9l\u00e9ments th\u00e9oriques li\u00e9s \u00e0 la s\u00e9curit\u00e9 des r\u00e9servoirs de carburant.<\/li><li style=\"font-style: inherit; font-weight: inherit;\">Module 3 : R\u00e8glements.<\/li><li style=\"font-style: inherit; font-weight: inherit;\">Module 4 : Documents de maintenance.<\/li><li style=\"font-style: inherit; font-weight: inherit;\">Module 5 : FTS pendant le processus de maintenance.<\/li><li style=\"font-style: inherit; font-weight: inherit;\">Module 6 : R\u00e9duction de l&#8217;inflammabilit\u00e9, introduction.<\/li><li style=\"font-style: inherit; font-weight: inherit;\">Module 7 : Enregistrement des actions de maintenance et des r\u00e9sultats d&#8217;inspection. Exemples et analyse. <\/li><\/ul>\t\t\t\t\t\t\t\t<\/div>\n\t\t\t\t<\/div>\n\t\t\t\t\t<\/div>\n\t\t\t\t<\/div>\n\t\t\t\t<\/div>\n\t\t","protected":false},"excerpt":{"rendered":"<p>Cours de remise \u00e0 niveau en ligne sur la s\u00e9curit\u00e9 des r\u00e9servoirs de carburant (Fuel Tank Safety) conform\u00e9ment \u00e0 la r\u00e9glementation EASA, pour le personnel d\u00e9j\u00e0 form\u00e9 aux niveaux 1 et 2.<\/p>\n<ul>\n<li>Langue: Anglais<\/li>\n<li>Dur\u00e9e: 4 heures<\/li>\n<li>Certification: valable 2 ans<\/li>\n<\/ul>\n","protected":false},"featured_media":3999,"template":"","meta":{"_acf_changed":false,"site-sidebar-layout":"default","site-content-layout":"","ast-site-content-layout":"default","site-content-style":"default","site-sidebar-style":"default","ast-global-header-display":"","ast-banner-title-visibility":"","ast-main-header-display":"","ast-hfb-above-header-display":"","ast-hfb-below-header-display":"","ast-hfb-mobile-header-display":"","site-post-title":"","ast-breadcrumbs-content":"","ast-featured-img":"","footer-sml-layout":"","ast-disable-related-posts":"","theme-transparent-header-meta":"default","adv-header-id-meta":"","stick-header-meta":"","header-above-stick-meta":"","header-main-stick-meta":"","header-below-stick-meta":"","astra-migrate-meta-layouts":"set","ast-page-background-enabled":"default","ast-page-background-meta":{"desktop":{"background-color":"var(--ast-global-color-5)","background-image":"","background-repeat":"repeat","background-position":"center center","background-size":"auto","background-attachment":"scroll","background-type":"","background-media":"","overlay-type":"","overlay-color":"","overlay-opacity":"","overlay-gradient":""},"tablet":{"background-color":"","background-image":"","background-repeat":"repeat","background-position":"center center","background-size":"auto","background-attachment":"scroll","background-type":"","background-media":"","overlay-type":"","overlay-color":"","overlay-opacity":"","overlay-gradient":""},"mobile":{"background-color":"","background-image":"","background-repeat":"repeat","background-position":"center center","background-size":"auto","background-attachment":"scroll","background-type":"","background-media":"","overlay-type":"","overlay-color":"","overlay-opacity":"","overlay-gradient":""}},"ast-content-background-meta":{"desktop":{"background-color":"var(--ast-global-color-4)","background-image":"","background-repeat":"repeat","background-position":"center center","background-size":"auto","background-attachment":"scroll","background-type":"","background-media":"","overlay-type":"","overlay-color":"","overlay-opacity":"","overlay-gradient":""},"tablet":{"background-color":"var(--ast-global-color-4)","background-image":"","background-repeat":"repeat","background-position":"center center","background-size":"auto","background-attachment":"scroll","background-type":"","background-media":"","overlay-type":"","overlay-color":"","overlay-opacity":"","overlay-gradient":""},"mobile":{"background-color":"var(--ast-global-color-4)","background-image":"","background-repeat":"repeat","background-position":"center center","background-size":"auto","background-attachment":"scroll","background-type":"","background-media":"","overlay-type":"","overlay-color":"","overlay-opacity":"","overlay-gradient":""}}},"product_brand":[],"product_cat":[155,153],"product_tag":[],"class_list":{"0":"post-4181","1":"product","2":"type-product","3":"status-publish","4":"has-post-thumbnail","6":"product_cat-english-fr","7":"product_cat-easapart-145-fr","8":"desktop-align-left","9":"tablet-align-left","10":"mobile-align-left","12":"first","13":"instock","14":"sale","15":"downloadable","16":"virtual","17":"taxable","18":"purchasable","19":"product-type-simple"},"acf":[],"yoast_head":"<!-- This site is optimized with the Yoast SEO plugin v27.4 - https:\/\/yoast.com\/product\/yoast-seo-wordpress\/ -->\n<title>Cours r\u00e9current sur la s\u00e9curit\u00e9 des r\u00e9servoirs de carburant - Anglais<\/title>\n<meta name=\"description\" content=\"Mettez \u00e0 jour vos connaissances avec le cours r\u00e9current S\u00e9curit\u00e9 des r\u00e9servoirs de carburant niveaux 1 et 2. Certifi\u00e9 par l&#039;AESA.\" \/>\n<meta name=\"robots\" content=\"index, follow, max-snippet:-1, max-image-preview:large, max-video-preview:-1\" \/>\n<link rel=\"canonical\" href=\"http:\/\/segu-aero.com\/fr\/product\/fuel-tank-safety-level-12-eng-recurrent\/\" \/>\n<meta property=\"og:locale\" content=\"fr_FR\" \/>\n<meta property=\"og:type\" content=\"article\" \/>\n<meta property=\"og:title\" content=\"Cours r\u00e9current sur la s\u00e9curit\u00e9 des r\u00e9servoirs de carburant, niveaux 1 et 2 - Anglais\" \/>\n<meta property=\"og:description\" content=\"Mettez \u00e0 jour vos connaissances sur la s\u00e9curit\u00e9 des r\u00e9servoirs de carburant d\u2019aviation avec le cours r\u00e9current S\u00e9curit\u00e9 des r\u00e9servoirs de carburant niveaux 1 et 2.\" \/>\n<meta property=\"og:url\" content=\"http:\/\/segu-aero.com\/en\/product\/fuel-tank-safety-level-12-eng-recurrent\/\" \/>\n<meta property=\"og:site_name\" content=\"Segu-Aero\" \/>\n<meta property=\"article:modified_time\" content=\"2025-10-31T02:44:48+00:00\" \/>\n<meta property=\"og:image\" content=\"https:\/\/segu-aero.com\/wp-content\/uploads\/2025\/01\/fts-recurrent-eng.jpg\" \/>\n\t<meta property=\"og:image:width\" content=\"1984\" \/>\n\t<meta property=\"og:image:height\" content=\"1488\" \/>\n\t<meta property=\"og:image:type\" content=\"image\/jpeg\" \/>\n<meta name=\"twitter:card\" content=\"summary_large_image\" \/>\n<meta name=\"twitter:title\" content=\"Cours r\u00e9current sur la s\u00e9curit\u00e9 des r\u00e9servoirs de carburant, niveaux 1 et 2 - Anglais\" \/>\n<meta name=\"twitter:description\" content=\"Mettez \u00e0 jour vos connaissances sur la s\u00e9curit\u00e9 des r\u00e9servoirs de carburant d\u2019aviation avec le cours r\u00e9current S\u00e9curit\u00e9 des r\u00e9servoirs de carburant niveaux 1 et 2.\" \/>\n<meta name=\"twitter:image\" content=\"https:\/\/segu-aero.com\/wp-content\/uploads\/2025\/01\/fts-recurrent-eng.jpg\" \/>\n<meta name=\"twitter:label1\" content=\"Dur\u00e9e de lecture estim\u00e9e\" \/>\n\t<meta name=\"twitter:data1\" content=\"3 minutes\" \/>\n<!-- \/ Yoast SEO plugin. -->","yoast_head_json":{"title":"Cours r\u00e9current sur la s\u00e9curit\u00e9 des r\u00e9servoirs de carburant - Anglais","description":"Mettez \u00e0 jour vos connaissances avec le cours r\u00e9current S\u00e9curit\u00e9 des r\u00e9servoirs de carburant niveaux 1 et 2. Certifi\u00e9 par l'AESA.","robots":{"index":"index","follow":"follow","max-snippet":"max-snippet:-1","max-image-preview":"max-image-preview:large","max-video-preview":"max-video-preview:-1"},"canonical":"http:\/\/segu-aero.com\/fr\/product\/fuel-tank-safety-level-12-eng-recurrent\/","og_locale":"fr_FR","og_type":"article","og_title":"Cours r\u00e9current sur la s\u00e9curit\u00e9 des r\u00e9servoirs de carburant, niveaux 1 et 2 - Anglais","og_description":"Mettez \u00e0 jour vos connaissances sur la s\u00e9curit\u00e9 des r\u00e9servoirs de carburant d\u2019aviation avec le cours r\u00e9current S\u00e9curit\u00e9 des r\u00e9servoirs de carburant niveaux 1 et 2.","og_url":"http:\/\/segu-aero.com\/en\/product\/fuel-tank-safety-level-12-eng-recurrent\/","og_site_name":"Segu-Aero","article_modified_time":"2025-10-31T02:44:48+00:00","og_image":[{"width":1984,"height":1488,"url":"https:\/\/segu-aero.com\/wp-content\/uploads\/2025\/01\/fts-recurrent-eng.jpg","type":"image\/jpeg"}],"twitter_card":"summary_large_image","twitter_title":"Cours r\u00e9current sur la s\u00e9curit\u00e9 des r\u00e9servoirs de carburant, niveaux 1 et 2 - Anglais","twitter_description":"Mettez \u00e0 jour vos connaissances sur la s\u00e9curit\u00e9 des r\u00e9servoirs de carburant d\u2019aviation avec le cours r\u00e9current S\u00e9curit\u00e9 des r\u00e9servoirs de carburant niveaux 1 et 2.","twitter_image":"https:\/\/segu-aero.com\/wp-content\/uploads\/2025\/01\/fts-recurrent-eng.jpg","twitter_misc":{"Dur\u00e9e de lecture estim\u00e9e":"3 minutes"},"schema":{"@context":"https:\/\/schema.org","@graph":[{"@type":"WebPage","@id":"https:\/\/segu-aero.com\/fr\/produit\/fuel-tank-safety-level-12-eng-recurrent\/","url":"http:\/\/segu-aero.com\/en\/product\/fuel-tank-safety-level-12-eng-recurrent\/","name":"Cours r\u00e9current sur la s\u00e9curit\u00e9 des r\u00e9servoirs de carburant - Anglais","isPartOf":{"@id":"https:\/\/segu-aero.com\/fr\/#website"},"primaryImageOfPage":{"@id":"http:\/\/segu-aero.com\/en\/product\/fuel-tank-safety-level-12-eng-recurrent\/#primaryimage"},"image":{"@id":"http:\/\/segu-aero.com\/en\/product\/fuel-tank-safety-level-12-eng-recurrent\/#primaryimage"},"thumbnailUrl":"https:\/\/segu-aero.com\/wp-content\/uploads\/2025\/01\/fts-recurrent-eng.jpg","datePublished":"2025-01-22T16:31:04+00:00","dateModified":"2025-10-31T02:44:48+00:00","description":"Mettez \u00e0 jour vos connaissances avec le cours r\u00e9current S\u00e9curit\u00e9 des r\u00e9servoirs de carburant niveaux 1 et 2. Certifi\u00e9 par l'AESA.","breadcrumb":{"@id":"http:\/\/segu-aero.com\/en\/product\/fuel-tank-safety-level-12-eng-recurrent\/#breadcrumb"},"inLanguage":"fr-FR","potentialAction":[{"@type":"ReadAction","target":["http:\/\/segu-aero.com\/en\/product\/fuel-tank-safety-level-12-eng-recurrent\/"]}]},{"@type":"ImageObject","inLanguage":"fr-FR","@id":"http:\/\/segu-aero.com\/en\/product\/fuel-tank-safety-level-12-eng-recurrent\/#primaryimage","url":"https:\/\/segu-aero.com\/wp-content\/uploads\/2025\/01\/fts-recurrent-eng.jpg","contentUrl":"https:\/\/segu-aero.com\/wp-content\/uploads\/2025\/01\/fts-recurrent-eng.jpg","width":1984,"height":1488,"caption":"Cours r\u00e9current sur la s\u00e9curit\u00e9 des r\u00e9servoirs de carburant niveaux 1 et 2 Anglais"},{"@type":"BreadcrumbList","@id":"http:\/\/segu-aero.com\/en\/product\/fuel-tank-safety-level-12-eng-recurrent\/#breadcrumb","itemListElement":[{"@type":"ListItem","position":1,"name":"Portada","item":"https:\/\/segu-aero.com\/fr\/"},{"@type":"ListItem","position":2,"name":"Produits","item":"https:\/\/segu-aero.com\/fr\/shop\/"},{"@type":"ListItem","position":3,"name":"Cours en ligne sur la s\u00e9curit\u00e9 des r\u00e9servoirs de carburant, niveaux 1 et 2 (r\u00e9current) &#8211; Anglais"}]},{"@type":"WebSite","@id":"https:\/\/segu-aero.com\/fr\/#website","url":"https:\/\/segu-aero.com\/fr\/","name":"Segu-Aero","description":"Especialistas en formaci\u00f3n y seguridad aeroportuaria","publisher":{"@id":"https:\/\/segu-aero.com\/fr\/#organization"},"potentialAction":[{"@type":"SearchAction","target":{"@type":"EntryPoint","urlTemplate":"https:\/\/segu-aero.com\/fr\/?s={search_term_string}"},"query-input":{"@type":"PropertyValueSpecification","valueRequired":true,"valueName":"search_term_string"}}],"inLanguage":"fr-FR"},{"@type":"Organization","@id":"https:\/\/segu-aero.com\/fr\/#organization","name":"Segu-Aero","url":"https:\/\/segu-aero.com\/fr\/","logo":{"@type":"ImageObject","inLanguage":"fr-FR","@id":"https:\/\/segu-aero.com\/fr\/#\/schema\/logo\/image\/","url":"https:\/\/segu-aero.com\/wp-content\/uploads\/2024\/10\/LOGO-SEG-AERO-2024.png","contentUrl":"https:\/\/segu-aero.com\/wp-content\/uploads\/2024\/10\/LOGO-SEG-AERO-2024.png","width":293,"height":128,"caption":"Segu-Aero"},"image":{"@id":"https:\/\/segu-aero.com\/fr\/#\/schema\/logo\/image\/"},"sameAs":["https:\/\/www.linkedin.com\/company\/formaero\/"]}]}},"_links":{"self":[{"href":"https:\/\/segu-aero.com\/fr\/wp-json\/wp\/v2\/product\/4181","targetHints":{"allow":["GET"]}}],"collection":[{"href":"https:\/\/segu-aero.com\/fr\/wp-json\/wp\/v2\/product"}],"about":[{"href":"https:\/\/segu-aero.com\/fr\/wp-json\/wp\/v2\/types\/product"}],"version-history":[{"count":15,"href":"https:\/\/segu-aero.com\/fr\/wp-json\/wp\/v2\/product\/4181\/revisions"}],"predecessor-version":[{"id":6170,"href":"https:\/\/segu-aero.com\/fr\/wp-json\/wp\/v2\/product\/4181\/revisions\/6170"}],"wp:featuredmedia":[{"embeddable":true,"href":"https:\/\/segu-aero.com\/fr\/wp-json\/wp\/v2\/media\/3999"}],"wp:attachment":[{"href":"https:\/\/segu-aero.com\/fr\/wp-json\/wp\/v2\/media?parent=4181"}],"wp:term":[{"taxonomy":"product_brand","embeddable":true,"href":"https:\/\/segu-aero.com\/fr\/wp-json\/wp\/v2\/product_brand?post=4181"},{"taxonomy":"product_cat","embeddable":true,"href":"https:\/\/segu-aero.com\/fr\/wp-json\/wp\/v2\/product_cat?post=4181"},{"taxonomy":"product_tag","embeddable":true,"href":"https:\/\/segu-aero.com\/fr\/wp-json\/wp\/v2\/product_tag?post=4181"}],"curies":[{"name":"wp","href":"https:\/\/api.w.org\/{rel}","templated":true}]}}