{"id":4177,"date":"2025-01-22T16:31:05","date_gmt":"2025-01-22T16:31:05","guid":{"rendered":"http:\/\/segu-aero.com\/product\/11-2-3-9-requisitos-de-seguridad-de-carga-y-correo-distintos-de-la-inspeccion-avsec\/"},"modified":"2025-10-30T18:20:15","modified_gmt":"2025-10-30T17:20:15","slug":"11-2-3-9-requisitos-de-seguridad-de-carga-y-correo-distintos-de-la-inspeccion-avsec","status":"publish","type":"product","link":"https:\/\/segu-aero.com\/fr\/produit\/11-2-3-9-requisitos-de-seguridad-de-carga-y-correo-distintos-de-la-inspeccion-avsec\/","title":{"rendered":"Cours en ligne AVSEC: Exigences de s\u00e9curit\u00e9 relatives au fret et au courrier autres que l\u2019inspection (11.2.3.9)"},"content":{"rendered":"\t\t<div data-elementor-type=\"product-post\" data-elementor-id=\"4177\" class=\"elementor elementor-4177 elementor-2297\" data-elementor-post-type=\"product\">\n\t\t\t\t<div class=\"elementor-element elementor-element-24650fab e-flex e-con-boxed e-con e-parent\" data-id=\"24650fab\" data-element_type=\"container\" data-e-type=\"container\">\n\t\t\t\t\t<div class=\"e-con-inner\">\n\t\t\t\t<div class=\"elementor-element elementor-element-10e8cb6c elementor-widget elementor-widget-text-editor\" data-id=\"10e8cb6c\" data-element_type=\"widget\" data-e-type=\"widget\" data-widget_type=\"text-editor.default\">\n\t\t\t\t<div class=\"elementor-widget-container\">\n\t\t\t\t\t\t\t\t\t<p>Le <strong>cours AVSEC Cargo and Mail Security Requirements Autres <\/strong>que l&#8217;inspection est destin\u00e9 au personnel qui travaille avec du fret a\u00e9rien identifiable ou du courrier identifiable et qui a un acc\u00e8s non supervis\u00e9 \u00e0 ces exp\u00e9ditions, ainsi qu&#8217;\u00e0 ceux qui appliquent des contr\u00f4les de s\u00e9curit\u00e9 autres que la num\u00e9risation (inspection). Ce cours est essentiel pour se conformer \u00e0 la r\u00e9glementation AVSEC applicable \u00e0 la cha\u00eene d&#8217;approvisionnement du fret a\u00e9rien et former le personnel aux mesures de protection contre les actes d&#8217;ing\u00e9rence ill\u00e9gale. <\/p><p>Chez Segu-Aero nous proposons cette formation 100% en ligne, avec un acc\u00e8s imm\u00e9diat et un contenu mis \u00e0 jour. Nous sommes un organisme de formation accr\u00e9dit\u00e9 (OFA) align\u00e9 sur les normes AVSEC et les <a href=\"https:\/\/www.seguridadaerea.gob.es\/\" target=\"_blank\" rel=\"noopener\">r\u00e9glementations AESA<\/a>. <\/p><h2>Objectifs<\/h2><p>L&#8217;obtention du certificat li\u00e9 au cours AVSEC 11.2.3.9 est une exigence essentielle pour les travailleurs a\u00e9roportuaires en contact avec le fret et le courrier qui effectuent des proc\u00e9dures de s\u00e9curit\u00e9 autres que l&#8217;inspection.<\/p><h2>A qui s&#8217;adresse ce cours ?<\/h2><ul><li>Personnel des entreprises, des op\u00e9rateurs logistiques ou des installations de fret a\u00e9rien qui ont un acc\u00e8s sans surveillance \u00e0 du fret ou du courrier identifiable.<\/li><li>Employ\u00e9s responsables des contr\u00f4les de s\u00e9curit\u00e9 autres que l&#8217;inspection\/l&#8217;analyse, tels que les contr\u00f4les manuels, les v\u00e9rifications, le scellement et la manipulation s\u00fbre.<\/li><li>Professionnels qui g\u00e8rent, manipulent ou pr\u00e9parent des exp\u00e9ditions dans le cadre r\u00e9glement\u00e9 de la s\u00fbret\u00e9 a\u00e9rienne.<\/li><li>Responsables de la s\u00e9curit\u00e9, superviseurs, techniciens d&#8217;entrep\u00f4t qui n\u00e9cessitent une formation AVSEC sp\u00e9cifique au fret et au courrier.<\/li><\/ul><h2>Programme du cours AVSEC Exigences en mati\u00e8re de s\u00e9curit\u00e9 du fret et du courrier<\/h2><ul><li><span style=\"font-size: 0.9375rem;\">Actes d\u2019ing\u00e9rence ill\u00e9gale.<\/span><\/li><li>Dispositions l\u00e9gales pertinentes. Culture de s\u00e9curit\u00e9 sur le lieu de travail et dans le domaine a\u00e9rien <\/li><li>Objectifs et organisation de la s\u00e9curit\u00e9 a\u00e9rienne.<\/li><li>Proc\u00e9dures d&#8217;interception de personnes et circonstances dans lesquelles les personnes doivent \u00eatre d\u00e9tenues ou signal\u00e9es.<\/li><li>Proc\u00e9dures de r\u00e9clamation.<\/li><li>Identification des objets interdits. Modes de masquage pour les objets interdits. <\/li><li>Action en cas de d\u00e9tection d&#8217;objets interdits.<\/li><li>Proc\u00e9dures de protection et de contr\u00f4le des marchandises.<\/li><li>Exigences de transport<\/li><li>Configuration des points de contr\u00f4le. Processus d&#8217;inspection <\/li><li>Proc\u00e9dures de contr\u00f4le d\u2019acc\u00e8s et d\u2019inspection<\/li><li>Connaissance des cartes d&#8217;identit\u00e9 utilis\u00e9es dans les a\u00e9roports<\/li><li>Proc\u00e9dures de r\u00e9clamation<\/li><li>Action en cas d&#8217;incidents de s\u00e9curit\u00e9<\/li><\/ul>\t\t\t\t\t\t\t\t<\/div>\n\t\t\t\t<\/div>\n\t\t\t\t\t<\/div>\n\t\t\t\t<\/div>\n\t\t\t\t<\/div>\n\t\t","protected":false},"excerpt":{"rendered":"<p>Ce cours en ligne AVSEC est une formation obligatoire pour le personnel ayant un acc\u00e8s non supervis\u00e9 au fret et \u00e0 la poste a\u00e9rienne, avec une certification officielle imm\u00e9diate.<\/p>\n<ul>\n<li>Langue: Espagnol<\/li>\n<li>Dur\u00e9e: 6 heures<\/li>\n<li>Certification: valable 5 ans<\/li>\n<\/ul>\n","protected":false},"featured_media":3691,"template":"","meta":{"_acf_changed":false,"site-sidebar-layout":"default","site-content-layout":"","ast-site-content-layout":"default","site-content-style":"default","site-sidebar-style":"default","ast-global-header-display":"","ast-banner-title-visibility":"","ast-main-header-display":"","ast-hfb-above-header-display":"","ast-hfb-below-header-display":"","ast-hfb-mobile-header-display":"","site-post-title":"","ast-breadcrumbs-content":"","ast-featured-img":"","footer-sml-layout":"","ast-disable-related-posts":"","theme-transparent-header-meta":"default","adv-header-id-meta":"","stick-header-meta":"","header-above-stick-meta":"","header-main-stick-meta":"","header-below-stick-meta":"","astra-migrate-meta-layouts":"set","ast-page-background-enabled":"default","ast-page-background-meta":{"desktop":{"background-color":"var(--ast-global-color-5)","background-image":"","background-repeat":"repeat","background-position":"center center","background-size":"auto","background-attachment":"scroll","background-type":"","background-media":"","overlay-type":"","overlay-color":"","overlay-opacity":"","overlay-gradient":""},"tablet":{"background-color":"","background-image":"","background-repeat":"repeat","background-position":"center center","background-size":"auto","background-attachment":"scroll","background-type":"","background-media":"","overlay-type":"","overlay-color":"","overlay-opacity":"","overlay-gradient":""},"mobile":{"background-color":"","background-image":"","background-repeat":"repeat","background-position":"center center","background-size":"auto","background-attachment":"scroll","background-type":"","background-media":"","overlay-type":"","overlay-color":"","overlay-opacity":"","overlay-gradient":""}},"ast-content-background-meta":{"desktop":{"background-color":"var(--ast-global-color-4)","background-image":"","background-repeat":"repeat","background-position":"center center","background-size":"auto","background-attachment":"scroll","background-type":"","background-media":"","overlay-type":"","overlay-color":"","overlay-opacity":"","overlay-gradient":""},"tablet":{"background-color":"var(--ast-global-color-4)","background-image":"","background-repeat":"repeat","background-position":"center center","background-size":"auto","background-attachment":"scroll","background-type":"","background-media":"","overlay-type":"","overlay-color":"","overlay-opacity":"","overlay-gradient":""},"mobile":{"background-color":"var(--ast-global-color-4)","background-image":"","background-repeat":"repeat","background-position":"center center","background-size":"auto","background-attachment":"scroll","background-type":"","background-media":"","overlay-type":"","overlay-color":"","overlay-opacity":"","overlay-gradient":""}}},"product_brand":[],"product_cat":[144,145],"product_tag":[],"class_list":{"0":"post-4177","1":"product","2":"type-product","3":"status-publish","4":"has-post-thumbnail","6":"product_cat-avsec-fr","7":"product_cat-espanol-fr","8":"desktop-align-left","9":"tablet-align-left","10":"mobile-align-left","12":"first","13":"instock","14":"sale","15":"downloadable","16":"virtual","17":"taxable","18":"purchasable","19":"product-type-simple"},"acf":[],"yoast_head":"<!-- This site is optimized with the Yoast SEO plugin v27.4 - https:\/\/yoast.com\/product\/yoast-seo-wordpress\/ -->\n<title>Cours AVSEC: Exigences de s\u00e9curit\u00e9 fret et du courrier (11.2.3.9)<\/title>\n<meta name=\"description\" content=\"Acc\u00e9dez au cours AVSEC 11.2.3.9 sur la s\u00e9curit\u00e9 du fret et du courrier sans surveillance et sans inspection. AVEC certification officielle.\" \/>\n<meta name=\"robots\" content=\"index, follow, max-snippet:-1, max-image-preview:large, max-video-preview:-1\" \/>\n<link rel=\"canonical\" href=\"http:\/\/segu-aero.com\/fr\/producto\/11-2-3-9-requisitos-de-seguridad-de-carga-y-correo-distintos-de-la-inspeccion-avsec\/\" \/>\n<meta property=\"og:locale\" content=\"fr_FR\" \/>\n<meta property=\"og:type\" content=\"article\" \/>\n<meta property=\"og:title\" content=\"Cours AVSEC Exigences en mati\u00e8re de s\u00e9curit\u00e9 du fret et du courrier autres que l&#039;inspection (11.2.3.9)\" \/>\n<meta property=\"og:description\" content=\"Acc\u00e9dez au cours en ligne AVSEC sur la s\u00e9curit\u00e9 du fret et du courrier non supervis\u00e9, autre que l&#039;inspection (11.2.3.9). Il s&#039;agit d&#039;une formation obligatoire pour le personnel ayant un acc\u00e8s non supervis\u00e9 au fret et \u00e0 la poste a\u00e9rienne.\" \/>\n<meta property=\"og:url\" content=\"http:\/\/segu-aero.com\/producto\/11-2-3-9-requisitos-de-seguridad-de-carga-y-correo-distintos-de-la-inspeccion-avsec\/\" \/>\n<meta property=\"og:site_name\" content=\"Segu-Aero\" \/>\n<meta property=\"article:modified_time\" content=\"2025-10-30T17:20:15+00:00\" \/>\n<meta property=\"og:image\" content=\"https:\/\/segu-aero.com\/wp-content\/uploads\/2025\/01\/image020.jpg\" \/>\n\t<meta property=\"og:image:width\" content=\"261\" \/>\n\t<meta property=\"og:image:height\" content=\"195\" \/>\n\t<meta property=\"og:image:type\" content=\"image\/jpeg\" \/>\n<meta name=\"twitter:card\" content=\"summary_large_image\" \/>\n<meta name=\"twitter:title\" content=\"Cours AVSEC Exigences en mati\u00e8re de s\u00e9curit\u00e9 du fret et du courrier autres que l&#039;inspection (11.2.3.9)\" \/>\n<meta name=\"twitter:description\" content=\"Acc\u00e9dez au cours en ligne AVSEC sur la s\u00e9curit\u00e9 du fret et du courrier non supervis\u00e9, autre que l&#039;inspection (11.2.3.9). Il s&#039;agit d&#039;une formation obligatoire pour le personnel ayant un acc\u00e8s non supervis\u00e9 au fret et \u00e0 la poste a\u00e9rienne.\" \/>\n<meta name=\"twitter:label1\" content=\"Dur\u00e9e de lecture estim\u00e9e\" \/>\n\t<meta name=\"twitter:data1\" content=\"2 minutes\" \/>\n<!-- \/ Yoast SEO plugin. -->","yoast_head_json":{"title":"Cours AVSEC: Exigences de s\u00e9curit\u00e9 fret et du courrier (11.2.3.9)","description":"Acc\u00e9dez au cours AVSEC 11.2.3.9 sur la s\u00e9curit\u00e9 du fret et du courrier sans surveillance et sans inspection. AVEC certification officielle.","robots":{"index":"index","follow":"follow","max-snippet":"max-snippet:-1","max-image-preview":"max-image-preview:large","max-video-preview":"max-video-preview:-1"},"canonical":"http:\/\/segu-aero.com\/fr\/producto\/11-2-3-9-requisitos-de-seguridad-de-carga-y-correo-distintos-de-la-inspeccion-avsec\/","og_locale":"fr_FR","og_type":"article","og_title":"Cours AVSEC Exigences en mati\u00e8re de s\u00e9curit\u00e9 du fret et du courrier autres que l'inspection (11.2.3.9)","og_description":"Acc\u00e9dez au cours en ligne AVSEC sur la s\u00e9curit\u00e9 du fret et du courrier non supervis\u00e9, autre que l'inspection (11.2.3.9). Il s'agit d'une formation obligatoire pour le personnel ayant un acc\u00e8s non supervis\u00e9 au fret et \u00e0 la poste a\u00e9rienne.","og_url":"http:\/\/segu-aero.com\/producto\/11-2-3-9-requisitos-de-seguridad-de-carga-y-correo-distintos-de-la-inspeccion-avsec\/","og_site_name":"Segu-Aero","article_modified_time":"2025-10-30T17:20:15+00:00","og_image":[{"width":261,"height":195,"url":"https:\/\/segu-aero.com\/wp-content\/uploads\/2025\/01\/image020.jpg","type":"image\/jpeg"}],"twitter_card":"summary_large_image","twitter_title":"Cours AVSEC Exigences en mati\u00e8re de s\u00e9curit\u00e9 du fret et du courrier autres que l'inspection (11.2.3.9)","twitter_description":"Acc\u00e9dez au cours en ligne AVSEC sur la s\u00e9curit\u00e9 du fret et du courrier non supervis\u00e9, autre que l'inspection (11.2.3.9). Il s'agit d'une formation obligatoire pour le personnel ayant un acc\u00e8s non supervis\u00e9 au fret et \u00e0 la poste a\u00e9rienne.","twitter_misc":{"Dur\u00e9e de lecture estim\u00e9e":"2 minutes"},"schema":{"@context":"https:\/\/schema.org","@graph":[{"@type":"WebPage","@id":"https:\/\/segu-aero.com\/fr\/produit\/11-2-3-9-requisitos-de-seguridad-de-carga-y-correo-distintos-de-la-inspeccion-avsec\/","url":"http:\/\/segu-aero.com\/producto\/11-2-3-9-requisitos-de-seguridad-de-carga-y-correo-distintos-de-la-inspeccion-avsec\/","name":"Cours AVSEC: Exigences de s\u00e9curit\u00e9 fret et du courrier (11.2.3.9)","isPartOf":{"@id":"https:\/\/segu-aero.com\/fr\/#website"},"primaryImageOfPage":{"@id":"http:\/\/segu-aero.com\/producto\/11-2-3-9-requisitos-de-seguridad-de-carga-y-correo-distintos-de-la-inspeccion-avsec\/#primaryimage"},"image":{"@id":"http:\/\/segu-aero.com\/producto\/11-2-3-9-requisitos-de-seguridad-de-carga-y-correo-distintos-de-la-inspeccion-avsec\/#primaryimage"},"thumbnailUrl":"https:\/\/segu-aero.com\/wp-content\/uploads\/2025\/01\/image020.jpg","datePublished":"2025-01-22T16:31:05+00:00","dateModified":"2025-10-30T17:20:15+00:00","description":"Acc\u00e9dez au cours AVSEC 11.2.3.9 sur la s\u00e9curit\u00e9 du fret et du courrier sans surveillance et sans inspection. AVEC certification officielle.","breadcrumb":{"@id":"http:\/\/segu-aero.com\/producto\/11-2-3-9-requisitos-de-seguridad-de-carga-y-correo-distintos-de-la-inspeccion-avsec\/#breadcrumb"},"inLanguage":"fr-FR","potentialAction":[{"@type":"ReadAction","target":["http:\/\/segu-aero.com\/producto\/11-2-3-9-requisitos-de-seguridad-de-carga-y-correo-distintos-de-la-inspeccion-avsec\/"]}]},{"@type":"ImageObject","inLanguage":"fr-FR","@id":"http:\/\/segu-aero.com\/producto\/11-2-3-9-requisitos-de-seguridad-de-carga-y-correo-distintos-de-la-inspeccion-avsec\/#primaryimage","url":"https:\/\/segu-aero.com\/wp-content\/uploads\/2025\/01\/image020.jpg","contentUrl":"https:\/\/segu-aero.com\/wp-content\/uploads\/2025\/01\/image020.jpg","width":261,"height":195,"caption":"avion avec fret et courrier"},{"@type":"BreadcrumbList","@id":"http:\/\/segu-aero.com\/producto\/11-2-3-9-requisitos-de-seguridad-de-carga-y-correo-distintos-de-la-inspeccion-avsec\/#breadcrumb","itemListElement":[{"@type":"ListItem","position":1,"name":"Portada","item":"https:\/\/segu-aero.com\/fr\/"},{"@type":"ListItem","position":2,"name":"Produits","item":"https:\/\/segu-aero.com\/fr\/shop\/"},{"@type":"ListItem","position":3,"name":"Cours en ligne AVSEC: Exigences de s\u00e9curit\u00e9 relatives au fret et au courrier autres que l\u2019inspection (11.2.3.9)"}]},{"@type":"WebSite","@id":"https:\/\/segu-aero.com\/fr\/#website","url":"https:\/\/segu-aero.com\/fr\/","name":"Segu-Aero","description":"Especialistas en formaci\u00f3n y seguridad aeroportuaria","publisher":{"@id":"https:\/\/segu-aero.com\/fr\/#organization"},"potentialAction":[{"@type":"SearchAction","target":{"@type":"EntryPoint","urlTemplate":"https:\/\/segu-aero.com\/fr\/?s={search_term_string}"},"query-input":{"@type":"PropertyValueSpecification","valueRequired":true,"valueName":"search_term_string"}}],"inLanguage":"fr-FR"},{"@type":"Organization","@id":"https:\/\/segu-aero.com\/fr\/#organization","name":"Segu-Aero","url":"https:\/\/segu-aero.com\/fr\/","logo":{"@type":"ImageObject","inLanguage":"fr-FR","@id":"https:\/\/segu-aero.com\/fr\/#\/schema\/logo\/image\/","url":"https:\/\/segu-aero.com\/wp-content\/uploads\/2024\/10\/LOGO-SEG-AERO-2024.png","contentUrl":"https:\/\/segu-aero.com\/wp-content\/uploads\/2024\/10\/LOGO-SEG-AERO-2024.png","width":293,"height":128,"caption":"Segu-Aero"},"image":{"@id":"https:\/\/segu-aero.com\/fr\/#\/schema\/logo\/image\/"},"sameAs":["https:\/\/www.linkedin.com\/company\/formaero\/"]}]}},"_links":{"self":[{"href":"https:\/\/segu-aero.com\/fr\/wp-json\/wp\/v2\/product\/4177","targetHints":{"allow":["GET"]}}],"collection":[{"href":"https:\/\/segu-aero.com\/fr\/wp-json\/wp\/v2\/product"}],"about":[{"href":"https:\/\/segu-aero.com\/fr\/wp-json\/wp\/v2\/types\/product"}],"version-history":[{"count":20,"href":"https:\/\/segu-aero.com\/fr\/wp-json\/wp\/v2\/product\/4177\/revisions"}],"predecessor-version":[{"id":6060,"href":"https:\/\/segu-aero.com\/fr\/wp-json\/wp\/v2\/product\/4177\/revisions\/6060"}],"wp:featuredmedia":[{"embeddable":true,"href":"https:\/\/segu-aero.com\/fr\/wp-json\/wp\/v2\/media\/3691"}],"wp:attachment":[{"href":"https:\/\/segu-aero.com\/fr\/wp-json\/wp\/v2\/media?parent=4177"}],"wp:term":[{"taxonomy":"product_brand","embeddable":true,"href":"https:\/\/segu-aero.com\/fr\/wp-json\/wp\/v2\/product_brand?post=4177"},{"taxonomy":"product_cat","embeddable":true,"href":"https:\/\/segu-aero.com\/fr\/wp-json\/wp\/v2\/product_cat?post=4177"},{"taxonomy":"product_tag","embeddable":true,"href":"https:\/\/segu-aero.com\/fr\/wp-json\/wp\/v2\/product_tag?post=4177"}],"curies":[{"name":"wp","href":"https:\/\/api.w.org\/{rel}","templated":true}]}}