{"id":4173,"date":"2025-01-22T16:31:05","date_gmt":"2025-01-22T16:31:05","guid":{"rendered":"http:\/\/segu-aero.com\/product\/11-2-3-8-requisitos-de-seguridad-en-el-tratamiento-de-personas-y-equipajes-avsec\/"},"modified":"2025-10-30T18:09:38","modified_gmt":"2025-10-30T17:09:38","slug":"11-2-3-8-requisitos-de-seguridad-en-el-tratamiento-de-personas-y-equipajes-avsec","status":"publish","type":"product","link":"https:\/\/segu-aero.com\/fr\/produit\/11-2-3-8-requisitos-de-seguridad-en-el-tratamiento-de-personas-y-equipajes-avsec\/","title":{"rendered":"Cours en ligne AVSEC: Liaison passagers et bagages (11.2.3.8)"},"content":{"rendered":"\t\t<div data-elementor-type=\"product-post\" data-elementor-id=\"4173\" class=\"elementor elementor-4173 elementor-2296\" data-elementor-post-type=\"product\">\n\t\t\t\t<div class=\"elementor-element elementor-element-52506473 e-flex e-con-boxed e-con e-parent\" data-id=\"52506473\" data-element_type=\"container\" data-e-type=\"container\">\n\t\t\t\t\t<div class=\"e-con-inner\">\n\t\t\t\t<div class=\"elementor-element elementor-element-2bba25ce elementor-widget elementor-widget-text-editor\" data-id=\"2bba25ce\" data-element_type=\"widget\" data-e-type=\"widget\" data-widget_type=\"text-editor.default\">\n\t\t\t\t<div class=\"elementor-widget-container\">\n\t\t\t\t\t\t\t\t\t<p>Chez Segu-Aero nous vous proposons cette formation en ligne, avec un acc\u00e8s imm\u00e9diat, un contenu mis \u00e0 jour conform\u00e9ment \u00e0 la r\u00e9glementation et un certificat officiel qui garantit votre comp\u00e9tence devant les autorit\u00e9s correspondantes.<\/p><h2>Objectifs<\/h2><p>L&#8217;obtention du certificat li\u00e9 au cours AVSEC 11.2.3.8 est une exigence essentielle pour les travailleurs a\u00e9roportuaires qui sont en contact avec les passagers et les bagages.<\/p><h2>A qui s&#8217;adresse ce cours ?<\/h2><p>Cette formation s&#8217;adresse aux professionnels du secteur a\u00e9roportuaire qui exercent des fonctions de :<\/p><ul><li>Contr\u00f4le d&#8217;acc\u00e8s des personnes dans les a\u00e9roports.<\/li><li>Manutention ou contr\u00f4le des bagages (valises, bagages \u00e0 main, colis enregistr\u00e9s).<\/li><li>Personnel de s\u00e9curit\u00e9 AVSEC qui doit prouver sa connaissance de probl\u00e8mes sp\u00e9cifiques li\u00e9s aux personnes et aux bagages.<\/li><li>Employ\u00e9s des compagnies a\u00e9riennes, des entit\u00e9s de manutention ou a\u00e9roportuaires ayant la responsabilit\u00e9 des points d&#8217;inspection.<\/li><\/ul><p>Si votre r\u00f4le implique d&#8217;interagir avec des passagers ou des bagages soumis \u00e0 un contr\u00f4le de s\u00e9curit\u00e9, ce cours est essentiel.<\/p><h2>Programme du cours AVSEC Connexion passagers et bagages<\/h2><ul><li><span style=\"font-size: 0.9375rem;\">Actes d\u2019ing\u00e9rence illicite contre l\u2019aviation civile, actes terroristes et menaces r\u00e9elles<\/span><\/li><li>Dispositions l\u00e9gales pertinentes. Culture de s\u00e9curit\u00e9 sur le lieu de travail et dans le domaine a\u00e9rien <\/li><li>Objectifs et organisation de la s\u00fbret\u00e9 a\u00e9rienne, y compris les obligations et responsabilit\u00e9s des personnes effectuant les contr\u00f4les de s\u00fbret\u00e9.<\/li><li>Action en cas de d\u00e9tection d&#8217;objets interdits.<\/li><li>Proc\u00e9dures applicables en cas d&#8217;urgence<\/li><li>Exigences et m\u00e9thodes de correspondance des passagers et des bagages.<\/li><li>Exigences de protection relatives aux \u00e9quipements des compagnies a\u00e9riennes utilis\u00e9s pour le traitement des passagers et des bagages.<\/li><li>Configuration des points de contr\u00f4le. Processus d&#8217;inspection <\/li><li>Proc\u00e9dures de contr\u00f4le d\u2019acc\u00e8s et d\u2019inspection<\/li><li>Connaissance des cartes d&#8217;identit\u00e9 utilis\u00e9es dans les a\u00e9roports<\/li><li>Proc\u00e9dures de r\u00e9clamation<\/li><li>Action en cas d&#8217;incidents de s\u00e9curit\u00e9<\/li><\/ul><p>Avec ces connaissances, vous disposerez de la base technique n\u00e9cessaire pour op\u00e9rer dans le cadre r\u00e9glement\u00e9 par l&#8217;AVSEC dans le <a href=\"https:\/\/www.boe.es\/boe\/dias\/2024\/01\/29\/pdfs\/BOE-A-2024-1659.pdf\" target=\"_blank\" rel=\"noopener\">Programme de s\u00e9curit\u00e9 nationale de l&#8217;aviation civile: 11.2.3.8<\/a>.<\/p>\t\t\t\t\t\t\t\t<\/div>\n\t\t\t\t<\/div>\n\t\t\t\t\t<\/div>\n\t\t\t\t<\/div>\n\t\t\t\t<\/div>\n\t\t","protected":false},"excerpt":{"rendered":"<p>Le cours AVSEC Passenger and Baggage Linking est une formation obligatoire pour ceux qui travaillent dans le contr\u00f4le de s\u00e9curit\u00e9 des a\u00e9roports et s&#8217;occupent de l&#8217;inspection ou du traitement des passagers et des bagages.<\/p>\n<ul>\n<li>Langue: Espagnol<\/li>\n<li>Dur\u00e9e: 4 heures<\/li>\n<li>Certification: valable 5 ans<\/li>\n<\/ul>\n","protected":false},"featured_media":2289,"template":"","meta":{"_acf_changed":false,"site-sidebar-layout":"default","site-content-layout":"","ast-site-content-layout":"default","site-content-style":"default","site-sidebar-style":"default","ast-global-header-display":"","ast-banner-title-visibility":"","ast-main-header-display":"","ast-hfb-above-header-display":"","ast-hfb-below-header-display":"","ast-hfb-mobile-header-display":"","site-post-title":"","ast-breadcrumbs-content":"","ast-featured-img":"","footer-sml-layout":"","ast-disable-related-posts":"","theme-transparent-header-meta":"default","adv-header-id-meta":"","stick-header-meta":"","header-above-stick-meta":"","header-main-stick-meta":"","header-below-stick-meta":"","astra-migrate-meta-layouts":"set","ast-page-background-enabled":"default","ast-page-background-meta":{"desktop":{"background-color":"var(--ast-global-color-5)","background-image":"","background-repeat":"repeat","background-position":"center center","background-size":"auto","background-attachment":"scroll","background-type":"","background-media":"","overlay-type":"","overlay-color":"","overlay-opacity":"","overlay-gradient":""},"tablet":{"background-color":"","background-image":"","background-repeat":"repeat","background-position":"center center","background-size":"auto","background-attachment":"scroll","background-type":"","background-media":"","overlay-type":"","overlay-color":"","overlay-opacity":"","overlay-gradient":""},"mobile":{"background-color":"","background-image":"","background-repeat":"repeat","background-position":"center center","background-size":"auto","background-attachment":"scroll","background-type":"","background-media":"","overlay-type":"","overlay-color":"","overlay-opacity":"","overlay-gradient":""}},"ast-content-background-meta":{"desktop":{"background-color":"var(--ast-global-color-4)","background-image":"","background-repeat":"repeat","background-position":"center center","background-size":"auto","background-attachment":"scroll","background-type":"","background-media":"","overlay-type":"","overlay-color":"","overlay-opacity":"","overlay-gradient":""},"tablet":{"background-color":"var(--ast-global-color-4)","background-image":"","background-repeat":"repeat","background-position":"center center","background-size":"auto","background-attachment":"scroll","background-type":"","background-media":"","overlay-type":"","overlay-color":"","overlay-opacity":"","overlay-gradient":""},"mobile":{"background-color":"var(--ast-global-color-4)","background-image":"","background-repeat":"repeat","background-position":"center center","background-size":"auto","background-attachment":"scroll","background-type":"","background-media":"","overlay-type":"","overlay-color":"","overlay-opacity":"","overlay-gradient":""}}},"product_brand":[],"product_cat":[144,145],"product_tag":[],"class_list":{"0":"post-4173","1":"product","2":"type-product","3":"status-publish","4":"has-post-thumbnail","6":"product_cat-avsec-fr","7":"product_cat-espanol-fr","8":"desktop-align-left","9":"tablet-align-left","10":"mobile-align-left","12":"first","13":"instock","14":"sale","15":"downloadable","16":"virtual","17":"taxable","18":"purchasable","19":"product-type-simple"},"acf":[],"yoast_head":"<!-- This site is optimized with the Yoast SEO plugin v27.4 - https:\/\/yoast.com\/product\/yoast-seo-wordpress\/ -->\n<title>Cours en ligne AVSEC: Liaison passagers et bagages (11.2.3.8)<\/title>\n<meta name=\"description\" content=\"Suivez d\u00e8s maintenant la formation AVSEC sur la s\u00e9curit\u00e9 des passagers et des bagages (11.2.3.8). Formation en ligne AVEC certification officielle.\" \/>\n<meta name=\"robots\" content=\"index, follow, max-snippet:-1, max-image-preview:large, max-video-preview:-1\" \/>\n<link rel=\"canonical\" href=\"http:\/\/segu-aero.com\/fr\/producto\/11-2-3-8-requisitos-de-seguridad-en-el-tratamiento-de-personas-y-equipajes-avsec\/\" \/>\n<meta property=\"og:locale\" content=\"fr_FR\" \/>\n<meta property=\"og:type\" content=\"article\" \/>\n<meta property=\"og:title\" content=\"Cours en ligne AVSEC Connexion passagers et bagages (11.2.3.8) | S\u00e9gu-A\u00e9ro\" \/>\n<meta property=\"og:description\" content=\"Suivez le cours AVSEC sur la fixation des passagers et des bagages (11.2.3.8). Formation en ligne avec certificat officiel et acc\u00e8s imm\u00e9diat. Il s&#039;agit d&#039;une formation obligatoire pour ceux qui travaillent au contr\u00f4le de s\u00e9curit\u00e9 des a\u00e9roports et s&#039;occupent de l&#039;inspection ou du traitement des passagers et des bagages.\" \/>\n<meta property=\"og:url\" content=\"http:\/\/segu-aero.com\/producto\/11-2-3-8-requisitos-de-seguridad-en-el-tratamiento-de-personas-y-equipajes-avsec\/\" \/>\n<meta property=\"og:site_name\" content=\"Segu-Aero\" \/>\n<meta property=\"article:modified_time\" content=\"2025-10-30T17:09:38+00:00\" \/>\n<meta property=\"og:image\" content=\"https:\/\/segu-aero.com\/wp-content\/uploads\/2025\/01\/image017-8.jpg\" \/>\n\t<meta property=\"og:image:width\" content=\"261\" \/>\n\t<meta property=\"og:image:height\" content=\"195\" \/>\n\t<meta property=\"og:image:type\" content=\"image\/jpeg\" \/>\n<meta name=\"twitter:card\" content=\"summary_large_image\" \/>\n<meta name=\"twitter:title\" content=\"Cours en ligne AVSEC Connexion passagers et bagages (11.2.3.8) | S\u00e9gu-A\u00e9ro\" \/>\n<meta name=\"twitter:description\" content=\"Suivez le cours AVSEC sur la fixation des passagers et des bagages (11.2.3.8). Formation en ligne avec certificat officiel et acc\u00e8s imm\u00e9diat. Il s&#039;agit d&#039;une formation obligatoire pour ceux qui travaillent au contr\u00f4le de s\u00e9curit\u00e9 des a\u00e9roports et s&#039;occupent de l&#039;inspection ou du traitement des passagers et des bagages.\" \/>\n<meta name=\"twitter:label1\" content=\"Dur\u00e9e de lecture estim\u00e9e\" \/>\n\t<meta name=\"twitter:data1\" content=\"2 minutes\" \/>\n<!-- \/ Yoast SEO plugin. -->","yoast_head_json":{"title":"Cours en ligne AVSEC: Liaison passagers et bagages (11.2.3.8)","description":"Suivez d\u00e8s maintenant la formation AVSEC sur la s\u00e9curit\u00e9 des passagers et des bagages (11.2.3.8). Formation en ligne AVEC certification officielle.","robots":{"index":"index","follow":"follow","max-snippet":"max-snippet:-1","max-image-preview":"max-image-preview:large","max-video-preview":"max-video-preview:-1"},"canonical":"http:\/\/segu-aero.com\/fr\/producto\/11-2-3-8-requisitos-de-seguridad-en-el-tratamiento-de-personas-y-equipajes-avsec\/","og_locale":"fr_FR","og_type":"article","og_title":"Cours en ligne AVSEC Connexion passagers et bagages (11.2.3.8) | S\u00e9gu-A\u00e9ro","og_description":"Suivez le cours AVSEC sur la fixation des passagers et des bagages (11.2.3.8). Formation en ligne avec certificat officiel et acc\u00e8s imm\u00e9diat. Il s'agit d'une formation obligatoire pour ceux qui travaillent au contr\u00f4le de s\u00e9curit\u00e9 des a\u00e9roports et s'occupent de l'inspection ou du traitement des passagers et des bagages.","og_url":"http:\/\/segu-aero.com\/producto\/11-2-3-8-requisitos-de-seguridad-en-el-tratamiento-de-personas-y-equipajes-avsec\/","og_site_name":"Segu-Aero","article_modified_time":"2025-10-30T17:09:38+00:00","og_image":[{"width":261,"height":195,"url":"https:\/\/segu-aero.com\/wp-content\/uploads\/2025\/01\/image017-8.jpg","type":"image\/jpeg"}],"twitter_card":"summary_large_image","twitter_title":"Cours en ligne AVSEC Connexion passagers et bagages (11.2.3.8) | S\u00e9gu-A\u00e9ro","twitter_description":"Suivez le cours AVSEC sur la fixation des passagers et des bagages (11.2.3.8). Formation en ligne avec certificat officiel et acc\u00e8s imm\u00e9diat. Il s'agit d'une formation obligatoire pour ceux qui travaillent au contr\u00f4le de s\u00e9curit\u00e9 des a\u00e9roports et s'occupent de l'inspection ou du traitement des passagers et des bagages.","twitter_misc":{"Dur\u00e9e de lecture estim\u00e9e":"2 minutes"},"schema":{"@context":"https:\/\/schema.org","@graph":[{"@type":"WebPage","@id":"https:\/\/segu-aero.com\/fr\/produit\/11-2-3-8-requisitos-de-seguridad-en-el-tratamiento-de-personas-y-equipajes-avsec\/","url":"http:\/\/segu-aero.com\/producto\/11-2-3-8-requisitos-de-seguridad-en-el-tratamiento-de-personas-y-equipajes-avsec\/","name":"Cours en ligne AVSEC: Liaison passagers et bagages (11.2.3.8)","isPartOf":{"@id":"https:\/\/segu-aero.com\/fr\/#website"},"primaryImageOfPage":{"@id":"http:\/\/segu-aero.com\/producto\/11-2-3-8-requisitos-de-seguridad-en-el-tratamiento-de-personas-y-equipajes-avsec\/#primaryimage"},"image":{"@id":"http:\/\/segu-aero.com\/producto\/11-2-3-8-requisitos-de-seguridad-en-el-tratamiento-de-personas-y-equipajes-avsec\/#primaryimage"},"thumbnailUrl":"https:\/\/segu-aero.com\/wp-content\/uploads\/2025\/01\/image017-8.jpg","datePublished":"2025-01-22T16:31:05+00:00","dateModified":"2025-10-30T17:09:38+00:00","description":"Suivez d\u00e8s maintenant la formation AVSEC sur la s\u00e9curit\u00e9 des passagers et des bagages (11.2.3.8). Formation en ligne AVEC certification officielle.","breadcrumb":{"@id":"http:\/\/segu-aero.com\/producto\/11-2-3-8-requisitos-de-seguridad-en-el-tratamiento-de-personas-y-equipajes-avsec\/#breadcrumb"},"inLanguage":"fr-FR","potentialAction":[{"@type":"ReadAction","target":["http:\/\/segu-aero.com\/producto\/11-2-3-8-requisitos-de-seguridad-en-el-tratamiento-de-personas-y-equipajes-avsec\/"]}]},{"@type":"ImageObject","inLanguage":"fr-FR","@id":"http:\/\/segu-aero.com\/producto\/11-2-3-8-requisitos-de-seguridad-en-el-tratamiento-de-personas-y-equipajes-avsec\/#primaryimage","url":"https:\/\/segu-aero.com\/wp-content\/uploads\/2025\/01\/image017-8.jpg","contentUrl":"https:\/\/segu-aero.com\/wp-content\/uploads\/2025\/01\/image017-8.jpg","width":261,"height":195,"caption":"passag\u00e8re avec bagages dans un avion"},{"@type":"BreadcrumbList","@id":"http:\/\/segu-aero.com\/producto\/11-2-3-8-requisitos-de-seguridad-en-el-tratamiento-de-personas-y-equipajes-avsec\/#breadcrumb","itemListElement":[{"@type":"ListItem","position":1,"name":"Portada","item":"https:\/\/segu-aero.com\/fr\/"},{"@type":"ListItem","position":2,"name":"Produits","item":"https:\/\/segu-aero.com\/fr\/shop\/"},{"@type":"ListItem","position":3,"name":"Cours en ligne AVSEC: Liaison passagers et bagages (11.2.3.8)"}]},{"@type":"WebSite","@id":"https:\/\/segu-aero.com\/fr\/#website","url":"https:\/\/segu-aero.com\/fr\/","name":"Segu-Aero","description":"Especialistas en formaci\u00f3n y seguridad aeroportuaria","publisher":{"@id":"https:\/\/segu-aero.com\/fr\/#organization"},"potentialAction":[{"@type":"SearchAction","target":{"@type":"EntryPoint","urlTemplate":"https:\/\/segu-aero.com\/fr\/?s={search_term_string}"},"query-input":{"@type":"PropertyValueSpecification","valueRequired":true,"valueName":"search_term_string"}}],"inLanguage":"fr-FR"},{"@type":"Organization","@id":"https:\/\/segu-aero.com\/fr\/#organization","name":"Segu-Aero","url":"https:\/\/segu-aero.com\/fr\/","logo":{"@type":"ImageObject","inLanguage":"fr-FR","@id":"https:\/\/segu-aero.com\/fr\/#\/schema\/logo\/image\/","url":"https:\/\/segu-aero.com\/wp-content\/uploads\/2024\/10\/LOGO-SEG-AERO-2024.png","contentUrl":"https:\/\/segu-aero.com\/wp-content\/uploads\/2024\/10\/LOGO-SEG-AERO-2024.png","width":293,"height":128,"caption":"Segu-Aero"},"image":{"@id":"https:\/\/segu-aero.com\/fr\/#\/schema\/logo\/image\/"},"sameAs":["https:\/\/www.linkedin.com\/company\/formaero\/"]}]}},"_links":{"self":[{"href":"https:\/\/segu-aero.com\/fr\/wp-json\/wp\/v2\/product\/4173","targetHints":{"allow":["GET"]}}],"collection":[{"href":"https:\/\/segu-aero.com\/fr\/wp-json\/wp\/v2\/product"}],"about":[{"href":"https:\/\/segu-aero.com\/fr\/wp-json\/wp\/v2\/types\/product"}],"version-history":[{"count":12,"href":"https:\/\/segu-aero.com\/fr\/wp-json\/wp\/v2\/product\/4173\/revisions"}],"predecessor-version":[{"id":6056,"href":"https:\/\/segu-aero.com\/fr\/wp-json\/wp\/v2\/product\/4173\/revisions\/6056"}],"wp:featuredmedia":[{"embeddable":true,"href":"https:\/\/segu-aero.com\/fr\/wp-json\/wp\/v2\/media\/2289"}],"wp:attachment":[{"href":"https:\/\/segu-aero.com\/fr\/wp-json\/wp\/v2\/media?parent=4173"}],"wp:term":[{"taxonomy":"product_brand","embeddable":true,"href":"https:\/\/segu-aero.com\/fr\/wp-json\/wp\/v2\/product_brand?post=4173"},{"taxonomy":"product_cat","embeddable":true,"href":"https:\/\/segu-aero.com\/fr\/wp-json\/wp\/v2\/product_cat?post=4173"},{"taxonomy":"product_tag","embeddable":true,"href":"https:\/\/segu-aero.com\/fr\/wp-json\/wp\/v2\/product_tag?post=4173"}],"curies":[{"name":"wp","href":"https:\/\/api.w.org\/{rel}","templated":true}]}}