{"id":4169,"date":"2025-01-22T16:31:05","date_gmt":"2025-01-22T16:31:05","guid":{"rendered":"http:\/\/segu-aero.com\/product\/11-2-7-formacion-de-sensibilizacion-para-transportistas-avsec\/"},"modified":"2025-10-30T18:51:02","modified_gmt":"2025-10-30T17:51:02","slug":"11-2-7-formacion-de-sensibilizacion-para-transportistas-avsec","status":"publish","type":"product","link":"https:\/\/segu-aero.com\/fr\/produit\/11-2-7-formacion-de-sensibilizacion-para-transportistas-avsec\/","title":{"rendered":"Cours en ligne AVSEC pour sensibiliser les transporteurs aux questions g\u00e9n\u00e9rales de s\u00e9curit\u00e9 (11.2.7)"},"content":{"rendered":"\t\t<div data-elementor-type=\"product-post\" data-elementor-id=\"4169\" class=\"elementor elementor-4169 elementor-2295\" data-elementor-post-type=\"product\">\n\t\t\t\t<div class=\"elementor-element elementor-element-5b499076 e-flex e-con-boxed e-con e-parent\" data-id=\"5b499076\" data-element_type=\"container\" data-e-type=\"container\">\n\t\t\t\t\t<div class=\"e-con-inner\">\n\t\t\t\t<div class=\"elementor-element elementor-element-43c2f805 elementor-widget elementor-widget-text-editor\" data-id=\"43c2f805\" data-element_type=\"widget\" data-e-type=\"widget\" data-widget_type=\"text-editor.default\">\n\t\t\t\t<div class=\"elementor-widget-container\">\n\t\t\t\t\t\t\t\t\t<div><p>Le <strong>cours de sensibilisation AVSEC destin\u00e9 aux transporteurs sur les questions g\u00e9n\u00e9rales de s\u00e9curit\u00e9 <\/strong>fournit des connaissances et des attitudes de base en mati\u00e8re de s\u00e9curit\u00e9, de transparence et de responsabilit\u00e9 face aux menaces d&#8217;interf\u00e9rences illicites.<\/p><p>Il s&#8217;agit d&#8217;une formation officielle exig\u00e9e par le <a href=\"https:\/\/www.boe.es\/doue\/2015\/299\/L00001-00142.pdf\" target=\"_blank\" rel=\"noopener\">R\u00e8glement (UE) 2015\/1998 <\/a>et par le <a href=\"https:\/\/www.boe.es\/boe\/dias\/2024\/01\/29\/pdfs\/BOE-A-2024-1659.pdf\" target=\"_blank\" rel=\"noopener\">Programme de S\u00e9curit\u00e9 Nationale (PNS) de l&#8217;AESA<\/a>.<\/p><h2>Objectifs<\/h2><p>Ce cursus permet \u00e0 l&#8217;\u00e9tudiant d&#8217;acqu\u00e9rir toute la formation requise dans le domaine de la s\u00fbret\u00e9 a\u00e9roportuaire applicable aux professionnels qui n\u00e9cessitent une formation de sensibilisation \u00e0 la s\u00fbret\u00e9.<\/p><h2>A qui s&#8217;adresse-t-il?<\/h2><p>Ce cours s&#8217;adresse \u00e0 :<\/p><ul><li>Transporteurs, chauffeurs et\/ou autres personnes ayant acc\u00e8s aux fournitures d&#8217;un PS, d&#8217;un PB ou du fret et du courrier d&#8217;une RA et\/ou d&#8217;un KC.<\/li><li>Transporteurs et chauffeurs qui transportent du fret a\u00e9rien en toute s\u00e9curit\u00e9 sans le manipuler.<\/li><li>Personnel qui livre ou re\u00e7oit des fournitures, des fournitures a\u00e9roportuaires ou du courrier a\u00e9rien identifiable.<\/li><li>Personnes ou entreprises qui doivent r\u00e9pondre aux exigences g\u00e9n\u00e9rales de s\u00e9curit\u00e9 pour obtenir les accr\u00e9ditations li\u00e9es \u00e0 l&#8217;AVSEC.<\/li><li>Op\u00e9rateurs logistiques, livreurs, personnel d&#8217;appui qui ont un acc\u00e8s physique aux marchandises li\u00e9es au transport a\u00e9rien, mais n&#8217;effectuent pas de contr\u00f4le technique.<\/li><\/ul><\/div><div><div><h2>Programme du cours de sensibilisation AVSEC destin\u00e9 aux transporteurs sur les questions g\u00e9n\u00e9rales de s\u00e9curit\u00e9<\/h2><ul><li><span style=\"font-size: 0.9375rem;\">Actes ant\u00e9rieurs d\u2019intervention ill\u00e9gale contre l\u2019aviation civile, actes terroristes et menaces r\u00e9elles.<\/span><\/li><li><span style=\"font-size: 0.9375rem;\">Exigences juridiques pertinentes et connaissance des \u00e9l\u00e9ments qui contribuent \u00e0 cr\u00e9er une culture de s\u00e9curit\u00e9 forte et r\u00e9siliente sur le lieu de travail et dans l&#8217;aviation, y compris, mais sans s&#8217;y limiter, les menaces internes et la radicalisation.<\/span><\/li><li><span style=\"font-size: 0.9375rem;\">Objectifs et organisation de la s\u00fbret\u00e9 a\u00e9rienne, y compris les obligations et responsabilit\u00e9s des personnes effectuant les contr\u00f4les de s\u00fbret\u00e9.<\/span><\/li><li><span style=\"font-size: 0.9375rem;\">Proc\u00e9dures de notification.<\/span><\/li><li><span style=\"font-size: 0.9375rem;\">Action en cas d&#8217;incidents de s\u00e9curit\u00e9.<\/span><\/li><\/ul><\/div><\/div>\t\t\t\t\t\t\t\t<\/div>\n\t\t\t\t<\/div>\n\t\t\t\t\t<\/div>\n\t\t\t\t<\/div>\n\t\t\t\t<\/div>\n\t\t","protected":false},"excerpt":{"rendered":"<p>Ce cours AVSEC s&#8217;adresse aux transporteurs, chauffeurs et autres personnes ayant acc\u00e8s aux fournitures, au fret, au courrier ou aux provisions a\u00e9roportuaires, mais sans effectuer d&#8217;inspections ou de manutention sp\u00e9cialis\u00e9e.<\/p>\n<ul>\n<li>Langue: Espagnol<\/li>\n<li>Dur\u00e9e: 2 heures<\/li>\n<li>Certification: valable 5 ans<\/li>\n<\/ul>\n","protected":false},"featured_media":3698,"template":"","meta":{"_acf_changed":false,"site-sidebar-layout":"default","site-content-layout":"","ast-site-content-layout":"default","site-content-style":"default","site-sidebar-style":"default","ast-global-header-display":"","ast-banner-title-visibility":"","ast-main-header-display":"","ast-hfb-above-header-display":"","ast-hfb-below-header-display":"","ast-hfb-mobile-header-display":"","site-post-title":"","ast-breadcrumbs-content":"","ast-featured-img":"","footer-sml-layout":"","ast-disable-related-posts":"","theme-transparent-header-meta":"default","adv-header-id-meta":"","stick-header-meta":"","header-above-stick-meta":"","header-main-stick-meta":"","header-below-stick-meta":"","astra-migrate-meta-layouts":"set","ast-page-background-enabled":"default","ast-page-background-meta":{"desktop":{"background-color":"var(--ast-global-color-5)","background-image":"","background-repeat":"repeat","background-position":"center center","background-size":"auto","background-attachment":"scroll","background-type":"","background-media":"","overlay-type":"","overlay-color":"","overlay-opacity":"","overlay-gradient":""},"tablet":{"background-color":"","background-image":"","background-repeat":"repeat","background-position":"center center","background-size":"auto","background-attachment":"scroll","background-type":"","background-media":"","overlay-type":"","overlay-color":"","overlay-opacity":"","overlay-gradient":""},"mobile":{"background-color":"","background-image":"","background-repeat":"repeat","background-position":"center center","background-size":"auto","background-attachment":"scroll","background-type":"","background-media":"","overlay-type":"","overlay-color":"","overlay-opacity":"","overlay-gradient":""}},"ast-content-background-meta":{"desktop":{"background-color":"var(--ast-global-color-4)","background-image":"","background-repeat":"repeat","background-position":"center center","background-size":"auto","background-attachment":"scroll","background-type":"","background-media":"","overlay-type":"","overlay-color":"","overlay-opacity":"","overlay-gradient":""},"tablet":{"background-color":"var(--ast-global-color-4)","background-image":"","background-repeat":"repeat","background-position":"center center","background-size":"auto","background-attachment":"scroll","background-type":"","background-media":"","overlay-type":"","overlay-color":"","overlay-opacity":"","overlay-gradient":""},"mobile":{"background-color":"var(--ast-global-color-4)","background-image":"","background-repeat":"repeat","background-position":"center center","background-size":"auto","background-attachment":"scroll","background-type":"","background-media":"","overlay-type":"","overlay-color":"","overlay-opacity":"","overlay-gradient":""}}},"product_brand":[],"product_cat":[144,145],"product_tag":[],"class_list":{"0":"post-4169","1":"product","2":"type-product","3":"status-publish","4":"has-post-thumbnail","6":"product_cat-avsec-fr","7":"product_cat-espanol-fr","8":"desktop-align-left","9":"tablet-align-left","10":"mobile-align-left","12":"first","13":"instock","14":"sale","15":"downloadable","16":"virtual","17":"taxable","18":"purchasable","19":"product-type-simple"},"acf":[],"yoast_head":"<!-- This site is optimized with the Yoast SEO plugin v27.4 - https:\/\/yoast.com\/product\/yoast-seo-wordpress\/ -->\n<title>Cours AVSEC: Sensibilisation des op\u00e9rateurs de transport (11.2.7)<\/title>\n<meta name=\"description\" content=\"Suivez d\u00e8s maintenant le cours de sensibilisation AVSEC destin\u00e9 aux transporteurs et \u00e0 ceux qui acc\u00e8dent au fret, au courrier ou aux fournitures.\" \/>\n<meta name=\"robots\" content=\"index, follow, max-snippet:-1, max-image-preview:large, max-video-preview:-1\" \/>\n<link rel=\"canonical\" href=\"http:\/\/segu-aero.com\/fr\/producto\/11-2-7-formacion-de-sensibilizacion-para-transportistas-avsec\/\" \/>\n<meta property=\"og:locale\" content=\"fr_FR\" \/>\n<meta property=\"og:type\" content=\"article\" \/>\n<meta property=\"og:title\" content=\"Cours de sensibilisation en ligne AVSEC pour les transporteurs aux questions g\u00e9n\u00e9rales de s\u00e9curit\u00e9 (11.2.7)\" \/>\n<meta property=\"og:description\" content=\"Obtenez d\u00e8s maintenant le certificat officiel du cours de sensibilisation en ligne AVSEC destin\u00e9 aux transporteurs, chauffeurs et autres personnes ayant acc\u00e8s aux fournitures, marchandises, courrier ou provisions a\u00e9roportuaires, mais sans effectuer d&#039;inspections ou de manipulations sp\u00e9cialis\u00e9es.\" \/>\n<meta property=\"og:url\" content=\"http:\/\/segu-aero.com\/producto\/11-2-7-formacion-de-sensibilizacion-para-transportistas-avsec\/\" \/>\n<meta property=\"og:site_name\" content=\"Segu-Aero\" \/>\n<meta property=\"article:modified_time\" content=\"2025-10-30T17:51:02+00:00\" \/>\n<meta property=\"og:image\" content=\"http:\/\/segu-aero.com\/wp-content\/uploads\/2025\/01\/11.2.7-300x212.png\" \/>\n<meta name=\"twitter:card\" content=\"summary_large_image\" \/>\n<meta name=\"twitter:title\" content=\"Cours de sensibilisation en ligne AVSEC pour les transporteurs aux questions g\u00e9n\u00e9rales de s\u00e9curit\u00e9 (11.2.7)\" \/>\n<meta name=\"twitter:description\" content=\"Obtenez d\u00e8s maintenant le certificat officiel du cours de sensibilisation en ligne AVSEC destin\u00e9 aux transporteurs, chauffeurs et autres personnes ayant acc\u00e8s aux fournitures, marchandises, courrier ou provisions a\u00e9roportuaires, mais sans effectuer d&#039;inspections ou de manipulations sp\u00e9cialis\u00e9es.\" \/>\n<meta name=\"twitter:image\" content=\"http:\/\/segu-aero.com\/wp-content\/uploads\/2025\/01\/11.2.7.png\" \/>\n<meta name=\"twitter:label1\" content=\"Dur\u00e9e de lecture estim\u00e9e\" \/>\n\t<meta name=\"twitter:data1\" content=\"2 minutes\" \/>\n<!-- \/ Yoast SEO plugin. -->","yoast_head_json":{"title":"Cours AVSEC: Sensibilisation des op\u00e9rateurs de transport (11.2.7)","description":"Suivez d\u00e8s maintenant le cours de sensibilisation AVSEC destin\u00e9 aux transporteurs et \u00e0 ceux qui acc\u00e8dent au fret, au courrier ou aux fournitures.","robots":{"index":"index","follow":"follow","max-snippet":"max-snippet:-1","max-image-preview":"max-image-preview:large","max-video-preview":"max-video-preview:-1"},"canonical":"http:\/\/segu-aero.com\/fr\/producto\/11-2-7-formacion-de-sensibilizacion-para-transportistas-avsec\/","og_locale":"fr_FR","og_type":"article","og_title":"Cours de sensibilisation en ligne AVSEC pour les transporteurs aux questions g\u00e9n\u00e9rales de s\u00e9curit\u00e9 (11.2.7)","og_description":"Obtenez d\u00e8s maintenant le certificat officiel du cours de sensibilisation en ligne AVSEC destin\u00e9 aux transporteurs, chauffeurs et autres personnes ayant acc\u00e8s aux fournitures, marchandises, courrier ou provisions a\u00e9roportuaires, mais sans effectuer d'inspections ou de manipulations sp\u00e9cialis\u00e9es.","og_url":"http:\/\/segu-aero.com\/producto\/11-2-7-formacion-de-sensibilizacion-para-transportistas-avsec\/","og_site_name":"Segu-Aero","article_modified_time":"2025-10-30T17:51:02+00:00","og_image":[{"url":"http:\/\/segu-aero.com\/wp-content\/uploads\/2025\/01\/11.2.7-300x212.png","type":"","width":"","height":""}],"twitter_card":"summary_large_image","twitter_title":"Cours de sensibilisation en ligne AVSEC pour les transporteurs aux questions g\u00e9n\u00e9rales de s\u00e9curit\u00e9 (11.2.7)","twitter_description":"Obtenez d\u00e8s maintenant le certificat officiel du cours de sensibilisation en ligne AVSEC destin\u00e9 aux transporteurs, chauffeurs et autres personnes ayant acc\u00e8s aux fournitures, marchandises, courrier ou provisions a\u00e9roportuaires, mais sans effectuer d'inspections ou de manipulations sp\u00e9cialis\u00e9es.","twitter_image":"http:\/\/segu-aero.com\/wp-content\/uploads\/2025\/01\/11.2.7.png","twitter_misc":{"Dur\u00e9e de lecture estim\u00e9e":"2 minutes"},"schema":{"@context":"https:\/\/schema.org","@graph":[{"@type":"WebPage","@id":"https:\/\/segu-aero.com\/fr\/produit\/11-2-7-formacion-de-sensibilizacion-para-transportistas-avsec\/","url":"http:\/\/segu-aero.com\/producto\/11-2-7-formacion-de-sensibilizacion-para-transportistas-avsec\/","name":"Cours AVSEC: Sensibilisation des op\u00e9rateurs de transport (11.2.7)","isPartOf":{"@id":"https:\/\/segu-aero.com\/fr\/#website"},"primaryImageOfPage":{"@id":"http:\/\/segu-aero.com\/producto\/11-2-7-formacion-de-sensibilizacion-para-transportistas-avsec\/#primaryimage"},"image":{"@id":"http:\/\/segu-aero.com\/producto\/11-2-7-formacion-de-sensibilizacion-para-transportistas-avsec\/#primaryimage"},"thumbnailUrl":"https:\/\/segu-aero.com\/wp-content\/uploads\/2025\/01\/11.2.7.png","datePublished":"2025-01-22T16:31:05+00:00","dateModified":"2025-10-30T17:51:02+00:00","description":"Suivez d\u00e8s maintenant le cours de sensibilisation AVSEC destin\u00e9 aux transporteurs et \u00e0 ceux qui acc\u00e8dent au fret, au courrier ou aux fournitures.","breadcrumb":{"@id":"http:\/\/segu-aero.com\/producto\/11-2-7-formacion-de-sensibilizacion-para-transportistas-avsec\/#breadcrumb"},"inLanguage":"fr-FR","potentialAction":[{"@type":"ReadAction","target":["http:\/\/segu-aero.com\/producto\/11-2-7-formacion-de-sensibilizacion-para-transportistas-avsec\/"]}]},{"@type":"ImageObject","inLanguage":"fr-FR","@id":"http:\/\/segu-aero.com\/producto\/11-2-7-formacion-de-sensibilizacion-para-transportistas-avsec\/#primaryimage","url":"https:\/\/segu-aero.com\/wp-content\/uploads\/2025\/01\/11.2.7.png","contentUrl":"https:\/\/segu-aero.com\/wp-content\/uploads\/2025\/01\/11.2.7.png","width":437,"height":309,"caption":"Cours de sensibilisation AVSEC pour les transporteurs"},{"@type":"BreadcrumbList","@id":"http:\/\/segu-aero.com\/producto\/11-2-7-formacion-de-sensibilizacion-para-transportistas-avsec\/#breadcrumb","itemListElement":[{"@type":"ListItem","position":1,"name":"Portada","item":"https:\/\/segu-aero.com\/fr\/"},{"@type":"ListItem","position":2,"name":"Produits","item":"https:\/\/segu-aero.com\/fr\/shop\/"},{"@type":"ListItem","position":3,"name":"Cours en ligne AVSEC pour sensibiliser les transporteurs aux questions g\u00e9n\u00e9rales de s\u00e9curit\u00e9 (11.2.7)"}]},{"@type":"WebSite","@id":"https:\/\/segu-aero.com\/fr\/#website","url":"https:\/\/segu-aero.com\/fr\/","name":"Segu-Aero","description":"Especialistas en formaci\u00f3n y seguridad aeroportuaria","publisher":{"@id":"https:\/\/segu-aero.com\/fr\/#organization"},"potentialAction":[{"@type":"SearchAction","target":{"@type":"EntryPoint","urlTemplate":"https:\/\/segu-aero.com\/fr\/?s={search_term_string}"},"query-input":{"@type":"PropertyValueSpecification","valueRequired":true,"valueName":"search_term_string"}}],"inLanguage":"fr-FR"},{"@type":"Organization","@id":"https:\/\/segu-aero.com\/fr\/#organization","name":"Segu-Aero","url":"https:\/\/segu-aero.com\/fr\/","logo":{"@type":"ImageObject","inLanguage":"fr-FR","@id":"https:\/\/segu-aero.com\/fr\/#\/schema\/logo\/image\/","url":"https:\/\/segu-aero.com\/wp-content\/uploads\/2024\/10\/LOGO-SEG-AERO-2024.png","contentUrl":"https:\/\/segu-aero.com\/wp-content\/uploads\/2024\/10\/LOGO-SEG-AERO-2024.png","width":293,"height":128,"caption":"Segu-Aero"},"image":{"@id":"https:\/\/segu-aero.com\/fr\/#\/schema\/logo\/image\/"},"sameAs":["https:\/\/www.linkedin.com\/company\/formaero\/"]}]}},"_links":{"self":[{"href":"https:\/\/segu-aero.com\/fr\/wp-json\/wp\/v2\/product\/4169","targetHints":{"allow":["GET"]}}],"collection":[{"href":"https:\/\/segu-aero.com\/fr\/wp-json\/wp\/v2\/product"}],"about":[{"href":"https:\/\/segu-aero.com\/fr\/wp-json\/wp\/v2\/types\/product"}],"version-history":[{"count":10,"href":"https:\/\/segu-aero.com\/fr\/wp-json\/wp\/v2\/product\/4169\/revisions"}],"predecessor-version":[{"id":6072,"href":"https:\/\/segu-aero.com\/fr\/wp-json\/wp\/v2\/product\/4169\/revisions\/6072"}],"wp:featuredmedia":[{"embeddable":true,"href":"https:\/\/segu-aero.com\/fr\/wp-json\/wp\/v2\/media\/3698"}],"wp:attachment":[{"href":"https:\/\/segu-aero.com\/fr\/wp-json\/wp\/v2\/media?parent=4169"}],"wp:term":[{"taxonomy":"product_brand","embeddable":true,"href":"https:\/\/segu-aero.com\/fr\/wp-json\/wp\/v2\/product_brand?post=4169"},{"taxonomy":"product_cat","embeddable":true,"href":"https:\/\/segu-aero.com\/fr\/wp-json\/wp\/v2\/product_cat?post=4169"},{"taxonomy":"product_tag","embeddable":true,"href":"https:\/\/segu-aero.com\/fr\/wp-json\/wp\/v2\/product_tag?post=4169"}],"curies":[{"name":"wp","href":"https:\/\/api.w.org\/{rel}","templated":true}]}}