{"id":4163,"date":"2025-01-22T16:31:06","date_gmt":"2025-01-22T16:31:06","guid":{"rendered":"http:\/\/segu-aero.com\/product\/easa-part-145-maintenance-organizations-recurrent\/"},"modified":"2025-10-31T02:42:06","modified_gmt":"2025-10-31T01:42:06","slug":"easa-part-145-maintenance-organizations-recurrent","status":"publish","type":"product","link":"https:\/\/segu-aero.com\/fr\/produit\/easa-part-145-maintenance-organizations-recurrent\/","title":{"rendered":"Cours en ligne EASA Part 145: Organismes de maintenance (r\u00e9current) &#8211; Anglais"},"content":{"rendered":"\t\t<div data-elementor-type=\"product-post\" data-elementor-id=\"4163\" class=\"elementor elementor-4163 elementor-2300\" data-elementor-post-type=\"product\">\n\t\t\t\t<div class=\"elementor-element elementor-element-46becde3 e-flex e-con-boxed e-con e-parent\" data-id=\"46becde3\" data-element_type=\"container\" data-e-type=\"container\">\n\t\t\t\t\t<div class=\"e-con-inner\">\n\t\t\t\t<div class=\"elementor-element elementor-element-6a4dbcbe elementor-widget elementor-widget-text-editor\" data-id=\"6a4dbcbe\" data-element_type=\"widget\" data-e-type=\"widget\" data-widget_type=\"text-editor.default\">\n\t\t\t\t<div class=\"elementor-widget-container\">\n\t\t\t\t\t\t\t\t\t<blockquote><p><strong>IMPORTANT: Ce cours est en anglais. Si vous le souhaitez, vous pouvez acheter le <a href=\"https:\/\/segu-aero.com\/fr\/producto\/easa-parte-145-organizaciones-de-mantenimiento-recurrente\/\">cours r\u00e9current EASA Part 145 en espagnol<\/a>. <\/strong><\/p><\/blockquote><p>Le <strong>cours r\u00e9current en ligne EASA Part 145<\/strong> est con\u00e7u pour les professionnels de la maintenance a\u00e9ronautique qui ont d\u00e9j\u00e0 suivi le <strong><a href=\"https:\/\/segu-aero.com\/fr\/producto\/easa-parte-145-organizaciones-de-mantenimiento-inicial\/\" target=\"_blank\" rel=\"noopener\">cours initial EASA Part 145<\/a><\/strong> et qui doivent maintenir leurs connaissances \u00e0 jour sur les exigences \u00e9tablies par l&#8217;<a href=\"https:\/\/www.easa.europa.eu\/en\" target=\"_blank\" rel=\"noopener\">Agence europ\u00e9enne de la s\u00e9curit\u00e9 a\u00e9rienne (AESA)<\/a>.<\/p><p>Cette formation en ligne vous permettra de rafra\u00eechir les comp\u00e9tences essentielles li\u00e9es aux Organismes de Maintenance Agr\u00e9\u00e9s (AMO) au titre de la<a href=\"https:\/\/www.easa.europa.eu\/en\/the-agency\/faqs\/part-145\" target=\"_blank\" rel=\"noopener\"> r\u00e9glementation EASA Part 145<\/a>, garantissant le respect continu des normes de s\u00e9curit\u00e9, de qualit\u00e9 et de conformit\u00e9 r\u00e9glementaire exig\u00e9es dans le secteur a\u00e9ronautique.<\/p><h2>Objectifs du cours<\/h2><p>L&#8217;objectif principal du cours est de mettre \u00e0 jour les connaissances sur la r\u00e9glementation EASA Part 145 et les aspects li\u00e9s au maintien de la navigabilit\u00e9 des a\u00e9ronefs et des produits, composants et \u00e9quipements a\u00e9ronautiques, y compris le syst\u00e8me de gestion de la s\u00e9curit\u00e9 (SMS).<\/p><h2>A qui s&#8217;adresse ce cours ?<\/h2><p>Ce cours r\u00e9current s&#8217;adresse \u00e0 :<\/p><ul><li>Personnel technique ayant d\u00e9j\u00e0 suivi le cours initial EASA Part 145.<\/li><li>Travailleurs des organismes de maintenance agr\u00e9\u00e9s (AMO).<\/li><li>Superviseurs, inspecteurs et responsables qualit\u00e9 ou ing\u00e9nierie.<\/li><li>Professionnels qui doivent se conformer \u00e0 l\u2019exigence de formation r\u00e9currente exig\u00e9e par l\u2019EASA.<\/li><\/ul><p>Gr\u00e2ce \u00e0 sa modalit\u00e9 100% en ligne, il s&#8217;adapte au rythme et \u00e0 la disponibilit\u00e9 de chaque participant, facilitant la formation continue sans interrompre l&#8217;activit\u00e9 de travail.<\/p><h2>Programme du cours r\u00e9current en ligne EASA Part 145 : Organismes de maintenance<\/h2><ul><li>Module 1 : Contexte historique et cadre r\u00e9glementaire international.<\/li><li>Module 2 : R\u00e8glement 1321\/2014 : Personnel de l&#8217;Organisation.<\/li><li>Module 3 : Outils, \u00e9quipements et mat\u00e9riel. Planification de la production et ex\u00e9cution de la maintenance. <\/li><li>Module 4 : Certification de maintenance d&#8217;a\u00e9ronefs (CRS) et \u00e9l\u00e9ments (FORM 1) et dossier de maintenance.<\/li><li>Module 5 : Exposition sur les organisations de maintenance (MOE) ; Syst\u00e8me de gestion des SMS.<\/li><\/ul>\t\t\t\t\t\t\t\t<\/div>\n\t\t\t\t<\/div>\n\t\t\t\t\t<\/div>\n\t\t\t\t<\/div>\n\t\t\t\t<\/div>\n\t\t","protected":false},"excerpt":{"rendered":"<p>Renforcez et mettez \u00e0 jour vos comp\u00e9tences en maintenance a\u00e9ronautique selon la r\u00e9glementation EASA Part 145 avec ce cours en ligne r\u00e9current.<\/p>\n<ul>\n<li>Langue: Anglais<\/li>\n<li>Dur\u00e9e: 4 heures<\/li>\n<li>Certification: valable 2 ans<\/li>\n<\/ul>\n","protected":false},"featured_media":4002,"template":"","meta":{"_acf_changed":false,"site-sidebar-layout":"default","site-content-layout":"","ast-site-content-layout":"default","site-content-style":"default","site-sidebar-style":"default","ast-global-header-display":"","ast-banner-title-visibility":"","ast-main-header-display":"","ast-hfb-above-header-display":"","ast-hfb-below-header-display":"","ast-hfb-mobile-header-display":"","site-post-title":"","ast-breadcrumbs-content":"","ast-featured-img":"","footer-sml-layout":"","ast-disable-related-posts":"","theme-transparent-header-meta":"default","adv-header-id-meta":"","stick-header-meta":"","header-above-stick-meta":"","header-main-stick-meta":"","header-below-stick-meta":"","astra-migrate-meta-layouts":"set","ast-page-background-enabled":"default","ast-page-background-meta":{"desktop":{"background-color":"var(--ast-global-color-5)","background-image":"","background-repeat":"repeat","background-position":"center center","background-size":"auto","background-attachment":"scroll","background-type":"","background-media":"","overlay-type":"","overlay-color":"","overlay-opacity":"","overlay-gradient":""},"tablet":{"background-color":"","background-image":"","background-repeat":"repeat","background-position":"center center","background-size":"auto","background-attachment":"scroll","background-type":"","background-media":"","overlay-type":"","overlay-color":"","overlay-opacity":"","overlay-gradient":""},"mobile":{"background-color":"","background-image":"","background-repeat":"repeat","background-position":"center center","background-size":"auto","background-attachment":"scroll","background-type":"","background-media":"","overlay-type":"","overlay-color":"","overlay-opacity":"","overlay-gradient":""}},"ast-content-background-meta":{"desktop":{"background-color":"var(--ast-global-color-4)","background-image":"","background-repeat":"repeat","background-position":"center center","background-size":"auto","background-attachment":"scroll","background-type":"","background-media":"","overlay-type":"","overlay-color":"","overlay-opacity":"","overlay-gradient":""},"tablet":{"background-color":"var(--ast-global-color-4)","background-image":"","background-repeat":"repeat","background-position":"center center","background-size":"auto","background-attachment":"scroll","background-type":"","background-media":"","overlay-type":"","overlay-color":"","overlay-opacity":"","overlay-gradient":""},"mobile":{"background-color":"var(--ast-global-color-4)","background-image":"","background-repeat":"repeat","background-position":"center center","background-size":"auto","background-attachment":"scroll","background-type":"","background-media":"","overlay-type":"","overlay-color":"","overlay-opacity":"","overlay-gradient":""}}},"product_brand":[],"product_cat":[155,153],"product_tag":[],"class_list":{"0":"post-4163","1":"product","2":"type-product","3":"status-publish","4":"has-post-thumbnail","6":"product_cat-english-fr","7":"product_cat-easapart-145-fr","8":"desktop-align-left","9":"tablet-align-left","10":"mobile-align-left","12":"first","13":"instock","14":"sale","15":"downloadable","16":"virtual","17":"taxable","18":"purchasable","19":"product-type-simple"},"acf":[],"yoast_head":"<!-- This site is optimized with the Yoast SEO plugin v27.4 - https:\/\/yoast.com\/product\/yoast-seo-wordpress\/ -->\n<title>EASA Part 145 Recurrent: Organismes de maintenance - Anglais<\/title>\n<meta name=\"description\" content=\"Mettez \u00e0 jour vos connaissances de la r\u00e9glementation EASA Part 145 en suivant le cours destin\u00e9 au personnel de maintenance a\u00e9ronautique.\" \/>\n<meta name=\"robots\" content=\"index, follow, max-snippet:-1, max-image-preview:large, max-video-preview:-1\" \/>\n<link rel=\"canonical\" href=\"http:\/\/segu-aero.com\/fr\/product\/ewis-electrical-wiring-interconnection-system-recurrent\/\" \/>\n<meta property=\"og:locale\" content=\"fr_FR\" \/>\n<meta property=\"og:type\" content=\"article\" \/>\n<meta property=\"og:title\" content=\"Cours en ligne EASA Part 145: Organismes de maintenance (r\u00e9current) - Anglais\" \/>\n<meta property=\"og:description\" content=\"Mettez \u00e0 jour vos connaissances de la r\u00e9glementation EASA Part 145 avec le cours r\u00e9current destin\u00e9 au personnel de maintenance a\u00e9ronautique.\" \/>\n<meta property=\"og:url\" content=\"http:\/\/segu-aero.com\/en\/product\/ewis-electrical-wiring-interconnection-system-recurrent\/\" \/>\n<meta property=\"og:site_name\" content=\"Segu-Aero\" \/>\n<meta property=\"article:modified_time\" content=\"2025-10-31T01:42:06+00:00\" \/>\n<meta property=\"og:image\" content=\"http:\/\/segu-aero.com\/wp-content\/uploads\/2025\/01\/parte145-recurrent-eng-1024x768.jpg\" \/>\n<meta name=\"twitter:card\" content=\"summary_large_image\" \/>\n<meta name=\"twitter:title\" content=\"Cours en ligne EASA Part 145: Organismes de maintenance (r\u00e9current) - Anglais\" \/>\n<meta name=\"twitter:description\" content=\"Mettez \u00e0 jour vos connaissances de la r\u00e9glementation EASA Part 145 avec le cours r\u00e9current destin\u00e9 au personnel de maintenance a\u00e9ronautique.\" \/>\n<meta name=\"twitter:image\" content=\"http:\/\/segu-aero.com\/wp-content\/uploads\/2025\/01\/parte145-recurrent-eng-1024x768.jpg\" \/>\n<meta name=\"twitter:label1\" content=\"Dur\u00e9e de lecture estim\u00e9e\" \/>\n\t<meta name=\"twitter:data1\" content=\"2 minutes\" \/>\n<!-- \/ Yoast SEO plugin. -->","yoast_head_json":{"title":"EASA Part 145 Recurrent: Organismes de maintenance - Anglais","description":"Mettez \u00e0 jour vos connaissances de la r\u00e9glementation EASA Part 145 en suivant le cours destin\u00e9 au personnel de maintenance a\u00e9ronautique.","robots":{"index":"index","follow":"follow","max-snippet":"max-snippet:-1","max-image-preview":"max-image-preview:large","max-video-preview":"max-video-preview:-1"},"canonical":"http:\/\/segu-aero.com\/fr\/product\/ewis-electrical-wiring-interconnection-system-recurrent\/","og_locale":"fr_FR","og_type":"article","og_title":"Cours en ligne EASA Part 145: Organismes de maintenance (r\u00e9current) - Anglais","og_description":"Mettez \u00e0 jour vos connaissances de la r\u00e9glementation EASA Part 145 avec le cours r\u00e9current destin\u00e9 au personnel de maintenance a\u00e9ronautique.","og_url":"http:\/\/segu-aero.com\/en\/product\/ewis-electrical-wiring-interconnection-system-recurrent\/","og_site_name":"Segu-Aero","article_modified_time":"2025-10-31T01:42:06+00:00","og_image":[{"url":"http:\/\/segu-aero.com\/wp-content\/uploads\/2025\/01\/parte145-recurrent-eng-1024x768.jpg","type":"","width":"","height":""}],"twitter_card":"summary_large_image","twitter_title":"Cours en ligne EASA Part 145: Organismes de maintenance (r\u00e9current) - Anglais","twitter_description":"Mettez \u00e0 jour vos connaissances de la r\u00e9glementation EASA Part 145 avec le cours r\u00e9current destin\u00e9 au personnel de maintenance a\u00e9ronautique.","twitter_image":"http:\/\/segu-aero.com\/wp-content\/uploads\/2025\/01\/parte145-recurrent-eng-1024x768.jpg","twitter_misc":{"Dur\u00e9e de lecture estim\u00e9e":"2 minutes"},"schema":{"@context":"https:\/\/schema.org","@graph":[{"@type":"WebPage","@id":"https:\/\/segu-aero.com\/fr\/produit\/easa-part-145-maintenance-organizations-recurrent\/","url":"http:\/\/segu-aero.com\/en\/product\/ewis-electrical-wiring-interconnection-system-recurrent\/","name":"EASA Part 145 Recurrent: Organismes de maintenance - Anglais","isPartOf":{"@id":"https:\/\/segu-aero.com\/fr\/#website"},"primaryImageOfPage":{"@id":"http:\/\/segu-aero.com\/en\/product\/ewis-electrical-wiring-interconnection-system-recurrent\/#primaryimage"},"image":{"@id":"http:\/\/segu-aero.com\/en\/product\/ewis-electrical-wiring-interconnection-system-recurrent\/#primaryimage"},"thumbnailUrl":"https:\/\/segu-aero.com\/wp-content\/uploads\/2025\/01\/parte145-recurrent-eng.jpg","datePublished":"2025-01-22T16:31:06+00:00","dateModified":"2025-10-31T01:42:06+00:00","description":"Mettez \u00e0 jour vos connaissances de la r\u00e9glementation EASA Part 145 en suivant le cours destin\u00e9 au personnel de maintenance a\u00e9ronautique.","breadcrumb":{"@id":"http:\/\/segu-aero.com\/en\/product\/ewis-electrical-wiring-interconnection-system-recurrent\/#breadcrumb"},"inLanguage":"fr-FR","potentialAction":[{"@type":"ReadAction","target":["http:\/\/segu-aero.com\/en\/product\/ewis-electrical-wiring-interconnection-system-recurrent\/"]}]},{"@type":"ImageObject","inLanguage":"fr-FR","@id":"http:\/\/segu-aero.com\/en\/product\/ewis-electrical-wiring-interconnection-system-recurrent\/#primaryimage","url":"https:\/\/segu-aero.com\/wp-content\/uploads\/2025\/01\/parte145-recurrent-eng.jpg","contentUrl":"https:\/\/segu-aero.com\/wp-content\/uploads\/2025\/01\/parte145-recurrent-eng.jpg","width":1984,"height":1488,"caption":"Cours en ligne r\u00e9current EASA Part 145: Organismes de maintenance Anglais"},{"@type":"BreadcrumbList","@id":"http:\/\/segu-aero.com\/en\/product\/ewis-electrical-wiring-interconnection-system-recurrent\/#breadcrumb","itemListElement":[{"@type":"ListItem","position":1,"name":"Portada","item":"https:\/\/segu-aero.com\/fr\/"},{"@type":"ListItem","position":2,"name":"Produits","item":"https:\/\/segu-aero.com\/fr\/shop\/"},{"@type":"ListItem","position":3,"name":"Cours en ligne EASA Part 145: Organismes de maintenance (r\u00e9current) &#8211; Anglais"}]},{"@type":"WebSite","@id":"https:\/\/segu-aero.com\/fr\/#website","url":"https:\/\/segu-aero.com\/fr\/","name":"Segu-Aero","description":"Especialistas en formaci\u00f3n y seguridad aeroportuaria","publisher":{"@id":"https:\/\/segu-aero.com\/fr\/#organization"},"potentialAction":[{"@type":"SearchAction","target":{"@type":"EntryPoint","urlTemplate":"https:\/\/segu-aero.com\/fr\/?s={search_term_string}"},"query-input":{"@type":"PropertyValueSpecification","valueRequired":true,"valueName":"search_term_string"}}],"inLanguage":"fr-FR"},{"@type":"Organization","@id":"https:\/\/segu-aero.com\/fr\/#organization","name":"Segu-Aero","url":"https:\/\/segu-aero.com\/fr\/","logo":{"@type":"ImageObject","inLanguage":"fr-FR","@id":"https:\/\/segu-aero.com\/fr\/#\/schema\/logo\/image\/","url":"https:\/\/segu-aero.com\/wp-content\/uploads\/2024\/10\/LOGO-SEG-AERO-2024.png","contentUrl":"https:\/\/segu-aero.com\/wp-content\/uploads\/2024\/10\/LOGO-SEG-AERO-2024.png","width":293,"height":128,"caption":"Segu-Aero"},"image":{"@id":"https:\/\/segu-aero.com\/fr\/#\/schema\/logo\/image\/"},"sameAs":["https:\/\/www.linkedin.com\/company\/formaero\/"]}]}},"_links":{"self":[{"href":"https:\/\/segu-aero.com\/fr\/wp-json\/wp\/v2\/product\/4163","targetHints":{"allow":["GET"]}}],"collection":[{"href":"https:\/\/segu-aero.com\/fr\/wp-json\/wp\/v2\/product"}],"about":[{"href":"https:\/\/segu-aero.com\/fr\/wp-json\/wp\/v2\/types\/product"}],"version-history":[{"count":7,"href":"https:\/\/segu-aero.com\/fr\/wp-json\/wp\/v2\/product\/4163\/revisions"}],"predecessor-version":[{"id":6138,"href":"https:\/\/segu-aero.com\/fr\/wp-json\/wp\/v2\/product\/4163\/revisions\/6138"}],"wp:featuredmedia":[{"embeddable":true,"href":"https:\/\/segu-aero.com\/fr\/wp-json\/wp\/v2\/media\/4002"}],"wp:attachment":[{"href":"https:\/\/segu-aero.com\/fr\/wp-json\/wp\/v2\/media?parent=4163"}],"wp:term":[{"taxonomy":"product_brand","embeddable":true,"href":"https:\/\/segu-aero.com\/fr\/wp-json\/wp\/v2\/product_brand?post=4163"},{"taxonomy":"product_cat","embeddable":true,"href":"https:\/\/segu-aero.com\/fr\/wp-json\/wp\/v2\/product_cat?post=4163"},{"taxonomy":"product_tag","embeddable":true,"href":"https:\/\/segu-aero.com\/fr\/wp-json\/wp\/v2\/product_tag?post=4163"}],"curies":[{"name":"wp","href":"https:\/\/api.w.org\/{rel}","templated":true}]}}