{"id":4159,"date":"2025-01-22T16:31:06","date_gmt":"2025-01-22T16:31:06","guid":{"rendered":"http:\/\/segu-aero.com\/product\/avsaf-peatones-avsaf-p\/"},"modified":"2025-10-30T17:07:19","modified_gmt":"2025-10-30T16:07:19","slug":"avsaf-peatones-avsaf-p","status":"publish","type":"product","link":"https:\/\/segu-aero.com\/fr\/produit\/avsaf-peatones-avsaf-p\/","title":{"rendered":"Cours en ligne AVSAF Pi\u00e9tons (AVSAF-P) avec certificat officiel de l&#8217;AESA &#8211; Espagnol"},"content":{"rendered":"\t\t<div data-elementor-type=\"product-post\" data-elementor-id=\"4159\" class=\"elementor elementor-4159 elementor-2298\" data-elementor-post-type=\"product\">\n\t\t\t\t<div class=\"elementor-element elementor-element-677c73e8 e-flex e-con-boxed e-con e-parent\" data-id=\"677c73e8\" data-element_type=\"container\" data-e-type=\"container\">\n\t\t\t\t\t<div class=\"e-con-inner\">\n\t\t\t\t<div class=\"elementor-element elementor-element-53928f24 elementor-widget elementor-widget-text-editor\" data-id=\"53928f24\" data-element_type=\"widget\" data-e-type=\"widget\" data-widget_type=\"text-editor.default\">\n\t\t\t\t<div class=\"elementor-widget-container\">\n\t\t\t\t\t\t\t\t\t<p>Le cours <strong>AVSAF Pi\u00e9tons <\/strong>est une formation exig\u00e9e par <a href=\"https:\/\/www.seguridadaerea.gob.es\/\" target=\"_blank\" rel=\"noopener\">l&#8217;Agence nationale de la s\u00e9curit\u00e9 a\u00e9rienne (AESA) <\/a>et est obligatoire pour obtenir une carte d&#8217;acc\u00e8s \u00e0 l&#8217;a\u00e9roport en tant que pi\u00e9ton.<\/p><p>Chez Segu-Aero, en tant qu&#8217;organisme de formation accr\u00e9dit\u00e9 (OFA), nous proposons ce cours 100% en ligne, avec un acc\u00e8s imm\u00e9diat et un certificat valable dans tous les a\u00e9roports espagnols.<\/p><h2>Objectifs<\/h2><p>La formation AVSAF-P permet d&#8217;acqu\u00e9rir les comp\u00e9tences minimales en mati\u00e8re de s\u00e9curit\u00e9 op\u00e9rationnelle pour l&#8217;acc\u00e8s non accompagn\u00e9 \u00e0 l&#8217;aire de mouvement a\u00e9roportuaire pour l&#8217;ex\u00e9cution de t\u00e2ches n&#8217;impliquant pas la manutention et la conduite de v\u00e9hicules et\/ou d&#8217;\u00e9quipements.<\/p><h2>A qui s&#8217;adresse-t-il?<\/h2><ul><li>Personnel a\u00e9roportuaire qui travaille ou va travailler dans la zone de mouvement, sans avoir besoin de conduire de v\u00e9hicules.<\/li><li>Personnel d&#8217;assistance au sol, de maintenance, de nettoyage, de t\u00e2ches logistiques ou op\u00e9rationnelles qui doit acc\u00e9der \u00e0 la zone de piste, \u00e0 la plateforme ou aux plateformes op\u00e9rationnelles sans surveillance.<\/li><li>Les personnes qui doivent renouveler ou acqu\u00e9rir le certificat AVSAF-P pour se conformer aux r\u00e8gles de s\u00e9curit\u00e9 a\u00e9roportuaire.<\/li><\/ul><h2>Agenda pi\u00e9tonnier AVSAF<\/h2><ul><li>Module 1: S\u00e9curit\u00e9 op\u00e9rationnelle.<\/li><li>Module 2: Configuration de l&#8217;a\u00e9roport<\/li><li>Module 3: Travailler dans un a\u00e9roport<\/li><li>Module 4: Proc\u00e9dures a\u00e9roportuaires<\/li><\/ul><p>Chaque module est con\u00e7u pour que l&#8217;\u00e9tudiant comprenne clairement les risques et sache <strong>comment agir en tant que pi\u00e9ton en toute s\u00e9curit\u00e9 dans la zone op\u00e9rationnelle<\/strong>.<\/p>\t\t\t\t\t\t\t\t<\/div>\n\t\t\t\t<\/div>\n\t\t\t\t\t<\/div>\n\t\t\t\t<\/div>\n\t\t\t\t<\/div>\n\t\t","protected":false},"excerpt":{"rendered":"<p>La formation AVSAF Pi\u00e9tons accr\u00e9dite les connaissances minimales n\u00e9cessaires en mati\u00e8re de s\u00e9curit\u00e9 op\u00e9rationnelle pour tout personnel devant acc\u00e9der non accompagn\u00e9 \u00e0 l&#8217;aire de mouvement de l&#8217;a\u00e9roport, pour autant qu&#8217;il ne s&#8217;agisse pas de conduite de v\u00e9hicules ou d&#8217;\u00e9quipements.<\/p>\n<ul>\n<li>Langue: Espagnol<\/li>\n<li>Dur\u00e9e: 4 heures<\/li>\n<li>Certification: valable 5 ans<\/li>\n<\/ul>\n","protected":false},"featured_media":4285,"template":"","meta":{"_acf_changed":false,"site-sidebar-layout":"default","site-content-layout":"","ast-site-content-layout":"default","site-content-style":"default","site-sidebar-style":"default","ast-global-header-display":"","ast-banner-title-visibility":"","ast-main-header-display":"","ast-hfb-above-header-display":"","ast-hfb-below-header-display":"","ast-hfb-mobile-header-display":"","site-post-title":"","ast-breadcrumbs-content":"","ast-featured-img":"","footer-sml-layout":"","ast-disable-related-posts":"","theme-transparent-header-meta":"default","adv-header-id-meta":"","stick-header-meta":"","header-above-stick-meta":"","header-main-stick-meta":"","header-below-stick-meta":"","astra-migrate-meta-layouts":"set","ast-page-background-enabled":"default","ast-page-background-meta":{"desktop":{"background-color":"var(--ast-global-color-5)","background-image":"","background-repeat":"repeat","background-position":"center center","background-size":"auto","background-attachment":"scroll","background-type":"","background-media":"","overlay-type":"","overlay-color":"","overlay-opacity":"","overlay-gradient":""},"tablet":{"background-color":"","background-image":"","background-repeat":"repeat","background-position":"center center","background-size":"auto","background-attachment":"scroll","background-type":"","background-media":"","overlay-type":"","overlay-color":"","overlay-opacity":"","overlay-gradient":""},"mobile":{"background-color":"","background-image":"","background-repeat":"repeat","background-position":"center center","background-size":"auto","background-attachment":"scroll","background-type":"","background-media":"","overlay-type":"","overlay-color":"","overlay-opacity":"","overlay-gradient":""}},"ast-content-background-meta":{"desktop":{"background-color":"var(--ast-global-color-4)","background-image":"","background-repeat":"repeat","background-position":"center center","background-size":"auto","background-attachment":"scroll","background-type":"","background-media":"","overlay-type":"","overlay-color":"","overlay-opacity":"","overlay-gradient":""},"tablet":{"background-color":"var(--ast-global-color-4)","background-image":"","background-repeat":"repeat","background-position":"center center","background-size":"auto","background-attachment":"scroll","background-type":"","background-media":"","overlay-type":"","overlay-color":"","overlay-opacity":"","overlay-gradient":""},"mobile":{"background-color":"var(--ast-global-color-4)","background-image":"","background-repeat":"repeat","background-position":"center center","background-size":"auto","background-attachment":"scroll","background-type":"","background-media":"","overlay-type":"","overlay-color":"","overlay-opacity":"","overlay-gradient":""}}},"product_brand":[],"product_cat":[149,145],"product_tag":[],"class_list":{"0":"post-4159","1":"product","2":"type-product","3":"status-publish","4":"has-post-thumbnail","6":"product_cat-avsaf-fr","7":"product_cat-espanol-fr","8":"desktop-align-left","9":"tablet-align-left","10":"mobile-align-left","12":"first","13":"instock","14":"sale","15":"featured","16":"downloadable","17":"virtual","18":"taxable","19":"purchasable","20":"product-type-simple"},"acf":[],"yoast_head":"<!-- This site is optimized with the Yoast SEO plugin v27.4 - https:\/\/yoast.com\/product\/yoast-seo-wordpress\/ -->\n<title>Cours en ligne AVSAF Pi\u00e9tons en espagnol | Certificat AESA<\/title>\n<meta name=\"description\" content=\"Obtenez votre certificat officiel de pi\u00e9ton AVSAF. Suivez d\u00e8s maintenant le cours AVSAF-P en espagnol. 100% en ligne, rapide et avec certificat officiel.\" \/>\n<meta name=\"robots\" content=\"index, follow, max-snippet:-1, max-image-preview:large, max-video-preview:-1\" \/>\n<link rel=\"canonical\" href=\"http:\/\/segu-aero.com\/fr\/producto\/avsaf-peatones-avsaf-p\/\" \/>\n<meta property=\"og:locale\" content=\"fr_FR\" \/>\n<meta property=\"og:type\" content=\"article\" \/>\n<meta property=\"og:title\" content=\"Cours en ligne AVSAF Pi\u00e9tons (AVSAF-P) | Certificat AESA | S\u00e9gu-A\u00e9ro\" \/>\n<meta property=\"og:description\" content=\"Suivez d\u00e8s maintenant la formation AVSAF Pi\u00e9tons : 100% en ligne, rapide et avec un certificat officiel. L&#039;AVSAF-P accr\u00e9dite les connaissances minimales n\u00e9cessaires en mati\u00e8re de s\u00e9curit\u00e9 op\u00e9rationnelle pour tout personnel devant acc\u00e9der non accompagn\u00e9 \u00e0 l&#039;aire de mouvement de l&#039;a\u00e9roport, pour autant qu&#039;il ne s&#039;agisse pas de conduite de v\u00e9hicules ou d&#039;\u00e9quipements.\" \/>\n<meta property=\"og:url\" content=\"http:\/\/segu-aero.com\/producto\/avsaf-peatones-avsaf-p\/\" \/>\n<meta property=\"og:site_name\" content=\"Segu-Aero\" \/>\n<meta property=\"article:modified_time\" content=\"2025-10-30T16:07:19+00:00\" \/>\n<meta property=\"og:image\" content=\"http:\/\/segu-aero.com\/wp-content\/uploads\/2025\/01\/peaton-esp-1024x768.jpg\" \/>\n<meta name=\"twitter:card\" content=\"summary_large_image\" \/>\n<meta name=\"twitter:title\" content=\"Cours en ligne AVSAF Pi\u00e9tons (AVSAF-P) | Certificat AESA | S\u00e9gu-A\u00e9ro\" \/>\n<meta name=\"twitter:description\" content=\"Suivez d\u00e8s maintenant la formation AVSAF Pi\u00e9tons : 100% en ligne, rapide et avec un certificat officiel. L&#039;AVSAF-P accr\u00e9dite les connaissances minimales n\u00e9cessaires en mati\u00e8re de s\u00e9curit\u00e9 op\u00e9rationnelle pour tout personnel devant acc\u00e9der non accompagn\u00e9 \u00e0 l&#039;aire de mouvement de l&#039;a\u00e9roport, pour autant qu&#039;il ne s&#039;agisse pas de conduite de v\u00e9hicules ou d&#039;\u00e9quipements.\" \/>\n<meta name=\"twitter:image\" content=\"http:\/\/segu-aero.com\/wp-content\/uploads\/2025\/01\/peaton-esp-1024x768.jpg\" \/>\n<meta name=\"twitter:label1\" content=\"Dur\u00e9e de lecture estim\u00e9e\" \/>\n\t<meta name=\"twitter:data1\" content=\"2 minutes\" \/>\n<!-- \/ Yoast SEO plugin. -->","yoast_head_json":{"title":"Cours en ligne AVSAF Pi\u00e9tons en espagnol | Certificat AESA","description":"Obtenez votre certificat officiel de pi\u00e9ton AVSAF. Suivez d\u00e8s maintenant le cours AVSAF-P en espagnol. 100% en ligne, rapide et avec certificat officiel.","robots":{"index":"index","follow":"follow","max-snippet":"max-snippet:-1","max-image-preview":"max-image-preview:large","max-video-preview":"max-video-preview:-1"},"canonical":"http:\/\/segu-aero.com\/fr\/producto\/avsaf-peatones-avsaf-p\/","og_locale":"fr_FR","og_type":"article","og_title":"Cours en ligne AVSAF Pi\u00e9tons (AVSAF-P) | Certificat AESA | S\u00e9gu-A\u00e9ro","og_description":"Suivez d\u00e8s maintenant la formation AVSAF Pi\u00e9tons : 100% en ligne, rapide et avec un certificat officiel. L'AVSAF-P accr\u00e9dite les connaissances minimales n\u00e9cessaires en mati\u00e8re de s\u00e9curit\u00e9 op\u00e9rationnelle pour tout personnel devant acc\u00e9der non accompagn\u00e9 \u00e0 l'aire de mouvement de l'a\u00e9roport, pour autant qu'il ne s'agisse pas de conduite de v\u00e9hicules ou d'\u00e9quipements.","og_url":"http:\/\/segu-aero.com\/producto\/avsaf-peatones-avsaf-p\/","og_site_name":"Segu-Aero","article_modified_time":"2025-10-30T16:07:19+00:00","og_image":[{"url":"http:\/\/segu-aero.com\/wp-content\/uploads\/2025\/01\/peaton-esp-1024x768.jpg","type":"","width":"","height":""}],"twitter_card":"summary_large_image","twitter_title":"Cours en ligne AVSAF Pi\u00e9tons (AVSAF-P) | Certificat AESA | S\u00e9gu-A\u00e9ro","twitter_description":"Suivez d\u00e8s maintenant la formation AVSAF Pi\u00e9tons : 100% en ligne, rapide et avec un certificat officiel. L'AVSAF-P accr\u00e9dite les connaissances minimales n\u00e9cessaires en mati\u00e8re de s\u00e9curit\u00e9 op\u00e9rationnelle pour tout personnel devant acc\u00e9der non accompagn\u00e9 \u00e0 l'aire de mouvement de l'a\u00e9roport, pour autant qu'il ne s'agisse pas de conduite de v\u00e9hicules ou d'\u00e9quipements.","twitter_image":"http:\/\/segu-aero.com\/wp-content\/uploads\/2025\/01\/peaton-esp-1024x768.jpg","twitter_misc":{"Dur\u00e9e de lecture estim\u00e9e":"2 minutes"},"schema":{"@context":"https:\/\/schema.org","@graph":[{"@type":"WebPage","@id":"https:\/\/segu-aero.com\/fr\/produit\/avsaf-peatones-avsaf-p\/","url":"http:\/\/segu-aero.com\/producto\/avsaf-peatones-avsaf-p\/","name":"Cours en ligne AVSAF Pi\u00e9tons en espagnol | Certificat AESA","isPartOf":{"@id":"https:\/\/segu-aero.com\/fr\/#website"},"primaryImageOfPage":{"@id":"http:\/\/segu-aero.com\/producto\/avsaf-peatones-avsaf-p\/#primaryimage"},"image":{"@id":"http:\/\/segu-aero.com\/producto\/avsaf-peatones-avsaf-p\/#primaryimage"},"thumbnailUrl":"https:\/\/segu-aero.com\/wp-content\/uploads\/2025\/01\/peaton-esp.jpg","datePublished":"2025-01-22T16:31:06+00:00","dateModified":"2025-10-30T16:07:19+00:00","description":"Obtenez votre certificat officiel de pi\u00e9ton AVSAF. Suivez d\u00e8s maintenant le cours AVSAF-P en espagnol. 100% en ligne, rapide et avec certificat officiel.","breadcrumb":{"@id":"http:\/\/segu-aero.com\/producto\/avsaf-peatones-avsaf-p\/#breadcrumb"},"inLanguage":"fr-FR","potentialAction":[{"@type":"ReadAction","target":["http:\/\/segu-aero.com\/producto\/avsaf-peatones-avsaf-p\/"]}]},{"@type":"ImageObject","inLanguage":"fr-FR","@id":"http:\/\/segu-aero.com\/producto\/avsaf-peatones-avsaf-p\/#primaryimage","url":"https:\/\/segu-aero.com\/wp-content\/uploads\/2025\/01\/peaton-esp.jpg","contentUrl":"https:\/\/segu-aero.com\/wp-content\/uploads\/2025\/01\/peaton-esp.jpg","width":1984,"height":1488,"caption":"AVSAF Pi\u00e9tons Travailleurs a\u00e9roportuaires AVSAF-P"},{"@type":"BreadcrumbList","@id":"http:\/\/segu-aero.com\/producto\/avsaf-peatones-avsaf-p\/#breadcrumb","itemListElement":[{"@type":"ListItem","position":1,"name":"Portada","item":"https:\/\/segu-aero.com\/fr\/"},{"@type":"ListItem","position":2,"name":"Produits","item":"https:\/\/segu-aero.com\/fr\/shop\/"},{"@type":"ListItem","position":3,"name":"Cours en ligne AVSAF Pi\u00e9tons (AVSAF-P) avec certificat officiel de l&#8217;AESA &#8211; Espagnol"}]},{"@type":"WebSite","@id":"https:\/\/segu-aero.com\/fr\/#website","url":"https:\/\/segu-aero.com\/fr\/","name":"Segu-Aero","description":"Especialistas en formaci\u00f3n y seguridad aeroportuaria","publisher":{"@id":"https:\/\/segu-aero.com\/fr\/#organization"},"potentialAction":[{"@type":"SearchAction","target":{"@type":"EntryPoint","urlTemplate":"https:\/\/segu-aero.com\/fr\/?s={search_term_string}"},"query-input":{"@type":"PropertyValueSpecification","valueRequired":true,"valueName":"search_term_string"}}],"inLanguage":"fr-FR"},{"@type":"Organization","@id":"https:\/\/segu-aero.com\/fr\/#organization","name":"Segu-Aero","url":"https:\/\/segu-aero.com\/fr\/","logo":{"@type":"ImageObject","inLanguage":"fr-FR","@id":"https:\/\/segu-aero.com\/fr\/#\/schema\/logo\/image\/","url":"https:\/\/segu-aero.com\/wp-content\/uploads\/2024\/10\/LOGO-SEG-AERO-2024.png","contentUrl":"https:\/\/segu-aero.com\/wp-content\/uploads\/2024\/10\/LOGO-SEG-AERO-2024.png","width":293,"height":128,"caption":"Segu-Aero"},"image":{"@id":"https:\/\/segu-aero.com\/fr\/#\/schema\/logo\/image\/"},"sameAs":["https:\/\/www.linkedin.com\/company\/formaero\/"]}]}},"_links":{"self":[{"href":"https:\/\/segu-aero.com\/fr\/wp-json\/wp\/v2\/product\/4159","targetHints":{"allow":["GET"]}}],"collection":[{"href":"https:\/\/segu-aero.com\/fr\/wp-json\/wp\/v2\/product"}],"about":[{"href":"https:\/\/segu-aero.com\/fr\/wp-json\/wp\/v2\/types\/product"}],"version-history":[{"count":14,"href":"https:\/\/segu-aero.com\/fr\/wp-json\/wp\/v2\/product\/4159\/revisions"}],"predecessor-version":[{"id":6009,"href":"https:\/\/segu-aero.com\/fr\/wp-json\/wp\/v2\/product\/4159\/revisions\/6009"}],"wp:featuredmedia":[{"embeddable":true,"href":"https:\/\/segu-aero.com\/fr\/wp-json\/wp\/v2\/media\/4285"}],"wp:attachment":[{"href":"https:\/\/segu-aero.com\/fr\/wp-json\/wp\/v2\/media?parent=4159"}],"wp:term":[{"taxonomy":"product_brand","embeddable":true,"href":"https:\/\/segu-aero.com\/fr\/wp-json\/wp\/v2\/product_brand?post=4159"},{"taxonomy":"product_cat","embeddable":true,"href":"https:\/\/segu-aero.com\/fr\/wp-json\/wp\/v2\/product_cat?post=4159"},{"taxonomy":"product_tag","embeddable":true,"href":"https:\/\/segu-aero.com\/fr\/wp-json\/wp\/v2\/product_tag?post=4159"}],"curies":[{"name":"wp","href":"https:\/\/api.w.org\/{rel}","templated":true}]}}