{"id":4143,"date":"2025-01-22T16:31:06","date_gmt":"2025-01-22T16:31:06","guid":{"rendered":"http:\/\/segu-aero.com\/product\/human-factors-recurrent\/"},"modified":"2025-10-31T03:06:32","modified_gmt":"2025-10-31T02:06:32","slug":"human-factors-recurrent","status":"publish","type":"product","link":"https:\/\/segu-aero.com\/fr\/produit\/human-factors-recurrent\/","title":{"rendered":"Cours en ligne sur les facteurs humains dans l&#8217;aviation (r\u00e9current) &#8211; Anglais"},"content":{"rendered":"\t\t<div data-elementor-type=\"product-post\" data-elementor-id=\"4143\" class=\"elementor elementor-4143 elementor-2301\" data-elementor-post-type=\"product\">\n\t\t\t\t<div class=\"elementor-element elementor-element-28cd17f6 e-flex e-con-boxed e-con e-parent\" data-id=\"28cd17f6\" data-element_type=\"container\" data-e-type=\"container\">\n\t\t\t\t\t<div class=\"e-con-inner\">\n\t\t\t\t<div class=\"elementor-element elementor-element-58213384 elementor-widget elementor-widget-text-editor\" data-id=\"58213384\" data-element_type=\"widget\" data-e-type=\"widget\" data-widget_type=\"text-editor.default\">\n\t\t\t\t<div class=\"elementor-widget-container\">\n\t\t\t\t\t\t\t\t\t<blockquote><p><strong>IMPORTANT : Ce cours est en anglais. Si vous le souhaitez, vous pouvez acheter le<a href=\"https:\/\/segu-aero.com\/fr\/producto\/curso-factores-humanos-en-mantenimiento-de-aeronaves-parte-145-recurrente\/\"> cours r\u00e9current sur les facteurs humains dans la maintenance des avions en espagnol<\/a>. <\/strong><\/p><\/blockquote><p>Le <strong>cours r\u00e9current sur les Facteurs Humains dans la Maintenance des A\u00e9ronefs (Partie 145) <\/strong>est destin\u00e9 \u00e0 maintenir \u00e0 jour les connaissances et comp\u00e9tences acquises en formation initiale, conform\u00e9ment aux dispositions du<a href=\"https:\/\/eur-lex.europa.eu\/legal-content\/ES\/TXT\/HTML\/?uri=CELEX:02014R1321-20240612#anx_II\" target=\"_blank\" rel=\"noopener\"> R\u00e8glement (UE) n\u00b0 1321\/2014, Annexe II (Partie 145).<\/a><\/p><p>Cette formation en ligne vise \u00e0 renforcer la compr\u00e9hension et l&#8217;application pratique des facteurs humains dans l&#8217;environnement de maintenance a\u00e9ronautique, en garantissant que le personnel continue de travailler conform\u00e9ment aux normes les plus \u00e9lev\u00e9es de s\u00e9curit\u00e9 op\u00e9rationnelle et de qualit\u00e9 technique.<\/p><p>De plus, il r\u00e9pond aux exigences de formation p\u00e9riodique obligatoire \u00e9tablies par l&#8217;<a href=\"https:\/\/www.easa.europa.eu\/en\" target=\"_blank\" rel=\"noopener\">Agence europ\u00e9enne de la s\u00e9curit\u00e9 a\u00e9rienne (AESA) <\/a>pour tout le personnel qui effectue, supervise ou certifie des t\u00e2ches de maintenance.<\/p><h2>Objectifs du cours<\/h2><p>L&#8217;objectif est de rafra\u00eechir et d&#8217;approfondir les connaissances sur les facteurs humains appliqu\u00e9s \u00e0 la maintenance des a\u00e9ronefs, en analysant les nouveaux d\u00e9fis, les erreurs courantes et les changements r\u00e9glementaires qui affectent les organismes de maintenance. Ainsi que l&#8217;interaction entre les personnes et les machines, les syst\u00e8mes, les proc\u00e9dures et l&#8217;environnement de travail qui les entoure, afin d&#8217;am\u00e9liorer la s\u00e9curit\u00e9 et l&#8217;efficacit\u00e9 dudit travail. <\/p><h2>A qui s&#8217;adresse-t-il?<\/h2><p>Cette formation s&#8217;adresse \u00e0 tous les professionnels de la maintenance a\u00e9ronautique ayant d\u00e9j\u00e0 r\u00e9ussi la<strong><a href=\"https:\/\/segu-aero.com\/fr\/producto\/curso-factores-humanos-en-mantenimiento-de-aeronaves-parte-145-inicial\/\" target=\"_blank\" rel=\"noopener\"> formation initiale<\/a><\/strong> et devant renouveler leur accr\u00e9ditation pour continuer \u00e0 exercer leurs fonctions au sein d&#8217;un Organisme de Maintenance Agr\u00e9\u00e9 (OMA).<\/p><p>Il est notamment destin\u00e9 \u00e0 :<\/p><ul><li>Techniciens de maintenance a\u00e9ronautique titulaires d&#8217;une licence EASA Part 145.<\/li><li>Superviseurs, responsables de maintenance, inspecteurs et responsables qualit\u00e9.<\/li><li>Ing\u00e9nieurs et personnel de planification en maintenance a\u00e9ronautique.<\/li><li>Personnel devant suivre une formation r\u00e9currente obligatoire selon la r\u00e9glementation europ\u00e9enne.<\/li><\/ul><p>Gr\u00e2ce \u00e0 sa modalit\u00e9 100% en ligne, le cours s&#8217;adapte aux disponibilit\u00e9s de chaque \u00e9tudiant, permettant d&#8217;actualiser la formation sans interf\u00e9rer avec la journ\u00e9e de travail.<\/p><h2>Pourquoi est-il important de suivre ce cours ?<\/h2><p>La maintenance a\u00e9ronautique est un environnement dans lequel l&#8217;exp\u00e9rience ne suffit pas sans une mise \u00e0 jour constante. Cette formation r\u00e9currente permet de renforcer la formation acquise et de garantir que le personnel technique maintient un haut niveau de comp\u00e9tence et de s\u00e9curit\u00e9. <\/p><p>Le prendre vous permettra :<\/p><ul><li>Se conformer \u00e0 la formation r\u00e9currente requise par l&#8217;EASA Part 145.<\/li><li>Maintenez \u00e0 jour vos connaissances en gestion des erreurs humaines et en s\u00e9curit\u00e9 op\u00e9rationnelle.<\/li><li>Renforcer la culture de s\u00e9curit\u00e9 et de responsabilit\u00e9 professionnelle.<\/li><li>Am\u00e9liorer la coordination et la communication au sein de l\u2019\u00e9quipe de maintenance.<\/li><li>Obtenez un certificat officiel valable aupr\u00e8s de <a href=\"https:\/\/www.seguridadaerea.gob.es\/\" target=\"_blank\" rel=\"noopener\">l&#8217;AESA<\/a> et des organismes de maintenance agr\u00e9\u00e9s.<\/li><\/ul><p>Le cours vous pr\u00e9pare \u00e0 relever avec succ\u00e8s les d\u00e9fis actuels de la maintenance a\u00e9ronautique, en minimisant les erreurs humaines et en garantissant l&#8217;excellence technique exig\u00e9e par l&#8217;industrie.<\/p><h2>Syllabus du cours r\u00e9current sur les Facteurs Humains en Maintenance A\u00e9ronautique (Partie 145)<\/h2><ul><li>Module 1 : Introduction aux facteurs humains.<\/li><li>Module 2 : Culture de s\u00e9curit\u00e9 \/ Facteurs organisationnels.<\/li><li>Module 3 : Erreur humaine.<\/li><li>Module 4 : Performance humaine et limites.<\/li><li>Module 5 : Environnement.<\/li><li>Module 6 : Proc\u00e9dures, informations, outils et pratiques.<\/li><li>Module 7 : Communication. <br>Module 8 : Travail d&#8217;\u00e9quipe.<\/li><li>Module 9 : Professionnalisme et int\u00e9grit\u00e9.<\/li><li>Module 10 : Programme des facteurs humains de l&#8217;organisation.<\/li><\/ul>\t\t\t\t\t\t\t\t<\/div>\n\t\t\t\t<\/div>\n\t\t\t\t\t<\/div>\n\t\t\t\t<\/div>\n\t\t\t\t<\/div>\n\t\t","protected":false},"excerpt":{"rendered":"<div class=\"elementor-element elementor-element-53f4981 elementor-widget elementor-widget-woocommerce-product-short-description\" data-id=\"53f4981\" data-element_type=\"widget\" data-widget_type=\"woocommerce-product-short-description.default\">\n<div class=\"elementor-widget-container\">\n<div class=\"woocommerce-product-details__short-description\">\n<p>Ce cours r\u00e9current est obligatoire et sert \u00e0 renforcer la compr\u00e9hension et l&#8217;application pratique des facteurs humains dans le milieu de la maintenance a\u00e9ronautique.<\/p>\n<ul>\n<li>Langue: Anglais<\/li>\n<li>Dur\u00e9e: 4 heures<\/li>\n<li>Certification: valable 2 ans<\/li>\n<\/ul>\n<p data-start=\"1634\" data-end=\"1927\">\n<\/div>\n<\/div>\n<\/div>\n<div class=\"elementor-element elementor-element-093f01a elementor-add-to-cart--layout-auto elementor-widget elementor-widget-wc-add-to-cart\" data-id=\"093f01a\" data-element_type=\"widget\" data-widget_type=\"wc-add-to-cart.default\">\n<div class=\"elementor-widget-container\">\n<form class=\"cart\" action=\"http:\/\/segu-aero.com\/producto\/human-factors-initial\/\" enctype=\"multipart\/form-data\" method=\"post\">\n<div class=\"e-atc-qty-button-holder\">\n<div class=\"quantity\"><\/div>\n<\/div>\n<\/form>\n<\/div>\n<\/div>\n","protected":false},"featured_media":3951,"template":"","meta":{"_acf_changed":false,"site-sidebar-layout":"default","site-content-layout":"","ast-site-content-layout":"default","site-content-style":"default","site-sidebar-style":"default","ast-global-header-display":"","ast-banner-title-visibility":"","ast-main-header-display":"","ast-hfb-above-header-display":"","ast-hfb-below-header-display":"","ast-hfb-mobile-header-display":"","site-post-title":"","ast-breadcrumbs-content":"","ast-featured-img":"","footer-sml-layout":"","ast-disable-related-posts":"","theme-transparent-header-meta":"default","adv-header-id-meta":"","stick-header-meta":"","header-above-stick-meta":"","header-main-stick-meta":"","header-below-stick-meta":"","astra-migrate-meta-layouts":"set","ast-page-background-enabled":"default","ast-page-background-meta":{"desktop":{"background-color":"var(--ast-global-color-5)","background-image":"","background-repeat":"repeat","background-position":"center center","background-size":"auto","background-attachment":"scroll","background-type":"","background-media":"","overlay-type":"","overlay-color":"","overlay-opacity":"","overlay-gradient":""},"tablet":{"background-color":"","background-image":"","background-repeat":"repeat","background-position":"center center","background-size":"auto","background-attachment":"scroll","background-type":"","background-media":"","overlay-type":"","overlay-color":"","overlay-opacity":"","overlay-gradient":""},"mobile":{"background-color":"","background-image":"","background-repeat":"repeat","background-position":"center center","background-size":"auto","background-attachment":"scroll","background-type":"","background-media":"","overlay-type":"","overlay-color":"","overlay-opacity":"","overlay-gradient":""}},"ast-content-background-meta":{"desktop":{"background-color":"var(--ast-global-color-4)","background-image":"","background-repeat":"repeat","background-position":"center center","background-size":"auto","background-attachment":"scroll","background-type":"","background-media":"","overlay-type":"","overlay-color":"","overlay-opacity":"","overlay-gradient":""},"tablet":{"background-color":"var(--ast-global-color-4)","background-image":"","background-repeat":"repeat","background-position":"center center","background-size":"auto","background-attachment":"scroll","background-type":"","background-media":"","overlay-type":"","overlay-color":"","overlay-opacity":"","overlay-gradient":""},"mobile":{"background-color":"var(--ast-global-color-4)","background-image":"","background-repeat":"repeat","background-position":"center center","background-size":"auto","background-attachment":"scroll","background-type":"","background-media":"","overlay-type":"","overlay-color":"","overlay-opacity":"","overlay-gradient":""}}},"product_brand":[],"product_cat":[155,153],"product_tag":[],"class_list":{"0":"post-4143","1":"product","2":"type-product","3":"status-publish","4":"has-post-thumbnail","6":"product_cat-english-fr","7":"product_cat-easapart-145-fr","8":"desktop-align-left","9":"tablet-align-left","10":"mobile-align-left","12":"first","13":"instock","14":"sale","15":"downloadable","16":"virtual","17":"taxable","18":"purchasable","19":"product-type-simple"},"acf":[],"yoast_head":"<!-- This site is optimized with the Yoast SEO plugin v27.4 - https:\/\/yoast.com\/product\/yoast-seo-wordpress\/ -->\n<title>Cours sur les facteurs humains dans l&#039;aviation (r\u00e9current) - Anglais<\/title>\n<meta name=\"description\" content=\"Am\u00e9liorer la s\u00e9curit\u00e9 op\u00e9rationnelle en comprenant le comportement humain avec les facteurs humains dans le cours de l&#039;aviation.\" \/>\n<meta name=\"robots\" content=\"index, follow, max-snippet:-1, max-image-preview:large, max-video-preview:-1\" \/>\n<link rel=\"canonical\" href=\"http:\/\/segu-aero.com\/fr\/product\/human-factors-recurrent\/\" \/>\n<meta property=\"og:locale\" content=\"fr_FR\" \/>\n<meta property=\"og:type\" content=\"article\" \/>\n<meta property=\"og:title\" content=\"Cours en ligne sur les facteurs humains dans l&#039;aviation (r\u00e9current) - Anglais\" \/>\n<meta property=\"og:description\" content=\"Am\u00e9liorer la s\u00e9curit\u00e9 op\u00e9rationnelle en comprenant le comportement humain avec les facteurs humains dans le cours de l&#039;aviation.\" \/>\n<meta property=\"og:url\" content=\"http:\/\/segu-aero.com\/en\/product\/human-factors-recurrent\/\" \/>\n<meta property=\"og:site_name\" content=\"Segu-Aero\" \/>\n<meta property=\"article:modified_time\" content=\"2025-10-31T02:06:32+00:00\" \/>\n<meta property=\"og:image\" content=\"http:\/\/segu-aero.com\/wp-content\/uploads\/2025\/01\/ffhh-recurrent-eng-1024x768.jpg\" \/>\n<meta name=\"twitter:card\" content=\"summary_large_image\" \/>\n<meta name=\"twitter:title\" content=\"Cours en ligne sur les facteurs humains dans l&#039;aviation (r\u00e9current) - Anglais\" \/>\n<meta name=\"twitter:description\" content=\"Am\u00e9liorer la s\u00e9curit\u00e9 op\u00e9rationnelle en comprenant le comportement humain avec les facteurs humains dans le cours de l&#039;aviation.\" \/>\n<meta name=\"twitter:image\" content=\"http:\/\/segu-aero.com\/wp-content\/uploads\/2025\/01\/ffhh-recurrent-eng-1024x768.jpg\" \/>\n<meta name=\"twitter:label1\" content=\"Dur\u00e9e de lecture estim\u00e9e\" \/>\n\t<meta name=\"twitter:data1\" content=\"3 minutes\" \/>\n<!-- \/ Yoast SEO plugin. -->","yoast_head_json":{"title":"Cours sur les facteurs humains dans l'aviation (r\u00e9current) - Anglais","description":"Am\u00e9liorer la s\u00e9curit\u00e9 op\u00e9rationnelle en comprenant le comportement humain avec les facteurs humains dans le cours de l'aviation.","robots":{"index":"index","follow":"follow","max-snippet":"max-snippet:-1","max-image-preview":"max-image-preview:large","max-video-preview":"max-video-preview:-1"},"canonical":"http:\/\/segu-aero.com\/fr\/product\/human-factors-recurrent\/","og_locale":"fr_FR","og_type":"article","og_title":"Cours en ligne sur les facteurs humains dans l'aviation (r\u00e9current) - Anglais","og_description":"Am\u00e9liorer la s\u00e9curit\u00e9 op\u00e9rationnelle en comprenant le comportement humain avec les facteurs humains dans le cours de l'aviation.","og_url":"http:\/\/segu-aero.com\/en\/product\/human-factors-recurrent\/","og_site_name":"Segu-Aero","article_modified_time":"2025-10-31T02:06:32+00:00","og_image":[{"url":"http:\/\/segu-aero.com\/wp-content\/uploads\/2025\/01\/ffhh-recurrent-eng-1024x768.jpg","type":"","width":"","height":""}],"twitter_card":"summary_large_image","twitter_title":"Cours en ligne sur les facteurs humains dans l'aviation (r\u00e9current) - Anglais","twitter_description":"Am\u00e9liorer la s\u00e9curit\u00e9 op\u00e9rationnelle en comprenant le comportement humain avec les facteurs humains dans le cours de l'aviation.","twitter_image":"http:\/\/segu-aero.com\/wp-content\/uploads\/2025\/01\/ffhh-recurrent-eng-1024x768.jpg","twitter_misc":{"Dur\u00e9e de lecture estim\u00e9e":"3 minutes"},"schema":{"@context":"https:\/\/schema.org","@graph":[{"@type":"WebPage","@id":"https:\/\/segu-aero.com\/fr\/produit\/human-factors-recurrent\/","url":"http:\/\/segu-aero.com\/en\/product\/human-factors-recurrent\/","name":"Cours sur les facteurs humains dans l'aviation (r\u00e9current) - Anglais","isPartOf":{"@id":"https:\/\/segu-aero.com\/fr\/#website"},"primaryImageOfPage":{"@id":"http:\/\/segu-aero.com\/en\/product\/human-factors-recurrent\/#primaryimage"},"image":{"@id":"http:\/\/segu-aero.com\/en\/product\/human-factors-recurrent\/#primaryimage"},"thumbnailUrl":"https:\/\/segu-aero.com\/wp-content\/uploads\/2025\/01\/ffhh-recurrent-eng.jpg","datePublished":"2025-01-22T16:31:06+00:00","dateModified":"2025-10-31T02:06:32+00:00","description":"Am\u00e9liorer la s\u00e9curit\u00e9 op\u00e9rationnelle en comprenant le comportement humain avec les facteurs humains dans le cours de l'aviation.","breadcrumb":{"@id":"http:\/\/segu-aero.com\/en\/product\/human-factors-recurrent\/#breadcrumb"},"inLanguage":"fr-FR","potentialAction":[{"@type":"ReadAction","target":["http:\/\/segu-aero.com\/en\/product\/human-factors-recurrent\/"]}]},{"@type":"ImageObject","inLanguage":"fr-FR","@id":"http:\/\/segu-aero.com\/en\/product\/human-factors-recurrent\/#primaryimage","url":"https:\/\/segu-aero.com\/wp-content\/uploads\/2025\/01\/ffhh-recurrent-eng.jpg","contentUrl":"https:\/\/segu-aero.com\/wp-content\/uploads\/2025\/01\/ffhh-recurrent-eng.jpg","width":1984,"height":1488,"caption":"Online course on human factors in aviation (Recurrent) - English"},{"@type":"BreadcrumbList","@id":"http:\/\/segu-aero.com\/en\/product\/human-factors-recurrent\/#breadcrumb","itemListElement":[{"@type":"ListItem","position":1,"name":"Portada","item":"https:\/\/segu-aero.com\/fr\/"},{"@type":"ListItem","position":2,"name":"Produits","item":"https:\/\/segu-aero.com\/fr\/shop\/"},{"@type":"ListItem","position":3,"name":"Cours en ligne sur les facteurs humains dans l&#8217;aviation (r\u00e9current) &#8211; Anglais"}]},{"@type":"WebSite","@id":"https:\/\/segu-aero.com\/fr\/#website","url":"https:\/\/segu-aero.com\/fr\/","name":"Segu-Aero","description":"Especialistas en formaci\u00f3n y seguridad aeroportuaria","publisher":{"@id":"https:\/\/segu-aero.com\/fr\/#organization"},"potentialAction":[{"@type":"SearchAction","target":{"@type":"EntryPoint","urlTemplate":"https:\/\/segu-aero.com\/fr\/?s={search_term_string}"},"query-input":{"@type":"PropertyValueSpecification","valueRequired":true,"valueName":"search_term_string"}}],"inLanguage":"fr-FR"},{"@type":"Organization","@id":"https:\/\/segu-aero.com\/fr\/#organization","name":"Segu-Aero","url":"https:\/\/segu-aero.com\/fr\/","logo":{"@type":"ImageObject","inLanguage":"fr-FR","@id":"https:\/\/segu-aero.com\/fr\/#\/schema\/logo\/image\/","url":"https:\/\/segu-aero.com\/wp-content\/uploads\/2024\/10\/LOGO-SEG-AERO-2024.png","contentUrl":"https:\/\/segu-aero.com\/wp-content\/uploads\/2024\/10\/LOGO-SEG-AERO-2024.png","width":293,"height":128,"caption":"Segu-Aero"},"image":{"@id":"https:\/\/segu-aero.com\/fr\/#\/schema\/logo\/image\/"},"sameAs":["https:\/\/www.linkedin.com\/company\/formaero\/"]}]}},"_links":{"self":[{"href":"https:\/\/segu-aero.com\/fr\/wp-json\/wp\/v2\/product\/4143","targetHints":{"allow":["GET"]}}],"collection":[{"href":"https:\/\/segu-aero.com\/fr\/wp-json\/wp\/v2\/product"}],"about":[{"href":"https:\/\/segu-aero.com\/fr\/wp-json\/wp\/v2\/types\/product"}],"version-history":[{"count":9,"href":"https:\/\/segu-aero.com\/fr\/wp-json\/wp\/v2\/product\/4143\/revisions"}],"predecessor-version":[{"id":6155,"href":"https:\/\/segu-aero.com\/fr\/wp-json\/wp\/v2\/product\/4143\/revisions\/6155"}],"wp:featuredmedia":[{"embeddable":true,"href":"https:\/\/segu-aero.com\/fr\/wp-json\/wp\/v2\/media\/3951"}],"wp:attachment":[{"href":"https:\/\/segu-aero.com\/fr\/wp-json\/wp\/v2\/media?parent=4143"}],"wp:term":[{"taxonomy":"product_brand","embeddable":true,"href":"https:\/\/segu-aero.com\/fr\/wp-json\/wp\/v2\/product_brand?post=4143"},{"taxonomy":"product_cat","embeddable":true,"href":"https:\/\/segu-aero.com\/fr\/wp-json\/wp\/v2\/product_cat?post=4143"},{"taxonomy":"product_tag","embeddable":true,"href":"https:\/\/segu-aero.com\/fr\/wp-json\/wp\/v2\/product_tag?post=4143"}],"curies":[{"name":"wp","href":"https:\/\/api.w.org\/{rel}","templated":true}]}}