{"id":4136,"date":"2025-01-22T16:31:07","date_gmt":"2025-01-22T16:31:07","guid":{"rendered":"http:\/\/segu-aero.com\/product\/sistema-de-gestion-de-la-seguridad-operacional-sms-incluido-factores-humanos-ffhh-en-mantenimiento-de-aeronaves-recurrente\/"},"modified":"2025-10-30T23:50:37","modified_gmt":"2025-10-30T22:50:37","slug":"sistema-de-gestion-de-la-seguridad-operacional-sms-incluido-factores-humanos-ffhh-en-mantenimiento-de-aeronaves-recurrente","status":"publish","type":"product","link":"https:\/\/segu-aero.com\/fr\/produit\/sistema-de-gestion-de-la-seguridad-operacional-sms-incluido-factores-humanos-ffhh-en-mantenimiento-de-aeronaves-recurrente\/","title":{"rendered":"Cours en ligne sur le syst\u00e8me de gestion de la s\u00e9curit\u00e9 (SMS) incluant les facteurs humains (FFHH) dans la maintenance des a\u00e9ronefs (r\u00e9current) &#8211; Espagnol"},"content":{"rendered":"\t\t<div data-elementor-type=\"product-post\" data-elementor-id=\"4136\" class=\"elementor elementor-4136 elementor-2302\" data-elementor-post-type=\"product\">\n\t\t\t\t<div class=\"elementor-element elementor-element-48703c03 e-flex e-con-boxed e-con e-parent\" data-id=\"48703c03\" data-element_type=\"container\" data-e-type=\"container\">\n\t\t\t\t\t<div class=\"e-con-inner\">\n\t\t\t\t<div class=\"elementor-element elementor-element-3271b59e elementor-widget elementor-widget-text-editor\" data-id=\"3271b59e\" data-element_type=\"widget\" data-e-type=\"widget\" data-widget_type=\"text-editor.default\">\n\t\t\t\t<div class=\"elementor-widget-container\">\n\t\t\t\t\t\t\t\t\t<p>Le <strong>cours r\u00e9current Syst\u00e8me de Gestion de la S\u00e9curit\u00e9 Op\u00e9rationnelle (SMS) avec Facteurs Humains (FFHH) <\/strong>pour la maintenance des a\u00e9ronefs s&#8217;adresse aux professionnels ayant d\u00e9j\u00e0 suivi le <a href=\"https:\/\/segu-aero.com\/fr\/producto\/sistema-de-gestion-de-la-seguridad-operacional-sms-incluido-factores-humanos-ffhh-en-mantenimiento-de-aeronaves-inicial\/\" target=\"_blank\" rel=\"noopener\">cours initial SMS + Facteurs Humains<\/a> ou ayant une exp\u00e9rience pr\u00e9alable en maintenance a\u00e9ronautique sous SMS.<\/p><p>Contrairement au cours initial qui introduit ces notions de toutes pi\u00e8ces, ce cours r\u00e9current se concentre sur la mise \u00e0 jour et la r\u00e9flexion sur les erreurs r\u00e9elles, l&#8217;adaptation r\u00e9glementaire et les am\u00e9liorations concr\u00e8tes des proc\u00e9dures de maintenance.<\/p><h2>Objectifs du cours<\/h2><p>Son objectif est de renforcer, mettre \u00e0 jour et appliquer des am\u00e9liorations continues des facteurs humains au sein du syst\u00e8me SMS, en int\u00e9grant les nouvelles le\u00e7ons apprises du secteur, les anomalies r\u00e9centes, les meilleures pratiques et en promouvant une culture de s\u00e9curit\u00e9 active.<\/p><ul><li>Introduire les exigences organisationnelles pour la mise en \u0153uvre efficace des syst\u00e8mes de gestion de la s\u00e9curit\u00e9 (SMS).<\/li><li>Interpr\u00e9ter correctement les exigences \u00e9tablies par la r\u00e9glementation en vigueur.<\/li><li>Comprendre les processus associ\u00e9s \u00e0 la gestion des risques et \u00e0 la garantie de s\u00e9curit\u00e9.<\/li><li>Comprendre l&#8217;importance des facteurs humains et approfondir les capacit\u00e9s et les comportements humains, ainsi que l&#8217;interaction entre les personnes et les machines, les syst\u00e8mes, les proc\u00e9dures et l&#8217;environnement de travail qui les entoure, afin d&#8217;am\u00e9liorer la s\u00e9curit\u00e9 et l&#8217;efficacit\u00e9 dudit travail.<\/li><\/ul><h2>A qui s&#8217;adresse ce cours ?<\/h2><ul><li>Techniciens de maintenance a\u00e9ronautique ayant d\u00e9j\u00e0 suivi la formation initiale et souhaitant maintenir leur formation \u00e0 jour.<\/li><li>Des superviseurs, responsables maintenance ou qualit\u00e9 qui animent des \u00e9quipes techniques et souhaitent mettre \u00e0 jour les pratiques.<\/li><li>Responsables op\u00e9rationnels de la s\u00e9curit\u00e9, auditeurs internes, personnels de formation qui utilisent FFHH en SMS dans le cadre du syst\u00e8me de s\u00e9curit\u00e9 continue.<\/li><li>Organismes de maintenance (Part-145, CAMO, ateliers) cherchant \u00e0 d\u00e9montrer le respect des normes et \u00e0 rester \u00e0 jour sur les meilleures pratiques humaines.<\/li><\/ul><h2>Pourquoi avez-vous besoin de ce cours r\u00e9current ?<\/h2><ul><li>\u00c9vitez l\u2019obsolescence des connaissances : les facteurs humains, les outils et les normes continuent d\u2019\u00e9voluer.<\/li><li>Vous pouvez tirer les le\u00e7ons des incidents r\u00e9cents en maintenance a\u00e9ronautique et vous adapter aux \u00e9volutions r\u00e9glementaires ou du march\u00e9.<\/li><li>Il permet \u00e0 votre organisation de maintenir plus facilement des normes de s\u00e9curit\u00e9 op\u00e9rationnelle \u00e9lev\u00e9es et de se conformer \u00e0 des audits plus exigeants.<\/li><li>Favorise une culture d\u2019am\u00e9lioration continue, de reporting et de pr\u00e9vention des erreurs humaines avant qu\u2019elles ne se transforment en \u00e9checs critiques.<\/li><\/ul><h2>Syllabus du cours r\u00e9current Syst\u00e8me de gestion de la s\u00e9curit\u00e9 op\u00e9rationnelle (SMS) avec facteurs humains (FFHH) pour la maintenance des a\u00e9ronefs<\/h2><ul><li>Module 1 : Syst\u00e8me de gestion de la s\u00e9curit\u00e9 op\u00e9rationnelle (SMS).<\/li><li>Module 2 : Introduction aux facteurs humains et \u00e0 la s\u00e9curit\u00e9 op\u00e9rationnelle.<\/li><li>Module 3 : Culture de s\u00e9curit\u00e9 \/ Facteurs organisationnels.<\/li><li>Module 4 : Erreur humaine.<\/li><li>Module 5 : Performance humaine et limites<\/li><li>Module 6 : Environnement.<\/li><li>Module 7 : Proc\u00e9dures, informations, outils et pratiques.<\/li><li>Module 8 : Communication.<\/li><li>Module 9 : Travail d&#8217;\u00e9quipe.<\/li><li>Module 10 : Professionnalisme et int\u00e9grit\u00e9.<\/li><li>Module 11 : Programme des facteurs humains de l&#8217;organisation.<\/li><\/ul>\t\t\t\t\t\t\t\t<\/div>\n\t\t\t\t<\/div>\n\t\t\t\t\t<\/div>\n\t\t\t\t<\/div>\n\t\t\t\t<\/div>\n\t\t","protected":false},"excerpt":{"rendered":"<p>Cette formation r\u00e9currente met \u00e0 jour vos comp\u00e9tences issues de la formation Syst\u00e8me de Management de la S\u00e9curit\u00e9 (SMS) avec une formation sp\u00e9cifique aux Facteurs Humains (FFHH) appliqu\u00e9s au milieu de la maintenance a\u00e9ronautique.<\/p>\n<ul>\n<li>Langue: Espagnol<\/li>\n<li>Dur\u00e9e: 4 heures<\/li>\n<li>Certification: valable 2 ans<\/li>\n<\/ul>\n","protected":false},"featured_media":3990,"template":"","meta":{"_acf_changed":false,"site-sidebar-layout":"default","site-content-layout":"","ast-site-content-layout":"default","site-content-style":"default","site-sidebar-style":"default","ast-global-header-display":"","ast-banner-title-visibility":"","ast-main-header-display":"","ast-hfb-above-header-display":"","ast-hfb-below-header-display":"","ast-hfb-mobile-header-display":"","site-post-title":"","ast-breadcrumbs-content":"","ast-featured-img":"","footer-sml-layout":"","ast-disable-related-posts":"","theme-transparent-header-meta":"default","adv-header-id-meta":"","stick-header-meta":"","header-above-stick-meta":"","header-main-stick-meta":"","header-below-stick-meta":"","astra-migrate-meta-layouts":"set","ast-page-background-enabled":"default","ast-page-background-meta":{"desktop":{"background-color":"var(--ast-global-color-5)","background-image":"","background-repeat":"repeat","background-position":"center center","background-size":"auto","background-attachment":"scroll","background-type":"","background-media":"","overlay-type":"","overlay-color":"","overlay-opacity":"","overlay-gradient":""},"tablet":{"background-color":"","background-image":"","background-repeat":"repeat","background-position":"center center","background-size":"auto","background-attachment":"scroll","background-type":"","background-media":"","overlay-type":"","overlay-color":"","overlay-opacity":"","overlay-gradient":""},"mobile":{"background-color":"","background-image":"","background-repeat":"repeat","background-position":"center center","background-size":"auto","background-attachment":"scroll","background-type":"","background-media":"","overlay-type":"","overlay-color":"","overlay-opacity":"","overlay-gradient":""}},"ast-content-background-meta":{"desktop":{"background-color":"var(--ast-global-color-4)","background-image":"","background-repeat":"repeat","background-position":"center center","background-size":"auto","background-attachment":"scroll","background-type":"","background-media":"","overlay-type":"","overlay-color":"","overlay-opacity":"","overlay-gradient":""},"tablet":{"background-color":"var(--ast-global-color-4)","background-image":"","background-repeat":"repeat","background-position":"center center","background-size":"auto","background-attachment":"scroll","background-type":"","background-media":"","overlay-type":"","overlay-color":"","overlay-opacity":"","overlay-gradient":""},"mobile":{"background-color":"var(--ast-global-color-4)","background-image":"","background-repeat":"repeat","background-position":"center center","background-size":"auto","background-attachment":"scroll","background-type":"","background-media":"","overlay-type":"","overlay-color":"","overlay-opacity":"","overlay-gradient":""}}},"product_brand":[],"product_cat":[145,153],"product_tag":[],"class_list":{"0":"post-4136","1":"product","2":"type-product","3":"status-publish","4":"has-post-thumbnail","6":"product_cat-espanol-fr","7":"product_cat-easapart-145-fr","8":"desktop-align-left","9":"tablet-align-left","10":"mobile-align-left","12":"first","13":"instock","14":"sale","15":"downloadable","16":"virtual","17":"taxable","18":"purchasable","19":"product-type-simple"},"acf":[],"yoast_head":"<!-- This site is optimized with the Yoast SEO plugin v27.4 - https:\/\/yoast.com\/product\/yoast-seo-wordpress\/ -->\n<title>Cours recurrent: Gestion de s\u00e9curit\u00e9 op\u00e9rationnelle + facteur humain<\/title>\n<meta name=\"description\" content=\"Renouvelez votre certification en gestion de la s\u00e9curit\u00e9 op\u00e9rationnelle aupr\u00e8s des personnes en maintenance a\u00e9ronautique. En espagnol.\" \/>\n<meta name=\"robots\" content=\"index, follow, max-snippet:-1, max-image-preview:large, max-video-preview:-1\" \/>\n<link rel=\"canonical\" href=\"http:\/\/segu-aero.com\/fr\/producto\/sistema-de-gestion-de-la-seguridad-operacional-sms-incluido-factores-humanos-ffhh-en-mantenimiento-de-aeronaves-recurrente\/\" \/>\n<meta property=\"og:locale\" content=\"fr_FR\" \/>\n<meta property=\"og:type\" content=\"article\" \/>\n<meta property=\"og:title\" content=\"Cours en ligne en gestion de la s\u00e9curit\u00e9 op\u00e9rationnelle (SMS) + facteurs humains (FFHH) en maintenance a\u00e9ronautique - R\u00e9current\" \/>\n<meta property=\"og:description\" content=\"Mettez \u00e0 jour vos connaissances et renouvelez votre certificat avec le cours de gestion de la s\u00e9curit\u00e9 op\u00e9rationnelle avec facteur humain en maintenance a\u00e9ronautique.\" \/>\n<meta property=\"og:url\" content=\"http:\/\/segu-aero.com\/producto\/sistema-de-gestion-de-la-seguridad-operacional-sms-incluido-factores-humanos-ffhh-en-mantenimiento-de-aeronaves-recurrente\/\" \/>\n<meta property=\"og:site_name\" content=\"Segu-Aero\" \/>\n<meta property=\"article:modified_time\" content=\"2025-10-30T22:50:37+00:00\" \/>\n<meta property=\"og:image\" content=\"http:\/\/segu-aero.com\/wp-content\/uploads\/2025\/01\/sms_ffhh-recurrente-esp-1024x768.jpg\" \/>\n<meta name=\"twitter:card\" content=\"summary_large_image\" \/>\n<meta name=\"twitter:title\" content=\"Cours en ligne en gestion de la s\u00e9curit\u00e9 op\u00e9rationnelle (SMS) + facteurs humains (FFHH) en maintenance a\u00e9ronautique - R\u00e9current\" \/>\n<meta name=\"twitter:description\" content=\"Mettez \u00e0 jour vos connaissances et renouvelez votre certificat avec le cours de gestion de la s\u00e9curit\u00e9 op\u00e9rationnelle avec facteur humain en maintenance a\u00e9ronautique.\" \/>\n<meta name=\"twitter:image\" content=\"http:\/\/segu-aero.com\/wp-content\/uploads\/2025\/01\/sms_ffhh-recurrente-esp-1024x768.jpg\" \/>\n<meta name=\"twitter:label1\" content=\"Dur\u00e9e de lecture estim\u00e9e\" \/>\n\t<meta name=\"twitter:data1\" content=\"3 minutes\" \/>\n<!-- \/ Yoast SEO plugin. -->","yoast_head_json":{"title":"Cours recurrent: Gestion de s\u00e9curit\u00e9 op\u00e9rationnelle + facteur humain","description":"Renouvelez votre certification en gestion de la s\u00e9curit\u00e9 op\u00e9rationnelle aupr\u00e8s des personnes en maintenance a\u00e9ronautique. En espagnol.","robots":{"index":"index","follow":"follow","max-snippet":"max-snippet:-1","max-image-preview":"max-image-preview:large","max-video-preview":"max-video-preview:-1"},"canonical":"http:\/\/segu-aero.com\/fr\/producto\/sistema-de-gestion-de-la-seguridad-operacional-sms-incluido-factores-humanos-ffhh-en-mantenimiento-de-aeronaves-recurrente\/","og_locale":"fr_FR","og_type":"article","og_title":"Cours en ligne en gestion de la s\u00e9curit\u00e9 op\u00e9rationnelle (SMS) + facteurs humains (FFHH) en maintenance a\u00e9ronautique - R\u00e9current","og_description":"Mettez \u00e0 jour vos connaissances et renouvelez votre certificat avec le cours de gestion de la s\u00e9curit\u00e9 op\u00e9rationnelle avec facteur humain en maintenance a\u00e9ronautique.","og_url":"http:\/\/segu-aero.com\/producto\/sistema-de-gestion-de-la-seguridad-operacional-sms-incluido-factores-humanos-ffhh-en-mantenimiento-de-aeronaves-recurrente\/","og_site_name":"Segu-Aero","article_modified_time":"2025-10-30T22:50:37+00:00","og_image":[{"url":"http:\/\/segu-aero.com\/wp-content\/uploads\/2025\/01\/sms_ffhh-recurrente-esp-1024x768.jpg","type":"","width":"","height":""}],"twitter_card":"summary_large_image","twitter_title":"Cours en ligne en gestion de la s\u00e9curit\u00e9 op\u00e9rationnelle (SMS) + facteurs humains (FFHH) en maintenance a\u00e9ronautique - R\u00e9current","twitter_description":"Mettez \u00e0 jour vos connaissances et renouvelez votre certificat avec le cours de gestion de la s\u00e9curit\u00e9 op\u00e9rationnelle avec facteur humain en maintenance a\u00e9ronautique.","twitter_image":"http:\/\/segu-aero.com\/wp-content\/uploads\/2025\/01\/sms_ffhh-recurrente-esp-1024x768.jpg","twitter_misc":{"Dur\u00e9e de lecture estim\u00e9e":"3 minutes"},"schema":{"@context":"https:\/\/schema.org","@graph":[{"@type":"WebPage","@id":"https:\/\/segu-aero.com\/fr\/produit\/sistema-de-gestion-de-la-seguridad-operacional-sms-incluido-factores-humanos-ffhh-en-mantenimiento-de-aeronaves-recurrente\/","url":"http:\/\/segu-aero.com\/producto\/sistema-de-gestion-de-la-seguridad-operacional-sms-incluido-factores-humanos-ffhh-en-mantenimiento-de-aeronaves-recurrente\/","name":"Cours recurrent: Gestion de s\u00e9curit\u00e9 op\u00e9rationnelle + facteur humain","isPartOf":{"@id":"https:\/\/segu-aero.com\/fr\/#website"},"primaryImageOfPage":{"@id":"http:\/\/segu-aero.com\/producto\/sistema-de-gestion-de-la-seguridad-operacional-sms-incluido-factores-humanos-ffhh-en-mantenimiento-de-aeronaves-recurrente\/#primaryimage"},"image":{"@id":"http:\/\/segu-aero.com\/producto\/sistema-de-gestion-de-la-seguridad-operacional-sms-incluido-factores-humanos-ffhh-en-mantenimiento-de-aeronaves-recurrente\/#primaryimage"},"thumbnailUrl":"https:\/\/segu-aero.com\/wp-content\/uploads\/2025\/01\/sms_ffhh-recurrente-esp.jpg","datePublished":"2025-01-22T16:31:07+00:00","dateModified":"2025-10-30T22:50:37+00:00","description":"Renouvelez votre certification en gestion de la s\u00e9curit\u00e9 op\u00e9rationnelle aupr\u00e8s des personnes en maintenance a\u00e9ronautique. En espagnol.","breadcrumb":{"@id":"http:\/\/segu-aero.com\/producto\/sistema-de-gestion-de-la-seguridad-operacional-sms-incluido-factores-humanos-ffhh-en-mantenimiento-de-aeronaves-recurrente\/#breadcrumb"},"inLanguage":"fr-FR","potentialAction":[{"@type":"ReadAction","target":["http:\/\/segu-aero.com\/producto\/sistema-de-gestion-de-la-seguridad-operacional-sms-incluido-factores-humanos-ffhh-en-mantenimiento-de-aeronaves-recurrente\/"]}]},{"@type":"ImageObject","inLanguage":"fr-FR","@id":"http:\/\/segu-aero.com\/producto\/sistema-de-gestion-de-la-seguridad-operacional-sms-incluido-factores-humanos-ffhh-en-mantenimiento-de-aeronaves-recurrente\/#primaryimage","url":"https:\/\/segu-aero.com\/wp-content\/uploads\/2025\/01\/sms_ffhh-recurrente-esp.jpg","contentUrl":"https:\/\/segu-aero.com\/wp-content\/uploads\/2025\/01\/sms_ffhh-recurrente-esp.jpg","width":1984,"height":1488,"caption":"Gestion de la s\u00e9curit\u00e9 (SMS) incluant les facteurs humains (FFHH) dans la maintenance des a\u00e9ronefs Cours r\u00e9current"},{"@type":"BreadcrumbList","@id":"http:\/\/segu-aero.com\/producto\/sistema-de-gestion-de-la-seguridad-operacional-sms-incluido-factores-humanos-ffhh-en-mantenimiento-de-aeronaves-recurrente\/#breadcrumb","itemListElement":[{"@type":"ListItem","position":1,"name":"Portada","item":"https:\/\/segu-aero.com\/fr\/"},{"@type":"ListItem","position":2,"name":"Produits","item":"https:\/\/segu-aero.com\/fr\/shop\/"},{"@type":"ListItem","position":3,"name":"Cours en ligne sur le syst\u00e8me de gestion de la s\u00e9curit\u00e9 (SMS) incluant les facteurs humains (FFHH) dans la maintenance des a\u00e9ronefs (r\u00e9current) &#8211; Espagnol"}]},{"@type":"WebSite","@id":"https:\/\/segu-aero.com\/fr\/#website","url":"https:\/\/segu-aero.com\/fr\/","name":"Segu-Aero","description":"Especialistas en formaci\u00f3n y seguridad aeroportuaria","publisher":{"@id":"https:\/\/segu-aero.com\/fr\/#organization"},"potentialAction":[{"@type":"SearchAction","target":{"@type":"EntryPoint","urlTemplate":"https:\/\/segu-aero.com\/fr\/?s={search_term_string}"},"query-input":{"@type":"PropertyValueSpecification","valueRequired":true,"valueName":"search_term_string"}}],"inLanguage":"fr-FR"},{"@type":"Organization","@id":"https:\/\/segu-aero.com\/fr\/#organization","name":"Segu-Aero","url":"https:\/\/segu-aero.com\/fr\/","logo":{"@type":"ImageObject","inLanguage":"fr-FR","@id":"https:\/\/segu-aero.com\/fr\/#\/schema\/logo\/image\/","url":"https:\/\/segu-aero.com\/wp-content\/uploads\/2024\/10\/LOGO-SEG-AERO-2024.png","contentUrl":"https:\/\/segu-aero.com\/wp-content\/uploads\/2024\/10\/LOGO-SEG-AERO-2024.png","width":293,"height":128,"caption":"Segu-Aero"},"image":{"@id":"https:\/\/segu-aero.com\/fr\/#\/schema\/logo\/image\/"},"sameAs":["https:\/\/www.linkedin.com\/company\/formaero\/"]}]}},"_links":{"self":[{"href":"https:\/\/segu-aero.com\/fr\/wp-json\/wp\/v2\/product\/4136","targetHints":{"allow":["GET"]}}],"collection":[{"href":"https:\/\/segu-aero.com\/fr\/wp-json\/wp\/v2\/product"}],"about":[{"href":"https:\/\/segu-aero.com\/fr\/wp-json\/wp\/v2\/types\/product"}],"version-history":[{"count":12,"href":"https:\/\/segu-aero.com\/fr\/wp-json\/wp\/v2\/product\/4136\/revisions"}],"predecessor-version":[{"id":6103,"href":"https:\/\/segu-aero.com\/fr\/wp-json\/wp\/v2\/product\/4136\/revisions\/6103"}],"wp:featuredmedia":[{"embeddable":true,"href":"https:\/\/segu-aero.com\/fr\/wp-json\/wp\/v2\/media\/3990"}],"wp:attachment":[{"href":"https:\/\/segu-aero.com\/fr\/wp-json\/wp\/v2\/media?parent=4136"}],"wp:term":[{"taxonomy":"product_brand","embeddable":true,"href":"https:\/\/segu-aero.com\/fr\/wp-json\/wp\/v2\/product_brand?post=4136"},{"taxonomy":"product_cat","embeddable":true,"href":"https:\/\/segu-aero.com\/fr\/wp-json\/wp\/v2\/product_cat?post=4136"},{"taxonomy":"product_tag","embeddable":true,"href":"https:\/\/segu-aero.com\/fr\/wp-json\/wp\/v2\/product_tag?post=4136"}],"curies":[{"name":"wp","href":"https:\/\/api.w.org\/{rel}","templated":true}]}}