{"id":4128,"date":"2025-01-22T16:31:07","date_gmt":"2025-01-22T16:31:07","guid":{"rendered":"http:\/\/segu-aero.com\/product\/ewis-electrical-wiring-interconnection-system-recurrent\/"},"modified":"2025-10-31T02:11:39","modified_gmt":"2025-10-31T01:11:39","slug":"ewis-electrical-wiring-interconnection-system-recurrent","status":"publish","type":"product","link":"https:\/\/segu-aero.com\/fr\/produit\/ewis-electrical-wiring-interconnection-system-recurrent\/","title":{"rendered":"Cours en ligne EWIS : Syst\u00e8me d&#8217;interconnexion de c\u00e2blage \u00e9lectrique (r\u00e9current) &#8211; Anglais"},"content":{"rendered":"\t\t<div data-elementor-type=\"product-post\" data-elementor-id=\"4128\" class=\"elementor elementor-4128 elementor-2304\" data-elementor-post-type=\"product\">\n\t\t\t\t<div class=\"elementor-element elementor-element-e5a4e09 e-flex e-con-boxed e-con e-parent\" data-id=\"e5a4e09\" data-element_type=\"container\" data-e-type=\"container\">\n\t\t\t\t\t<div class=\"e-con-inner\">\n\t\t\t\t<div class=\"elementor-element elementor-element-55705175 elementor-widget elementor-widget-text-editor\" data-id=\"55705175\" data-element_type=\"widget\" data-e-type=\"widget\" data-widget_type=\"text-editor.default\">\n\t\t\t\t<div class=\"elementor-widget-container\">\n\t\t\t\t\t\t\t\t\t<blockquote><p><strong>IMPORTANT: Ce cours est en anglais. Si vous le souhaitez, vous pouvez acheter le <a href=\"https:\/\/segu-aero.com\/fr\/producto\/ewis-electrical-wiring-interconnection-system-recurrente\/\">cours r\u00e9current EWIS en espagnol<\/a>. <\/strong><\/p><\/blockquote><p>Le <strong>cours r\u00e9current en ligne EWIS (Electrical Wiring Interconnection System)<\/strong> est con\u00e7u pour les professionnels qui ont d\u00e9j\u00e0 suivi le <a href=\"https:\/\/segu-aero.com\/fr\/producto\/ewis-electrical-wiring-interconnection-system-inicial\/\" target=\"_blank\" rel=\"noopener\">cours initial EWIS <\/a>et qui doivent renouveler leur certification pour continuer \u00e0 effectuer des t\u00e2ches de maintenance d&#8217;a\u00e9ronefs.<\/p><p>A travers ce cours en ligne, l&#8217;\u00e9tudiant passe en revue les principaux concepts techniques et de s\u00e9curit\u00e9 du syst\u00e8me de c\u00e2blage \u00e9lectrique a\u00e9ronautique, int\u00e8gre les derni\u00e8res mises \u00e0 jour r\u00e9glementaires et renforce les bonnes pratiques de maintenance appliqu\u00e9es dans les environnements Part-145 et Part-147.<\/p><p>Il s&#8217;agit d&#8217;une formation obligatoire selon <a href=\"https:\/\/www.easa.europa.eu\/en\" target=\"_blank\" rel=\"noopener\">l&#8217;EASA<\/a>, et sa mise \u00e0 jour r\u00e9guli\u00e8re garantit la comp\u00e9tence technique et la s\u00e9curit\u00e9 op\u00e9rationnelle du personnel de maintenance.<\/p><h2>Pourquoi est-il important de renouveler sa formation EWIS ?<\/h2><p>Les syst\u00e8mes \u00e9lectriques des avions \u00e9voluent constamment, tout comme les r\u00e8gles de s\u00e9curit\u00e9. Pour cette raison, l\u2019AESA exige une formation EWIS r\u00e9currente pour garantir que les professionnels restent \u00e0 jour. <\/p><p>Suivre ce cours vous permet de maintenir votre qualification pour travailler avec le c\u00e2blage \u00e9lectrique, de d\u00e9montrer la conformit\u00e9 r\u00e9glementaire et de pr\u00e9venir les incidents r\u00e9sultant de l&#8217;usure, de la manipulation ou d&#8217;une mauvaise installation des syst\u00e8mes \u00e9lectriques a\u00e9ronautiques.<\/p><p>De plus, cela d\u00e9montre l\u2019engagement de votre organisation envers la s\u00e9curit\u00e9 op\u00e9rationnelle (SMS) et la qualit\u00e9 de la maintenance.<\/p><h2>Objectifs du cours<\/h2><ul><li>Acqu\u00e9rir des connaissances g\u00e9n\u00e9rales sur les exigences d\u2019installation, d\u2019inspection, de maintenance et de r\u00e9paration des syst\u00e8mes de c\u00e2blage \u00e9lectrique des avions (EWIS).<\/li><li>Fournir des informations sur les manuels et leur contenu, ainsi que sur les pratiques de c\u00e2blage standard d\u00e9velopp\u00e9es par les constructeurs a\u00e9ronautiques pour l&#8217;inspection et la maintenance.<\/li><li>Conna\u00eetre l&#8217;identification correcte des diff\u00e9rents types de c\u00e2bles, les crit\u00e8res et tol\u00e9rances d&#8217;inspection, les proc\u00e9dures de r\u00e9paration et la maintenance pr\u00e9ventive.<\/li><li>Conna\u00eetre les sources de contamination, les mat\u00e9riaux, les proc\u00e9dures de nettoyage et de protection.<\/li><\/ul><h2>A qui s&#8217;adresse ce cours ?<\/h2><ul><li>Techniciens de maintenance a\u00e9ronautique poss\u00e9dant d\u00e9j\u00e0 le certificat Initial EWIS.<\/li><li>Personnel d&#8217;atelier Part-145 ou Part-147 qui doit maintenir son accr\u00e9ditation en vigueur.<\/li><li>Ing\u00e9nieurs, superviseurs ou responsables qualit\u00e9 qui g\u00e8rent les op\u00e9rations \u00e9lectriques.<\/li><li>Organisations a\u00e9ronautiques qui doivent se conformer \u00e0 des audits de s\u00e9curit\u00e9 et \u00e0 une formation continue.<\/li><\/ul><h2>Programme de cours r\u00e9current EWIS en ligne<\/h2><ul><li>Module 1 : Introduction\/Contexte.<\/li><li>Module 2 : Pratiques g\u00e9n\u00e9rales du syst\u00e8me d&#8217;interconnexion des c\u00e2blages \u00e9lectriques.<\/li><li>Module 3 : Documentation des pratiques de c\u00e2blage.<\/li><li>Module 4 : Inspection.<\/li><li>Module 5 : Entretien m\u00e9nager.<\/li><li>Module 6 : C\u00e2bles.<\/li><li>Module 7 : Connecteurs.<\/li><\/ul>\t\t\t\t\t\t\t\t<\/div>\n\t\t\t\t<\/div>\n\t\t\t\t\t<\/div>\n\t\t\t\t<\/div>\n\t\t\t\t<\/div>\n\t\t","protected":false},"excerpt":{"rendered":"<p>Mettez \u00e0 jour votre certification avec le cours EWIS en ligne r\u00e9current et maintenez votre accr\u00e9ditation de maintenance \u00e9lectrique a\u00e9ronautique \u00e0 jour conform\u00e9ment \u00e0 l&#8217;EASA.<\/p>\n<ul>\n<li>Langue: Anglais<\/li>\n<li>Dur\u00e9e: 4 heures.<\/li>\n<li>Certification: valable 2 ans.<\/li>\n<\/ul>\n","protected":false},"featured_media":3984,"template":"","meta":{"_acf_changed":false,"site-sidebar-layout":"default","site-content-layout":"","ast-site-content-layout":"default","site-content-style":"default","site-sidebar-style":"default","ast-global-header-display":"","ast-banner-title-visibility":"","ast-main-header-display":"","ast-hfb-above-header-display":"","ast-hfb-below-header-display":"","ast-hfb-mobile-header-display":"","site-post-title":"","ast-breadcrumbs-content":"","ast-featured-img":"","footer-sml-layout":"","ast-disable-related-posts":"","theme-transparent-header-meta":"default","adv-header-id-meta":"","stick-header-meta":"","header-above-stick-meta":"","header-main-stick-meta":"","header-below-stick-meta":"","astra-migrate-meta-layouts":"set","ast-page-background-enabled":"default","ast-page-background-meta":{"desktop":{"background-color":"var(--ast-global-color-5)","background-image":"","background-repeat":"repeat","background-position":"center center","background-size":"auto","background-attachment":"scroll","background-type":"","background-media":"","overlay-type":"","overlay-color":"","overlay-opacity":"","overlay-gradient":""},"tablet":{"background-color":"","background-image":"","background-repeat":"repeat","background-position":"center center","background-size":"auto","background-attachment":"scroll","background-type":"","background-media":"","overlay-type":"","overlay-color":"","overlay-opacity":"","overlay-gradient":""},"mobile":{"background-color":"","background-image":"","background-repeat":"repeat","background-position":"center center","background-size":"auto","background-attachment":"scroll","background-type":"","background-media":"","overlay-type":"","overlay-color":"","overlay-opacity":"","overlay-gradient":""}},"ast-content-background-meta":{"desktop":{"background-color":"var(--ast-global-color-4)","background-image":"","background-repeat":"repeat","background-position":"center center","background-size":"auto","background-attachment":"scroll","background-type":"","background-media":"","overlay-type":"","overlay-color":"","overlay-opacity":"","overlay-gradient":""},"tablet":{"background-color":"var(--ast-global-color-4)","background-image":"","background-repeat":"repeat","background-position":"center center","background-size":"auto","background-attachment":"scroll","background-type":"","background-media":"","overlay-type":"","overlay-color":"","overlay-opacity":"","overlay-gradient":""},"mobile":{"background-color":"var(--ast-global-color-4)","background-image":"","background-repeat":"repeat","background-position":"center center","background-size":"auto","background-attachment":"scroll","background-type":"","background-media":"","overlay-type":"","overlay-color":"","overlay-opacity":"","overlay-gradient":""}}},"product_brand":[],"product_cat":[155,153],"product_tag":[],"class_list":{"0":"post-4128","1":"product","2":"type-product","3":"status-publish","4":"has-post-thumbnail","6":"product_cat-english-fr","7":"product_cat-easapart-145-fr","8":"desktop-align-left","9":"tablet-align-left","10":"mobile-align-left","12":"first","13":"instock","14":"sale","15":"downloadable","16":"virtual","17":"taxable","18":"purchasable","19":"product-type-simple"},"acf":[],"yoast_head":"<!-- This site is optimized with the Yoast SEO plugin v27.4 - https:\/\/yoast.com\/product\/yoast-seo-wordpress\/ -->\n<title>Cours en ligne EWIS (r\u00e9current) - Anglais | Segu-Aero<\/title>\n<meta name=\"description\" content=\"Renouvelez votre certificat avec le cours r\u00e9current en ligne EWIS sur le syst\u00e8me d&#039;interconnexion des c\u00e2blages \u00e9lectriques.\" \/>\n<meta name=\"robots\" content=\"index, follow, max-snippet:-1, max-image-preview:large, max-video-preview:-1\" \/>\n<link rel=\"canonical\" href=\"http:\/\/segu-aero.com\/fr\/product\/ewis-electrical-wiring-interconnection-system-recurrent\/\" \/>\n<meta property=\"og:locale\" content=\"fr_FR\" \/>\n<meta property=\"og:type\" content=\"article\" \/>\n<meta property=\"og:title\" content=\"Cours en ligne EWIS: Syst\u00e8me d&#039;interconnexion de c\u00e2blage \u00e9lectrique (r\u00e9current) - Anglais\" \/>\n<meta property=\"og:description\" content=\"Renouvelez votre certificat avec le cours r\u00e9current en ligne EWIS sur le syst\u00e8me d&#039;interconnexion des c\u00e2blages \u00e9lectriques. Conforme \u00e0 la r\u00e9glementation EASA.\" \/>\n<meta property=\"og:url\" content=\"http:\/\/segu-aero.com\/en\/product\/ewis-electrical-wiring-interconnection-system-recurrent\/\" \/>\n<meta property=\"og:site_name\" content=\"Segu-Aero\" \/>\n<meta property=\"article:modified_time\" content=\"2025-10-31T01:11:39+00:00\" \/>\n<meta property=\"og:image\" content=\"http:\/\/segu-aero.com\/wp-content\/uploads\/2025\/01\/ewis-recurrent-eng-1024x768.jpg\" \/>\n<meta name=\"twitter:card\" content=\"summary_large_image\" \/>\n<meta name=\"twitter:title\" content=\"Cours en ligne EWIS: Syst\u00e8me d&#039;interconnexion de c\u00e2blage \u00e9lectrique (r\u00e9current) - Anglais\" \/>\n<meta name=\"twitter:description\" content=\"Renouvelez votre certificat avec le cours r\u00e9current en ligne EWIS sur le syst\u00e8me d&#039;interconnexion des c\u00e2blages \u00e9lectriques. Conforme \u00e0 la r\u00e9glementation EASA.\" \/>\n<meta name=\"twitter:image\" content=\"http:\/\/segu-aero.com\/wp-content\/uploads\/2025\/01\/ewis-recurrent-eng-1024x768.jpg\" \/>\n<meta name=\"twitter:label1\" content=\"Dur\u00e9e de lecture estim\u00e9e\" \/>\n\t<meta name=\"twitter:data1\" content=\"2 minutes\" \/>\n<!-- \/ Yoast SEO plugin. -->","yoast_head_json":{"title":"Cours en ligne EWIS (r\u00e9current) - Anglais | Segu-Aero","description":"Renouvelez votre certificat avec le cours r\u00e9current en ligne EWIS sur le syst\u00e8me d'interconnexion des c\u00e2blages \u00e9lectriques.","robots":{"index":"index","follow":"follow","max-snippet":"max-snippet:-1","max-image-preview":"max-image-preview:large","max-video-preview":"max-video-preview:-1"},"canonical":"http:\/\/segu-aero.com\/fr\/product\/ewis-electrical-wiring-interconnection-system-recurrent\/","og_locale":"fr_FR","og_type":"article","og_title":"Cours en ligne EWIS: Syst\u00e8me d'interconnexion de c\u00e2blage \u00e9lectrique (r\u00e9current) - Anglais","og_description":"Renouvelez votre certificat avec le cours r\u00e9current en ligne EWIS sur le syst\u00e8me d'interconnexion des c\u00e2blages \u00e9lectriques. Conforme \u00e0 la r\u00e9glementation EASA.","og_url":"http:\/\/segu-aero.com\/en\/product\/ewis-electrical-wiring-interconnection-system-recurrent\/","og_site_name":"Segu-Aero","article_modified_time":"2025-10-31T01:11:39+00:00","og_image":[{"url":"http:\/\/segu-aero.com\/wp-content\/uploads\/2025\/01\/ewis-recurrent-eng-1024x768.jpg","type":"","width":"","height":""}],"twitter_card":"summary_large_image","twitter_title":"Cours en ligne EWIS: Syst\u00e8me d'interconnexion de c\u00e2blage \u00e9lectrique (r\u00e9current) - Anglais","twitter_description":"Renouvelez votre certificat avec le cours r\u00e9current en ligne EWIS sur le syst\u00e8me d'interconnexion des c\u00e2blages \u00e9lectriques. Conforme \u00e0 la r\u00e9glementation EASA.","twitter_image":"http:\/\/segu-aero.com\/wp-content\/uploads\/2025\/01\/ewis-recurrent-eng-1024x768.jpg","twitter_misc":{"Dur\u00e9e de lecture estim\u00e9e":"2 minutes"},"schema":{"@context":"https:\/\/schema.org","@graph":[{"@type":"WebPage","@id":"https:\/\/segu-aero.com\/fr\/produit\/ewis-electrical-wiring-interconnection-system-recurrent\/","url":"http:\/\/segu-aero.com\/en\/product\/ewis-electrical-wiring-interconnection-system-recurrent\/","name":"Cours en ligne EWIS (r\u00e9current) - Anglais | Segu-Aero","isPartOf":{"@id":"https:\/\/segu-aero.com\/fr\/#website"},"primaryImageOfPage":{"@id":"http:\/\/segu-aero.com\/en\/product\/ewis-electrical-wiring-interconnection-system-recurrent\/#primaryimage"},"image":{"@id":"http:\/\/segu-aero.com\/en\/product\/ewis-electrical-wiring-interconnection-system-recurrent\/#primaryimage"},"thumbnailUrl":"https:\/\/segu-aero.com\/wp-content\/uploads\/2025\/01\/ewis-recurrent-eng.jpg","datePublished":"2025-01-22T16:31:07+00:00","dateModified":"2025-10-31T01:11:39+00:00","description":"Renouvelez votre certificat avec le cours r\u00e9current en ligne EWIS sur le syst\u00e8me d'interconnexion des c\u00e2blages \u00e9lectriques.","breadcrumb":{"@id":"http:\/\/segu-aero.com\/en\/product\/ewis-electrical-wiring-interconnection-system-recurrent\/#breadcrumb"},"inLanguage":"fr-FR","potentialAction":[{"@type":"ReadAction","target":["http:\/\/segu-aero.com\/en\/product\/ewis-electrical-wiring-interconnection-system-recurrent\/"]}]},{"@type":"ImageObject","inLanguage":"fr-FR","@id":"http:\/\/segu-aero.com\/en\/product\/ewis-electrical-wiring-interconnection-system-recurrent\/#primaryimage","url":"https:\/\/segu-aero.com\/wp-content\/uploads\/2025\/01\/ewis-recurrent-eng.jpg","contentUrl":"https:\/\/segu-aero.com\/wp-content\/uploads\/2025\/01\/ewis-recurrent-eng.jpg","width":1984,"height":1488,"caption":"Cours en ligne EWIS: Syst\u00e8me d'interconnexion de c\u00e2blage \u00e9lectrique (r\u00e9current) - Anglais"},{"@type":"BreadcrumbList","@id":"http:\/\/segu-aero.com\/en\/product\/ewis-electrical-wiring-interconnection-system-recurrent\/#breadcrumb","itemListElement":[{"@type":"ListItem","position":1,"name":"Portada","item":"https:\/\/segu-aero.com\/fr\/"},{"@type":"ListItem","position":2,"name":"Produits","item":"https:\/\/segu-aero.com\/fr\/shop\/"},{"@type":"ListItem","position":3,"name":"Cours en ligne EWIS : Syst\u00e8me d&#8217;interconnexion de c\u00e2blage \u00e9lectrique (r\u00e9current) &#8211; Anglais"}]},{"@type":"WebSite","@id":"https:\/\/segu-aero.com\/fr\/#website","url":"https:\/\/segu-aero.com\/fr\/","name":"Segu-Aero","description":"Especialistas en formaci\u00f3n y seguridad aeroportuaria","publisher":{"@id":"https:\/\/segu-aero.com\/fr\/#organization"},"potentialAction":[{"@type":"SearchAction","target":{"@type":"EntryPoint","urlTemplate":"https:\/\/segu-aero.com\/fr\/?s={search_term_string}"},"query-input":{"@type":"PropertyValueSpecification","valueRequired":true,"valueName":"search_term_string"}}],"inLanguage":"fr-FR"},{"@type":"Organization","@id":"https:\/\/segu-aero.com\/fr\/#organization","name":"Segu-Aero","url":"https:\/\/segu-aero.com\/fr\/","logo":{"@type":"ImageObject","inLanguage":"fr-FR","@id":"https:\/\/segu-aero.com\/fr\/#\/schema\/logo\/image\/","url":"https:\/\/segu-aero.com\/wp-content\/uploads\/2024\/10\/LOGO-SEG-AERO-2024.png","contentUrl":"https:\/\/segu-aero.com\/wp-content\/uploads\/2024\/10\/LOGO-SEG-AERO-2024.png","width":293,"height":128,"caption":"Segu-Aero"},"image":{"@id":"https:\/\/segu-aero.com\/fr\/#\/schema\/logo\/image\/"},"sameAs":["https:\/\/www.linkedin.com\/company\/formaero\/"]}]}},"_links":{"self":[{"href":"https:\/\/segu-aero.com\/fr\/wp-json\/wp\/v2\/product\/4128","targetHints":{"allow":["GET"]}}],"collection":[{"href":"https:\/\/segu-aero.com\/fr\/wp-json\/wp\/v2\/product"}],"about":[{"href":"https:\/\/segu-aero.com\/fr\/wp-json\/wp\/v2\/types\/product"}],"version-history":[{"count":13,"href":"https:\/\/segu-aero.com\/fr\/wp-json\/wp\/v2\/product\/4128\/revisions"}],"predecessor-version":[{"id":6126,"href":"https:\/\/segu-aero.com\/fr\/wp-json\/wp\/v2\/product\/4128\/revisions\/6126"}],"wp:featuredmedia":[{"embeddable":true,"href":"https:\/\/segu-aero.com\/fr\/wp-json\/wp\/v2\/media\/3984"}],"wp:attachment":[{"href":"https:\/\/segu-aero.com\/fr\/wp-json\/wp\/v2\/media?parent=4128"}],"wp:term":[{"taxonomy":"product_brand","embeddable":true,"href":"https:\/\/segu-aero.com\/fr\/wp-json\/wp\/v2\/product_brand?post=4128"},{"taxonomy":"product_cat","embeddable":true,"href":"https:\/\/segu-aero.com\/fr\/wp-json\/wp\/v2\/product_cat?post=4128"},{"taxonomy":"product_tag","embeddable":true,"href":"https:\/\/segu-aero.com\/fr\/wp-json\/wp\/v2\/product_tag?post=4128"}],"curies":[{"name":"wp","href":"https:\/\/api.w.org\/{rel}","templated":true}]}}