{"id":4124,"date":"2025-01-22T16:31:08","date_gmt":"2025-01-22T16:31:08","guid":{"rendered":"http:\/\/segu-aero.com\/product\/ewis-electrical-wiring-interconnection-system-inicial\/"},"modified":"2025-10-31T01:46:14","modified_gmt":"2025-10-31T00:46:14","slug":"ewis-electrical-wiring-interconnection-system-inicial","status":"publish","type":"product","link":"https:\/\/segu-aero.com\/fr\/produit\/ewis-electrical-wiring-interconnection-system-inicial\/","title":{"rendered":"Cours en ligne EWIS: Syst\u00e8me d&#8217;interconnexion de c\u00e2blage \u00e9lectrique (Initial) &#8211; Espagnol"},"content":{"rendered":"\t\t<div data-elementor-type=\"product-post\" data-elementor-id=\"4124\" class=\"elementor elementor-4124 elementor-2308\" data-elementor-post-type=\"product\">\n\t\t\t\t<div class=\"elementor-element elementor-element-7e2c4f95 e-flex e-con-boxed e-con e-parent\" data-id=\"7e2c4f95\" data-element_type=\"container\" data-e-type=\"container\">\n\t\t\t\t\t<div class=\"e-con-inner\">\n\t\t\t\t<div class=\"elementor-element elementor-element-12a5776f elementor-widget elementor-widget-text-editor\" data-id=\"12a5776f\" data-element_type=\"widget\" data-e-type=\"widget\" data-widget_type=\"text-editor.default\">\n\t\t\t\t<div class=\"elementor-widget-container\">\n\t\t\t\t\t\t\t\t\t<p>La <strong>formation initiale en ligne EWIS (Electrical Wiring Interconnection System) <\/strong>propose une formation th\u00e9orique et pratique fondamentale sur les syst\u00e8mes \u00e9lectriques et interconnect\u00e9s d&#8217;un avion.<\/p><p>Cette formation est obligatoire pour le personnel travaillant dans les organismes de maintenance Part-145 ou Part-147, et \u00e9galement recommand\u00e9e pour les ing\u00e9nieurs, techniciens ou superviseurs qui ont besoin de se familiariser avec la structure \u00e9lectrique des avions modernes.<\/p><h2>Objectifs du cours<\/h2><p>L&#8217;objectif principal du cours est que les professionnels de la maintenance comprennent comment les syst\u00e8mes de c\u00e2blage \u00e9lectrique sont con\u00e7us, install\u00e9s, inspect\u00e9s et entretenus, en \u00e9vitant les pannes, les courts-circuits et les risques d&#8217;incendie.<\/p><ul><li>Acqu\u00e9rir des connaissances g\u00e9n\u00e9rales sur les exigences d\u2019installation, d\u2019inspection, de maintenance et de r\u00e9paration des syst\u00e8mes de c\u00e2blage \u00e9lectrique des avions (EWIS).<\/li><li>Fournir des informations sur les manuels et leur contenu, ainsi que sur les pratiques de c\u00e2blage standard d\u00e9velopp\u00e9es par les constructeurs a\u00e9ronautiques pour l&#8217;inspection et la maintenance.<\/li><li>Conna\u00eetre l&#8217;identification correcte des diff\u00e9rents types de c\u00e2bles, les crit\u00e8res et tol\u00e9rances d&#8217;inspection, les proc\u00e9dures de r\u00e9paration et la maintenance pr\u00e9ventive.<\/li><li>Conna\u00eetre les sources de contamination, les mat\u00e9riaux, les proc\u00e9dures de nettoyage et de protection.<\/li><\/ul><h2>A qui s&#8217;adresse ce cours ?<\/h2><ul><li>Techniciens de maintenance a\u00e9ronautique (B1, B2).<\/li><li>Personnel de production ou de contr\u00f4le qualit\u00e9 dans les ateliers Part-145.<\/li><li>Ing\u00e9nieurs, superviseurs et responsables de la s\u00e9curit\u00e9.<\/li><li>Nouveaux travailleurs qui doivent suivre la formation initiale obligatoire EWIS.<\/li><\/ul><h2>Pourquoi se former \u00e0 EWIS ?<\/h2><p>Les syst\u00e8mes \u00e9lectriques des avions deviennent de plus en plus complexes et sensibles. Une petite erreur de manipulation peut provoquer des pannes critiques ou des incidents de s\u00e9curit\u00e9 op\u00e9rationnelle. <\/p><p>Le cours Initial EWIS permet d&#8217;acqu\u00e9rir des bases solides sur les principes du c\u00e2blage, de la bonne manipulation des syst\u00e8mes \u00e9lectriques et de la pr\u00e9vention des pannes.<\/p><p>De plus, cette formation vous accr\u00e9dite pour travailler sur des t\u00e2ches de maintenance, de r\u00e9paration et d&#8217;inspection dans le <a href=\"https:\/\/www.easa.europa.eu\/en\" target=\"_blank\" rel=\"noopener\">cadre r\u00e9glementaire europ\u00e9en (EASA)<\/a>.<\/p><h2>Programme initial du cours en ligne EWIS (Electrical Wiring Interconnection System)<\/h2><ul><li><span style=\"font-size: 15px;\">Module 1 : Introduction\/Contexte.<\/span><\/li><li>Module 2 : Pratiques g\u00e9n\u00e9rales du syst\u00e8me d&#8217;interconnexion des c\u00e2blages \u00e9lectriques.<\/li><li>Module 3 : Documentation des pratiques de c\u00e2blage.<\/li><li>Module 4 : Inspection.<\/li><li>Module 5 : Entretien m\u00e9nager.<\/li><li>Module 6 : C\u00e2bles.<\/li><li>Module 7 : Connecteurs.<\/li><\/ul>\t\t\t\t\t\t\t\t<\/div>\n\t\t\t\t<\/div>\n\t\t\t\t\t<\/div>\n\t\t\t\t<\/div>\n\t\t\t\t<\/div>\n\t\t","protected":false},"excerpt":{"rendered":"<p>Avec ce cours EWIS en ligne, apprenez les principes fondamentaux du syst\u00e8me \u00e9lectrique de l&#8217;avion (EWIS) et r\u00e9pondez aux exigences de formation initiale requises pour la maintenance des avions.<\/p>\n<ul>\n<li>Langue: Espagnol<\/li>\n<li>Dur\u00e9e: 8 heures.<\/li>\n<li>Certification: valable 2 ans.<\/li>\n<\/ul>\n","protected":false},"featured_media":3978,"template":"","meta":{"_acf_changed":false,"site-sidebar-layout":"default","site-content-layout":"","ast-site-content-layout":"default","site-content-style":"default","site-sidebar-style":"default","ast-global-header-display":"","ast-banner-title-visibility":"","ast-main-header-display":"","ast-hfb-above-header-display":"","ast-hfb-below-header-display":"","ast-hfb-mobile-header-display":"","site-post-title":"","ast-breadcrumbs-content":"","ast-featured-img":"","footer-sml-layout":"","ast-disable-related-posts":"","theme-transparent-header-meta":"default","adv-header-id-meta":"","stick-header-meta":"","header-above-stick-meta":"","header-main-stick-meta":"","header-below-stick-meta":"","astra-migrate-meta-layouts":"set","ast-page-background-enabled":"default","ast-page-background-meta":{"desktop":{"background-color":"var(--ast-global-color-5)","background-image":"","background-repeat":"repeat","background-position":"center center","background-size":"auto","background-attachment":"scroll","background-type":"","background-media":"","overlay-type":"","overlay-color":"","overlay-opacity":"","overlay-gradient":""},"tablet":{"background-color":"","background-image":"","background-repeat":"repeat","background-position":"center center","background-size":"auto","background-attachment":"scroll","background-type":"","background-media":"","overlay-type":"","overlay-color":"","overlay-opacity":"","overlay-gradient":""},"mobile":{"background-color":"","background-image":"","background-repeat":"repeat","background-position":"center center","background-size":"auto","background-attachment":"scroll","background-type":"","background-media":"","overlay-type":"","overlay-color":"","overlay-opacity":"","overlay-gradient":""}},"ast-content-background-meta":{"desktop":{"background-color":"var(--ast-global-color-4)","background-image":"","background-repeat":"repeat","background-position":"center center","background-size":"auto","background-attachment":"scroll","background-type":"","background-media":"","overlay-type":"","overlay-color":"","overlay-opacity":"","overlay-gradient":""},"tablet":{"background-color":"var(--ast-global-color-4)","background-image":"","background-repeat":"repeat","background-position":"center center","background-size":"auto","background-attachment":"scroll","background-type":"","background-media":"","overlay-type":"","overlay-color":"","overlay-opacity":"","overlay-gradient":""},"mobile":{"background-color":"var(--ast-global-color-4)","background-image":"","background-repeat":"repeat","background-position":"center center","background-size":"auto","background-attachment":"scroll","background-type":"","background-media":"","overlay-type":"","overlay-color":"","overlay-opacity":"","overlay-gradient":""}}},"product_brand":[],"product_cat":[145,153],"product_tag":[],"class_list":{"0":"post-4124","1":"product","2":"type-product","3":"status-publish","4":"has-post-thumbnail","6":"product_cat-espanol-fr","7":"product_cat-easapart-145-fr","8":"desktop-align-left","9":"tablet-align-left","10":"mobile-align-left","12":"first","13":"instock","14":"sale","15":"downloadable","16":"virtual","17":"taxable","18":"purchasable","19":"product-type-simple"},"acf":[],"yoast_head":"<!-- This site is optimized with the Yoast SEO plugin v27.4 - https:\/\/yoast.com\/product\/yoast-seo-wordpress\/ -->\n<title>Cours EWIS initial: Syst\u00e8me \u00e9lectrique a\u00e9ronautique<\/title>\n<meta name=\"description\" content=\"Apprenez les bases du syst\u00e8me d&#039;interconnexion des c\u00e2bles \u00e9lectriques avec le cours initial en ligne EWIS pour la maintenance des avions. En espagnol.\" \/>\n<meta name=\"robots\" content=\"index, follow, max-snippet:-1, max-image-preview:large, max-video-preview:-1\" \/>\n<link rel=\"canonical\" href=\"http:\/\/segu-aero.com\/fr\/producto\/ewis-electrical-wiring-interconnection-system-inicial\/\" \/>\n<meta property=\"og:locale\" content=\"fr_FR\" \/>\n<meta property=\"og:type\" content=\"article\" \/>\n<meta property=\"og:title\" content=\"Cours en ligne EWIS : Syst\u00e8me d&#039;interconnexion de c\u00e2blage \u00e9lectrique (initiale)\" \/>\n<meta property=\"og:description\" content=\"Apprenez les fondamentaux du syst\u00e8me d&#039;interconnexion des c\u00e2blages \u00e9lectriques avec le cours EWIS en ligne et r\u00e9pondez aux exigences de formation initiale requises pour la maintenance des avions.\" \/>\n<meta property=\"og:url\" content=\"http:\/\/segu-aero.com\/producto\/ewis-electrical-wiring-interconnection-system-inicial\/\" \/>\n<meta property=\"og:site_name\" content=\"Segu-Aero\" \/>\n<meta property=\"article:modified_time\" content=\"2025-10-31T00:46:14+00:00\" \/>\n<meta property=\"og:image\" content=\"http:\/\/segu-aero.com\/wp-content\/uploads\/2025\/01\/ewis-inicial-esp-1024x768.jpg\" \/>\n<meta name=\"twitter:card\" content=\"summary_large_image\" \/>\n<meta name=\"twitter:title\" content=\"Cours en ligne EWIS : Syst\u00e8me d&#039;interconnexion de c\u00e2blage \u00e9lectrique (initiale)\" \/>\n<meta name=\"twitter:description\" content=\"Apprenez les fondamentaux du syst\u00e8me d&#039;interconnexion des c\u00e2blages \u00e9lectriques avec le cours EWIS en ligne et r\u00e9pondez aux exigences de formation initiale requises pour la maintenance des avions.\" \/>\n<meta name=\"twitter:image\" content=\"http:\/\/segu-aero.com\/wp-content\/uploads\/2025\/01\/ewis-inicial-esp-1024x768.jpg\" \/>\n<meta name=\"twitter:label1\" content=\"Dur\u00e9e de lecture estim\u00e9e\" \/>\n\t<meta name=\"twitter:data1\" content=\"2 minutes\" \/>\n<!-- \/ Yoast SEO plugin. -->","yoast_head_json":{"title":"Cours EWIS initial: Syst\u00e8me \u00e9lectrique a\u00e9ronautique","description":"Apprenez les bases du syst\u00e8me d'interconnexion des c\u00e2bles \u00e9lectriques avec le cours initial en ligne EWIS pour la maintenance des avions. En espagnol.","robots":{"index":"index","follow":"follow","max-snippet":"max-snippet:-1","max-image-preview":"max-image-preview:large","max-video-preview":"max-video-preview:-1"},"canonical":"http:\/\/segu-aero.com\/fr\/producto\/ewis-electrical-wiring-interconnection-system-inicial\/","og_locale":"fr_FR","og_type":"article","og_title":"Cours en ligne EWIS : Syst\u00e8me d'interconnexion de c\u00e2blage \u00e9lectrique (initiale)","og_description":"Apprenez les fondamentaux du syst\u00e8me d'interconnexion des c\u00e2blages \u00e9lectriques avec le cours EWIS en ligne et r\u00e9pondez aux exigences de formation initiale requises pour la maintenance des avions.","og_url":"http:\/\/segu-aero.com\/producto\/ewis-electrical-wiring-interconnection-system-inicial\/","og_site_name":"Segu-Aero","article_modified_time":"2025-10-31T00:46:14+00:00","og_image":[{"url":"http:\/\/segu-aero.com\/wp-content\/uploads\/2025\/01\/ewis-inicial-esp-1024x768.jpg","type":"","width":"","height":""}],"twitter_card":"summary_large_image","twitter_title":"Cours en ligne EWIS : Syst\u00e8me d'interconnexion de c\u00e2blage \u00e9lectrique (initiale)","twitter_description":"Apprenez les fondamentaux du syst\u00e8me d'interconnexion des c\u00e2blages \u00e9lectriques avec le cours EWIS en ligne et r\u00e9pondez aux exigences de formation initiale requises pour la maintenance des avions.","twitter_image":"http:\/\/segu-aero.com\/wp-content\/uploads\/2025\/01\/ewis-inicial-esp-1024x768.jpg","twitter_misc":{"Dur\u00e9e de lecture estim\u00e9e":"2 minutes"},"schema":{"@context":"https:\/\/schema.org","@graph":[{"@type":"WebPage","@id":"https:\/\/segu-aero.com\/fr\/produit\/ewis-electrical-wiring-interconnection-system-inicial\/","url":"http:\/\/segu-aero.com\/producto\/ewis-electrical-wiring-interconnection-system-inicial\/","name":"Cours EWIS initial: Syst\u00e8me \u00e9lectrique a\u00e9ronautique","isPartOf":{"@id":"https:\/\/segu-aero.com\/fr\/#website"},"primaryImageOfPage":{"@id":"http:\/\/segu-aero.com\/producto\/ewis-electrical-wiring-interconnection-system-inicial\/#primaryimage"},"image":{"@id":"http:\/\/segu-aero.com\/producto\/ewis-electrical-wiring-interconnection-system-inicial\/#primaryimage"},"thumbnailUrl":"https:\/\/segu-aero.com\/wp-content\/uploads\/2025\/01\/ewis-inicial-esp.jpg","datePublished":"2025-01-22T16:31:08+00:00","dateModified":"2025-10-31T00:46:14+00:00","description":"Apprenez les bases du syst\u00e8me d'interconnexion des c\u00e2bles \u00e9lectriques avec le cours initial en ligne EWIS pour la maintenance des avions. En espagnol.","breadcrumb":{"@id":"http:\/\/segu-aero.com\/producto\/ewis-electrical-wiring-interconnection-system-inicial\/#breadcrumb"},"inLanguage":"fr-FR","potentialAction":[{"@type":"ReadAction","target":["http:\/\/segu-aero.com\/producto\/ewis-electrical-wiring-interconnection-system-inicial\/"]}]},{"@type":"ImageObject","inLanguage":"fr-FR","@id":"http:\/\/segu-aero.com\/producto\/ewis-electrical-wiring-interconnection-system-inicial\/#primaryimage","url":"https:\/\/segu-aero.com\/wp-content\/uploads\/2025\/01\/ewis-inicial-esp.jpg","contentUrl":"https:\/\/segu-aero.com\/wp-content\/uploads\/2025\/01\/ewis-inicial-esp.jpg","width":1984,"height":1488,"caption":"Cours initiale en ligne EWIS"},{"@type":"BreadcrumbList","@id":"http:\/\/segu-aero.com\/producto\/ewis-electrical-wiring-interconnection-system-inicial\/#breadcrumb","itemListElement":[{"@type":"ListItem","position":1,"name":"Portada","item":"https:\/\/segu-aero.com\/fr\/"},{"@type":"ListItem","position":2,"name":"Produits","item":"https:\/\/segu-aero.com\/fr\/shop\/"},{"@type":"ListItem","position":3,"name":"Cours en ligne EWIS: Syst\u00e8me d&#8217;interconnexion de c\u00e2blage \u00e9lectrique (Initial) &#8211; Espagnol"}]},{"@type":"WebSite","@id":"https:\/\/segu-aero.com\/fr\/#website","url":"https:\/\/segu-aero.com\/fr\/","name":"Segu-Aero","description":"Especialistas en formaci\u00f3n y seguridad aeroportuaria","publisher":{"@id":"https:\/\/segu-aero.com\/fr\/#organization"},"potentialAction":[{"@type":"SearchAction","target":{"@type":"EntryPoint","urlTemplate":"https:\/\/segu-aero.com\/fr\/?s={search_term_string}"},"query-input":{"@type":"PropertyValueSpecification","valueRequired":true,"valueName":"search_term_string"}}],"inLanguage":"fr-FR"},{"@type":"Organization","@id":"https:\/\/segu-aero.com\/fr\/#organization","name":"Segu-Aero","url":"https:\/\/segu-aero.com\/fr\/","logo":{"@type":"ImageObject","inLanguage":"fr-FR","@id":"https:\/\/segu-aero.com\/fr\/#\/schema\/logo\/image\/","url":"https:\/\/segu-aero.com\/wp-content\/uploads\/2024\/10\/LOGO-SEG-AERO-2024.png","contentUrl":"https:\/\/segu-aero.com\/wp-content\/uploads\/2024\/10\/LOGO-SEG-AERO-2024.png","width":293,"height":128,"caption":"Segu-Aero"},"image":{"@id":"https:\/\/segu-aero.com\/fr\/#\/schema\/logo\/image\/"},"sameAs":["https:\/\/www.linkedin.com\/company\/formaero\/"]}]}},"_links":{"self":[{"href":"https:\/\/segu-aero.com\/fr\/wp-json\/wp\/v2\/product\/4124","targetHints":{"allow":["GET"]}}],"collection":[{"href":"https:\/\/segu-aero.com\/fr\/wp-json\/wp\/v2\/product"}],"about":[{"href":"https:\/\/segu-aero.com\/fr\/wp-json\/wp\/v2\/types\/product"}],"version-history":[{"count":11,"href":"https:\/\/segu-aero.com\/fr\/wp-json\/wp\/v2\/product\/4124\/revisions"}],"predecessor-version":[{"id":6109,"href":"https:\/\/segu-aero.com\/fr\/wp-json\/wp\/v2\/product\/4124\/revisions\/6109"}],"wp:featuredmedia":[{"embeddable":true,"href":"https:\/\/segu-aero.com\/fr\/wp-json\/wp\/v2\/media\/3978"}],"wp:attachment":[{"href":"https:\/\/segu-aero.com\/fr\/wp-json\/wp\/v2\/media?parent=4124"}],"wp:term":[{"taxonomy":"product_brand","embeddable":true,"href":"https:\/\/segu-aero.com\/fr\/wp-json\/wp\/v2\/product_brand?post=4124"},{"taxonomy":"product_cat","embeddable":true,"href":"https:\/\/segu-aero.com\/fr\/wp-json\/wp\/v2\/product_cat?post=4124"},{"taxonomy":"product_tag","embeddable":true,"href":"https:\/\/segu-aero.com\/fr\/wp-json\/wp\/v2\/product_tag?post=4124"}],"curies":[{"name":"wp","href":"https:\/\/api.w.org\/{rel}","templated":true}]}}