{"id":4112,"date":"2025-01-22T16:31:08","date_gmt":"2025-01-22T16:31:08","guid":{"rendered":"http:\/\/segu-aero.com\/product\/easa-parte-145-organizaciones-de-mantenimiento-inicial\/"},"modified":"2025-10-31T02:29:04","modified_gmt":"2025-10-31T01:29:04","slug":"easa-parte-145-organizaciones-de-mantenimiento-inicial","status":"publish","type":"product","link":"https:\/\/segu-aero.com\/fr\/produit\/easa-parte-145-organizaciones-de-mantenimiento-inicial\/","title":{"rendered":"Cours en ligne EASA Part 145: Organismes de maintenance (Initial) &#8211; Espagnol"},"content":{"rendered":"\t\t<div data-elementor-type=\"product-post\" data-elementor-id=\"4112\" class=\"elementor elementor-4112 elementor-2309\" data-elementor-post-type=\"product\">\n\t\t\t\t<div class=\"elementor-element elementor-element-312e8db8 e-flex e-con-boxed e-con e-parent\" data-id=\"312e8db8\" data-element_type=\"container\" data-e-type=\"container\">\n\t\t\t\t\t<div class=\"e-con-inner\">\n\t\t\t\t<div class=\"elementor-element elementor-element-72fdb547 elementor-widget elementor-widget-text-editor\" data-id=\"72fdb547\" data-element_type=\"widget\" data-e-type=\"widget\" data-widget_type=\"text-editor.default\">\n\t\t\t\t<div class=\"elementor-widget-container\">\n\t\t\t\t\t\t\t\t\t<p>Le<strong> cours en ligne initial EASA Part 145<\/strong> fournit des connaissances fondamentales sur les r\u00e9glementations qui r\u00e9glementent les organismes de maintenance a\u00e9ronautique au niveau europ\u00e9en.<\/p><p>Il s&#8217;adresse \u00e0 la formation des professionnels qui ont besoin de comprendre comment est structur\u00e9 un organisme agr\u00e9\u00e9 selon la <a href=\"https:\/\/www.easa.europa.eu\/en\/the-agency\/faqs\/part-145\" target=\"_blank\" rel=\"noopener\"><strong>part 145 de l&#8217;EASA<\/strong><\/a>, son syst\u00e8me qualit\u00e9, ses proc\u00e9dures de maintenance, sa tra\u00e7abilit\u00e9 documentaire et les responsabilit\u00e9s du personnel autoris\u00e9.<\/p><p>Cette formation vous permettra de r\u00e9pondre aux exigences de formation initiale \u00e9tablies par l&#8217;<a href=\"https:\/\/www.easa.europa.eu\/en\" target=\"_blank\" rel=\"noopener\">Agence europ\u00e9enne de la s\u00e9curit\u00e9 a\u00e9rienne (AESA)<\/a> et d&#8217;op\u00e9rer avec des garanties au sein d&#8217;un environnement de maintenance certifi\u00e9.<\/p><h2>Objectifs du cours<\/h2><ul><li>Comprendre les principes et les objectifs de la r\u00e9glementation EASA Part 145 et les aspects li\u00e9s au maintien de la navigabilit\u00e9 des a\u00e9ronefs et des produits, composants et \u00e9quipements a\u00e9ronautiques, y compris le syst\u00e8me de gestion de la s\u00e9curit\u00e9 (SMS).<\/li><li>Identifiez les exigences qui doivent \u00eatre respect\u00e9es par un organisme de maintenance agr\u00e9\u00e9.<\/li><li>Conna\u00eetre la structure d&#8217;une organisation Part-145 et ses principales fonctions.<\/li><li>Comprendre le r\u00f4le du personnel de direction, certifi\u00e9 et technique.<\/li><li>Interpr\u00e9ter la documentation technique et les proc\u00e9dures de maintenance.<\/li><li>Garantir le respect des normes de s\u00e9curit\u00e9 et de qualit\u00e9 a\u00e9ronautiques.<\/li><\/ul><h2>A qui s&#8217;adresse ce cours ?<\/h2><ul><li>Techniciens et ing\u00e9nieurs de maintenance a\u00e9ronautique.<\/li><li>Personnel qualit\u00e9, superviseurs ou responsables techniques des ateliers Part-145.<\/li><li>Les \u00e9tudiants en formation a\u00e9ronautique qui souhaitent rejoindre des organismes certifi\u00e9s.<\/li><li>Professionnels cherchant \u00e0 r\u00e9pondre aux exigences de formation initiale requises par l\u2019EASA.<\/li><\/ul><h2>Pourquoi suivre le cours initial EASA Part 145 ?<\/h2><p>La r\u00e9glementation EASA Part 145 constitue la base de la maintenance a\u00e9ronautique en Europe.<\/p><p>Toute organisation souhaitant effectuer des t\u00e2ches de maintenance sur des a\u00e9ronefs civils doit se conformer \u00e0 cette r\u00e9glementation et disposer d&#8217;un personnel correctement form\u00e9.<\/p><p>Ce cours vous permettra :<\/p><ul><li>Acqu\u00e9rir une vision claire du cadre r\u00e9glementaire europ\u00e9en de la maintenance.<\/li><li>R\u00e9pondre aux exigences de formation requises par <a href=\"https:\/\/www.seguridadaerea.gob.es\/\" target=\"_blank\" rel=\"noopener\">l\u2019AESA<\/a> et l\u2019EASA.<\/li><li>Am\u00e9liorez votre profil professionnel pour travailler dans des ateliers et des bases de maintenance.<\/li><\/ul><p>Comprendre comment les syst\u00e8mes de s\u00e9curit\u00e9 et de qualit\u00e9 (SMS) sont appliqu\u00e9s au sein d&#8217;une organisation certifi\u00e9e.<\/p><h2>Programme initial du cours en ligne EASA Part 145 : Organismes de maintenance<\/h2><ul><li>Module 1 : Contexte historique et cadre r\u00e9glementaire international.<\/li><li>Module 2 : R\u00e8glement 1321\/2014 : Personnel de l&#8217;Organisation.<\/li><li>Module 3 : Outils, \u00e9quipements et mat\u00e9riel. Planification de la production et ex\u00e9cution de la maintenance. <\/li><li>Module 4 : Certification de maintenance d&#8217;a\u00e9ronefs (CRS) et \u00e9l\u00e9ments (FORM 1) et dossier de maintenance.<\/li><li>Module 5 : Exposition sur les organisations de maintenance (MOE) ; Syst\u00e8me de gestion des SMS.<\/li><\/ul>\t\t\t\t\t\t\t\t<\/div>\n\t\t\t\t<\/div>\n\t\t\t\t\t<\/div>\n\t\t\t\t<\/div>\n\t\t\t\t<\/div>\n\t\t","protected":false},"excerpt":{"rendered":"<p>Ma\u00eetrisez les exigences de l&#8217;EASA Part 145 et obtenez votre certification initiale pour travailler dans des organismes de maintenance d&#8217;a\u00e9ronefs.<\/p>\n<ul>\n<li>Langue: Espagnol<\/li>\n<li>Dur\u00e9e : 8 heures<\/li>\n<li>Certification: valable 2 ans<\/li>\n<\/ul>\n","protected":false},"featured_media":3975,"template":"","meta":{"_acf_changed":false,"site-sidebar-layout":"default","site-content-layout":"","ast-site-content-layout":"default","site-content-style":"default","site-sidebar-style":"default","ast-global-header-display":"","ast-banner-title-visibility":"","ast-main-header-display":"","ast-hfb-above-header-display":"","ast-hfb-below-header-display":"","ast-hfb-mobile-header-display":"","site-post-title":"","ast-breadcrumbs-content":"","ast-featured-img":"","footer-sml-layout":"","ast-disable-related-posts":"","theme-transparent-header-meta":"default","adv-header-id-meta":"","stick-header-meta":"","header-above-stick-meta":"","header-main-stick-meta":"","header-below-stick-meta":"","astra-migrate-meta-layouts":"set","ast-page-background-enabled":"default","ast-page-background-meta":{"desktop":{"background-color":"var(--ast-global-color-5)","background-image":"","background-repeat":"repeat","background-position":"center center","background-size":"auto","background-attachment":"scroll","background-type":"","background-media":"","overlay-type":"","overlay-color":"","overlay-opacity":"","overlay-gradient":""},"tablet":{"background-color":"","background-image":"","background-repeat":"repeat","background-position":"center center","background-size":"auto","background-attachment":"scroll","background-type":"","background-media":"","overlay-type":"","overlay-color":"","overlay-opacity":"","overlay-gradient":""},"mobile":{"background-color":"","background-image":"","background-repeat":"repeat","background-position":"center center","background-size":"auto","background-attachment":"scroll","background-type":"","background-media":"","overlay-type":"","overlay-color":"","overlay-opacity":"","overlay-gradient":""}},"ast-content-background-meta":{"desktop":{"background-color":"var(--ast-global-color-4)","background-image":"","background-repeat":"repeat","background-position":"center center","background-size":"auto","background-attachment":"scroll","background-type":"","background-media":"","overlay-type":"","overlay-color":"","overlay-opacity":"","overlay-gradient":""},"tablet":{"background-color":"var(--ast-global-color-4)","background-image":"","background-repeat":"repeat","background-position":"center center","background-size":"auto","background-attachment":"scroll","background-type":"","background-media":"","overlay-type":"","overlay-color":"","overlay-opacity":"","overlay-gradient":""},"mobile":{"background-color":"var(--ast-global-color-4)","background-image":"","background-repeat":"repeat","background-position":"center center","background-size":"auto","background-attachment":"scroll","background-type":"","background-media":"","overlay-type":"","overlay-color":"","overlay-opacity":"","overlay-gradient":""}}},"product_brand":[],"product_cat":[145,153],"product_tag":[],"class_list":{"0":"post-4112","1":"product","2":"type-product","3":"status-publish","4":"has-post-thumbnail","6":"product_cat-espanol-fr","7":"product_cat-easapart-145-fr","8":"desktop-align-left","9":"tablet-align-left","10":"mobile-align-left","12":"first","13":"instock","14":"sale","15":"downloadable","16":"virtual","17":"taxable","18":"purchasable","19":"product-type-simple"},"acf":[],"yoast_head":"<!-- This site is optimized with the Yoast SEO plugin v27.4 - https:\/\/yoast.com\/product\/yoast-seo-wordpress\/ -->\n<title>EASA Part 145 Initial: Organismes de maintenance - Espagnol<\/title>\n<meta name=\"description\" content=\"D\u00e9couvrez les exigences de l&#039;EASA Part 145 et obtenez votre certificat. Formation indispensable pour les organismes de maintenance a\u00e9ronautique.\" \/>\n<meta name=\"robots\" content=\"index, follow, max-snippet:-1, max-image-preview:large, max-video-preview:-1\" \/>\n<link rel=\"canonical\" href=\"http:\/\/segu-aero.com\/fr\/producto\/easa-parte-145-organizaciones-de-mantenimiento-inicial\/\" \/>\n<meta property=\"og:locale\" content=\"fr_FR\" \/>\n<meta property=\"og:type\" content=\"article\" \/>\n<meta property=\"og:title\" content=\"Cours en ligne EASA Part 145: Organismes de maintenance - Initial\" \/>\n<meta property=\"og:description\" content=\"D\u00e9couvrez les exigences de l&#039;EASA Part 145 et obtenez votre certificat initial en ligne. Formation indispensable pour les organismes de maintenance a\u00e9ronautique.\" \/>\n<meta property=\"og:url\" content=\"http:\/\/segu-aero.com\/producto\/easa-parte-145-organizaciones-de-mantenimiento-inicial\/\" \/>\n<meta property=\"og:site_name\" content=\"Segu-Aero\" \/>\n<meta property=\"article:modified_time\" content=\"2025-10-31T01:29:04+00:00\" \/>\n<meta property=\"og:image\" content=\"http:\/\/segu-aero.com\/wp-content\/uploads\/2025\/01\/parte145-inicial-esp-1024x768.jpg\" \/>\n<meta name=\"twitter:card\" content=\"summary_large_image\" \/>\n<meta name=\"twitter:title\" content=\"Cours en ligne EASA Part 145: Organismes de maintenance - Initial\" \/>\n<meta name=\"twitter:description\" content=\"D\u00e9couvrez les exigences de l&#039;EASA Part 145 et obtenez votre certificat initial en ligne. Formation indispensable pour les organismes de maintenance a\u00e9ronautique.\" \/>\n<meta name=\"twitter:image\" content=\"http:\/\/segu-aero.com\/wp-content\/uploads\/2025\/01\/parte145-inicial-esp-1024x768.jpg\" \/>\n<meta name=\"twitter:label1\" content=\"Dur\u00e9e de lecture estim\u00e9e\" \/>\n\t<meta name=\"twitter:data1\" content=\"3 minutes\" \/>\n<!-- \/ Yoast SEO plugin. -->","yoast_head_json":{"title":"EASA Part 145 Initial: Organismes de maintenance - Espagnol","description":"D\u00e9couvrez les exigences de l'EASA Part 145 et obtenez votre certificat. Formation indispensable pour les organismes de maintenance a\u00e9ronautique.","robots":{"index":"index","follow":"follow","max-snippet":"max-snippet:-1","max-image-preview":"max-image-preview:large","max-video-preview":"max-video-preview:-1"},"canonical":"http:\/\/segu-aero.com\/fr\/producto\/easa-parte-145-organizaciones-de-mantenimiento-inicial\/","og_locale":"fr_FR","og_type":"article","og_title":"Cours en ligne EASA Part 145: Organismes de maintenance - Initial","og_description":"D\u00e9couvrez les exigences de l'EASA Part 145 et obtenez votre certificat initial en ligne. Formation indispensable pour les organismes de maintenance a\u00e9ronautique.","og_url":"http:\/\/segu-aero.com\/producto\/easa-parte-145-organizaciones-de-mantenimiento-inicial\/","og_site_name":"Segu-Aero","article_modified_time":"2025-10-31T01:29:04+00:00","og_image":[{"url":"http:\/\/segu-aero.com\/wp-content\/uploads\/2025\/01\/parte145-inicial-esp-1024x768.jpg","type":"","width":"","height":""}],"twitter_card":"summary_large_image","twitter_title":"Cours en ligne EASA Part 145: Organismes de maintenance - Initial","twitter_description":"D\u00e9couvrez les exigences de l'EASA Part 145 et obtenez votre certificat initial en ligne. Formation indispensable pour les organismes de maintenance a\u00e9ronautique.","twitter_image":"http:\/\/segu-aero.com\/wp-content\/uploads\/2025\/01\/parte145-inicial-esp-1024x768.jpg","twitter_misc":{"Dur\u00e9e de lecture estim\u00e9e":"3 minutes"},"schema":{"@context":"https:\/\/schema.org","@graph":[{"@type":"WebPage","@id":"https:\/\/segu-aero.com\/fr\/produit\/easa-parte-145-organizaciones-de-mantenimiento-inicial\/","url":"http:\/\/segu-aero.com\/producto\/easa-parte-145-organizaciones-de-mantenimiento-inicial\/","name":"EASA Part 145 Initial: Organismes de maintenance - Espagnol","isPartOf":{"@id":"https:\/\/segu-aero.com\/fr\/#website"},"primaryImageOfPage":{"@id":"http:\/\/segu-aero.com\/producto\/easa-parte-145-organizaciones-de-mantenimiento-inicial\/#primaryimage"},"image":{"@id":"http:\/\/segu-aero.com\/producto\/easa-parte-145-organizaciones-de-mantenimiento-inicial\/#primaryimage"},"thumbnailUrl":"https:\/\/segu-aero.com\/wp-content\/uploads\/2025\/01\/parte145-inicial-esp.jpg","datePublished":"2025-01-22T16:31:08+00:00","dateModified":"2025-10-31T01:29:04+00:00","description":"D\u00e9couvrez les exigences de l'EASA Part 145 et obtenez votre certificat. Formation indispensable pour les organismes de maintenance a\u00e9ronautique.","breadcrumb":{"@id":"http:\/\/segu-aero.com\/producto\/easa-parte-145-organizaciones-de-mantenimiento-inicial\/#breadcrumb"},"inLanguage":"fr-FR","potentialAction":[{"@type":"ReadAction","target":["http:\/\/segu-aero.com\/producto\/easa-parte-145-organizaciones-de-mantenimiento-inicial\/"]}]},{"@type":"ImageObject","inLanguage":"fr-FR","@id":"http:\/\/segu-aero.com\/producto\/easa-parte-145-organizaciones-de-mantenimiento-inicial\/#primaryimage","url":"https:\/\/segu-aero.com\/wp-content\/uploads\/2025\/01\/parte145-inicial-esp.jpg","contentUrl":"https:\/\/segu-aero.com\/wp-content\/uploads\/2025\/01\/parte145-inicial-esp.jpg","width":1984,"height":1488,"caption":"Cours initial en ligne EASA Part 145"},{"@type":"BreadcrumbList","@id":"http:\/\/segu-aero.com\/producto\/easa-parte-145-organizaciones-de-mantenimiento-inicial\/#breadcrumb","itemListElement":[{"@type":"ListItem","position":1,"name":"Portada","item":"https:\/\/segu-aero.com\/fr\/"},{"@type":"ListItem","position":2,"name":"Produits","item":"https:\/\/segu-aero.com\/fr\/shop\/"},{"@type":"ListItem","position":3,"name":"Cours en ligne EASA Part 145: Organismes de maintenance (Initial) &#8211; Espagnol"}]},{"@type":"WebSite","@id":"https:\/\/segu-aero.com\/fr\/#website","url":"https:\/\/segu-aero.com\/fr\/","name":"Segu-Aero","description":"Especialistas en formaci\u00f3n y seguridad aeroportuaria","publisher":{"@id":"https:\/\/segu-aero.com\/fr\/#organization"},"potentialAction":[{"@type":"SearchAction","target":{"@type":"EntryPoint","urlTemplate":"https:\/\/segu-aero.com\/fr\/?s={search_term_string}"},"query-input":{"@type":"PropertyValueSpecification","valueRequired":true,"valueName":"search_term_string"}}],"inLanguage":"fr-FR"},{"@type":"Organization","@id":"https:\/\/segu-aero.com\/fr\/#organization","name":"Segu-Aero","url":"https:\/\/segu-aero.com\/fr\/","logo":{"@type":"ImageObject","inLanguage":"fr-FR","@id":"https:\/\/segu-aero.com\/fr\/#\/schema\/logo\/image\/","url":"https:\/\/segu-aero.com\/wp-content\/uploads\/2024\/10\/LOGO-SEG-AERO-2024.png","contentUrl":"https:\/\/segu-aero.com\/wp-content\/uploads\/2024\/10\/LOGO-SEG-AERO-2024.png","width":293,"height":128,"caption":"Segu-Aero"},"image":{"@id":"https:\/\/segu-aero.com\/fr\/#\/schema\/logo\/image\/"},"sameAs":["https:\/\/www.linkedin.com\/company\/formaero\/"]}]}},"_links":{"self":[{"href":"https:\/\/segu-aero.com\/fr\/wp-json\/wp\/v2\/product\/4112","targetHints":{"allow":["GET"]}}],"collection":[{"href":"https:\/\/segu-aero.com\/fr\/wp-json\/wp\/v2\/product"}],"about":[{"href":"https:\/\/segu-aero.com\/fr\/wp-json\/wp\/v2\/types\/product"}],"version-history":[{"count":11,"href":"https:\/\/segu-aero.com\/fr\/wp-json\/wp\/v2\/product\/4112\/revisions"}],"predecessor-version":[{"id":6129,"href":"https:\/\/segu-aero.com\/fr\/wp-json\/wp\/v2\/product\/4112\/revisions\/6129"}],"wp:featuredmedia":[{"embeddable":true,"href":"https:\/\/segu-aero.com\/fr\/wp-json\/wp\/v2\/media\/3975"}],"wp:attachment":[{"href":"https:\/\/segu-aero.com\/fr\/wp-json\/wp\/v2\/media?parent=4112"}],"wp:term":[{"taxonomy":"product_brand","embeddable":true,"href":"https:\/\/segu-aero.com\/fr\/wp-json\/wp\/v2\/product_brand?post=4112"},{"taxonomy":"product_cat","embeddable":true,"href":"https:\/\/segu-aero.com\/fr\/wp-json\/wp\/v2\/product_cat?post=4112"},{"taxonomy":"product_tag","embeddable":true,"href":"https:\/\/segu-aero.com\/fr\/wp-json\/wp\/v2\/product_tag?post=4112"}],"curies":[{"name":"wp","href":"https:\/\/api.w.org\/{rel}","templated":true}]}}