{"id":4108,"date":"2025-01-22T16:31:09","date_gmt":"2025-01-22T16:31:09","guid":{"rendered":"http:\/\/segu-aero.com\/product\/factores-humanos-en-mantenimiento-de-aeronaves-ue-no-1321-2014-de-26-de-noviembre-de-2014-anexo-ii-parte-145-inicial\/"},"modified":"2025-10-31T02:48:45","modified_gmt":"2025-10-31T01:48:45","slug":"curso-factores-humanos-en-mantenimiento-de-aeronaves-parte-145-inicial","status":"publish","type":"product","link":"https:\/\/segu-aero.com\/fr\/produit\/curso-factores-humanos-en-mantenimiento-de-aeronaves-parte-145-inicial\/","title":{"rendered":"Cours en ligne sur les facteurs humains dans la maintenance des a\u00e9ronefs (Partie 145) &#8211; Initial"},"content":{"rendered":"\t\t<div data-elementor-type=\"product-post\" data-elementor-id=\"4108\" class=\"elementor elementor-4108 elementor-2311\" data-elementor-post-type=\"product\">\n\t\t\t\t<div class=\"elementor-element elementor-element-5bbb205b e-flex e-con-boxed e-con e-parent\" data-id=\"5bbb205b\" data-element_type=\"container\" data-e-type=\"container\">\n\t\t\t\t\t<div class=\"e-con-inner\">\n\t\t\t\t<div class=\"elementor-element elementor-element-635493e4 elementor-widget elementor-widget-text-editor\" data-id=\"635493e4\" data-element_type=\"widget\" data-e-type=\"widget\" data-widget_type=\"text-editor.default\">\n\t\t\t\t<div class=\"elementor-widget-container\">\n\t\t\t\t\t\t\t\t\t<p>Le <strong>cours initial sur les facteurs humains dans la maintenance des a\u00e9ronefs (partie 145)<\/strong> fournit la formation essentielle pour comprendre comment le comportement humain, les limitations et les conditions influencent directement la s\u00e9curit\u00e9 et l&#8217;efficacit\u00e9 des op\u00e9rations de maintenance des a\u00e9ronefs.<\/p><p>Bas\u00e9 sur le <a href=\"https:\/\/eur-lex.europa.eu\/legal-content\/ES\/TXT\/HTML\/?uri=CELEX:02014R1321-20240612#anx_II\" target=\"_blank\" rel=\"noopener\">r\u00e8glement (UE) n\u00b0 1321\/2014, annexe II (partie 145), ce cours r\u00e9pond aux exigences de l&#8217;Agence europ\u00e9enne de la s\u00e9curit\u00e9 a\u00e9rienne (AESA)<\/a>, \u00e9tant obligatoire pour tout le personnel qui effectue, supervise ou certifie des t\u00e2ches de maintenance sur les a\u00e9ronefs.<\/p><h2>Objectifs du cours<\/h2><p>L&#8217;objectif est d&#8217;apprendre \u00e0 identifier, g\u00e9rer et r\u00e9duire les erreurs humaines, en promouvant une forte culture de s\u00e9curit\u00e9 et de responsabilit\u00e9 au sein des organismes de maintenance agr\u00e9\u00e9s (AMO). C&#8217;est-\u00e0-dire comprendre l&#8217;importance des facteurs humains et approfondir les capacit\u00e9s et les comportements humains, ainsi que l&#8217;interaction entre les personnes et les machines, les syst\u00e8mes, les proc\u00e9dures et l&#8217;environnement de travail qui les entoure, afin d&#8217;am\u00e9liorer la s\u00e9curit\u00e9 et l&#8217;efficacit\u00e9 dudit travail. <strong style=\"font-size: 0.9375rem;\"><br><\/strong><\/p><h2>A qui s&#8217;adresse ce cours ?<\/h2><p>Cette formation s&#8217;adresse \u00e0 tous les personnels de maintenance a\u00e9ronautique, tant techniques qu&#8217;administratifs, devant suivre une formation initiale en facteurs humains.<\/p><p>Il est notamment destin\u00e9 \u00e0 :<\/p><ul><li>Techniciens de maintenance a\u00e9ronautique (B1, B2, C).<\/li><li>Superviseurs, inspecteurs et responsables qualit\u00e9 au sein des organisations EASA Part 145.<\/li><li>Ing\u00e9nieurs et personnel de planification impliqu\u00e9s dans les t\u00e2ches de maintenance.<\/li><li>Nouveaux employ\u00e9s ou personnel en passe de rejoindre un organisme de maintenance agr\u00e9\u00e9 (OMA).<\/li><\/ul><p>Gr\u00e2ce \u00e0 sa modalit\u00e9 100% en ligne, le cours permet d&#8217;\u00e9tudier au rythme de l&#8217;\u00e9tudiant et d&#8217;obtenir le certificat officiel de r\u00e9ussite, reconnu par <a href=\"https:\/\/www.seguridadaerea.gob.es\/\" target=\"_blank\" rel=\"noopener\">l&#8217;AESA<\/a>.<\/p><h2>Pourquoi suivre ce cours ?<\/h2><p>La formation aux facteurs humains en maintenance a\u00e9ronautique n\u2019est pas seulement une exigence r\u00e9glementaire, mais aussi une opportunit\u00e9 d\u2019am\u00e9liorer la s\u00e9curit\u00e9, l\u2019efficacit\u00e9 et la culture professionnelle au sein de votre organisation.<\/p><p>Ce cours vous permettra :<\/p><ul><li>Se conformer \u00e0 la formation initiale exig\u00e9e par l&#8217;EASA Part 145.<\/li><li>Comprendre comment pr\u00e9venir les erreurs r\u00e9sultant de la fatigue, d&#8217;une mauvaise communication ou de la pression op\u00e9rationnelle.<\/li><li>Augmentez la s\u00e9curit\u00e9 op\u00e9rationnelle et r\u00e9duisez les risques associ\u00e9s \u00e0 la d\u00e9faillance humaine.<\/li><li>Renforcer la confiance et la responsabilit\u00e9 individuelle dans l\u2019environnement de travail.<\/li><li>Obtenez un certificat officiel valable aupr\u00e8s de l&#8217;AESA et des organismes de maintenance agr\u00e9\u00e9s.<\/li><\/ul><p>La bonne gestion des facteurs humains est un pilier essentiel de l\u2019aviation moderne. Cette formation vous pr\u00e9pare \u00e0 agir avec plus de conscience, de pr\u00e9cision et de s\u00e9curit\u00e9, en contribuant activement \u00e0 l&#8217;excellence op\u00e9rationnelle de la maintenance a\u00e9ronautique. <\/p><h2>Syllabus du cours initial Facteurs Humains en Maintenance A\u00e9ronautique (Partie 145)<\/h2><ul><li>Module 1 : Introduction aux facteurs humains.<\/li><li>Module 2 : Culture de s\u00e9curit\u00e9 \/ Facteurs organisationnels.<\/li><li>Module 3 : Erreur humaine.<\/li><li>Module 4 : Performance humaine et limites<\/li><li>Module 5 : Environnement.<\/li><li>Module 6 : Proc\u00e9dures, informations, outils et pratiques.<\/li><li>Module 7 :Communication.<\/li><li>Module 8 : Travail d&#8217;\u00e9quipe.<\/li><li>Module 9 : Professionnalisme et int\u00e9grit\u00e9.<\/li><li>Module 10 : Programme des facteurs humains de l&#8217;organisation.<\/li><\/ul>\t\t\t\t\t\t\t\t<\/div>\n\t\t\t\t<\/div>\n\t\t\t\t\t<\/div>\n\t\t\t\t<\/div>\n\t\t\t\t<\/div>\n\t\t","protected":false},"excerpt":{"rendered":"<p>Cours en ligne sur les facteurs humains dans la maintenance a\u00e9ronautique, obligatoire selon la <a href=\"https:\/\/www.easa.europa.eu\/en\/the-agency\/faqs\/part-145\" target=\"_blank\" rel=\"noopener\">partie 145 de l&#8217;EASA (UE) n\u00b0 1321\/2014 du 26 novembre 2014, annexe II.<\/a><\/p>\n<ul>\n<li>Langue: Espagnol<\/li>\n<li>Dur\u00e9e : 8 heures<\/li>\n<li>Certification: valable 2 ans<\/li>\n<\/ul>\n","protected":false},"featured_media":3954,"template":"","meta":{"_acf_changed":false,"site-sidebar-layout":"default","site-content-layout":"","ast-site-content-layout":"default","site-content-style":"default","site-sidebar-style":"default","ast-global-header-display":"","ast-banner-title-visibility":"","ast-main-header-display":"","ast-hfb-above-header-display":"","ast-hfb-below-header-display":"","ast-hfb-mobile-header-display":"","site-post-title":"","ast-breadcrumbs-content":"","ast-featured-img":"","footer-sml-layout":"","ast-disable-related-posts":"","theme-transparent-header-meta":"default","adv-header-id-meta":"","stick-header-meta":"","header-above-stick-meta":"","header-main-stick-meta":"","header-below-stick-meta":"","astra-migrate-meta-layouts":"set","ast-page-background-enabled":"default","ast-page-background-meta":{"desktop":{"background-color":"var(--ast-global-color-5)","background-image":"","background-repeat":"repeat","background-position":"center center","background-size":"auto","background-attachment":"scroll","background-type":"","background-media":"","overlay-type":"","overlay-color":"","overlay-opacity":"","overlay-gradient":""},"tablet":{"background-color":"","background-image":"","background-repeat":"repeat","background-position":"center center","background-size":"auto","background-attachment":"scroll","background-type":"","background-media":"","overlay-type":"","overlay-color":"","overlay-opacity":"","overlay-gradient":""},"mobile":{"background-color":"","background-image":"","background-repeat":"repeat","background-position":"center center","background-size":"auto","background-attachment":"scroll","background-type":"","background-media":"","overlay-type":"","overlay-color":"","overlay-opacity":"","overlay-gradient":""}},"ast-content-background-meta":{"desktop":{"background-color":"var(--ast-global-color-4)","background-image":"","background-repeat":"repeat","background-position":"center center","background-size":"auto","background-attachment":"scroll","background-type":"","background-media":"","overlay-type":"","overlay-color":"","overlay-opacity":"","overlay-gradient":""},"tablet":{"background-color":"var(--ast-global-color-4)","background-image":"","background-repeat":"repeat","background-position":"center center","background-size":"auto","background-attachment":"scroll","background-type":"","background-media":"","overlay-type":"","overlay-color":"","overlay-opacity":"","overlay-gradient":""},"mobile":{"background-color":"var(--ast-global-color-4)","background-image":"","background-repeat":"repeat","background-position":"center center","background-size":"auto","background-attachment":"scroll","background-type":"","background-media":"","overlay-type":"","overlay-color":"","overlay-opacity":"","overlay-gradient":""}}},"product_brand":[],"product_cat":[145,153],"product_tag":[],"class_list":{"0":"post-4108","1":"product","2":"type-product","3":"status-publish","4":"has-post-thumbnail","6":"product_cat-espanol-fr","7":"product_cat-easapart-145-fr","8":"desktop-align-left","9":"tablet-align-left","10":"mobile-align-left","12":"first","13":"instock","14":"sale","15":"downloadable","16":"virtual","17":"taxable","18":"purchasable","19":"product-type-simple"},"acf":[],"yoast_head":"<!-- This site is optimized with the Yoast SEO plugin v27.4 - https:\/\/yoast.com\/product\/yoast-seo-wordpress\/ -->\n<title>Cours initial: Facteurs humains en maintenance a\u00e9ronautique<\/title>\n<meta name=\"description\" content=\"Suivez le premier cours en ligne sur les facteurs humains dans la maintenance des a\u00e9ronefs. Certifi\u00e9 selon la r\u00e9glementation EASA Part 145.\" \/>\n<meta name=\"robots\" content=\"index, follow, max-snippet:-1, max-image-preview:large, max-video-preview:-1\" \/>\n<link rel=\"canonical\" href=\"http:\/\/segu-aero.com\/fr\/producto\/curso-factores-humanos-en-mantenimiento-de-aeronaves-parte-145-inicial\/\" \/>\n<meta property=\"og:locale\" content=\"fr_FR\" \/>\n<meta property=\"og:type\" content=\"article\" \/>\n<meta property=\"og:title\" content=\"Cours en ligne facteurs humains dans la maintenance des a\u00e9ronefs (Partie 145) - Initial\" \/>\n<meta property=\"og:description\" content=\"Suivez d\u00e8s maintenant le premier cours en ligne sur les facteurs humains dans la maintenance des a\u00e9ronefs. Certifi\u00e9 selon la r\u00e9glementation EASA Part 145 pour les professionnels de la maintenance a\u00e9ronautique.\" \/>\n<meta property=\"og:url\" content=\"http:\/\/segu-aero.com\/producto\/curso-factores-humanos-en-mantenimiento-de-aeronaves-parte-145-inicial\/\" \/>\n<meta property=\"og:site_name\" content=\"Segu-Aero\" \/>\n<meta property=\"article:modified_time\" content=\"2025-10-31T01:48:45+00:00\" \/>\n<meta property=\"og:image\" content=\"http:\/\/segu-aero.com\/wp-content\/uploads\/2025\/01\/ffhh-inicial-esp-1024x768.jpg\" \/>\n<meta name=\"twitter:card\" content=\"summary_large_image\" \/>\n<meta name=\"twitter:title\" content=\"Cours en ligne facteurs humains dans la maintenance des a\u00e9ronefs (Partie 145) - Initial\" \/>\n<meta name=\"twitter:description\" content=\"Suivez d\u00e8s maintenant le premier cours en ligne sur les facteurs humains dans la maintenance des a\u00e9ronefs. Certifi\u00e9 selon la r\u00e9glementation EASA Part 145 pour les professionnels de la maintenance a\u00e9ronautique.\" \/>\n<meta name=\"twitter:image\" content=\"http:\/\/segu-aero.com\/wp-content\/uploads\/2025\/01\/ffhh-inicial-esp-1024x768.jpg\" \/>\n<meta name=\"twitter:label1\" content=\"Dur\u00e9e de lecture estim\u00e9e\" \/>\n\t<meta name=\"twitter:data1\" content=\"3 minutes\" \/>\n<!-- \/ Yoast SEO plugin. -->","yoast_head_json":{"title":"Cours initial: Facteurs humains en maintenance a\u00e9ronautique","description":"Suivez le premier cours en ligne sur les facteurs humains dans la maintenance des a\u00e9ronefs. Certifi\u00e9 selon la r\u00e9glementation EASA Part 145.","robots":{"index":"index","follow":"follow","max-snippet":"max-snippet:-1","max-image-preview":"max-image-preview:large","max-video-preview":"max-video-preview:-1"},"canonical":"http:\/\/segu-aero.com\/fr\/producto\/curso-factores-humanos-en-mantenimiento-de-aeronaves-parte-145-inicial\/","og_locale":"fr_FR","og_type":"article","og_title":"Cours en ligne facteurs humains dans la maintenance des a\u00e9ronefs (Partie 145) - Initial","og_description":"Suivez d\u00e8s maintenant le premier cours en ligne sur les facteurs humains dans la maintenance des a\u00e9ronefs. Certifi\u00e9 selon la r\u00e9glementation EASA Part 145 pour les professionnels de la maintenance a\u00e9ronautique.","og_url":"http:\/\/segu-aero.com\/producto\/curso-factores-humanos-en-mantenimiento-de-aeronaves-parte-145-inicial\/","og_site_name":"Segu-Aero","article_modified_time":"2025-10-31T01:48:45+00:00","og_image":[{"url":"http:\/\/segu-aero.com\/wp-content\/uploads\/2025\/01\/ffhh-inicial-esp-1024x768.jpg","type":"","width":"","height":""}],"twitter_card":"summary_large_image","twitter_title":"Cours en ligne facteurs humains dans la maintenance des a\u00e9ronefs (Partie 145) - Initial","twitter_description":"Suivez d\u00e8s maintenant le premier cours en ligne sur les facteurs humains dans la maintenance des a\u00e9ronefs. Certifi\u00e9 selon la r\u00e9glementation EASA Part 145 pour les professionnels de la maintenance a\u00e9ronautique.","twitter_image":"http:\/\/segu-aero.com\/wp-content\/uploads\/2025\/01\/ffhh-inicial-esp-1024x768.jpg","twitter_misc":{"Dur\u00e9e de lecture estim\u00e9e":"3 minutes"},"schema":{"@context":"https:\/\/schema.org","@graph":[{"@type":"WebPage","@id":"https:\/\/segu-aero.com\/fr\/produit\/curso-factores-humanos-en-mantenimiento-de-aeronaves-parte-145-inicial\/","url":"http:\/\/segu-aero.com\/producto\/curso-factores-humanos-en-mantenimiento-de-aeronaves-parte-145-inicial\/","name":"Cours initial: Facteurs humains en maintenance a\u00e9ronautique","isPartOf":{"@id":"https:\/\/segu-aero.com\/fr\/#website"},"primaryImageOfPage":{"@id":"http:\/\/segu-aero.com\/producto\/curso-factores-humanos-en-mantenimiento-de-aeronaves-parte-145-inicial\/#primaryimage"},"image":{"@id":"http:\/\/segu-aero.com\/producto\/curso-factores-humanos-en-mantenimiento-de-aeronaves-parte-145-inicial\/#primaryimage"},"thumbnailUrl":"https:\/\/segu-aero.com\/wp-content\/uploads\/2025\/01\/ffhh-inicial-esp.jpg","datePublished":"2025-01-22T16:31:09+00:00","dateModified":"2025-10-31T01:48:45+00:00","description":"Suivez le premier cours en ligne sur les facteurs humains dans la maintenance des a\u00e9ronefs. Certifi\u00e9 selon la r\u00e9glementation EASA Part 145.","breadcrumb":{"@id":"http:\/\/segu-aero.com\/producto\/curso-factores-humanos-en-mantenimiento-de-aeronaves-parte-145-inicial\/#breadcrumb"},"inLanguage":"fr-FR","potentialAction":[{"@type":"ReadAction","target":["http:\/\/segu-aero.com\/producto\/curso-factores-humanos-en-mantenimiento-de-aeronaves-parte-145-inicial\/"]}]},{"@type":"ImageObject","inLanguage":"fr-FR","@id":"http:\/\/segu-aero.com\/producto\/curso-factores-humanos-en-mantenimiento-de-aeronaves-parte-145-inicial\/#primaryimage","url":"https:\/\/segu-aero.com\/wp-content\/uploads\/2025\/01\/ffhh-inicial-esp.jpg","contentUrl":"https:\/\/segu-aero.com\/wp-content\/uploads\/2025\/01\/ffhh-inicial-esp.jpg","width":1984,"height":1488,"caption":"Cours en ligne facteurs humains dans la maintenance des a\u00e9ronefs (Partie 145) - Initial"},{"@type":"BreadcrumbList","@id":"http:\/\/segu-aero.com\/producto\/curso-factores-humanos-en-mantenimiento-de-aeronaves-parte-145-inicial\/#breadcrumb","itemListElement":[{"@type":"ListItem","position":1,"name":"Portada","item":"https:\/\/segu-aero.com\/fr\/"},{"@type":"ListItem","position":2,"name":"Produits","item":"https:\/\/segu-aero.com\/fr\/shop\/"},{"@type":"ListItem","position":3,"name":"Cours en ligne sur les facteurs humains dans la maintenance des a\u00e9ronefs (Partie 145) &#8211; Initial"}]},{"@type":"WebSite","@id":"https:\/\/segu-aero.com\/fr\/#website","url":"https:\/\/segu-aero.com\/fr\/","name":"Segu-Aero","description":"Especialistas en formaci\u00f3n y seguridad aeroportuaria","publisher":{"@id":"https:\/\/segu-aero.com\/fr\/#organization"},"potentialAction":[{"@type":"SearchAction","target":{"@type":"EntryPoint","urlTemplate":"https:\/\/segu-aero.com\/fr\/?s={search_term_string}"},"query-input":{"@type":"PropertyValueSpecification","valueRequired":true,"valueName":"search_term_string"}}],"inLanguage":"fr-FR"},{"@type":"Organization","@id":"https:\/\/segu-aero.com\/fr\/#organization","name":"Segu-Aero","url":"https:\/\/segu-aero.com\/fr\/","logo":{"@type":"ImageObject","inLanguage":"fr-FR","@id":"https:\/\/segu-aero.com\/fr\/#\/schema\/logo\/image\/","url":"https:\/\/segu-aero.com\/wp-content\/uploads\/2024\/10\/LOGO-SEG-AERO-2024.png","contentUrl":"https:\/\/segu-aero.com\/wp-content\/uploads\/2024\/10\/LOGO-SEG-AERO-2024.png","width":293,"height":128,"caption":"Segu-Aero"},"image":{"@id":"https:\/\/segu-aero.com\/fr\/#\/schema\/logo\/image\/"},"sameAs":["https:\/\/www.linkedin.com\/company\/formaero\/"]}]}},"_links":{"self":[{"href":"https:\/\/segu-aero.com\/fr\/wp-json\/wp\/v2\/product\/4108","targetHints":{"allow":["GET"]}}],"collection":[{"href":"https:\/\/segu-aero.com\/fr\/wp-json\/wp\/v2\/product"}],"about":[{"href":"https:\/\/segu-aero.com\/fr\/wp-json\/wp\/v2\/types\/product"}],"version-history":[{"count":14,"href":"https:\/\/segu-aero.com\/fr\/wp-json\/wp\/v2\/product\/4108\/revisions"}],"predecessor-version":[{"id":6141,"href":"https:\/\/segu-aero.com\/fr\/wp-json\/wp\/v2\/product\/4108\/revisions\/6141"}],"wp:featuredmedia":[{"embeddable":true,"href":"https:\/\/segu-aero.com\/fr\/wp-json\/wp\/v2\/media\/3954"}],"wp:attachment":[{"href":"https:\/\/segu-aero.com\/fr\/wp-json\/wp\/v2\/media?parent=4108"}],"wp:term":[{"taxonomy":"product_brand","embeddable":true,"href":"https:\/\/segu-aero.com\/fr\/wp-json\/wp\/v2\/product_brand?post=4108"},{"taxonomy":"product_cat","embeddable":true,"href":"https:\/\/segu-aero.com\/fr\/wp-json\/wp\/v2\/product_cat?post=4108"},{"taxonomy":"product_tag","embeddable":true,"href":"https:\/\/segu-aero.com\/fr\/wp-json\/wp\/v2\/product_tag?post=4108"}],"curies":[{"name":"wp","href":"https:\/\/api.w.org\/{rel}","templated":true}]}}