{"id":4104,"date":"2025-01-22T16:31:09","date_gmt":"2025-01-22T16:31:09","guid":{"rendered":"http:\/\/segu-aero.com\/product\/fuel-tank-safety-nivel-12-esp-inicial\/"},"modified":"2025-10-31T03:22:14","modified_gmt":"2025-10-31T02:22:14","slug":"fuel-tank-safety-nivel-12-esp-inicial","status":"publish","type":"product","link":"https:\/\/segu-aero.com\/fr\/produit\/fuel-tank-safety-nivel-12-esp-inicial\/","title":{"rendered":"Cours en ligne sur la s\u00e9curit\u00e9 des r\u00e9servoirs de carburant, niveaux 1 et 2 (initial) &#8211; Espagnol"},"content":{"rendered":"\t\t<div data-elementor-type=\"product-post\" data-elementor-id=\"4104\" class=\"elementor elementor-4104 elementor-2310\" data-elementor-post-type=\"product\">\n\t\t\t\t<div class=\"elementor-element elementor-element-1329a908 e-flex e-con-boxed e-con e-parent\" data-id=\"1329a908\" data-element_type=\"container\" data-e-type=\"container\">\n\t\t\t\t\t<div class=\"e-con-inner\">\n\t\t\t\t<div class=\"elementor-element elementor-element-18516864 elementor-widget elementor-widget-text-editor\" data-id=\"18516864\" data-element_type=\"widget\" data-e-type=\"widget\" data-widget_type=\"text-editor.default\">\n\t\t\t\t<div class=\"elementor-widget-container\">\n\t\t\t\t\t\t\t\t\t<p>Le<strong> cours initial de s\u00e9curit\u00e9 des r\u00e9servoirs de carburant niveaux 1 et 2<\/strong> est con\u00e7u pour fournir des connaissances essentielles sur les risques li\u00e9s aux r\u00e9servoirs de carburant des avions et sur les mesures pr\u00e9ventives \u00e9tablies par l&#8217;AESA pour garantir leur s\u00e9curit\u00e9 op\u00e9rationnelle.<\/p><p>Au cours du cours, l&#8217;\u00e9tudiant comprendra les principes du syst\u00e8me SFAR 88, les fondamentaux de la conception du syst\u00e8me de carburant et les actions de maintenance et de contr\u00f4le n\u00e9cessaires pour \u00e9viter les risques d&#8217;inflammation ou d&#8217;explosion.<\/p><p>Cette formation r\u00e9pond aux exigences \u00e9tablies par <a href=\"https:\/\/www.easa.europa.eu\/en\" target=\"_blank\" rel=\"noopener\">l&#8217;Agence europ\u00e9enne de la s\u00e9curit\u00e9 a\u00e9rienne (AESA)<\/a> et est obligatoire pour le personnel de maintenance, d&#8217;ing\u00e9nierie et de contr\u00f4le qualit\u00e9 travaillant dans les organisations Part 145 ou Part M.<\/p><h2>Objectifs du cours<\/h2><ul><li><span style=\"font-size: 0.9375rem;\">Acqu\u00e9rir des connaissances sur le contexte historique li\u00e9 \u00e0 la s\u00e9curit\u00e9 des r\u00e9servoirs de carburant (FTS).<\/span><\/li><li><span style=\"font-size: 0.9375rem;\">Conna\u00eetre les concepts de Fuel ALI, y compris les limitations de contr\u00f4le de la configuration de conception critique CDCCL ainsi que son identification dans la documentation des fabricants.<\/span><\/li><li><span style=\"font-size: 0.9375rem;\">Conna\u00eetre la r\u00e9glementation FAA (SFAR \/Special FAR) 88 de la FAA et le JAA Temporary Guide TGL 47.<\/span><\/li><li><span style=\"font-size: 0.9375rem;\">Informer le personnel op\u00e9rationnel des risques li\u00e9s aux interventions sur les syst\u00e8mes de carburant et notamment ceux li\u00e9s aux syst\u00e8mes de r\u00e9duction de l&#8217;inflammabilit\u00e9.<\/span><\/li><\/ul><h2>A qui s&#8217;adresse-t-il?<\/h2><p>Le cours initial de s\u00e9curit\u00e9 des r\u00e9servoirs de carburant niveaux 1 et 2 s&#8217;adresse \u00e0 tout le personnel qui exerce des fonctions li\u00e9es \u00e0 la maintenance, \u00e0 l&#8217;ing\u00e9nierie, \u00e0 l&#8217;inspection ou au contr\u00f4le qualit\u00e9 des a\u00e9ronefs et qui n\u00e9cessite une compr\u00e9hension technique des risques associ\u00e9s aux syst\u00e8mes de carburant.<\/p><p>Il est notamment destin\u00e9 \u00e0 :<\/p><ul><li>Techniciens et m\u00e9caniciens de maintenance a\u00e9ronautique.<\/li><li>Personnel d&#8217;ing\u00e9nierie et de planification.<\/li><li>Superviseurs et responsables du contr\u00f4le qualit\u00e9.<\/li><li>Personnel des organisations Part 145, Part M ou Part CAMO.<\/li><li>Professionnels impliqu\u00e9s dans des t\u00e2ches dans les domaines critiques du carburant.<\/li><\/ul><p>En ligne, il est facile de suivre le cours depuis n&#8217;importe quel endroit, avec un contenu interactif, des exemples r\u00e9els et des auto-\u00e9valuations pratiques.<\/p><h2>Pourquoi suivre ce cours ?<\/h2><p>El sistema de combustible es uno de los elementos m\u00e1s sensibles y cr\u00edticos de una aeronave. La normativa internacional exige que todo el personal implicado en su mantenimiento o supervisi\u00f3n reciba formaci\u00f3n espec\u00edfica en Fuel Tank Safety (FTS). <\/p><p>Suivre cette formation vous permettra de :<\/p><ul><li>R\u00e9pondez aux exigences de l\u2019EASA en mati\u00e8re de personnel de maintenance et de CAMO.<\/li><li>Obtenir une certification reconnue au niveau europ\u00e9en.<\/li><li>Augmentez vos qualifications professionnelles et am\u00e9liorez votre employabilit\u00e9.<\/li><li>Conna\u00eetre les erreurs les plus courantes et comment les \u00e9viter dans les op\u00e9rations r\u00e9elles.<\/li><li>Garantir la s\u00e9curit\u00e9 et la fiabilit\u00e9 des avions sous votre responsabilit\u00e9.<\/li><\/ul><p>Le cours initial sur la s\u00e9curit\u00e9 des r\u00e9servoirs de carburant niveaux 1 et 2 est la premi\u00e8re \u00e9tape pour ma\u00eetriser les principes de s\u00e9curit\u00e9 des syst\u00e8mes de carburant et maintenir les normes de s\u00e9curit\u00e9 op\u00e9rationnelle les plus \u00e9lev\u00e9es au sein du secteur a\u00e9ronautique.<\/p><h2>Programme du cours initial S\u00e9curit\u00e9 des r\u00e9servoirs de carburant niveaux 1 et 2<\/h2><ul><li><span id=\"docs-internal-guid-a40f6bce-7fff-a1ee-ebea-39e823806019\" style=\"font-size: 0.9375rem;\">Module 1 : Introduction ; Accidents, analyse et conclusions.<\/span><\/li><li><span style=\"font-size: 0.9375rem;\">Module 2 : \u00c9l\u00e9ments th\u00e9oriques li\u00e9s \u00e0 la s\u00e9curit\u00e9 des r\u00e9servoirs de carburant.<\/span><\/li><li><span style=\"font-size: 0.9375rem;\">Module 3 : R\u00e8glements.<\/span><\/li><li><span style=\"font-size: 0.9375rem;\">Module 4 : Documents de maintenance.<\/span><\/li><li><span style=\"font-size: 0.9375rem;\">Module 5 : FTS pendant le processus de maintenance.<\/span><\/li><li><span style=\"font-size: 0.9375rem;\">Module 6 : R\u00e9duction de l&#8217;inflammabilit\u00e9, introduction.<\/span><\/li><li><span style=\"font-size: 0.9375rem;\">Module 7 : Enregistrement des actions de maintenance et des r\u00e9sultats d&#8217;inspection. Exemples et analyse. <\/span><\/li><\/ul>\t\t\t\t\t\t\t\t<\/div>\n\t\t\t\t<\/div>\n\t\t\t\t\t<\/div>\n\t\t\t\t<\/div>\n\t\t\t\t<\/div>\n\t\t","protected":false},"excerpt":{"rendered":"<p>Cours en ligne qui pr\u00e9sente la r\u00e9glementation et les principes de s\u00e9curit\u00e9 applicables aux syst\u00e8mes de r\u00e9servoirs de carburant des avions, conform\u00e9ment aux exigences de l&#8217;AESA.<\/p>\n<ul>\n<li>Langue: Espagnol<\/li>\n<li>Dur\u00e9e : 8 heures<\/li>\n<li>Certification: valable 2 ans<\/li>\n<\/ul>\n","protected":false},"featured_media":3963,"template":"","meta":{"_acf_changed":false,"site-sidebar-layout":"default","site-content-layout":"","ast-site-content-layout":"default","site-content-style":"default","site-sidebar-style":"default","ast-global-header-display":"","ast-banner-title-visibility":"","ast-main-header-display":"","ast-hfb-above-header-display":"","ast-hfb-below-header-display":"","ast-hfb-mobile-header-display":"","site-post-title":"","ast-breadcrumbs-content":"","ast-featured-img":"","footer-sml-layout":"","ast-disable-related-posts":"","theme-transparent-header-meta":"default","adv-header-id-meta":"","stick-header-meta":"","header-above-stick-meta":"","header-main-stick-meta":"","header-below-stick-meta":"","astra-migrate-meta-layouts":"set","ast-page-background-enabled":"default","ast-page-background-meta":{"desktop":{"background-color":"var(--ast-global-color-5)","background-image":"","background-repeat":"repeat","background-position":"center center","background-size":"auto","background-attachment":"scroll","background-type":"","background-media":"","overlay-type":"","overlay-color":"","overlay-opacity":"","overlay-gradient":""},"tablet":{"background-color":"","background-image":"","background-repeat":"repeat","background-position":"center center","background-size":"auto","background-attachment":"scroll","background-type":"","background-media":"","overlay-type":"","overlay-color":"","overlay-opacity":"","overlay-gradient":""},"mobile":{"background-color":"","background-image":"","background-repeat":"repeat","background-position":"center center","background-size":"auto","background-attachment":"scroll","background-type":"","background-media":"","overlay-type":"","overlay-color":"","overlay-opacity":"","overlay-gradient":""}},"ast-content-background-meta":{"desktop":{"background-color":"var(--ast-global-color-4)","background-image":"","background-repeat":"repeat","background-position":"center center","background-size":"auto","background-attachment":"scroll","background-type":"","background-media":"","overlay-type":"","overlay-color":"","overlay-opacity":"","overlay-gradient":""},"tablet":{"background-color":"var(--ast-global-color-4)","background-image":"","background-repeat":"repeat","background-position":"center center","background-size":"auto","background-attachment":"scroll","background-type":"","background-media":"","overlay-type":"","overlay-color":"","overlay-opacity":"","overlay-gradient":""},"mobile":{"background-color":"var(--ast-global-color-4)","background-image":"","background-repeat":"repeat","background-position":"center center","background-size":"auto","background-attachment":"scroll","background-type":"","background-media":"","overlay-type":"","overlay-color":"","overlay-opacity":"","overlay-gradient":""}}},"product_brand":[],"product_cat":[145,153],"product_tag":[],"class_list":{"0":"post-4104","1":"product","2":"type-product","3":"status-publish","4":"has-post-thumbnail","6":"product_cat-espanol-fr","7":"product_cat-easapart-145-fr","8":"desktop-align-left","9":"tablet-align-left","10":"mobile-align-left","12":"first","13":"instock","14":"sale","15":"downloadable","16":"virtual","17":"taxable","18":"purchasable","19":"product-type-simple"},"acf":[],"yoast_head":"<!-- This site is optimized with the Yoast SEO plugin v27.4 - https:\/\/yoast.com\/product\/yoast-seo-wordpress\/ -->\n<title>Cours initial sur la s\u00e9curit\u00e9 des r\u00e9servoirs de carburant - Espagnol<\/title>\n<meta name=\"description\" content=\"Initiez-vous \u00e0 la s\u00e9curit\u00e9 dans les r\u00e9servoirs de carburant a\u00e9ronautiques avec le cours initial Fuel Tank Safety niveaux 1 et 2 conform\u00e9ment \u00e0 l&#039;EASA.\" \/>\n<meta name=\"robots\" content=\"index, follow, max-snippet:-1, max-image-preview:large, max-video-preview:-1\" \/>\n<link rel=\"canonical\" href=\"http:\/\/segu-aero.com\/fr\/producto\/fuel-tank-safety-nivel-12-esp-inicial\/\" \/>\n<meta property=\"og:locale\" content=\"fr_FR\" \/>\n<meta property=\"og:type\" content=\"article\" \/>\n<meta property=\"og:title\" content=\"Cours initial sur la s\u00e9curit\u00e9 des r\u00e9servoirs de carburant, niveaux 1 et 2\" \/>\n<meta property=\"og:description\" content=\"Apprenez les bases de la s\u00e9curit\u00e9 dans les r\u00e9servoirs de carburant d&#039;aviation. Suivez d\u00e8s maintenant le cours initial sur la s\u00e9curit\u00e9 des r\u00e9servoirs de carburant niveaux 1 et 2 conform\u00e9ment \u00e0 la r\u00e9glementation de l&#039;EASA. 100% en ligne.\" \/>\n<meta property=\"og:url\" content=\"http:\/\/segu-aero.com\/producto\/fuel-tank-safety-nivel-12-esp-inicial\/\" \/>\n<meta property=\"og:site_name\" content=\"Segu-Aero\" \/>\n<meta property=\"article:modified_time\" content=\"2025-10-31T02:22:14+00:00\" \/>\n<meta property=\"og:image\" content=\"http:\/\/segu-aero.com\/wp-content\/uploads\/2025\/01\/fts-inicial-esp-1024x768.jpg\" \/>\n<meta name=\"twitter:card\" content=\"summary_large_image\" \/>\n<meta name=\"twitter:title\" content=\"Cours initial sur la s\u00e9curit\u00e9 des r\u00e9servoirs de carburant, niveaux 1 et 2\" \/>\n<meta name=\"twitter:description\" content=\"Apprenez les bases de la s\u00e9curit\u00e9 dans les r\u00e9servoirs de carburant d&#039;aviation. Suivez d\u00e8s maintenant le cours initial sur la s\u00e9curit\u00e9 des r\u00e9servoirs de carburant niveaux 1 et 2 conform\u00e9ment \u00e0 la r\u00e9glementation de l&#039;EASA. 100% en ligne.\" \/>\n<meta name=\"twitter:image\" content=\"http:\/\/segu-aero.com\/wp-content\/uploads\/2025\/01\/fts-inicial-esp-1024x768.jpg\" \/>\n<meta name=\"twitter:label1\" content=\"Dur\u00e9e de lecture estim\u00e9e\" \/>\n\t<meta name=\"twitter:data1\" content=\"3 minutes\" \/>\n<!-- \/ Yoast SEO plugin. -->","yoast_head_json":{"title":"Cours initial sur la s\u00e9curit\u00e9 des r\u00e9servoirs de carburant - Espagnol","description":"Initiez-vous \u00e0 la s\u00e9curit\u00e9 dans les r\u00e9servoirs de carburant a\u00e9ronautiques avec le cours initial Fuel Tank Safety niveaux 1 et 2 conform\u00e9ment \u00e0 l'EASA.","robots":{"index":"index","follow":"follow","max-snippet":"max-snippet:-1","max-image-preview":"max-image-preview:large","max-video-preview":"max-video-preview:-1"},"canonical":"http:\/\/segu-aero.com\/fr\/producto\/fuel-tank-safety-nivel-12-esp-inicial\/","og_locale":"fr_FR","og_type":"article","og_title":"Cours initial sur la s\u00e9curit\u00e9 des r\u00e9servoirs de carburant, niveaux 1 et 2","og_description":"Apprenez les bases de la s\u00e9curit\u00e9 dans les r\u00e9servoirs de carburant d'aviation. Suivez d\u00e8s maintenant le cours initial sur la s\u00e9curit\u00e9 des r\u00e9servoirs de carburant niveaux 1 et 2 conform\u00e9ment \u00e0 la r\u00e9glementation de l'EASA. 100% en ligne.","og_url":"http:\/\/segu-aero.com\/producto\/fuel-tank-safety-nivel-12-esp-inicial\/","og_site_name":"Segu-Aero","article_modified_time":"2025-10-31T02:22:14+00:00","og_image":[{"url":"http:\/\/segu-aero.com\/wp-content\/uploads\/2025\/01\/fts-inicial-esp-1024x768.jpg","type":"","width":"","height":""}],"twitter_card":"summary_large_image","twitter_title":"Cours initial sur la s\u00e9curit\u00e9 des r\u00e9servoirs de carburant, niveaux 1 et 2","twitter_description":"Apprenez les bases de la s\u00e9curit\u00e9 dans les r\u00e9servoirs de carburant d'aviation. Suivez d\u00e8s maintenant le cours initial sur la s\u00e9curit\u00e9 des r\u00e9servoirs de carburant niveaux 1 et 2 conform\u00e9ment \u00e0 la r\u00e9glementation de l'EASA. 100% en ligne.","twitter_image":"http:\/\/segu-aero.com\/wp-content\/uploads\/2025\/01\/fts-inicial-esp-1024x768.jpg","twitter_misc":{"Dur\u00e9e de lecture estim\u00e9e":"3 minutes"},"schema":{"@context":"https:\/\/schema.org","@graph":[{"@type":"WebPage","@id":"https:\/\/segu-aero.com\/fr\/produit\/fuel-tank-safety-nivel-12-esp-inicial\/","url":"http:\/\/segu-aero.com\/producto\/fuel-tank-safety-nivel-12-esp-inicial\/","name":"Cours initial sur la s\u00e9curit\u00e9 des r\u00e9servoirs de carburant - Espagnol","isPartOf":{"@id":"https:\/\/segu-aero.com\/fr\/#website"},"primaryImageOfPage":{"@id":"http:\/\/segu-aero.com\/producto\/fuel-tank-safety-nivel-12-esp-inicial\/#primaryimage"},"image":{"@id":"http:\/\/segu-aero.com\/producto\/fuel-tank-safety-nivel-12-esp-inicial\/#primaryimage"},"thumbnailUrl":"https:\/\/segu-aero.com\/wp-content\/uploads\/2025\/01\/fts-inicial-esp.jpg","datePublished":"2025-01-22T16:31:09+00:00","dateModified":"2025-10-31T02:22:14+00:00","description":"Initiez-vous \u00e0 la s\u00e9curit\u00e9 dans les r\u00e9servoirs de carburant a\u00e9ronautiques avec le cours initial Fuel Tank Safety niveaux 1 et 2 conform\u00e9ment \u00e0 l'EASA.","breadcrumb":{"@id":"http:\/\/segu-aero.com\/producto\/fuel-tank-safety-nivel-12-esp-inicial\/#breadcrumb"},"inLanguage":"fr-FR","potentialAction":[{"@type":"ReadAction","target":["http:\/\/segu-aero.com\/producto\/fuel-tank-safety-nivel-12-esp-inicial\/"]}]},{"@type":"ImageObject","inLanguage":"fr-FR","@id":"http:\/\/segu-aero.com\/producto\/fuel-tank-safety-nivel-12-esp-inicial\/#primaryimage","url":"https:\/\/segu-aero.com\/wp-content\/uploads\/2025\/01\/fts-inicial-esp.jpg","contentUrl":"https:\/\/segu-aero.com\/wp-content\/uploads\/2025\/01\/fts-inicial-esp.jpg","width":1984,"height":1488,"caption":"Cours initial sur la s\u00e9curit\u00e9 des r\u00e9servoirs de carburant, niveaux 1 et 2"},{"@type":"BreadcrumbList","@id":"http:\/\/segu-aero.com\/producto\/fuel-tank-safety-nivel-12-esp-inicial\/#breadcrumb","itemListElement":[{"@type":"ListItem","position":1,"name":"Portada","item":"https:\/\/segu-aero.com\/fr\/"},{"@type":"ListItem","position":2,"name":"Produits","item":"https:\/\/segu-aero.com\/fr\/shop\/"},{"@type":"ListItem","position":3,"name":"Cours en ligne sur la s\u00e9curit\u00e9 des r\u00e9servoirs de carburant, niveaux 1 et 2 (initial) &#8211; Espagnol"}]},{"@type":"WebSite","@id":"https:\/\/segu-aero.com\/fr\/#website","url":"https:\/\/segu-aero.com\/fr\/","name":"Segu-Aero","description":"Especialistas en formaci\u00f3n y seguridad aeroportuaria","publisher":{"@id":"https:\/\/segu-aero.com\/fr\/#organization"},"potentialAction":[{"@type":"SearchAction","target":{"@type":"EntryPoint","urlTemplate":"https:\/\/segu-aero.com\/fr\/?s={search_term_string}"},"query-input":{"@type":"PropertyValueSpecification","valueRequired":true,"valueName":"search_term_string"}}],"inLanguage":"fr-FR"},{"@type":"Organization","@id":"https:\/\/segu-aero.com\/fr\/#organization","name":"Segu-Aero","url":"https:\/\/segu-aero.com\/fr\/","logo":{"@type":"ImageObject","inLanguage":"fr-FR","@id":"https:\/\/segu-aero.com\/fr\/#\/schema\/logo\/image\/","url":"https:\/\/segu-aero.com\/wp-content\/uploads\/2024\/10\/LOGO-SEG-AERO-2024.png","contentUrl":"https:\/\/segu-aero.com\/wp-content\/uploads\/2024\/10\/LOGO-SEG-AERO-2024.png","width":293,"height":128,"caption":"Segu-Aero"},"image":{"@id":"https:\/\/segu-aero.com\/fr\/#\/schema\/logo\/image\/"},"sameAs":["https:\/\/www.linkedin.com\/company\/formaero\/"]}]}},"_links":{"self":[{"href":"https:\/\/segu-aero.com\/fr\/wp-json\/wp\/v2\/product\/4104","targetHints":{"allow":["GET"]}}],"collection":[{"href":"https:\/\/segu-aero.com\/fr\/wp-json\/wp\/v2\/product"}],"about":[{"href":"https:\/\/segu-aero.com\/fr\/wp-json\/wp\/v2\/types\/product"}],"version-history":[{"count":11,"href":"https:\/\/segu-aero.com\/fr\/wp-json\/wp\/v2\/product\/4104\/revisions"}],"predecessor-version":[{"id":6161,"href":"https:\/\/segu-aero.com\/fr\/wp-json\/wp\/v2\/product\/4104\/revisions\/6161"}],"wp:featuredmedia":[{"embeddable":true,"href":"https:\/\/segu-aero.com\/fr\/wp-json\/wp\/v2\/media\/3963"}],"wp:attachment":[{"href":"https:\/\/segu-aero.com\/fr\/wp-json\/wp\/v2\/media?parent=4104"}],"wp:term":[{"taxonomy":"product_brand","embeddable":true,"href":"https:\/\/segu-aero.com\/fr\/wp-json\/wp\/v2\/product_brand?post=4104"},{"taxonomy":"product_cat","embeddable":true,"href":"https:\/\/segu-aero.com\/fr\/wp-json\/wp\/v2\/product_cat?post=4104"},{"taxonomy":"product_tag","embeddable":true,"href":"https:\/\/segu-aero.com\/fr\/wp-json\/wp\/v2\/product_tag?post=4104"}],"curies":[{"name":"wp","href":"https:\/\/api.w.org\/{rel}","templated":true}]}}