{"id":4100,"date":"2025-01-22T16:31:09","date_gmt":"2025-01-22T16:31:09","guid":{"rendered":"http:\/\/segu-aero.com\/product\/safety-management-system-sms-including-human-factors-hhff-in-aircraft-maintenance-initial\/"},"modified":"2025-10-31T03:45:28","modified_gmt":"2025-10-31T02:45:28","slug":"safety-management-system-sms-including-human-factors-hhff-in-aircraft-maintenance-initial","status":"publish","type":"product","link":"https:\/\/segu-aero.com\/fr\/produit\/safety-management-system-sms-including-human-factors-hhff-in-aircraft-maintenance-initial\/","title":{"rendered":"Cours en ligne sur le syst\u00e8me de gestion de la s\u00e9curit\u00e9 (SMS) incluant les facteurs humains (FFHH) dans la maintenance des a\u00e9ronefs (Initial) &#8211; Anglais"},"content":{"rendered":"\t\t<div data-elementor-type=\"product-post\" data-elementor-id=\"4100\" class=\"elementor elementor-4100 elementor-2312\" data-elementor-post-type=\"product\">\n\t\t\t\t<div class=\"elementor-element elementor-element-6cef6766 e-flex e-con-boxed e-con e-parent\" data-id=\"6cef6766\" data-element_type=\"container\" data-e-type=\"container\">\n\t\t\t\t\t<div class=\"e-con-inner\">\n\t\t\t\t<div class=\"elementor-element elementor-element-79fb4531 elementor-widget elementor-widget-text-editor\" data-id=\"79fb4531\" data-element_type=\"widget\" data-e-type=\"widget\" data-widget_type=\"text-editor.default\">\n\t\t\t\t<div class=\"elementor-widget-container\">\n\t\t\t\t\t\t\t\t\t<blockquote><p><strong>IMPORTANT : Ce cours est en anglais. Si vous le souhaitez, vous pouvez acheter le <a href=\"https:\/\/segu-aero.com\/fr\/producto\/sistema-de-gestion-de-la-seguridad-operacional-sms-incluido-factores-humanos-ffhh-en-mantenimiento-de-aeronaves-inicial\/\">cours SMS + FFHH en espagnol<\/a>. <\/strong><\/p><\/blockquote><p>Le <strong>cours initial de Syst\u00e8me de Gestion de la S\u00e9curit\u00e9 (SMS) avec Facteurs Humains (FFHH) pour la maintenance des a\u00e9ronefs<\/strong> est con\u00e7u pour comprendre comment les facteurs humains tels que la fatigue, la communication ou la culture de s\u00e9curit\u00e9 affectent les op\u00e9rations de maintenance et comment les pr\u00e9venir.<\/p><p>Il diff\u00e8re du <a href=\"https:\/\/segu-aero.com\/fr\/producto\/sistema-de-gestion-de-la-seguridad-operacional-sms-inicial\/\" target=\"_blank\" rel=\"noopener\">cours Initial SMS <\/a>en ce qu&#8217;il ajoute une couche sp\u00e9cialis\u00e9e : les facteurs humains dans la maintenance des a\u00e9ronefs. Et il diff\u00e8re du <a href=\"https:\/\/segu-aero.com\/fr\/producto\/sistema-de-gestion-de-la-seguridad-operacional-sms-recurrente\/\" target=\"_blank\" rel=\"noopener\">cours r\u00e9current SMS<\/a> car le cours r\u00e9current est utilis\u00e9 pour la mise \u00e0 jour, cependant celui-ci est con\u00e7u pour ceux qui n&#8217;ont pas encore \u00e9t\u00e9 form\u00e9s \u00e0 cette approche sp\u00e9cialis\u00e9e en FFHH. <\/p><h2>Objectifs<\/h2><ul><li>Introduire les exigences organisationnelles pour la mise en \u0153uvre efficace des syst\u00e8mes de gestion de la s\u00e9curit\u00e9 (SMS).<\/li><li>Interpr\u00e9ter correctement les exigences \u00e9tablies par la r\u00e9glementation en vigueur.<\/li><li>Comprendre les processus associ\u00e9s \u00e0 la gestion des risques et \u00e0 la garantie de s\u00e9curit\u00e9.<\/li><li>Comprendre l&#8217;importance des facteurs humains et approfondir les capacit\u00e9s et les comportements humains, ainsi que l&#8217;interaction entre les personnes et les machines, les syst\u00e8mes, les proc\u00e9dures et l&#8217;environnement de travail qui les entoure, afin d&#8217;am\u00e9liorer la s\u00e9curit\u00e9 et l&#8217;efficacit\u00e9 dudit travail.<\/li><\/ul><h2>A qui s&#8217;adresse ce cours ?<\/h2><ul><li>Techniciens de maintenance a\u00e9ronautique qui effectuent des t\u00e2ches critiques pouvant \u00eatre impact\u00e9es par des facteurs humains (inspection, r\u00e9paration, r\u00e9vision).<\/li><li>Des superviseurs et responsables de maintenance qui dirigent des \u00e9quipes et souhaitent am\u00e9liorer la culture de s\u00e9curit\u00e9 et de travail humain au sein de leur service.<\/li><li>Ing\u00e9nieurs qualit\u00e9, s\u00e9curit\u00e9 op\u00e9rationnelle et audit interne qui souhaitent se former \u00e0 l&#8217;int\u00e9gration de FFHH dans SMS.<\/li><li>Organismes de maintenance (MRO ou ateliers Part-145) qui souhaitent certifier ou accr\u00e9diter les proc\u00e9dures FFHH dans le cadre de leur SMS initial.<\/li><\/ul><h2>Pourquoi est-il important d\u2019int\u00e9grer les Facteurs Humains dans la maintenance a\u00e9ronautique ?<\/h2><ul><li>De nombreux incidents et erreurs de maintenance sont dus \u00e0 des d\u00e9faillances d\u00e9riv\u00e9es de facteurs humains : distraction, fatigue, mauvaise communication, mauvaises conditions d&#8217;organisation. Apprendre \u00e0 les identifier am\u00e9liore directement la s\u00e9curit\u00e9 op\u00e9rationnelle. <\/li><li>Les r\u00e9glementations internationales et les recommandations d&#8217;organisations telles que l&#8217;AESA et l&#8217;OACI exigent de plus en plus une culture de s\u00e9curit\u00e9 incluant la FFHH.<\/li><li>L&#8217;int\u00e9gration de FFHH contribue \u00e0 am\u00e9liorer l&#8217;efficacit\u00e9 des SMS : pr\u00e9vention des pannes, r\u00e9duction des retards, r\u00e9duction des co\u00fbts des corrections post-maintenance.<\/li><li>Renforce la culture du signalement des erreurs sans bl\u00e2me (culture \u00ab sans bl\u00e2me \u00bb) et am\u00e9liore la communication entre les \u00e9quipes techniques, les superviseurs et les autres parties prenantes.<\/li><\/ul><h2>Syllabus du cours initial en Syst\u00e8me de Gestion de la S\u00e9curit\u00e9 Op\u00e9rationnelle (SMS) avec Facteurs Humains (FFHH) pour la maintenance des a\u00e9ronefs<strong><br><\/strong><\/h2><ul><li>Module 1 : Syst\u00e8me de gestion de la s\u00e9curit\u00e9 op\u00e9rationnelle (SMS).<\/li><li>Module 2 : Introduction aux facteurs humains et \u00e0 la s\u00e9curit\u00e9 op\u00e9rationnelle.<\/li><li>Module 3 : Culture de s\u00e9curit\u00e9 \/ Facteurs organisationnels.<\/li><li>Module 4 : Erreur humaine.<\/li><li>Module 5 : Performance humaine et limites<\/li><li>Module 6 : Environnement.<\/li><li>Module 7 : Proc\u00e9dures, informations, outils et pratiques.<\/li><li>Module 8 : Communication.<\/li><li>Module 9 : Travail d&#8217;\u00e9quipe.<\/li><li>Module 10 : Professionnalisme et int\u00e9grit\u00e9.<\/li><li>Module 11 : Programme des facteurs humains de l&#8217;organisation.<\/li><\/ul>\t\t\t\t\t\t\t\t<\/div>\n\t\t\t\t<\/div>\n\t\t\t\t\t<\/div>\n\t\t\t\t<\/div>\n\t\t\t\t<\/div>\n\t\t","protected":false},"excerpt":{"rendered":"<p>Cette formation initiale combine le Syst\u00e8me de Management de la S\u00e9curit\u00e9 (SMS) avec une formation sp\u00e9cifique aux Facteurs Humains (FFHH) appliqu\u00e9s au milieu de la maintenance a\u00e9ronautique.<\/p>\n<ul>\n<li>Langue: Anglais<\/li>\n<li>Dur\u00e9e : 8 heures<\/li>\n<li>Certification: valable 2 ans<\/li>\n<\/ul>\n","protected":false},"featured_media":3966,"template":"","meta":{"_acf_changed":false,"site-sidebar-layout":"default","site-content-layout":"","ast-site-content-layout":"default","site-content-style":"default","site-sidebar-style":"default","ast-global-header-display":"","ast-banner-title-visibility":"","ast-main-header-display":"","ast-hfb-above-header-display":"","ast-hfb-below-header-display":"","ast-hfb-mobile-header-display":"","site-post-title":"","ast-breadcrumbs-content":"","ast-featured-img":"","footer-sml-layout":"","ast-disable-related-posts":"","theme-transparent-header-meta":"default","adv-header-id-meta":"","stick-header-meta":"","header-above-stick-meta":"","header-main-stick-meta":"","header-below-stick-meta":"","astra-migrate-meta-layouts":"set","ast-page-background-enabled":"default","ast-page-background-meta":{"desktop":{"background-color":"var(--ast-global-color-5)","background-image":"","background-repeat":"repeat","background-position":"center center","background-size":"auto","background-attachment":"scroll","background-type":"","background-media":"","overlay-type":"","overlay-color":"","overlay-opacity":"","overlay-gradient":""},"tablet":{"background-color":"","background-image":"","background-repeat":"repeat","background-position":"center center","background-size":"auto","background-attachment":"scroll","background-type":"","background-media":"","overlay-type":"","overlay-color":"","overlay-opacity":"","overlay-gradient":""},"mobile":{"background-color":"","background-image":"","background-repeat":"repeat","background-position":"center center","background-size":"auto","background-attachment":"scroll","background-type":"","background-media":"","overlay-type":"","overlay-color":"","overlay-opacity":"","overlay-gradient":""}},"ast-content-background-meta":{"desktop":{"background-color":"var(--ast-global-color-4)","background-image":"","background-repeat":"repeat","background-position":"center center","background-size":"auto","background-attachment":"scroll","background-type":"","background-media":"","overlay-type":"","overlay-color":"","overlay-opacity":"","overlay-gradient":""},"tablet":{"background-color":"var(--ast-global-color-4)","background-image":"","background-repeat":"repeat","background-position":"center center","background-size":"auto","background-attachment":"scroll","background-type":"","background-media":"","overlay-type":"","overlay-color":"","overlay-opacity":"","overlay-gradient":""},"mobile":{"background-color":"var(--ast-global-color-4)","background-image":"","background-repeat":"repeat","background-position":"center center","background-size":"auto","background-attachment":"scroll","background-type":"","background-media":"","overlay-type":"","overlay-color":"","overlay-opacity":"","overlay-gradient":""}}},"product_brand":[],"product_cat":[155,153],"product_tag":[],"class_list":{"0":"post-4100","1":"product","2":"type-product","3":"status-publish","4":"has-post-thumbnail","6":"product_cat-english-fr","7":"product_cat-easapart-145-fr","8":"desktop-align-left","9":"tablet-align-left","10":"mobile-align-left","12":"first","13":"instock","14":"sale","15":"downloadable","16":"virtual","17":"taxable","18":"purchasable","19":"product-type-simple"},"acf":[],"yoast_head":"<!-- This site is optimized with the Yoast SEO plugin v27.4 - https:\/\/yoast.com\/product\/yoast-seo-wordpress\/ -->\n<title>Cours initial: S\u00e9curit\u00e9 op\u00e9rationnelle + facteurs humains<\/title>\n<meta name=\"description\" content=\"Pr\u00e9parez-vous avec le cours initial de gestion de la s\u00e9curit\u00e9 op\u00e9rationnelle avec le facteur humain dans la maintenance des a\u00e9ronefs. En anglais.\" \/>\n<meta name=\"robots\" content=\"index, follow, max-snippet:-1, max-image-preview:large, max-video-preview:-1\" \/>\n<link rel=\"canonical\" href=\"http:\/\/segu-aero.com\/fr\/product\/safety-management-system-sms-including-human-factors-hhff-in-aircraft-maintenance-initial\/\" \/>\n<meta property=\"og:locale\" content=\"fr_FR\" \/>\n<meta property=\"og:type\" content=\"article\" \/>\n<meta property=\"og:title\" content=\"Cours initial : syst\u00e8me de gestion de la s\u00e9curit\u00e9 (SMS) avec facteurs humains (FFHH) en maintenance a\u00e9ronautique - Anglais\" \/>\n<meta property=\"og:description\" content=\"Pr\u00e9parez-vous avec le cours initial de gestion de la s\u00e9curit\u00e9 op\u00e9rationnelle avec le facteur humain dans la maintenance des a\u00e9ronefs.\" \/>\n<meta property=\"og:url\" content=\"http:\/\/segu-aero.com\/en\/product\/safety-management-system-sms-including-human-factors-hhff-in-aircraft-maintenance-initial\/\" \/>\n<meta property=\"og:site_name\" content=\"Segu-Aero\" \/>\n<meta property=\"article:modified_time\" content=\"2025-10-31T02:45:28+00:00\" \/>\n<meta property=\"og:image\" content=\"http:\/\/segu-aero.com\/wp-content\/uploads\/2025\/01\/fts-initial-eng-1-1024x768.jpg\" \/>\n<meta name=\"twitter:card\" content=\"summary_large_image\" \/>\n<meta name=\"twitter:title\" content=\"Cours initial : syst\u00e8me de gestion de la s\u00e9curit\u00e9 (SMS) avec facteurs humains (FFHH) en maintenance a\u00e9ronautique - Anglais\" \/>\n<meta name=\"twitter:description\" content=\"Pr\u00e9parez-vous avec le cours initial de gestion de la s\u00e9curit\u00e9 op\u00e9rationnelle avec le facteur humain dans la maintenance des a\u00e9ronefs.\" \/>\n<meta name=\"twitter:image\" content=\"http:\/\/segu-aero.com\/wp-content\/uploads\/2025\/01\/fts-initial-eng-1-1024x768.jpg\" \/>\n<meta name=\"twitter:label1\" content=\"Dur\u00e9e de lecture estim\u00e9e\" \/>\n\t<meta name=\"twitter:data1\" content=\"3 minutes\" \/>\n<!-- \/ Yoast SEO plugin. -->","yoast_head_json":{"title":"Cours initial: S\u00e9curit\u00e9 op\u00e9rationnelle + facteurs humains","description":"Pr\u00e9parez-vous avec le cours initial de gestion de la s\u00e9curit\u00e9 op\u00e9rationnelle avec le facteur humain dans la maintenance des a\u00e9ronefs. En anglais.","robots":{"index":"index","follow":"follow","max-snippet":"max-snippet:-1","max-image-preview":"max-image-preview:large","max-video-preview":"max-video-preview:-1"},"canonical":"http:\/\/segu-aero.com\/fr\/product\/safety-management-system-sms-including-human-factors-hhff-in-aircraft-maintenance-initial\/","og_locale":"fr_FR","og_type":"article","og_title":"Cours initial : syst\u00e8me de gestion de la s\u00e9curit\u00e9 (SMS) avec facteurs humains (FFHH) en maintenance a\u00e9ronautique - Anglais","og_description":"Pr\u00e9parez-vous avec le cours initial de gestion de la s\u00e9curit\u00e9 op\u00e9rationnelle avec le facteur humain dans la maintenance des a\u00e9ronefs.","og_url":"http:\/\/segu-aero.com\/en\/product\/safety-management-system-sms-including-human-factors-hhff-in-aircraft-maintenance-initial\/","og_site_name":"Segu-Aero","article_modified_time":"2025-10-31T02:45:28+00:00","og_image":[{"url":"http:\/\/segu-aero.com\/wp-content\/uploads\/2025\/01\/fts-initial-eng-1-1024x768.jpg","type":"","width":"","height":""}],"twitter_card":"summary_large_image","twitter_title":"Cours initial : syst\u00e8me de gestion de la s\u00e9curit\u00e9 (SMS) avec facteurs humains (FFHH) en maintenance a\u00e9ronautique - Anglais","twitter_description":"Pr\u00e9parez-vous avec le cours initial de gestion de la s\u00e9curit\u00e9 op\u00e9rationnelle avec le facteur humain dans la maintenance des a\u00e9ronefs.","twitter_image":"http:\/\/segu-aero.com\/wp-content\/uploads\/2025\/01\/fts-initial-eng-1-1024x768.jpg","twitter_misc":{"Dur\u00e9e de lecture estim\u00e9e":"3 minutes"},"schema":{"@context":"https:\/\/schema.org","@graph":[{"@type":"WebPage","@id":"https:\/\/segu-aero.com\/fr\/produit\/safety-management-system-sms-including-human-factors-hhff-in-aircraft-maintenance-initial\/","url":"http:\/\/segu-aero.com\/en\/product\/safety-management-system-sms-including-human-factors-hhff-in-aircraft-maintenance-initial\/","name":"Cours initial: S\u00e9curit\u00e9 op\u00e9rationnelle + facteurs humains","isPartOf":{"@id":"https:\/\/segu-aero.com\/fr\/#website"},"primaryImageOfPage":{"@id":"http:\/\/segu-aero.com\/en\/product\/safety-management-system-sms-including-human-factors-hhff-in-aircraft-maintenance-initial\/#primaryimage"},"image":{"@id":"http:\/\/segu-aero.com\/en\/product\/safety-management-system-sms-including-human-factors-hhff-in-aircraft-maintenance-initial\/#primaryimage"},"thumbnailUrl":"https:\/\/segu-aero.com\/wp-content\/uploads\/2025\/01\/fts-initial-eng-1.jpg","datePublished":"2025-01-22T16:31:09+00:00","dateModified":"2025-10-31T02:45:28+00:00","description":"Pr\u00e9parez-vous avec le cours initial de gestion de la s\u00e9curit\u00e9 op\u00e9rationnelle avec le facteur humain dans la maintenance des a\u00e9ronefs. En anglais.","breadcrumb":{"@id":"http:\/\/segu-aero.com\/en\/product\/safety-management-system-sms-including-human-factors-hhff-in-aircraft-maintenance-initial\/#breadcrumb"},"inLanguage":"fr-FR","potentialAction":[{"@type":"ReadAction","target":["http:\/\/segu-aero.com\/en\/product\/safety-management-system-sms-including-human-factors-hhff-in-aircraft-maintenance-initial\/"]}]},{"@type":"ImageObject","inLanguage":"fr-FR","@id":"http:\/\/segu-aero.com\/en\/product\/safety-management-system-sms-including-human-factors-hhff-in-aircraft-maintenance-initial\/#primaryimage","url":"https:\/\/segu-aero.com\/wp-content\/uploads\/2025\/01\/fts-initial-eng-1.jpg","contentUrl":"https:\/\/segu-aero.com\/wp-content\/uploads\/2025\/01\/fts-initial-eng-1.jpg","width":1984,"height":1488,"caption":"Cours initial syst\u00e8me de gestion de la s\u00e9curit\u00e9 (SMS) avec facteurs humains (FFHH) en maintenance a\u00e9ronautique anglais"},{"@type":"BreadcrumbList","@id":"http:\/\/segu-aero.com\/en\/product\/safety-management-system-sms-including-human-factors-hhff-in-aircraft-maintenance-initial\/#breadcrumb","itemListElement":[{"@type":"ListItem","position":1,"name":"Portada","item":"https:\/\/segu-aero.com\/fr\/"},{"@type":"ListItem","position":2,"name":"Produits","item":"https:\/\/segu-aero.com\/fr\/shop\/"},{"@type":"ListItem","position":3,"name":"Cours en ligne sur le syst\u00e8me de gestion de la s\u00e9curit\u00e9 (SMS) incluant les facteurs humains (FFHH) dans la maintenance des a\u00e9ronefs (Initial) &#8211; Anglais"}]},{"@type":"WebSite","@id":"https:\/\/segu-aero.com\/fr\/#website","url":"https:\/\/segu-aero.com\/fr\/","name":"Segu-Aero","description":"Especialistas en formaci\u00f3n y seguridad aeroportuaria","publisher":{"@id":"https:\/\/segu-aero.com\/fr\/#organization"},"potentialAction":[{"@type":"SearchAction","target":{"@type":"EntryPoint","urlTemplate":"https:\/\/segu-aero.com\/fr\/?s={search_term_string}"},"query-input":{"@type":"PropertyValueSpecification","valueRequired":true,"valueName":"search_term_string"}}],"inLanguage":"fr-FR"},{"@type":"Organization","@id":"https:\/\/segu-aero.com\/fr\/#organization","name":"Segu-Aero","url":"https:\/\/segu-aero.com\/fr\/","logo":{"@type":"ImageObject","inLanguage":"fr-FR","@id":"https:\/\/segu-aero.com\/fr\/#\/schema\/logo\/image\/","url":"https:\/\/segu-aero.com\/wp-content\/uploads\/2024\/10\/LOGO-SEG-AERO-2024.png","contentUrl":"https:\/\/segu-aero.com\/wp-content\/uploads\/2024\/10\/LOGO-SEG-AERO-2024.png","width":293,"height":128,"caption":"Segu-Aero"},"image":{"@id":"https:\/\/segu-aero.com\/fr\/#\/schema\/logo\/image\/"},"sameAs":["https:\/\/www.linkedin.com\/company\/formaero\/"]}]}},"_links":{"self":[{"href":"https:\/\/segu-aero.com\/fr\/wp-json\/wp\/v2\/product\/4100","targetHints":{"allow":["GET"]}}],"collection":[{"href":"https:\/\/segu-aero.com\/fr\/wp-json\/wp\/v2\/product"}],"about":[{"href":"https:\/\/segu-aero.com\/fr\/wp-json\/wp\/v2\/types\/product"}],"version-history":[{"count":8,"href":"https:\/\/segu-aero.com\/fr\/wp-json\/wp\/v2\/product\/4100\/revisions"}],"predecessor-version":[{"id":6100,"href":"https:\/\/segu-aero.com\/fr\/wp-json\/wp\/v2\/product\/4100\/revisions\/6100"}],"wp:featuredmedia":[{"embeddable":true,"href":"https:\/\/segu-aero.com\/fr\/wp-json\/wp\/v2\/media\/3966"}],"wp:attachment":[{"href":"https:\/\/segu-aero.com\/fr\/wp-json\/wp\/v2\/media?parent=4100"}],"wp:term":[{"taxonomy":"product_brand","embeddable":true,"href":"https:\/\/segu-aero.com\/fr\/wp-json\/wp\/v2\/product_brand?post=4100"},{"taxonomy":"product_cat","embeddable":true,"href":"https:\/\/segu-aero.com\/fr\/wp-json\/wp\/v2\/product_cat?post=4100"},{"taxonomy":"product_tag","embeddable":true,"href":"https:\/\/segu-aero.com\/fr\/wp-json\/wp\/v2\/product_tag?post=4100"}],"curies":[{"name":"wp","href":"https:\/\/api.w.org\/{rel}","templated":true}]}}