{"id":4081,"date":"2025-04-23T17:02:25","date_gmt":"2025-04-23T15:02:25","guid":{"rendered":"http:\/\/segu-aero.com\/?post_type=product&#038;p=4081"},"modified":"2025-10-30T18:45:30","modified_gmt":"2025-10-30T17:45:30","slug":"11-2-6-avsec-training-persons-requiring-access-security-restricted-areas","status":"publish","type":"product","link":"https:\/\/segu-aero.com\/fr\/produit\/11-2-6-avsec-training-persons-requiring-access-security-restricted-areas\/","title":{"rendered":"Formation AVSEC pour les personnes n\u00e9cessitant un libre acc\u00e8s \u00e0 la zone de s\u00e9curit\u00e9 restreinte (ZSR) (11.2.6) &#8211; Anglais"},"content":{"rendered":"\t\t<div data-elementor-type=\"product-post\" data-elementor-id=\"4081\" class=\"elementor elementor-4081 elementor-4079\" data-elementor-post-type=\"product\">\n\t\t\t\t<div class=\"elementor-element elementor-element-7021868f e-flex e-con-boxed e-con e-parent\" data-id=\"7021868f\" data-element_type=\"container\" data-e-type=\"container\">\n\t\t\t\t\t<div class=\"e-con-inner\">\n\t\t\t\t<div class=\"elementor-element elementor-element-8dc84e0 elementor-widget elementor-widget-text-editor\" data-id=\"8dc84e0\" data-element_type=\"widget\" data-e-type=\"widget\" data-widget_type=\"text-editor.default\">\n\t\t\t\t<div class=\"elementor-widget-container\">\n\t\t\t\t\t\t\t\t\t<blockquote><p><strong>IMPORTANT : ce cours est en anglais, si vous le souhaitez, vous pouvez acheter le <a href=\"https:\/\/segu-aero.com\/fr\/producto\/11-2-6-formacion-avsec-personas-libre-acceso-a-zrs\/\">cours AVSEC 11.2.6 en espagnol<\/a>.<\/strong><\/p><\/blockquote><p>Ce cours s&#8217;adresse aux personnes qui, en raison de leur r\u00f4le ou de leurs responsabilit\u00e9s, n\u00e9cessitent un <strong>acc\u00e8s libre ou fr\u00e9quent aux zones de s\u00e9curit\u00e9 r\u00e9glement\u00e9es (ZRS) des a\u00e9roports<\/strong>.<\/p><p>Cette formation de sensibilisation \u00e0 la s\u00e9curit\u00e9 enseigne les principes de base du syst\u00e8me AVSEC, les obligations du personnel autoris\u00e9, les mesures de s\u00e9curit\u00e9 minimales, le comportement requis, les proc\u00e9dures de signalement et les implications juridiques de l&#8217;acc\u00e8s aux zones sensibles.<\/p><p>Le cours vise \u00e0 sensibiliser \u00e0 l&#8217;importance de suivre les protocoles, de pr\u00e9venir les menaces et de respecter les r\u00e9glementations a\u00e9roportuaires pour maintenir l&#8217;int\u00e9grit\u00e9 op\u00e9rationnelle et la protection du syst\u00e8me a\u00e9rien.<\/p><h2>Objectifs du cours<\/h2><p>Ce cours permet \u00e0 l&#8217;\u00e9tudiant de :<\/p><ul><li>Comprendre le cadre r\u00e9glementaire AVSEC applicable aux zones r\u00e9glement\u00e9es.<\/li><li>Identifier les risques et menaces li\u00e9s \u00e0 l\u2019acc\u00e8s au ZRS.<\/li><li>Appliquer des pratiques comportementales correctes, des contr\u00f4les de s\u00e9curit\u00e9 et une surveillance personnelle.<\/li><li>Conna\u00eetre les obligations l\u00e9gales et les responsabilit\u00e9s du personnel en acc\u00e8s libre.<\/li><li>Savoir signaler les incidents de s\u00e9curit\u00e9, les anomalies et les comportements suspects.<\/li><li>Agir avec conscience et discipline dans l\u2019environnement sensible de l\u2019a\u00e9roport.<\/li><\/ul><h2>A qui s&#8217;adresse-t-il?<\/h2><p>Ce cours s&#8217;adresse \u00e0 :<\/p><ul><li>Personnel technique, administratif ou de support ayant besoin d&#8217;un acc\u00e8s libre aux zones de s\u00e9curit\u00e9 r\u00e9glement\u00e9es (ZRS).<\/li><li>Employ\u00e9s des entreprises de manutention, maintenance, approvisionnement, nettoyage, logistique, restauration, etc., qui p\u00e9n\u00e8trent dans les zones op\u00e9rationnelles de l&#8217;a\u00e9roport.<\/li><li>Personnes participant \u00e0 des op\u00e9rations fr\u00e9quentes au sein de la zone de mouvement (mais pas n\u00e9cessairement au contr\u00f4le de s\u00e9curit\u00e9).<\/li><li>Nouvelles recrues n\u00e9cessitant une accr\u00e9ditation de sensibilisation AVSEC pour ZRS.<\/li><\/ul><p>L&#8217;obtention du certificat de cours AVSEC 11.2.6 est une condition essentielle pour demander ou renouveler l&#8217;accr\u00e9ditation a\u00e9roportuaire.<\/p><h2>Pourquoi suivre ce cours ?<\/h2><p>Avoir un acc\u00e8s libre \u00e0 des zones sensibles comme la ZRS implique un degr\u00e9 de responsabilit\u00e9 et de risque plus \u00e9lev\u00e9. Cette formation de sensibilisation est indispensable pour plusieurs raisons : <\/p><ul><li>R\u00e9pond aux exigences obligatoires du r\u00e8glement AVSEC pour ceux qui acc\u00e8dent au ZRS.<\/li><li>Favorise une culture de s\u00e9curit\u00e9 et de surveillance chez les personnes ayant un acc\u00e8s fr\u00e9quent. ou AVSEC pour ceux qui acc\u00e8dent \u00e0 ZRS.<\/li><li>R\u00e9duit le risque de menaces internes, de comportements n\u00e9gligents ou de violations.<\/li><li>Am\u00e9liore la coordination entre la surveillance, le contr\u00f4le et les op\u00e9rations a\u00e9roportuaires.<\/li><li>Renforcez votre profil professionnel dans le domaine AVSEC et assurez la conformit\u00e9 r\u00e9glementaire.<\/li><\/ul><p>Ce cours garantit que les personnes ayant acc\u00e8s aux zones r\u00e9glement\u00e9es agissent avec connaissance, responsabilit\u00e9 et conduite exemplaire, contribuant ainsi \u00e0 l&#8217;int\u00e9grit\u00e9 globale du syst\u00e8me de s\u00e9curit\u00e9 a\u00e9roportuaire.<\/p><h2>Programme de formation AVSEC pour les personnes n\u00e9cessitant un libre acc\u00e8s \u00e0 la ZRS<\/h2><ul><li>Actes ant\u00e9rieurs d\u2019intervention ill\u00e9gale contre l\u2019aviation civile, actes terroristes et menaces r\u00e9elles.<\/li><li> Exigences juridiques pertinentes et connaissance des \u00e9l\u00e9ments qui contribuent \u00e0 cr\u00e9er une culture de s\u00e9curit\u00e9 forte et r\u00e9siliente sur le lieu de travail et dans l&#8217;aviation, y compris, mais sans s&#8217;y limiter, les menaces internes et la radicalisation.<\/li><li>Objectifs et organisation de la s\u00fbret\u00e9 a\u00e9rienne, y compris les obligations et responsabilit\u00e9s des personnes effectuant les contr\u00f4les de s\u00fbret\u00e9.<\/li><li>Configuration des points de contr\u00f4le et des processus d&#8217;inspection.<\/li><li>Proc\u00e9dures de contr\u00f4le d\u2019acc\u00e8s et de contr\u00f4le de s\u00e9curit\u00e9.<\/li><li>Accr\u00e9ditations et autorisations utilis\u00e9es dans les a\u00e9roports.<\/li><li>Proc\u00e9dures de notification.<\/li><li>Action en cas d&#8217;incidents de s\u00e9curit\u00e9.<\/li><\/ul>\t\t\t\t\t\t\t\t<\/div>\n\t\t\t\t<\/div>\n\t\t\t\t\t<\/div>\n\t\t\t\t<\/div>\n\t\t\t\t<\/div>\n\t\t","protected":false},"excerpt":{"rendered":"<p>Formation de sensibilisation des personnes b\u00e9n\u00e9ficiant d&#8217;un acc\u00e8s libre aux zones r\u00e9glement\u00e9es (ZRS) certifi\u00e9es par l&#8217;AESA.<\/p>\n<ul>\n<li>Langue: Anglais<\/li>\n<li>Dur\u00e9e: 3 heures<\/li>\n<li>Certification: valable 5 ans<\/li>\n<\/ul>\n","protected":false},"featured_media":2249,"template":"","meta":{"_acf_changed":false,"site-sidebar-layout":"default","site-content-layout":"","ast-site-content-layout":"default","site-content-style":"default","site-sidebar-style":"default","ast-global-header-display":"","ast-banner-title-visibility":"","ast-main-header-display":"","ast-hfb-above-header-display":"","ast-hfb-below-header-display":"","ast-hfb-mobile-header-display":"","site-post-title":"","ast-breadcrumbs-content":"","ast-featured-img":"","footer-sml-layout":"","ast-disable-related-posts":"","theme-transparent-header-meta":"default","adv-header-id-meta":"","stick-header-meta":"","header-above-stick-meta":"","header-main-stick-meta":"","header-below-stick-meta":"","astra-migrate-meta-layouts":"set","ast-page-background-enabled":"default","ast-page-background-meta":{"desktop":{"background-color":"var(--ast-global-color-5)","background-image":"","background-repeat":"repeat","background-position":"center center","background-size":"auto","background-attachment":"scroll","background-type":"","background-media":"","overlay-type":"","overlay-color":"","overlay-opacity":"","overlay-gradient":""},"tablet":{"background-color":"","background-image":"","background-repeat":"repeat","background-position":"center center","background-size":"auto","background-attachment":"scroll","background-type":"","background-media":"","overlay-type":"","overlay-color":"","overlay-opacity":"","overlay-gradient":""},"mobile":{"background-color":"","background-image":"","background-repeat":"repeat","background-position":"center center","background-size":"auto","background-attachment":"scroll","background-type":"","background-media":"","overlay-type":"","overlay-color":"","overlay-opacity":"","overlay-gradient":""}},"ast-content-background-meta":{"desktop":{"background-color":"var(--ast-global-color-4)","background-image":"","background-repeat":"repeat","background-position":"center center","background-size":"auto","background-attachment":"scroll","background-type":"","background-media":"","overlay-type":"","overlay-color":"","overlay-opacity":"","overlay-gradient":""},"tablet":{"background-color":"var(--ast-global-color-4)","background-image":"","background-repeat":"repeat","background-position":"center center","background-size":"auto","background-attachment":"scroll","background-type":"","background-media":"","overlay-type":"","overlay-color":"","overlay-opacity":"","overlay-gradient":""},"mobile":{"background-color":"var(--ast-global-color-4)","background-image":"","background-repeat":"repeat","background-position":"center center","background-size":"auto","background-attachment":"scroll","background-type":"","background-media":"","overlay-type":"","overlay-color":"","overlay-opacity":"","overlay-gradient":""}}},"product_brand":[],"product_cat":[155,144],"product_tag":[],"class_list":{"0":"post-4081","1":"product","2":"type-product","3":"status-publish","4":"has-post-thumbnail","6":"product_cat-english-fr","7":"product_cat-avsec-fr","8":"desktop-align-left","9":"tablet-align-left","10":"mobile-align-left","12":"first","13":"instock","14":"sale","15":"downloadable","16":"virtual","17":"taxable","18":"purchasable","19":"product-type-simple"},"acf":[],"yoast_head":"<!-- This site is optimized with the Yoast SEO plugin v27.4 - https:\/\/yoast.com\/product\/yoast-seo-wordpress\/ -->\n<title>Cours AVSEC pour un acc\u00e8s gratuit \u00e0 ZRS (11.2.6) - Anglais<\/title>\n<meta name=\"description\" content=\"Devenez une personne autoris\u00e9e \u00e0 acc\u00e9der librement aux zones de s\u00e9curit\u00e9 restreintes (ZSR) des a\u00e9roports gr\u00e2ce \u00e0 la formation AVSEC 11.2.6.\" \/>\n<meta name=\"robots\" content=\"index, follow, max-snippet:-1, max-image-preview:large, max-video-preview:-1\" \/>\n<link rel=\"canonical\" href=\"http:\/\/segu-aero.com\/fr\/product\/11-2-6-avsec-training-persons-requiring-access-security-restricted-areas\/\" \/>\n<meta property=\"og:locale\" content=\"fr_FR\" \/>\n<meta property=\"og:type\" content=\"article\" \/>\n<meta property=\"og:title\" content=\"Formation AVSEC pour ceux qui n\u00e9cessitent un libre acc\u00e8s \u00e0 ZRS (11.2.6) - Anglais\" \/>\n<meta property=\"og:description\" content=\"Devenez une personne autoris\u00e9e \u00e0 acc\u00e9der librement aux zones de s\u00e9curit\u00e9 restreintes (ZSR) des a\u00e9roports gr\u00e2ce \u00e0 la formation AVSEC 11.2.6. Certification AESA.\" \/>\n<meta property=\"og:url\" content=\"http:\/\/segu-aero.com\/en\/product\/11-2-6-avsec-training-persons-requiring-access-security-restricted-areas\/\" \/>\n<meta property=\"og:site_name\" content=\"Segu-Aero\" \/>\n<meta property=\"article:modified_time\" content=\"2025-10-30T17:45:30+00:00\" \/>\n<meta property=\"og:image\" content=\"https:\/\/segu-aero.com\/wp-content\/uploads\/2025\/01\/image021-5.jpg\" \/>\n\t<meta property=\"og:image:width\" content=\"261\" \/>\n\t<meta property=\"og:image:height\" content=\"195\" \/>\n\t<meta property=\"og:image:type\" content=\"image\/jpeg\" \/>\n<meta name=\"twitter:card\" content=\"summary_large_image\" \/>\n<meta name=\"twitter:title\" content=\"Formation AVSEC pour ceux qui n\u00e9cessitent un libre acc\u00e8s \u00e0 ZRS (11.2.6) - Anglais\" \/>\n<meta name=\"twitter:description\" content=\"Devenez une personne autoris\u00e9e \u00e0 acc\u00e9der librement aux zones de s\u00e9curit\u00e9 restreintes (ZSR) des a\u00e9roports gr\u00e2ce \u00e0 la formation AVSEC 11.2.6. Certification AESA.\" \/>\n<meta name=\"twitter:label1\" content=\"Dur\u00e9e de lecture estim\u00e9e\" \/>\n\t<meta name=\"twitter:data1\" content=\"3 minutes\" \/>\n<!-- \/ Yoast SEO plugin. -->","yoast_head_json":{"title":"Cours AVSEC pour un acc\u00e8s gratuit \u00e0 ZRS (11.2.6) - Anglais","description":"Devenez une personne autoris\u00e9e \u00e0 acc\u00e9der librement aux zones de s\u00e9curit\u00e9 restreintes (ZSR) des a\u00e9roports gr\u00e2ce \u00e0 la formation AVSEC 11.2.6.","robots":{"index":"index","follow":"follow","max-snippet":"max-snippet:-1","max-image-preview":"max-image-preview:large","max-video-preview":"max-video-preview:-1"},"canonical":"http:\/\/segu-aero.com\/fr\/product\/11-2-6-avsec-training-persons-requiring-access-security-restricted-areas\/","og_locale":"fr_FR","og_type":"article","og_title":"Formation AVSEC pour ceux qui n\u00e9cessitent un libre acc\u00e8s \u00e0 ZRS (11.2.6) - Anglais","og_description":"Devenez une personne autoris\u00e9e \u00e0 acc\u00e9der librement aux zones de s\u00e9curit\u00e9 restreintes (ZSR) des a\u00e9roports gr\u00e2ce \u00e0 la formation AVSEC 11.2.6. Certification AESA.","og_url":"http:\/\/segu-aero.com\/en\/product\/11-2-6-avsec-training-persons-requiring-access-security-restricted-areas\/","og_site_name":"Segu-Aero","article_modified_time":"2025-10-30T17:45:30+00:00","og_image":[{"width":261,"height":195,"url":"https:\/\/segu-aero.com\/wp-content\/uploads\/2025\/01\/image021-5.jpg","type":"image\/jpeg"}],"twitter_card":"summary_large_image","twitter_title":"Formation AVSEC pour ceux qui n\u00e9cessitent un libre acc\u00e8s \u00e0 ZRS (11.2.6) - Anglais","twitter_description":"Devenez une personne autoris\u00e9e \u00e0 acc\u00e9der librement aux zones de s\u00e9curit\u00e9 restreintes (ZSR) des a\u00e9roports gr\u00e2ce \u00e0 la formation AVSEC 11.2.6. Certification AESA.","twitter_misc":{"Dur\u00e9e de lecture estim\u00e9e":"3 minutes"},"schema":{"@context":"https:\/\/schema.org","@graph":[{"@type":"WebPage","@id":"https:\/\/segu-aero.com\/fr\/produit\/11-2-6-avsec-training-persons-requiring-access-security-restricted-areas\/","url":"http:\/\/segu-aero.com\/en\/product\/11-2-6-avsec-training-persons-requiring-access-security-restricted-areas\/","name":"Cours AVSEC pour un acc\u00e8s gratuit \u00e0 ZRS (11.2.6) - Anglais","isPartOf":{"@id":"https:\/\/segu-aero.com\/fr\/#website"},"primaryImageOfPage":{"@id":"http:\/\/segu-aero.com\/en\/product\/11-2-6-avsec-training-persons-requiring-access-security-restricted-areas\/#primaryimage"},"image":{"@id":"http:\/\/segu-aero.com\/en\/product\/11-2-6-avsec-training-persons-requiring-access-security-restricted-areas\/#primaryimage"},"thumbnailUrl":"https:\/\/segu-aero.com\/wp-content\/uploads\/2025\/01\/image021-5.jpg","datePublished":"2025-04-23T15:02:25+00:00","dateModified":"2025-10-30T17:45:30+00:00","description":"Devenez une personne autoris\u00e9e \u00e0 acc\u00e9der librement aux zones de s\u00e9curit\u00e9 restreintes (ZSR) des a\u00e9roports gr\u00e2ce \u00e0 la formation AVSEC 11.2.6.","breadcrumb":{"@id":"http:\/\/segu-aero.com\/en\/product\/11-2-6-avsec-training-persons-requiring-access-security-restricted-areas\/#breadcrumb"},"inLanguage":"fr-FR","potentialAction":[{"@type":"ReadAction","target":["http:\/\/segu-aero.com\/en\/product\/11-2-6-avsec-training-persons-requiring-access-security-restricted-areas\/"]}]},{"@type":"ImageObject","inLanguage":"fr-FR","@id":"http:\/\/segu-aero.com\/en\/product\/11-2-6-avsec-training-persons-requiring-access-security-restricted-areas\/#primaryimage","url":"https:\/\/segu-aero.com\/wp-content\/uploads\/2025\/01\/image021-5.jpg","contentUrl":"https:\/\/segu-aero.com\/wp-content\/uploads\/2025\/01\/image021-5.jpg","width":261,"height":195,"caption":"zone r\u00e9glement\u00e9e de s\u00e9curit\u00e9 de l'a\u00e9roport"},{"@type":"BreadcrumbList","@id":"http:\/\/segu-aero.com\/en\/product\/11-2-6-avsec-training-persons-requiring-access-security-restricted-areas\/#breadcrumb","itemListElement":[{"@type":"ListItem","position":1,"name":"Portada","item":"https:\/\/segu-aero.com\/fr\/"},{"@type":"ListItem","position":2,"name":"Produits","item":"https:\/\/segu-aero.com\/fr\/shop\/"},{"@type":"ListItem","position":3,"name":"Formation AVSEC pour les personnes n\u00e9cessitant un libre acc\u00e8s \u00e0 la zone de s\u00e9curit\u00e9 restreinte (ZSR) (11.2.6) &#8211; Anglais"}]},{"@type":"WebSite","@id":"https:\/\/segu-aero.com\/fr\/#website","url":"https:\/\/segu-aero.com\/fr\/","name":"Segu-Aero","description":"Especialistas en formaci\u00f3n y seguridad aeroportuaria","publisher":{"@id":"https:\/\/segu-aero.com\/fr\/#organization"},"potentialAction":[{"@type":"SearchAction","target":{"@type":"EntryPoint","urlTemplate":"https:\/\/segu-aero.com\/fr\/?s={search_term_string}"},"query-input":{"@type":"PropertyValueSpecification","valueRequired":true,"valueName":"search_term_string"}}],"inLanguage":"fr-FR"},{"@type":"Organization","@id":"https:\/\/segu-aero.com\/fr\/#organization","name":"Segu-Aero","url":"https:\/\/segu-aero.com\/fr\/","logo":{"@type":"ImageObject","inLanguage":"fr-FR","@id":"https:\/\/segu-aero.com\/fr\/#\/schema\/logo\/image\/","url":"https:\/\/segu-aero.com\/wp-content\/uploads\/2024\/10\/LOGO-SEG-AERO-2024.png","contentUrl":"https:\/\/segu-aero.com\/wp-content\/uploads\/2024\/10\/LOGO-SEG-AERO-2024.png","width":293,"height":128,"caption":"Segu-Aero"},"image":{"@id":"https:\/\/segu-aero.com\/fr\/#\/schema\/logo\/image\/"},"sameAs":["https:\/\/www.linkedin.com\/company\/formaero\/"]}]}},"_links":{"self":[{"href":"https:\/\/segu-aero.com\/fr\/wp-json\/wp\/v2\/product\/4081","targetHints":{"allow":["GET"]}}],"collection":[{"href":"https:\/\/segu-aero.com\/fr\/wp-json\/wp\/v2\/product"}],"about":[{"href":"https:\/\/segu-aero.com\/fr\/wp-json\/wp\/v2\/types\/product"}],"version-history":[{"count":12,"href":"https:\/\/segu-aero.com\/fr\/wp-json\/wp\/v2\/product\/4081\/revisions"}],"predecessor-version":[{"id":6069,"href":"https:\/\/segu-aero.com\/fr\/wp-json\/wp\/v2\/product\/4081\/revisions\/6069"}],"wp:featuredmedia":[{"embeddable":true,"href":"https:\/\/segu-aero.com\/fr\/wp-json\/wp\/v2\/media\/2249"}],"wp:attachment":[{"href":"https:\/\/segu-aero.com\/fr\/wp-json\/wp\/v2\/media?parent=4081"}],"wp:term":[{"taxonomy":"product_brand","embeddable":true,"href":"https:\/\/segu-aero.com\/fr\/wp-json\/wp\/v2\/product_brand?post=4081"},{"taxonomy":"product_cat","embeddable":true,"href":"https:\/\/segu-aero.com\/fr\/wp-json\/wp\/v2\/product_cat?post=4081"},{"taxonomy":"product_tag","embeddable":true,"href":"https:\/\/segu-aero.com\/fr\/wp-json\/wp\/v2\/product_tag?post=4081"}],"curies":[{"name":"wp","href":"https:\/\/api.w.org\/{rel}","templated":true}]}}