{"id":4072,"date":"2025-01-22T16:31:10","date_gmt":"2025-01-22T16:31:10","guid":{"rendered":"http:\/\/segu-aero.com\/product\/safety-management-system-sms-initial\/"},"modified":"2025-10-30T19:16:34","modified_gmt":"2025-10-30T18:16:34","slug":"safety-management-system-sms-initial","status":"publish","type":"product","link":"https:\/\/segu-aero.com\/fr\/produit\/safety-management-system-sms-initial\/","title":{"rendered":"Cours en ligne sur le syst\u00e8me de gestion de la s\u00e9curit\u00e9 dans l&#8217;aviation (SMS) (Initial) &#8211; Anglais"},"content":{"rendered":"\t\t<div data-elementor-type=\"product-post\" data-elementor-id=\"4072\" class=\"elementor elementor-4072 elementor-2317\" data-elementor-post-type=\"product\">\n\t\t\t\t<div class=\"elementor-element elementor-element-28deeee0 e-flex e-con-boxed e-con e-parent\" data-id=\"28deeee0\" data-element_type=\"container\" data-e-type=\"container\">\n\t\t\t\t\t<div class=\"e-con-inner\">\n\t\t\t\t<div class=\"elementor-element elementor-element-4a03be78 elementor-widget elementor-widget-text-editor\" data-id=\"4a03be78\" data-element_type=\"widget\" data-e-type=\"widget\" data-widget_type=\"text-editor.default\">\n\t\t\t\t<div class=\"elementor-widget-container\">\n\t\t\t\t\t\t\t\t\t<blockquote><p><strong>IMPORTANT : Ce cours est en anglais, si vous le souhaitez, vous pouvez acheter le <a href=\"https:\/\/segu-aero.com\/fr\/producto\/sistema-de-gestion-de-la-seguridad-operacional-sms-inicial\/\">cours sur le syst\u00e8me de gestion de la s\u00e9curit\u00e9 op\u00e9rationnelle en espagnol.<\/a><\/strong><\/p><\/blockquote><p>Le <strong data-start=\"2078\" data-end=\"2099\">cours initial de syst\u00e8me de gestion de la s\u00e9curit\u00e9 (SMS) <\/strong>propose une introduction pratique et normative : son objectif, ses composantes (politique, gestion des risques, garantie et promotion), ses r\u00f4les et responsabilit\u00e9s au sein d&#8217;une organisation a\u00e9ronautique.<\/p><p>Il s&#8217;adresse au personnel technique, aux managers et \u00e0 tout travailleur dont la position peut influencer la s\u00e9curit\u00e9 de fonctionnement. Ce cours est dispens\u00e9 dans un format adapt\u00e9 aux exigences r\u00e9glementaires (<a href=\"https:\/\/www.icao.int\/fr\" target=\"_blank\" rel=\"noopener\">ICAO<\/a>\/<a href=\"https:\/\/www.easa.europa.eu\/en\" target=\"_blank\" rel=\"noopener\">EASA<\/a>). <\/p><h2>Objectifs du cours<\/h2><p>Familiariser les participants aux r\u00e8gles et r\u00e9glementations de s\u00e9curit\u00e9, les former \u00e0 l\u2019identification et \u00e0 l\u2019\u00e9valuation des risques et leur fournir des outils pour mettre en \u0153uvre un SGS efficace. De plus, il cherche \u00e0 promouvoir une culture de s\u00e9curit\u00e9 dans l&#8217;organisation, \u00e0 enseigner les principes d&#8217;am\u00e9lioration continue et \u00e0 d\u00e9velopper des comp\u00e9tences en mati\u00e8re de gestion des urgences, d&#8217;audits internes et de documentation. Tout cela afin de r\u00e9duire les incidents et d&#8217;am\u00e9liorer les r\u00e9sultats en termes de s\u00e9curit\u00e9 au travail.  <\/p><h2>A qui s&#8217;adresse ce cours ?<\/h2><ul><li>Nouveau personnel dans les d\u00e9partements op\u00e9rationnels, la maintenance (Part-145), les op\u00e9rations a\u00e9riennes et le personnel de soutien qui doivent comprendre leur r\u00f4le dans le SMS.<\/li><li>Cadres interm\u00e9diaires et superviseurs qui dirigent des \u00e9quipes et des processus sensibles \u00e0 la s\u00e9curit\u00e9 op\u00e9rationnelle.<\/li><li>Responsables de s\u00e9curit\u00e9 des organisations qui mettent en \u0153uvre ou mettent \u00e0 jour leurs SMS.<\/li><\/ul><p>En bref : tout professionnel dont l&#8217;activit\u00e9 peut affecter la s\u00e9curit\u00e9 des op\u00e9rations.<\/p><h2>Pourquoi suivre le cours ?<\/h2><ul><li><strong>Vous r\u00e9pondez aux exigences r\u00e9glementaires <\/strong>: La formation initiale SMS est la base permettant \u00e0 une organisation de mettre en \u0153uvre et de maintenir un SMS conform\u00e9ment aux bonnes pratiques internationales.<\/li><li><strong>Vous am\u00e9liorez la s\u00e9curit\u00e9 et la culture <\/strong>: vous comprendrez comment identifier les dangers, \u00e9valuer les risques et communiquer les am\u00e9liorations en mati\u00e8re de s\u00e9curit\u00e9 au sein de votre \u00e9quipe.<\/li><li><strong>Rapide et pratique <\/strong>: cours concentr\u00e9 pour acqu\u00e9rir les comp\u00e9tences essentielles en quelques heures et en ligne.<\/li><\/ul><h2>Programme de formation initial Syst\u00e8me de gestion de la s\u00e9curit\u00e9 op\u00e9rationnelle (SMS)<\/h2><ul><li>Module 1 : Introduction aux SMS.<\/li><li>Module 2 : R\u00e9glementation et cadre r\u00e9glementaire.<\/li><li>Module 3 : Composantes et \u00e9l\u00e9ments du SMS.<\/li><li>Module 4 : Gestion des risques de s\u00e9curit\u00e9.<\/li><li>Module 5 : Guide de transition vers la partie 145<\/li><li>Module 6 : \u00c9tude de cas<\/li><\/ul>\t\t\t\t\t\t\t\t<\/div>\n\t\t\t\t<\/div>\n\t\t\t\t\t<\/div>\n\t\t\t\t<\/div>\n\t\t\t\t<\/div>\n\t\t","protected":false},"excerpt":{"rendered":"<p>Le cours initial SMS en aviation sert \u00e0 apprendre les principes, les composants et les responsabilit\u00e9s du syst\u00e8me de gestion de la s\u00e9curit\u00e9 op\u00e9rationnelle.<\/p>\n<ul>\n<li>Langue: Anglais<\/li>\n<li>Dur\u00e9e: 6 heures<\/li>\n<li>Certification: valable 2 ans<\/li>\n<\/ul>\n","protected":false},"featured_media":3945,"template":"","meta":{"_acf_changed":false,"site-sidebar-layout":"default","site-content-layout":"","ast-site-content-layout":"default","site-content-style":"default","site-sidebar-style":"default","ast-global-header-display":"","ast-banner-title-visibility":"","ast-main-header-display":"","ast-hfb-above-header-display":"","ast-hfb-below-header-display":"","ast-hfb-mobile-header-display":"","site-post-title":"","ast-breadcrumbs-content":"","ast-featured-img":"","footer-sml-layout":"","ast-disable-related-posts":"","theme-transparent-header-meta":"default","adv-header-id-meta":"","stick-header-meta":"","header-above-stick-meta":"","header-main-stick-meta":"","header-below-stick-meta":"","astra-migrate-meta-layouts":"set","ast-page-background-enabled":"default","ast-page-background-meta":{"desktop":{"background-color":"var(--ast-global-color-5)","background-image":"","background-repeat":"repeat","background-position":"center center","background-size":"auto","background-attachment":"scroll","background-type":"","background-media":"","overlay-type":"","overlay-color":"","overlay-opacity":"","overlay-gradient":""},"tablet":{"background-color":"","background-image":"","background-repeat":"repeat","background-position":"center center","background-size":"auto","background-attachment":"scroll","background-type":"","background-media":"","overlay-type":"","overlay-color":"","overlay-opacity":"","overlay-gradient":""},"mobile":{"background-color":"","background-image":"","background-repeat":"repeat","background-position":"center center","background-size":"auto","background-attachment":"scroll","background-type":"","background-media":"","overlay-type":"","overlay-color":"","overlay-opacity":"","overlay-gradient":""}},"ast-content-background-meta":{"desktop":{"background-color":"var(--ast-global-color-4)","background-image":"","background-repeat":"repeat","background-position":"center center","background-size":"auto","background-attachment":"scroll","background-type":"","background-media":"","overlay-type":"","overlay-color":"","overlay-opacity":"","overlay-gradient":""},"tablet":{"background-color":"var(--ast-global-color-4)","background-image":"","background-repeat":"repeat","background-position":"center center","background-size":"auto","background-attachment":"scroll","background-type":"","background-media":"","overlay-type":"","overlay-color":"","overlay-opacity":"","overlay-gradient":""},"mobile":{"background-color":"var(--ast-global-color-4)","background-image":"","background-repeat":"repeat","background-position":"center center","background-size":"auto","background-attachment":"scroll","background-type":"","background-media":"","overlay-type":"","overlay-color":"","overlay-opacity":"","overlay-gradient":""}}},"product_brand":[],"product_cat":[155,153],"product_tag":[],"class_list":{"0":"post-4072","1":"product","2":"type-product","3":"status-publish","4":"has-post-thumbnail","6":"product_cat-english-fr","7":"product_cat-easapart-145-fr","8":"desktop-align-left","9":"tablet-align-left","10":"mobile-align-left","12":"first","13":"instock","14":"sale","15":"downloadable","16":"virtual","17":"taxable","18":"purchasable","19":"product-type-simple"},"acf":[],"yoast_head":"<!-- This site is optimized with the Yoast SEO plugin v27.4 - https:\/\/yoast.com\/product\/yoast-seo-wordpress\/ -->\n<title>Cours Initial: Syst\u00e8me de gestion de s\u00e9curit\u00e9 op\u00e9rationnelle - Anglais<\/title>\n<meta name=\"description\" content=\"Pr\u00e9parez-vous avec le cours initial aux syst\u00e8mes de gestion de la s\u00e9curit\u00e9 dans l&#039;aviation en anglais. Formation en ligne avec certification officielle.\" \/>\n<meta name=\"robots\" content=\"index, follow, max-snippet:-1, max-image-preview:large, max-video-preview:-1\" \/>\n<link rel=\"canonical\" href=\"http:\/\/segu-aero.com\/fr\/producto\/safety-management-system-sms-initial\/\" \/>\n<meta property=\"og:locale\" content=\"fr_FR\" \/>\n<meta property=\"og:type\" content=\"article\" \/>\n<meta property=\"og:title\" content=\"Cours en ligne sur le syst\u00e8me de gestion de la s\u00e9curit\u00e9 a\u00e9rienne (SMS) (initiale) - Anglais\" \/>\n<meta property=\"og:description\" content=\"Pr\u00e9parez-vous avec le cours initial sur le syst\u00e8me de gestion de la s\u00e9curit\u00e9 a\u00e9rienne (SMS) en anglais. Formation en ligne avec certificat officiel.\" \/>\n<meta property=\"og:url\" content=\"http:\/\/segu-aero.com\/producto\/safety-management-system-sms-initial\/\" \/>\n<meta property=\"og:site_name\" content=\"Segu-Aero\" \/>\n<meta property=\"article:modified_time\" content=\"2025-10-30T18:16:34+00:00\" \/>\n<meta property=\"og:image\" content=\"http:\/\/segu-aero.com\/wp-content\/uploads\/2025\/01\/sms-initial-eng-1-1024x768.jpg\" \/>\n<meta name=\"twitter:card\" content=\"summary_large_image\" \/>\n<meta name=\"twitter:title\" content=\"Cours en ligne sur le syst\u00e8me de gestion de la s\u00e9curit\u00e9 a\u00e9rienne (SMS) (initiale) - Anglais\" \/>\n<meta name=\"twitter:description\" content=\"Pr\u00e9parez-vous avec le cours initial sur le syst\u00e8me de gestion de la s\u00e9curit\u00e9 a\u00e9rienne (SMS) en anglais. Formation en ligne avec certificat officiel.\" \/>\n<meta name=\"twitter:image\" content=\"http:\/\/segu-aero.com\/wp-content\/uploads\/2025\/01\/sms-initial-eng-1-1024x768.jpg\" \/>\n<meta name=\"twitter:label1\" content=\"Dur\u00e9e de lecture estim\u00e9e\" \/>\n\t<meta name=\"twitter:data1\" content=\"2 minutes\" \/>\n<!-- \/ Yoast SEO plugin. -->","yoast_head_json":{"title":"Cours Initial: Syst\u00e8me de gestion de s\u00e9curit\u00e9 op\u00e9rationnelle - Anglais","description":"Pr\u00e9parez-vous avec le cours initial aux syst\u00e8mes de gestion de la s\u00e9curit\u00e9 dans l'aviation en anglais. Formation en ligne avec certification officielle.","robots":{"index":"index","follow":"follow","max-snippet":"max-snippet:-1","max-image-preview":"max-image-preview:large","max-video-preview":"max-video-preview:-1"},"canonical":"http:\/\/segu-aero.com\/fr\/producto\/safety-management-system-sms-initial\/","og_locale":"fr_FR","og_type":"article","og_title":"Cours en ligne sur le syst\u00e8me de gestion de la s\u00e9curit\u00e9 a\u00e9rienne (SMS) (initiale) - Anglais","og_description":"Pr\u00e9parez-vous avec le cours initial sur le syst\u00e8me de gestion de la s\u00e9curit\u00e9 a\u00e9rienne (SMS) en anglais. Formation en ligne avec certificat officiel.","og_url":"http:\/\/segu-aero.com\/producto\/safety-management-system-sms-initial\/","og_site_name":"Segu-Aero","article_modified_time":"2025-10-30T18:16:34+00:00","og_image":[{"url":"http:\/\/segu-aero.com\/wp-content\/uploads\/2025\/01\/sms-initial-eng-1-1024x768.jpg","type":"","width":"","height":""}],"twitter_card":"summary_large_image","twitter_title":"Cours en ligne sur le syst\u00e8me de gestion de la s\u00e9curit\u00e9 a\u00e9rienne (SMS) (initiale) - Anglais","twitter_description":"Pr\u00e9parez-vous avec le cours initial sur le syst\u00e8me de gestion de la s\u00e9curit\u00e9 a\u00e9rienne (SMS) en anglais. Formation en ligne avec certificat officiel.","twitter_image":"http:\/\/segu-aero.com\/wp-content\/uploads\/2025\/01\/sms-initial-eng-1-1024x768.jpg","twitter_misc":{"Dur\u00e9e de lecture estim\u00e9e":"2 minutes"},"schema":{"@context":"https:\/\/schema.org","@graph":[{"@type":"WebPage","@id":"https:\/\/segu-aero.com\/fr\/produit\/safety-management-system-sms-initial\/","url":"http:\/\/segu-aero.com\/producto\/safety-management-system-sms-initial\/","name":"Cours Initial: Syst\u00e8me de gestion de s\u00e9curit\u00e9 op\u00e9rationnelle - Anglais","isPartOf":{"@id":"https:\/\/segu-aero.com\/fr\/#website"},"primaryImageOfPage":{"@id":"http:\/\/segu-aero.com\/producto\/safety-management-system-sms-initial\/#primaryimage"},"image":{"@id":"http:\/\/segu-aero.com\/producto\/safety-management-system-sms-initial\/#primaryimage"},"thumbnailUrl":"https:\/\/segu-aero.com\/wp-content\/uploads\/2025\/01\/sms-initial-eng-1.jpg","datePublished":"2025-01-22T16:31:10+00:00","dateModified":"2025-10-30T18:16:34+00:00","description":"Pr\u00e9parez-vous avec le cours initial aux syst\u00e8mes de gestion de la s\u00e9curit\u00e9 dans l'aviation en anglais. Formation en ligne avec certification officielle.","breadcrumb":{"@id":"http:\/\/segu-aero.com\/producto\/safety-management-system-sms-initial\/#breadcrumb"},"inLanguage":"fr-FR","potentialAction":[{"@type":"ReadAction","target":["http:\/\/segu-aero.com\/producto\/safety-management-system-sms-initial\/"]}]},{"@type":"ImageObject","inLanguage":"fr-FR","@id":"http:\/\/segu-aero.com\/producto\/safety-management-system-sms-initial\/#primaryimage","url":"https:\/\/segu-aero.com\/wp-content\/uploads\/2025\/01\/sms-initial-eng-1.jpg","contentUrl":"https:\/\/segu-aero.com\/wp-content\/uploads\/2025\/01\/sms-initial-eng-1.jpg","width":1984,"height":1488,"caption":"Syst\u00e8me de gestion de la s\u00e9curit\u00e9 a\u00e9rienne"},{"@type":"BreadcrumbList","@id":"http:\/\/segu-aero.com\/producto\/safety-management-system-sms-initial\/#breadcrumb","itemListElement":[{"@type":"ListItem","position":1,"name":"Portada","item":"https:\/\/segu-aero.com\/fr\/"},{"@type":"ListItem","position":2,"name":"Produits","item":"https:\/\/segu-aero.com\/fr\/shop\/"},{"@type":"ListItem","position":3,"name":"Cours en ligne sur le syst\u00e8me de gestion de la s\u00e9curit\u00e9 dans l&#8217;aviation (SMS) (Initial) &#8211; Anglais"}]},{"@type":"WebSite","@id":"https:\/\/segu-aero.com\/fr\/#website","url":"https:\/\/segu-aero.com\/fr\/","name":"Segu-Aero","description":"Especialistas en formaci\u00f3n y seguridad aeroportuaria","publisher":{"@id":"https:\/\/segu-aero.com\/fr\/#organization"},"potentialAction":[{"@type":"SearchAction","target":{"@type":"EntryPoint","urlTemplate":"https:\/\/segu-aero.com\/fr\/?s={search_term_string}"},"query-input":{"@type":"PropertyValueSpecification","valueRequired":true,"valueName":"search_term_string"}}],"inLanguage":"fr-FR"},{"@type":"Organization","@id":"https:\/\/segu-aero.com\/fr\/#organization","name":"Segu-Aero","url":"https:\/\/segu-aero.com\/fr\/","logo":{"@type":"ImageObject","inLanguage":"fr-FR","@id":"https:\/\/segu-aero.com\/fr\/#\/schema\/logo\/image\/","url":"https:\/\/segu-aero.com\/wp-content\/uploads\/2024\/10\/LOGO-SEG-AERO-2024.png","contentUrl":"https:\/\/segu-aero.com\/wp-content\/uploads\/2024\/10\/LOGO-SEG-AERO-2024.png","width":293,"height":128,"caption":"Segu-Aero"},"image":{"@id":"https:\/\/segu-aero.com\/fr\/#\/schema\/logo\/image\/"},"sameAs":["https:\/\/www.linkedin.com\/company\/formaero\/"]}]}},"_links":{"self":[{"href":"https:\/\/segu-aero.com\/fr\/wp-json\/wp\/v2\/product\/4072","targetHints":{"allow":["GET"]}}],"collection":[{"href":"https:\/\/segu-aero.com\/fr\/wp-json\/wp\/v2\/product"}],"about":[{"href":"https:\/\/segu-aero.com\/fr\/wp-json\/wp\/v2\/types\/product"}],"version-history":[{"count":8,"href":"https:\/\/segu-aero.com\/fr\/wp-json\/wp\/v2\/product\/4072\/revisions"}],"predecessor-version":[{"id":6081,"href":"https:\/\/segu-aero.com\/fr\/wp-json\/wp\/v2\/product\/4072\/revisions\/6081"}],"wp:featuredmedia":[{"embeddable":true,"href":"https:\/\/segu-aero.com\/fr\/wp-json\/wp\/v2\/media\/3945"}],"wp:attachment":[{"href":"https:\/\/segu-aero.com\/fr\/wp-json\/wp\/v2\/media?parent=4072"}],"wp:term":[{"taxonomy":"product_brand","embeddable":true,"href":"https:\/\/segu-aero.com\/fr\/wp-json\/wp\/v2\/product_brand?post=4072"},{"taxonomy":"product_cat","embeddable":true,"href":"https:\/\/segu-aero.com\/fr\/wp-json\/wp\/v2\/product_cat?post=4072"},{"taxonomy":"product_tag","embeddable":true,"href":"https:\/\/segu-aero.com\/fr\/wp-json\/wp\/v2\/product_tag?post=4072"}],"curies":[{"name":"wp","href":"https:\/\/api.w.org\/{rel}","templated":true}]}}