{"id":4068,"date":"2025-01-22T16:31:11","date_gmt":"2025-01-22T16:31:11","guid":{"rendered":"http:\/\/segu-aero.com\/product\/10-0-medidas-de-seguridad-durante-el-vuelo\/"},"modified":"2025-10-30T17:18:46","modified_gmt":"2025-10-30T16:18:46","slug":"10-0-medidas-de-seguridad-durante-el-vuelo","status":"publish","type":"product","link":"https:\/\/segu-aero.com\/fr\/produit\/10-0-medidas-de-seguridad-durante-el-vuelo\/","title":{"rendered":"Cours en ligne AVSEC sur les mesures de s\u00e9curit\u00e9 pendant les voyages a\u00e9riens (10.0)"},"content":{"rendered":"\t\t<div data-elementor-type=\"product-post\" data-elementor-id=\"4068\" class=\"elementor elementor-4068 elementor-2321\" data-elementor-post-type=\"product\">\n\t\t\t\t<div class=\"elementor-element elementor-element-10b3d721 e-flex e-con-boxed e-con e-parent\" data-id=\"10b3d721\" data-element_type=\"container\" data-e-type=\"container\">\n\t\t\t\t\t<div class=\"e-con-inner\">\n\t\t\t\t<div class=\"elementor-element elementor-element-24a33c2 elementor-widget elementor-widget-text-editor\" data-id=\"24a33c2\" data-element_type=\"widget\" data-e-type=\"widget\" data-widget_type=\"text-editor.default\">\n\t\t\t\t<div class=\"elementor-widget-container\">\n\t\t\t\t\t\t\t\t\t<p>Le <strong>cours sur les mesures de s\u00e9curit\u00e9 dans les vols a\u00e9riens <\/strong>est une formation sp\u00e9cialis\u00e9e AVSEC (Aviation Security) qui fournit les connaissances n\u00e9cessaires pour appliquer les proc\u00e9dures de s\u00e9curit\u00e9 et la pr\u00e9vention des actes ill\u00e9gaux lors du d\u00e9veloppement des vols commerciaux ou du transport a\u00e9rien.<\/p><p>Son objectif principal est que le personnel navigant connaisse et respecte les directives de s\u00e9curit\u00e9 op\u00e9rationnelle exig\u00e9es par <a href=\"https:\/\/www.seguridadaerea.gob.es\/\" target=\"_blank\" rel=\"noopener\">l&#8217;Agence nationale de la s\u00e9curit\u00e9 a\u00e9rienne (AESA)<\/a> et la r\u00e9glementation europ\u00e9enne sur la protection de l&#8217;aviation civile.<\/p><p>Gr\u00e2ce \u00e0 cette formation, l&#8217;\u00e9tudiant apprendra les mesures pr\u00e9ventives, les protocoles d&#8217;action d&#8217;urgence et les responsabilit\u00e9s de chaque membre d&#8217;\u00e9quipage pour maintenir la s\u00e9curit\u00e9 tout au long du vol.<\/p><h2>Objectifs du cours<\/h2><p>L&#8217;objectif du cours est de fournir au personnel a\u00e9ronautique les comp\u00e9tences n\u00e9cessaires pour maintenir et renforcer la s\u00e9curit\u00e9 \u00e0 bord des avions contre tout type de menace ou d&#8217;incident.<\/p><p>Ce cours permet \u00e0 l&#8217;\u00e9tudiant d&#8217;acqu\u00e9rir toutes les formations et comp\u00e9tences en mati\u00e8re de s\u00e9curit\u00e9 applicables \u00e0 tous ceux qui n\u00e9cessitent d&#8217;appliquer des mesures de s\u00e9curit\u00e9 pendant le vol.<\/p><h2>A qui s&#8217;adresse-t-il?<\/h2><p>Il s&#8217;adresse principalement \u00e0 :<\/p><ul><li>Personnel navigant et de cabine (TCP).<\/li><li>Personnel des compagnies a\u00e9riennes et des exploitants a\u00e9riens.<\/li><li>Professionnels impliqu\u00e9s dans la gestion de la s\u00e9curit\u00e9 des op\u00e9rations a\u00e9riennes.<\/li><li>Superviseurs et gestionnaires AVSEC.<\/li><li>Membres d&#8217;organisations et d&#8217;entreprises qui doivent accr\u00e9diter les formations en s\u00e9curit\u00e9 a\u00e9rienne.<\/li><\/ul><h2>Pourquoi suivre ce cours ?<\/h2><p>La s\u00e9curit\u00e9 \u00e0 bord est l\u2019un des piliers fondamentaux de l\u2019aviation civile. Toute personne faisant partie de l&#8217;\u00e9quipage ou ayant des responsabilit\u00e9s op\u00e9rationnelles pendant le vol doit \u00eatre correctement form\u00e9e aux mesures AVSEC pour pr\u00e9venir les incidents et assurer le bien-\u00eatre des passagers et du personnel. <\/p><p>Suivre ce cours vous permettra :<\/p><ul><li>Se conformer aux exigences de formation \u00e9tablies par l&#8217;AESA et la r\u00e9glementation europ\u00e9enne.<\/li><li>Accr\u00e9ditez votre comp\u00e9tence en mati\u00e8re de s\u00e9curit\u00e9 des vols, une condition essentielle pour op\u00e9rer sur les compagnies a\u00e9riennes et les op\u00e9rateurs certifi\u00e9s.<\/li><li>Conna\u00eetre les protocoles mis \u00e0 jour de pr\u00e9vention et de r\u00e9ponse aux incidents \u00e0 bord.<\/li><li>D\u00e9velopper une culture de s\u00e9curit\u00e9 solide et proactive au sein du milieu a\u00e9ronautique.<\/li><li>Am\u00e9liorez votre profil professionnel et augmentez vos chances d\u2019employabilit\u00e9 dans le secteur a\u00e9rien.<\/li><\/ul><p>Ce cours garantit que chaque professionnel impliqu\u00e9 dans les op\u00e9rations a\u00e9riennes agit avec les connaissances, la pr\u00e9paration et la sensibilisation n\u00e9cessaires pour maintenir l&#8217;int\u00e9grit\u00e9 et la s\u00e9curit\u00e9 du vol \u00e0 tout moment.<\/p><h2>Programme du cours sur les mesures de s\u00e9curit\u00e9 dans les vols a\u00e9riens<\/h2><ul><li>Situations g\u00e9n\u00e9ratrices g\u00e9n\u00e9ralement de conflits.<\/li><li>D\u00e9limitation des responsabilit\u00e9s des diff\u00e9rents<\/li><li>Organisations et \u00e9tablissements sur les passagers g\u00eanants.<\/li><li>Proc\u00e9dures g\u00e9n\u00e9rales d&#8217;action contre les passagers en conflit.<\/li><li>Proc\u00e9dures d&#8217;action contre les passagers non admis \u00e0 la fronti\u00e8re et les passagers expuls\u00e9s.<\/li><li>R\u00e8glements de r\u00e9f\u00e9rence.<\/li><li>Gestion de crise. Identification du r\u00f4le des Responsables de S\u00e9curit\u00e9 dans la gestion de crise. <\/li><li>Proc\u00e9dures op\u00e9rationnelles de r\u00e9ponse en cas d&#8217;alerte \u00e0 la bombe dans un terminal ou \u00e0 bord d&#8217;un avion.<\/li><li>Alarmes contre les menaces CBRN, m\u00e9thodes de protection et r\u00e9actions.<\/li><li>Proc\u00e9dures op\u00e9rationnelles de r\u00e9ponse \u00e0 la menace de d\u00e9tournement d&#8217;avion.<\/li><li>Exercices de d\u00e9tournement d\u2019avion et avertissement d\u2019engins explosifs.<\/li><li>Enregistrement et reporting des irr\u00e9gularit\u00e9s et\/ou incidents<\/li><\/ul>\t\t\t\t\t\t\t\t<\/div>\n\t\t\t\t<\/div>\n\t\t\t\t\t<\/div>\n\t\t\t\t<\/div>\n\t\t\t\t<\/div>\n\t\t","protected":false},"excerpt":{"rendered":"<p data-start=\"1016\" data-end=\"1167\">Cours en ligne AVSEC qui forme le personnel a\u00e9ronautique \u00e0 l&#8217;application des mesures de s\u00e9curit\u00e9 sur les vols a\u00e9riens, conform\u00e9ment \u00e0 la r\u00e9glementation en vigueur de l&#8217;AESA.<\/p>\n<ul>\n<li data-start=\"1016\" data-end=\"1167\">Langue: Espagnol<\/li>\n<li data-start=\"1016\" data-end=\"1167\">Dur\u00e9e: 3 heures<\/li>\n<li data-start=\"1016\" data-end=\"1167\">Certification: valable 5 ans<\/li>\n<\/ul>\n<p data-start=\"1016\" data-end=\"1167\">\n","protected":false},"featured_media":2253,"template":"","meta":{"_acf_changed":false,"site-sidebar-layout":"default","site-content-layout":"","ast-site-content-layout":"default","site-content-style":"default","site-sidebar-style":"default","ast-global-header-display":"","ast-banner-title-visibility":"","ast-main-header-display":"","ast-hfb-above-header-display":"","ast-hfb-below-header-display":"","ast-hfb-mobile-header-display":"","site-post-title":"","ast-breadcrumbs-content":"","ast-featured-img":"","footer-sml-layout":"","ast-disable-related-posts":"","theme-transparent-header-meta":"default","adv-header-id-meta":"","stick-header-meta":"","header-above-stick-meta":"","header-main-stick-meta":"","header-below-stick-meta":"","astra-migrate-meta-layouts":"set","ast-page-background-enabled":"default","ast-page-background-meta":{"desktop":{"background-color":"var(--ast-global-color-5)","background-image":"","background-repeat":"repeat","background-position":"center center","background-size":"auto","background-attachment":"scroll","background-type":"","background-media":"","overlay-type":"","overlay-color":"","overlay-opacity":"","overlay-gradient":""},"tablet":{"background-color":"","background-image":"","background-repeat":"repeat","background-position":"center center","background-size":"auto","background-attachment":"scroll","background-type":"","background-media":"","overlay-type":"","overlay-color":"","overlay-opacity":"","overlay-gradient":""},"mobile":{"background-color":"","background-image":"","background-repeat":"repeat","background-position":"center center","background-size":"auto","background-attachment":"scroll","background-type":"","background-media":"","overlay-type":"","overlay-color":"","overlay-opacity":"","overlay-gradient":""}},"ast-content-background-meta":{"desktop":{"background-color":"var(--ast-global-color-4)","background-image":"","background-repeat":"repeat","background-position":"center center","background-size":"auto","background-attachment":"scroll","background-type":"","background-media":"","overlay-type":"","overlay-color":"","overlay-opacity":"","overlay-gradient":""},"tablet":{"background-color":"var(--ast-global-color-4)","background-image":"","background-repeat":"repeat","background-position":"center center","background-size":"auto","background-attachment":"scroll","background-type":"","background-media":"","overlay-type":"","overlay-color":"","overlay-opacity":"","overlay-gradient":""},"mobile":{"background-color":"var(--ast-global-color-4)","background-image":"","background-repeat":"repeat","background-position":"center center","background-size":"auto","background-attachment":"scroll","background-type":"","background-media":"","overlay-type":"","overlay-color":"","overlay-opacity":"","overlay-gradient":""}}},"product_brand":[],"product_cat":[144,145],"product_tag":[],"class_list":{"0":"post-4068","1":"product","2":"type-product","3":"status-publish","4":"has-post-thumbnail","6":"product_cat-avsec-fr","7":"product_cat-espanol-fr","8":"desktop-align-left","9":"tablet-align-left","10":"mobile-align-left","12":"first","13":"instock","14":"sale","15":"downloadable","16":"virtual","17":"taxable","18":"purchasable","19":"product-type-simple"},"acf":[],"yoast_head":"<!-- This site is optimized with the Yoast SEO plugin v27.4 - https:\/\/yoast.com\/product\/yoast-seo-wordpress\/ -->\n<title>Cours AVSEC: Mesures de s\u00e9curit\u00e9 dans les vols a\u00e9riens (10.0)<\/title>\n<meta name=\"description\" content=\"Suivez le cours en ligne sur les mesures de s\u00e9curit\u00e9 a\u00e9rienne conform\u00e9ment \u00e0 l&#039;AESA (10.0) et apprenez les mesures AVSEC applicables pendant le vol.\" \/>\n<meta name=\"robots\" content=\"index, follow, max-snippet:-1, max-image-preview:large, max-video-preview:-1\" \/>\n<link rel=\"canonical\" href=\"http:\/\/segu-aero.com\/fr\/producto\/10-0-medidas-de-seguridad-durante-el-vuelo\/\" \/>\n<meta property=\"og:locale\" content=\"fr_FR\" \/>\n<meta property=\"og:type\" content=\"article\" \/>\n<meta property=\"og:title\" content=\"Cours AVSEC: Mesures de s\u00e9curit\u00e9 dans les vols a\u00e9riens (10.0)\" \/>\n<meta property=\"og:description\" content=\"Suivez d\u00e8s maintenant le cours de s\u00e9curit\u00e9 en ligne \u00e0 bord conform\u00e9ment \u00e0 la r\u00e9glementation AESA (10.0) et d\u00e9couvrez les mesures AVSEC applicables pendant le vol.\" \/>\n<meta property=\"og:url\" content=\"http:\/\/segu-aero.com\/producto\/10-0-medidas-de-seguridad-durante-el-vuelo\/\" \/>\n<meta property=\"og:site_name\" content=\"Segu-Aero\" \/>\n<meta property=\"article:modified_time\" content=\"2025-10-30T16:18:46+00:00\" \/>\n<meta property=\"og:image\" content=\"http:\/\/segu-aero.com\/wp-content\/uploads\/2025\/01\/image-10.0-2-300x225.jpg\" \/>\n<meta name=\"twitter:card\" content=\"summary_large_image\" \/>\n<meta name=\"twitter:title\" content=\"Cours AVSEC: Mesures de s\u00e9curit\u00e9 dans les vols a\u00e9riens (10.0)\" \/>\n<meta name=\"twitter:description\" content=\"Suivez d\u00e8s maintenant le cours de s\u00e9curit\u00e9 en ligne \u00e0 bord conform\u00e9ment \u00e0 la r\u00e9glementation AESA (10.0) et d\u00e9couvrez les mesures AVSEC applicables pendant le vol.\" \/>\n<meta name=\"twitter:image\" content=\"http:\/\/segu-aero.com\/wp-content\/uploads\/2025\/01\/image-10.0-2.jpg\" \/>\n<meta name=\"twitter:label1\" content=\"Dur\u00e9e de lecture estim\u00e9e\" \/>\n\t<meta name=\"twitter:data1\" content=\"3 minutes\" \/>\n<!-- \/ Yoast SEO plugin. -->","yoast_head_json":{"title":"Cours AVSEC: Mesures de s\u00e9curit\u00e9 dans les vols a\u00e9riens (10.0)","description":"Suivez le cours en ligne sur les mesures de s\u00e9curit\u00e9 a\u00e9rienne conform\u00e9ment \u00e0 l'AESA (10.0) et apprenez les mesures AVSEC applicables pendant le vol.","robots":{"index":"index","follow":"follow","max-snippet":"max-snippet:-1","max-image-preview":"max-image-preview:large","max-video-preview":"max-video-preview:-1"},"canonical":"http:\/\/segu-aero.com\/fr\/producto\/10-0-medidas-de-seguridad-durante-el-vuelo\/","og_locale":"fr_FR","og_type":"article","og_title":"Cours AVSEC: Mesures de s\u00e9curit\u00e9 dans les vols a\u00e9riens (10.0)","og_description":"Suivez d\u00e8s maintenant le cours de s\u00e9curit\u00e9 en ligne \u00e0 bord conform\u00e9ment \u00e0 la r\u00e9glementation AESA (10.0) et d\u00e9couvrez les mesures AVSEC applicables pendant le vol.","og_url":"http:\/\/segu-aero.com\/producto\/10-0-medidas-de-seguridad-durante-el-vuelo\/","og_site_name":"Segu-Aero","article_modified_time":"2025-10-30T16:18:46+00:00","og_image":[{"url":"http:\/\/segu-aero.com\/wp-content\/uploads\/2025\/01\/image-10.0-2-300x225.jpg","type":"","width":"","height":""}],"twitter_card":"summary_large_image","twitter_title":"Cours AVSEC: Mesures de s\u00e9curit\u00e9 dans les vols a\u00e9riens (10.0)","twitter_description":"Suivez d\u00e8s maintenant le cours de s\u00e9curit\u00e9 en ligne \u00e0 bord conform\u00e9ment \u00e0 la r\u00e9glementation AESA (10.0) et d\u00e9couvrez les mesures AVSEC applicables pendant le vol.","twitter_image":"http:\/\/segu-aero.com\/wp-content\/uploads\/2025\/01\/image-10.0-2.jpg","twitter_misc":{"Dur\u00e9e de lecture estim\u00e9e":"3 minutes"},"schema":{"@context":"https:\/\/schema.org","@graph":[{"@type":"WebPage","@id":"https:\/\/segu-aero.com\/fr\/produit\/10-0-medidas-de-seguridad-durante-el-vuelo\/","url":"http:\/\/segu-aero.com\/producto\/10-0-medidas-de-seguridad-durante-el-vuelo\/","name":"Cours AVSEC: Mesures de s\u00e9curit\u00e9 dans les vols a\u00e9riens (10.0)","isPartOf":{"@id":"https:\/\/segu-aero.com\/fr\/#website"},"primaryImageOfPage":{"@id":"http:\/\/segu-aero.com\/producto\/10-0-medidas-de-seguridad-durante-el-vuelo\/#primaryimage"},"image":{"@id":"http:\/\/segu-aero.com\/producto\/10-0-medidas-de-seguridad-durante-el-vuelo\/#primaryimage"},"thumbnailUrl":"https:\/\/segu-aero.com\/wp-content\/uploads\/2025\/01\/image-10.0-2.jpg","datePublished":"2025-01-22T16:31:11+00:00","dateModified":"2025-10-30T16:18:46+00:00","description":"Suivez le cours en ligne sur les mesures de s\u00e9curit\u00e9 a\u00e9rienne conform\u00e9ment \u00e0 l'AESA (10.0) et apprenez les mesures AVSEC applicables pendant le vol.","breadcrumb":{"@id":"http:\/\/segu-aero.com\/producto\/10-0-medidas-de-seguridad-durante-el-vuelo\/#breadcrumb"},"inLanguage":"fr-FR","potentialAction":[{"@type":"ReadAction","target":["http:\/\/segu-aero.com\/producto\/10-0-medidas-de-seguridad-durante-el-vuelo\/"]}]},{"@type":"ImageObject","inLanguage":"fr-FR","@id":"http:\/\/segu-aero.com\/producto\/10-0-medidas-de-seguridad-durante-el-vuelo\/#primaryimage","url":"https:\/\/segu-aero.com\/wp-content\/uploads\/2025\/01\/image-10.0-2.jpg","contentUrl":"https:\/\/segu-aero.com\/wp-content\/uploads\/2025\/01\/image-10.0-2.jpg","width":407,"height":305,"caption":"Cours en ligne sur les mesures de s\u00e9curit\u00e9 dans les vols a\u00e9riens"},{"@type":"BreadcrumbList","@id":"http:\/\/segu-aero.com\/producto\/10-0-medidas-de-seguridad-durante-el-vuelo\/#breadcrumb","itemListElement":[{"@type":"ListItem","position":1,"name":"Portada","item":"https:\/\/segu-aero.com\/fr\/"},{"@type":"ListItem","position":2,"name":"Produits","item":"https:\/\/segu-aero.com\/fr\/shop\/"},{"@type":"ListItem","position":3,"name":"Cours en ligne AVSEC sur les mesures de s\u00e9curit\u00e9 pendant les voyages a\u00e9riens (10.0)"}]},{"@type":"WebSite","@id":"https:\/\/segu-aero.com\/fr\/#website","url":"https:\/\/segu-aero.com\/fr\/","name":"Segu-Aero","description":"Especialistas en formaci\u00f3n y seguridad aeroportuaria","publisher":{"@id":"https:\/\/segu-aero.com\/fr\/#organization"},"potentialAction":[{"@type":"SearchAction","target":{"@type":"EntryPoint","urlTemplate":"https:\/\/segu-aero.com\/fr\/?s={search_term_string}"},"query-input":{"@type":"PropertyValueSpecification","valueRequired":true,"valueName":"search_term_string"}}],"inLanguage":"fr-FR"},{"@type":"Organization","@id":"https:\/\/segu-aero.com\/fr\/#organization","name":"Segu-Aero","url":"https:\/\/segu-aero.com\/fr\/","logo":{"@type":"ImageObject","inLanguage":"fr-FR","@id":"https:\/\/segu-aero.com\/fr\/#\/schema\/logo\/image\/","url":"https:\/\/segu-aero.com\/wp-content\/uploads\/2024\/10\/LOGO-SEG-AERO-2024.png","contentUrl":"https:\/\/segu-aero.com\/wp-content\/uploads\/2024\/10\/LOGO-SEG-AERO-2024.png","width":293,"height":128,"caption":"Segu-Aero"},"image":{"@id":"https:\/\/segu-aero.com\/fr\/#\/schema\/logo\/image\/"},"sameAs":["https:\/\/www.linkedin.com\/company\/formaero\/"]}]}},"_links":{"self":[{"href":"https:\/\/segu-aero.com\/fr\/wp-json\/wp\/v2\/product\/4068","targetHints":{"allow":["GET"]}}],"collection":[{"href":"https:\/\/segu-aero.com\/fr\/wp-json\/wp\/v2\/product"}],"about":[{"href":"https:\/\/segu-aero.com\/fr\/wp-json\/wp\/v2\/types\/product"}],"version-history":[{"count":17,"href":"https:\/\/segu-aero.com\/fr\/wp-json\/wp\/v2\/product\/4068\/revisions"}],"predecessor-version":[{"id":6016,"href":"https:\/\/segu-aero.com\/fr\/wp-json\/wp\/v2\/product\/4068\/revisions\/6016"}],"wp:featuredmedia":[{"embeddable":true,"href":"https:\/\/segu-aero.com\/fr\/wp-json\/wp\/v2\/media\/2253"}],"wp:attachment":[{"href":"https:\/\/segu-aero.com\/fr\/wp-json\/wp\/v2\/media?parent=4068"}],"wp:term":[{"taxonomy":"product_brand","embeddable":true,"href":"https:\/\/segu-aero.com\/fr\/wp-json\/wp\/v2\/product_brand?post=4068"},{"taxonomy":"product_cat","embeddable":true,"href":"https:\/\/segu-aero.com\/fr\/wp-json\/wp\/v2\/product_cat?post=4068"},{"taxonomy":"product_tag","embeddable":true,"href":"https:\/\/segu-aero.com\/fr\/wp-json\/wp\/v2\/product_tag?post=4068"}],"curies":[{"name":"wp","href":"https:\/\/api.w.org\/{rel}","templated":true}]}}