{"id":4064,"date":"2025-01-22T16:31:11","date_gmt":"2025-01-22T16:31:11","guid":{"rendered":"http:\/\/segu-aero.com\/product\/sistema-de-gestion-de-la-seguridad-operacional-sms-recurrente\/"},"modified":"2025-10-30T19:24:36","modified_gmt":"2025-10-30T18:24:36","slug":"sistema-de-gestion-de-la-seguridad-operacional-sms-recurrente","status":"publish","type":"product","link":"https:\/\/segu-aero.com\/fr\/produit\/sistema-de-gestion-de-la-seguridad-operacional-sms-recurrente\/","title":{"rendered":"Cours en ligne sur la gestion de la s\u00e9curit\u00e9 dans l&#8217;aviation (SMS) (R\u00e9current) &#8211; Espagnol"},"content":{"rendered":"\t\t<div data-elementor-type=\"product-post\" data-elementor-id=\"4064\" class=\"elementor elementor-4064 elementor-2319\" data-elementor-post-type=\"product\">\n\t\t\t\t<div class=\"elementor-element elementor-element-3101d5fd e-flex e-con-boxed e-con e-parent\" data-id=\"3101d5fd\" data-element_type=\"container\" data-e-type=\"container\">\n\t\t\t\t\t<div class=\"e-con-inner\">\n\t\t\t\t<div class=\"elementor-element elementor-element-5b8b7ab3 elementor-widget elementor-widget-text-editor\" data-id=\"5b8b7ab3\" data-element_type=\"widget\" data-e-type=\"widget\" data-widget_type=\"text-editor.default\">\n\t\t\t\t<div class=\"elementor-widget-container\">\n\t\t\t\t\t\t\t\t\t<p>Le <strong>syst\u00e8me de gestion de la s\u00e9curit\u00e9 op\u00e9rationnelle (SMS) r\u00e9current <\/strong>est con\u00e7u comme un module d&#8217;actualisation pour les professionnels qui compl\u00e8tent le <strong><a href=\"https:\/\/segu-aero.com\/fr\/producto\/sistema-de-gestion-de-la-seguridad-operacional-sms-inicial\/\" target=\"_blank\" rel=\"noopener\">cours SMS initial <\/a><\/strong>ou qui travaillent avec des SMS implant\u00e9s.<\/p><p>La diff\u00e9rence entre le cursus initial, qui introduit le syst\u00e8me \u00e0 partir de z\u00e9ro, ce cursus r\u00e9current suppose des connaissances pr\u00e9alables et est mis en \u0153uvre pour renforcer, actualiser et appliquer de mani\u00e8re pratique les \u00e9l\u00e9ments du SMS.<\/p><h2>Objectifs du cursus<\/h2><p>Votre objectif est<span style=\"font-size: 16px;\"> familiariser les participants avec les r\u00e8gles et r\u00e9glementations de s\u00e9curit\u00e9, les former \u00e0 l\u2019identification et \u00e0 l\u2019\u00e9valuation des risques et leur fournir des outils pour mettre en \u0153uvre un SGS efficace. De plus, il cherche \u00e0 promouvoir une culture de s\u00e9curit\u00e9 dans l&#8217;organisation, \u00e0 enseigner les principes d&#8217;am\u00e9lioration continue et \u00e0 d\u00e9velopper des comp\u00e9tences en mati\u00e8re de gestion des urgences, d&#8217;audits internes et de documentation. Tout cela afin de r\u00e9duire les incidents et d&#8217;am\u00e9liorer les r\u00e9sultats en termes de s\u00e9curit\u00e9 au travail.  <\/span><\/p><h2>A qui s&#8217;adresse ce cours ?<\/h2><ul><li>Des professionnels qui maudissent le SMS Initial et qui ont besoin de maintenir leur pleine capacit\u00e9.<\/li><li>Responsables de s\u00e9curit\u00e9, commandements ou \u00e9quipes op\u00e9rationnelles au sein des organisations a\u00e9ronautiques disposant d&#8217;un SMS actif.<\/li><li>Auditeurs internes, coordinateurs de s\u00e9curit\u00e9 et techniciens qui souhaitent rafra\u00eechir leurs connaissances.<\/li><li>Personnel qui participe aux revues, au suivi ou \u00e0 l&#8217;am\u00e9lioration continue du SMS au sein de leur entreprise.<\/li><\/ul><h2>Pourquoi une formation SMS r\u00e9currente est-elle n\u00e9cessaire ?<\/h2><ul><li><strong>Obligation r\u00e9glementaire\/bonnes pratiques<\/strong> : de nombreuses organisations a\u00e9ronautiques et autorit\u00e9s de r\u00e9glementation recommandent ou exigent une formation continue pour maintenir l&#8217;efficacit\u00e9 des SMS.<\/li><li><strong>Adaptation aux changements et am\u00e9liorations :<\/strong> int\u00e9grer les mises \u00e0 jour r\u00e9glementaires, les enseignements tir\u00e9s des incidents r\u00e9cents, les nouveaux outils ou m\u00e9thodologies.<\/li><li><strong>Renforcement de la culture de s\u00e9curit\u00e9 <\/strong>: maintenir le personnel alerte, \u00e9viter la complaisance et promouvoir une mentalit\u00e9 d\u2019am\u00e9lioration continue.<\/li><li><strong>Actualisez les comp\u00e9tences cl\u00e9s :<\/strong> rappelez-vous la gestion des risques, la surveillance, les audits internes, le reporting et les actions pr\u00e9ventives.<\/li><\/ul><h2>Syllabus du cours r\u00e9current Syst\u00e8me de gestion de la s\u00e9curit\u00e9 op\u00e9rationnelle (SMS)<\/h2><ul><li>Module 1 : Introduction aux SMS.<\/li><li>Module 2 : R\u00e9glementation et cadre r\u00e9glementaire.<\/li><li>Module 3 : Composantes et \u00e9l\u00e9ments du SMS.<\/li><li><span style=\"font-size: 0.9375rem;\">Module 4 : Gestion des risques de s\u00e9curit\u00e9.<\/span><\/li><li>Module 5 : Guide de transition vers la partie 145<\/li><li>Module 6 : \u00c9tude de cas<\/li><\/ul>\t\t\t\t\t\t\t\t<\/div>\n\t\t\t\t<\/div>\n\t\t\t\t\t<\/div>\n\t\t\t\t<\/div>\n\t\t\t\t<\/div>\n\t\t","protected":false},"excerpt":{"rendered":"<p>Le cours SMS r\u00e9current dans l&#8217;aviation sert \u00e0 actualiser vos connaissances et comp\u00e9tences dans le syst\u00e8me de gestion de la s\u00e9curit\u00e9 op\u00e9rationnelle.<\/p>\n<ul>\n<li>Langue: Espagnol<\/li>\n<li>Dur\u00e9e: 4 heures<\/li>\n<li>Certification: valable 2 ans<\/li>\n<\/ul>\n","protected":false},"featured_media":3942,"template":"","meta":{"_acf_changed":false,"site-sidebar-layout":"default","site-content-layout":"","ast-site-content-layout":"default","site-content-style":"default","site-sidebar-style":"default","ast-global-header-display":"","ast-banner-title-visibility":"","ast-main-header-display":"","ast-hfb-above-header-display":"","ast-hfb-below-header-display":"","ast-hfb-mobile-header-display":"","site-post-title":"","ast-breadcrumbs-content":"","ast-featured-img":"","footer-sml-layout":"","ast-disable-related-posts":"","theme-transparent-header-meta":"default","adv-header-id-meta":"","stick-header-meta":"","header-above-stick-meta":"","header-main-stick-meta":"","header-below-stick-meta":"","astra-migrate-meta-layouts":"set","ast-page-background-enabled":"default","ast-page-background-meta":{"desktop":{"background-color":"var(--ast-global-color-5)","background-image":"","background-repeat":"repeat","background-position":"center center","background-size":"auto","background-attachment":"scroll","background-type":"","background-media":"","overlay-type":"","overlay-color":"","overlay-opacity":"","overlay-gradient":""},"tablet":{"background-color":"","background-image":"","background-repeat":"repeat","background-position":"center center","background-size":"auto","background-attachment":"scroll","background-type":"","background-media":"","overlay-type":"","overlay-color":"","overlay-opacity":"","overlay-gradient":""},"mobile":{"background-color":"","background-image":"","background-repeat":"repeat","background-position":"center center","background-size":"auto","background-attachment":"scroll","background-type":"","background-media":"","overlay-type":"","overlay-color":"","overlay-opacity":"","overlay-gradient":""}},"ast-content-background-meta":{"desktop":{"background-color":"var(--ast-global-color-4)","background-image":"","background-repeat":"repeat","background-position":"center center","background-size":"auto","background-attachment":"scroll","background-type":"","background-media":"","overlay-type":"","overlay-color":"","overlay-opacity":"","overlay-gradient":""},"tablet":{"background-color":"var(--ast-global-color-4)","background-image":"","background-repeat":"repeat","background-position":"center center","background-size":"auto","background-attachment":"scroll","background-type":"","background-media":"","overlay-type":"","overlay-color":"","overlay-opacity":"","overlay-gradient":""},"mobile":{"background-color":"var(--ast-global-color-4)","background-image":"","background-repeat":"repeat","background-position":"center center","background-size":"auto","background-attachment":"scroll","background-type":"","background-media":"","overlay-type":"","overlay-color":"","overlay-opacity":"","overlay-gradient":""}}},"product_brand":[],"product_cat":[145,153],"product_tag":[],"class_list":{"0":"post-4064","1":"product","2":"type-product","3":"status-publish","4":"has-post-thumbnail","6":"product_cat-espanol-fr","7":"product_cat-easapart-145-fr","8":"desktop-align-left","9":"tablet-align-left","10":"mobile-align-left","12":"first","13":"instock","14":"sale","15":"downloadable","16":"virtual","17":"taxable","18":"purchasable","19":"product-type-simple"},"acf":[],"yoast_head":"<!-- This site is optimized with the Yoast SEO plugin v27.4 - https:\/\/yoast.com\/product\/yoast-seo-wordpress\/ -->\n<title>Cours r\u00e9current: Syst\u00e8me de gestion de la s\u00e9curit\u00e9 op\u00e9rationnelle<\/title>\n<meta name=\"description\" content=\"Mettez \u00e0 jour vos connaissances et comp\u00e9tences sur le syst\u00e8me de gestion de la s\u00e9curit\u00e9 op\u00e9rationnelle avec ce cours en ligne r\u00e9current en espagnol.\" \/>\n<meta name=\"robots\" content=\"index, follow, max-snippet:-1, max-image-preview:large, max-video-preview:-1\" \/>\n<link rel=\"canonical\" href=\"http:\/\/segu-aero.com\/fr\/producto\/sistema-de-gestion-de-la-seguridad-operacional-sms-recurrente\/\" \/>\n<meta property=\"og:locale\" content=\"fr_FR\" \/>\n<meta property=\"og:type\" content=\"article\" \/>\n<meta property=\"og:title\" content=\"Cours r\u00e9current: Syst\u00e8me de gestion de la s\u00e9curit\u00e9 op\u00e9rationnelle - Espagnol\" \/>\n<meta property=\"og:description\" content=\"Suivez la formation continue sur le Syst\u00e8me de gestion de la s\u00e9curit\u00e9 (SGS) pour mettre \u00e0 jour vos comp\u00e9tences en gestion de la s\u00e9curit\u00e9 op\u00e9rationnelle.\" \/>\n<meta property=\"og:url\" content=\"http:\/\/segu-aero.com\/producto\/sistema-de-gestion-de-la-seguridad-operacional-sms-recurrente\/\" \/>\n<meta property=\"og:site_name\" content=\"Segu-Aero\" \/>\n<meta property=\"article:modified_time\" content=\"2025-10-30T18:24:36+00:00\" \/>\n<meta property=\"og:image\" content=\"https:\/\/segu-aero.com\/wp-content\/uploads\/2025\/01\/sms-recurrente-esp-2.jpg\" \/>\n\t<meta property=\"og:image:width\" content=\"1984\" \/>\n\t<meta property=\"og:image:height\" content=\"1488\" \/>\n\t<meta property=\"og:image:type\" content=\"image\/jpeg\" \/>\n<meta name=\"twitter:card\" content=\"summary_large_image\" \/>\n<meta name=\"twitter:title\" content=\"Cours r\u00e9current: Syst\u00e8me de gestion de la s\u00e9curit\u00e9 op\u00e9rationnelle - Espagnol\" \/>\n<meta name=\"twitter:description\" content=\"Suivez la formation continue sur le Syst\u00e8me de gestion de la s\u00e9curit\u00e9 (SGS) pour mettre \u00e0 jour vos comp\u00e9tences en gestion de la s\u00e9curit\u00e9 op\u00e9rationnelle.\" \/>\n<meta name=\"twitter:image\" content=\"https:\/\/segu-aero.com\/wp-content\/uploads\/2025\/01\/sms-recurrente-esp-2.jpg\" \/>\n<meta name=\"twitter:label1\" content=\"Dur\u00e9e de lecture estim\u00e9e\" \/>\n\t<meta name=\"twitter:data1\" content=\"2 minutes\" \/>\n<!-- \/ Yoast SEO plugin. -->","yoast_head_json":{"title":"Cours r\u00e9current: Syst\u00e8me de gestion de la s\u00e9curit\u00e9 op\u00e9rationnelle","description":"Mettez \u00e0 jour vos connaissances et comp\u00e9tences sur le syst\u00e8me de gestion de la s\u00e9curit\u00e9 op\u00e9rationnelle avec ce cours en ligne r\u00e9current en espagnol.","robots":{"index":"index","follow":"follow","max-snippet":"max-snippet:-1","max-image-preview":"max-image-preview:large","max-video-preview":"max-video-preview:-1"},"canonical":"http:\/\/segu-aero.com\/fr\/producto\/sistema-de-gestion-de-la-seguridad-operacional-sms-recurrente\/","og_locale":"fr_FR","og_type":"article","og_title":"Cours r\u00e9current: Syst\u00e8me de gestion de la s\u00e9curit\u00e9 op\u00e9rationnelle - Espagnol","og_description":"Suivez la formation continue sur le Syst\u00e8me de gestion de la s\u00e9curit\u00e9 (SGS) pour mettre \u00e0 jour vos comp\u00e9tences en gestion de la s\u00e9curit\u00e9 op\u00e9rationnelle.","og_url":"http:\/\/segu-aero.com\/producto\/sistema-de-gestion-de-la-seguridad-operacional-sms-recurrente\/","og_site_name":"Segu-Aero","article_modified_time":"2025-10-30T18:24:36+00:00","og_image":[{"width":1984,"height":1488,"url":"https:\/\/segu-aero.com\/wp-content\/uploads\/2025\/01\/sms-recurrente-esp-2.jpg","type":"image\/jpeg"}],"twitter_card":"summary_large_image","twitter_title":"Cours r\u00e9current: Syst\u00e8me de gestion de la s\u00e9curit\u00e9 op\u00e9rationnelle - Espagnol","twitter_description":"Suivez la formation continue sur le Syst\u00e8me de gestion de la s\u00e9curit\u00e9 (SGS) pour mettre \u00e0 jour vos comp\u00e9tences en gestion de la s\u00e9curit\u00e9 op\u00e9rationnelle.","twitter_image":"https:\/\/segu-aero.com\/wp-content\/uploads\/2025\/01\/sms-recurrente-esp-2.jpg","twitter_misc":{"Dur\u00e9e de lecture estim\u00e9e":"2 minutes"},"schema":{"@context":"https:\/\/schema.org","@graph":[{"@type":"WebPage","@id":"https:\/\/segu-aero.com\/fr\/produit\/sistema-de-gestion-de-la-seguridad-operacional-sms-recurrente\/","url":"http:\/\/segu-aero.com\/producto\/sistema-de-gestion-de-la-seguridad-operacional-sms-recurrente\/","name":"Cours r\u00e9current: Syst\u00e8me de gestion de la s\u00e9curit\u00e9 op\u00e9rationnelle","isPartOf":{"@id":"https:\/\/segu-aero.com\/fr\/#website"},"primaryImageOfPage":{"@id":"http:\/\/segu-aero.com\/producto\/sistema-de-gestion-de-la-seguridad-operacional-sms-recurrente\/#primaryimage"},"image":{"@id":"http:\/\/segu-aero.com\/producto\/sistema-de-gestion-de-la-seguridad-operacional-sms-recurrente\/#primaryimage"},"thumbnailUrl":"https:\/\/segu-aero.com\/wp-content\/uploads\/2025\/01\/sms-recurrente-esp-2.jpg","datePublished":"2025-01-22T16:31:11+00:00","dateModified":"2025-10-30T18:24:36+00:00","description":"Mettez \u00e0 jour vos connaissances et comp\u00e9tences sur le syst\u00e8me de gestion de la s\u00e9curit\u00e9 op\u00e9rationnelle avec ce cours en ligne r\u00e9current en espagnol.","breadcrumb":{"@id":"http:\/\/segu-aero.com\/producto\/sistema-de-gestion-de-la-seguridad-operacional-sms-recurrente\/#breadcrumb"},"inLanguage":"fr-FR","potentialAction":[{"@type":"ReadAction","target":["http:\/\/segu-aero.com\/producto\/sistema-de-gestion-de-la-seguridad-operacional-sms-recurrente\/"]}]},{"@type":"ImageObject","inLanguage":"fr-FR","@id":"http:\/\/segu-aero.com\/producto\/sistema-de-gestion-de-la-seguridad-operacional-sms-recurrente\/#primaryimage","url":"https:\/\/segu-aero.com\/wp-content\/uploads\/2025\/01\/sms-recurrente-esp-2.jpg","contentUrl":"https:\/\/segu-aero.com\/wp-content\/uploads\/2025\/01\/sms-recurrente-esp-2.jpg","width":1984,"height":1488,"caption":"Systeme espagnol recurrent de gestion de la securite recurrent"},{"@type":"BreadcrumbList","@id":"http:\/\/segu-aero.com\/producto\/sistema-de-gestion-de-la-seguridad-operacional-sms-recurrente\/#breadcrumb","itemListElement":[{"@type":"ListItem","position":1,"name":"Portada","item":"https:\/\/segu-aero.com\/fr\/"},{"@type":"ListItem","position":2,"name":"Produits","item":"https:\/\/segu-aero.com\/fr\/shop\/"},{"@type":"ListItem","position":3,"name":"Cours en ligne sur la gestion de la s\u00e9curit\u00e9 dans l&#8217;aviation (SMS) (R\u00e9current) &#8211; Espagnol"}]},{"@type":"WebSite","@id":"https:\/\/segu-aero.com\/fr\/#website","url":"https:\/\/segu-aero.com\/fr\/","name":"Segu-Aero","description":"Especialistas en formaci\u00f3n y seguridad aeroportuaria","publisher":{"@id":"https:\/\/segu-aero.com\/fr\/#organization"},"potentialAction":[{"@type":"SearchAction","target":{"@type":"EntryPoint","urlTemplate":"https:\/\/segu-aero.com\/fr\/?s={search_term_string}"},"query-input":{"@type":"PropertyValueSpecification","valueRequired":true,"valueName":"search_term_string"}}],"inLanguage":"fr-FR"},{"@type":"Organization","@id":"https:\/\/segu-aero.com\/fr\/#organization","name":"Segu-Aero","url":"https:\/\/segu-aero.com\/fr\/","logo":{"@type":"ImageObject","inLanguage":"fr-FR","@id":"https:\/\/segu-aero.com\/fr\/#\/schema\/logo\/image\/","url":"https:\/\/segu-aero.com\/wp-content\/uploads\/2024\/10\/LOGO-SEG-AERO-2024.png","contentUrl":"https:\/\/segu-aero.com\/wp-content\/uploads\/2024\/10\/LOGO-SEG-AERO-2024.png","width":293,"height":128,"caption":"Segu-Aero"},"image":{"@id":"https:\/\/segu-aero.com\/fr\/#\/schema\/logo\/image\/"},"sameAs":["https:\/\/www.linkedin.com\/company\/formaero\/"]}]}},"_links":{"self":[{"href":"https:\/\/segu-aero.com\/fr\/wp-json\/wp\/v2\/product\/4064","targetHints":{"allow":["GET"]}}],"collection":[{"href":"https:\/\/segu-aero.com\/fr\/wp-json\/wp\/v2\/product"}],"about":[{"href":"https:\/\/segu-aero.com\/fr\/wp-json\/wp\/v2\/types\/product"}],"version-history":[{"count":21,"href":"https:\/\/segu-aero.com\/fr\/wp-json\/wp\/v2\/product\/4064\/revisions"}],"predecessor-version":[{"id":6091,"href":"https:\/\/segu-aero.com\/fr\/wp-json\/wp\/v2\/product\/4064\/revisions\/6091"}],"wp:featuredmedia":[{"embeddable":true,"href":"https:\/\/segu-aero.com\/fr\/wp-json\/wp\/v2\/media\/3942"}],"wp:attachment":[{"href":"https:\/\/segu-aero.com\/fr\/wp-json\/wp\/v2\/media?parent=4064"}],"wp:term":[{"taxonomy":"product_brand","embeddable":true,"href":"https:\/\/segu-aero.com\/fr\/wp-json\/wp\/v2\/product_brand?post=4064"},{"taxonomy":"product_cat","embeddable":true,"href":"https:\/\/segu-aero.com\/fr\/wp-json\/wp\/v2\/product_cat?post=4064"},{"taxonomy":"product_tag","embeddable":true,"href":"https:\/\/segu-aero.com\/fr\/wp-json\/wp\/v2\/product_tag?post=4064"}],"curies":[{"name":"wp","href":"https:\/\/api.w.org\/{rel}","templated":true}]}}