{"id":4056,"date":"2025-01-22T16:31:12","date_gmt":"2025-01-22T16:31:12","guid":{"rendered":"http:\/\/segu-aero.com\/product\/11-2-2-formacion-basica-del-responsable-de-seguridad\/"},"modified":"2025-10-30T17:29:02","modified_gmt":"2025-10-30T16:29:02","slug":"11-2-2-formacion-basica-del-responsable-de-seguridad","status":"publish","type":"product","link":"https:\/\/segu-aero.com\/fr\/produit\/11-2-2-formacion-basica-del-responsable-de-seguridad\/","title":{"rendered":"Formation de base AVSEC: Agent de s\u00e9curit\u00e9 a\u00e9roportuaire (11.2.2)"},"content":{"rendered":"\t\t<div data-elementor-type=\"product-post\" data-elementor-id=\"4056\" class=\"elementor elementor-4056 elementor-2325\" data-elementor-post-type=\"product\">\n\t\t\t\t<div class=\"elementor-element elementor-element-12b6045f e-flex e-con-boxed e-con e-parent\" data-id=\"12b6045f\" data-element_type=\"container\" data-e-type=\"container\">\n\t\t\t\t\t<div class=\"e-con-inner\">\n\t\t\t\t<div class=\"elementor-element elementor-element-6ab4518a elementor-widget elementor-widget-text-editor\" data-id=\"6ab4518a\" data-element_type=\"widget\" data-e-type=\"widget\" data-widget_type=\"text-editor.default\">\n\t\t\t\t<div class=\"elementor-widget-container\">\n\t\t\t\t\t\t\t\t\t<p>La <strong>formation de base de Responsable de la S\u00e9curit\u00e9 (11.2.2) <\/strong>est une formation officielle AVSEC (Aviation Security) visant \u00e0 fournir les connaissances essentielles pour exercer les fonctions de responsable de la s\u00e9curit\u00e9 dans les installations a\u00e9roportuaires ou les entit\u00e9s ayant acc\u00e8s \u00e0 des zones r\u00e9glement\u00e9es.<\/p><p>Ce cours, conforme au <a href=\"https:\/\/www.boe.es\/doue\/2015\/299\/L00001-00142.pdf\" target=\"_blank\" rel=\"noopener\">r\u00e8glement (UE) 2015\/1998 <\/a>et supervis\u00e9 par <a href=\"https:\/\/www.seguridadaerea.gob.es\/\" target=\"_blank\" rel=\"noopener\">l&#8217;Agence nationale de la s\u00e9curit\u00e9 a\u00e9rienne (AESA)<\/a>, permet d&#8217;acqu\u00e9rir une compr\u00e9hension compl\u00e8te de la gestion de la s\u00e9curit\u00e9 a\u00e9roportuaire, de la pr\u00e9vention des actes ill\u00e9gaux et de l&#8217;application des proc\u00e9dures de contr\u00f4le et de supervision de la s\u00e9curit\u00e9 op\u00e9rationnelle.<\/p><p>De plus, il permet \u00e0 l&#8217;\u00e9tudiant d&#8217;assumer des responsabilit\u00e9s directes dans la mise en \u0153uvre, la coordination et l&#8217;\u00e9valuation des mesures AVSEC, garantissant la conformit\u00e9 r\u00e9glementaire dans toutes les op\u00e9rations a\u00e9riennes.<\/p><h2>Objectifs du cours<\/h2><p>L&#8217;objectif de la formation est de fournir aux personnels responsables de la s\u00e9curit\u00e9 les outils et les connaissances n\u00e9cessaires pour g\u00e9rer efficacement la protection des personnes, des installations et des op\u00e9rations a\u00e9ronautiques.<\/p><p>A la fin du cours, l&#8217;\u00e9tudiant sera capable de :<\/p><ul><li>Comprendre les bases r\u00e9glementaires internationales et nationales en mati\u00e8re de s\u00e9curit\u00e9 a\u00e9rienne (OACI, UE et AESA).<\/li><li>Identifier les fonctions et responsabilit\u00e9s du responsable de la s\u00e9curit\u00e9 AVSEC.<\/li><li>Planifier, coordonner et superviser les mesures de s\u00e9curit\u00e9 dans les zones r\u00e9glement\u00e9es.<\/li><li>Planifier, coordonner et superviser les mesures de s\u00e9curit\u00e9 dans les zones r\u00e9glement\u00e9es.<\/li><li>Promouvoir une culture de s\u00e9curit\u00e9 et de sensibilisation AVSEC au sein de l\u2019organisation.<\/li><\/ul><h2>A qui s&#8217;adresse-t-il?<\/h2><p>La formation de base de Responsable S\u00e9curit\u00e9 s&#8217;adresse aux professionnels du secteur a\u00e9ronautique et a\u00e9roportuaire qui exercent ou vont exercer des fonctions de gestion, de coordination ou de supervision de la s\u00e9curit\u00e9 op\u00e9rationnelle.<\/p><p>Concr\u00e8tement, il s\u2019adresse \u00e0 :<\/p><ul><li>Responsables ou coordinateurs de s\u00e9curit\u00e9 dans les a\u00e9roports et les compagnies a\u00e9riennes.<\/li><li>Personnel d\u00e9sign\u00e9 comme responsable de la s\u00e9curit\u00e9 ou coordonnateur de la s\u00e9curit\u00e9.<\/li><li>Membres d&#8217;organisations ayant acc\u00e8s aux zones de s\u00e9curit\u00e9 r\u00e9glement\u00e9es (ZRS).<\/li><li>Personnel des soci\u00e9t\u00e9s de manutention, de maintenance ou de services a\u00e9roportuaires.<\/li><li>Professionnels cherchant \u00e0 am\u00e9liorer leur qualification AVSEC pour assumer de plus grandes responsabilit\u00e9s.<\/li><\/ul><h2>Pourquoi suivre ce cours ?<\/h2><p>L&#8217;agent de s\u00e9curit\u00e9 joue un r\u00f4le essentiel dans la protection de l&#8217;aviation civile contre les actes ill\u00e9gaux et les menaces. Leur formation est non seulement obligatoire selon la r\u00e9glementation europ\u00e9enne, mais constitue \u00e9galement un gage de comp\u00e9tence, de conformit\u00e9 et de pr\u00e9vention au sein du milieu a\u00e9roportuaire. <\/p><p>Suivre ce cours vous permettra :<\/p><ul><li>Obtenez la certification officielle requise par l&#8217;AESA pour exercer les fonctions de responsable de la s\u00e9curit\u00e9.<\/li><li>Conna\u00eetre en profondeur les normes AVSEC et leurs applications pratiques.<\/li><li>D\u00e9velopper des comp\u00e9tences de leadership et de prise de d\u00e9cision dans des situations critiques.<\/li><li>Am\u00e9liorer la coordination avec les forces de s\u00e9curit\u00e9 et les autorit\u00e9s a\u00e9roportuaires.<\/li><li>Augmentez vos opportunit\u00e9s d\u2019emploi dans les entreprises du secteur a\u00e9ronautique et a\u00e9roportuaire.<\/li><\/ul><p>Ce cours est essentiel pour assurer une gestion efficace de la s\u00e9curit\u00e9 op\u00e9rationnelle, renforcer la culture AVSEC et contribuer au maintien des normes de s\u00e9curit\u00e9 les plus \u00e9lev\u00e9es dans l&#8217;aviation civile.<b><\/b><\/p><h2>Programme de formation de base pour le responsable de la s\u00e9curit\u00e9 <\/h2><ul><li><span style=\"font-size: 0.9375rem;\">Actes ant\u00e9rieurs d\u2019intervention ill\u00e9gale contre l\u2019aviation civile, actes terroristes et menaces r\u00e9elles.<\/span><\/li><li><span style=\"font-size: 0.9375rem;\">Cadre juridique pour la s\u00e9curit\u00e9 a\u00e9rienne.<\/span><\/li><li>Objectifs et organisation de la s\u00fbret\u00e9 a\u00e9rienne, y compris les obligations et responsabilit\u00e9s des personnes effectuant les contr\u00f4les de s\u00fbret\u00e9.<\/li><li>Proc\u00e9dures de contr\u00f4le d&#8217;acc\u00e8s.<\/li><li>Syst\u00e8mes d&#8217;accr\u00e9ditation et d&#8217;autorisation utilis\u00e9s dans les a\u00e9roports.<\/li><li>Proc\u00e9dures d&#8217;interception de personnes et circonstances dans lesquelles les personnes doivent \u00eatre d\u00e9tenues ou signal\u00e9es.<\/li><li>Proc\u00e9dures de r\u00e9clamation.<\/li><li>Identification des objets interdits<\/li><li>Action en cas d&#8217;incidents de s\u00e9curit\u00e9<\/li><li>Comportement et r\u00e9actions humaines dans les performances de s\u00e9curit\u00e9<\/li><li>Communication avec clart\u00e9 et confiance<\/li><li>Culture de s\u00e9curit\u00e9 sur le lieu de travail et dans le domaine a\u00e9rien.<\/li><\/ul>\t\t\t\t\t\t\t\t<\/div>\n\t\t\t\t<\/div>\n\t\t\t\t\t<\/div>\n\t\t\t\t<\/div>\n\t\t\t\t<\/div>\n\t\t","protected":false},"excerpt":{"rendered":"<p>Cours en ligne qui forme les responsables de la s\u00e9curit\u00e9 a\u00e9roportuaire conform\u00e9ment au point 11.2.2 de la r\u00e9glementation AVSEC, certifi\u00e9 par l&#8217;AESA.<\/p>\n<ul>\n<li>Langue: Espagnol<\/li>\n<li>Dur\u00e9e: 6 heures<\/li>\n<li>Certification: valable 5 ans<\/li>\n<\/ul>\n","protected":false},"featured_media":2269,"template":"","meta":{"_acf_changed":false,"site-sidebar-layout":"default","site-content-layout":"","ast-site-content-layout":"default","site-content-style":"default","site-sidebar-style":"default","ast-global-header-display":"","ast-banner-title-visibility":"","ast-main-header-display":"","ast-hfb-above-header-display":"","ast-hfb-below-header-display":"","ast-hfb-mobile-header-display":"","site-post-title":"","ast-breadcrumbs-content":"","ast-featured-img":"","footer-sml-layout":"","ast-disable-related-posts":"","theme-transparent-header-meta":"default","adv-header-id-meta":"","stick-header-meta":"","header-above-stick-meta":"","header-main-stick-meta":"","header-below-stick-meta":"","astra-migrate-meta-layouts":"set","ast-page-background-enabled":"default","ast-page-background-meta":{"desktop":{"background-color":"var(--ast-global-color-5)","background-image":"","background-repeat":"repeat","background-position":"center center","background-size":"auto","background-attachment":"scroll","background-type":"","background-media":"","overlay-type":"","overlay-color":"","overlay-opacity":"","overlay-gradient":""},"tablet":{"background-color":"","background-image":"","background-repeat":"repeat","background-position":"center center","background-size":"auto","background-attachment":"scroll","background-type":"","background-media":"","overlay-type":"","overlay-color":"","overlay-opacity":"","overlay-gradient":""},"mobile":{"background-color":"","background-image":"","background-repeat":"repeat","background-position":"center center","background-size":"auto","background-attachment":"scroll","background-type":"","background-media":"","overlay-type":"","overlay-color":"","overlay-opacity":"","overlay-gradient":""}},"ast-content-background-meta":{"desktop":{"background-color":"var(--ast-global-color-4)","background-image":"","background-repeat":"repeat","background-position":"center center","background-size":"auto","background-attachment":"scroll","background-type":"","background-media":"","overlay-type":"","overlay-color":"","overlay-opacity":"","overlay-gradient":""},"tablet":{"background-color":"var(--ast-global-color-4)","background-image":"","background-repeat":"repeat","background-position":"center center","background-size":"auto","background-attachment":"scroll","background-type":"","background-media":"","overlay-type":"","overlay-color":"","overlay-opacity":"","overlay-gradient":""},"mobile":{"background-color":"var(--ast-global-color-4)","background-image":"","background-repeat":"repeat","background-position":"center center","background-size":"auto","background-attachment":"scroll","background-type":"","background-media":"","overlay-type":"","overlay-color":"","overlay-opacity":"","overlay-gradient":""}}},"product_brand":[],"product_cat":[144,145],"product_tag":[],"class_list":{"0":"post-4056","1":"product","2":"type-product","3":"status-publish","4":"has-post-thumbnail","6":"product_cat-avsec-fr","7":"product_cat-espanol-fr","8":"desktop-align-left","9":"tablet-align-left","10":"mobile-align-left","12":"first","13":"instock","14":"sale","15":"downloadable","16":"virtual","17":"taxable","18":"purchasable","19":"product-type-simple"},"acf":[],"yoast_head":"<!-- This site is optimized with the Yoast SEO plugin v27.4 - https:\/\/yoast.com\/product\/yoast-seo-wordpress\/ -->\n<title>AVSEC de base 11.2.2: Responsable de la s\u00e9curit\u00e9 a\u00e9roportuaire<\/title>\n<meta name=\"description\" content=\"Suivez d\u00e8s maintenant la formation en ligne certifi\u00e9e AESA AVSEC 11.2.2 sur la r\u00e9glementation et la gestion de la s\u00fbret\u00e9.\" \/>\n<meta name=\"robots\" content=\"index, follow, max-snippet:-1, max-image-preview:large, max-video-preview:-1\" \/>\n<link rel=\"canonical\" href=\"http:\/\/segu-aero.com\/fr\/producto\/11-2-2-formacion-basica-del-responsable-de-seguridad\/\" \/>\n<meta property=\"og:locale\" content=\"fr_FR\" \/>\n<meta property=\"og:type\" content=\"article\" \/>\n<meta property=\"og:title\" content=\"Formation en ligne pour les responsables de la s\u00e9curit\u00e9 a\u00e9roportuaire (11.2.2) | AVSEC\" \/>\n<meta property=\"og:description\" content=\"Devenez responsable de la s\u00e9curit\u00e9 a\u00e9roportuaire. Cours en ligne AVSEC 11.2.2 certifi\u00e9 par l&#039;AESA sur les r\u00e8gles et la gestion de la s\u00e9curit\u00e9.\" \/>\n<meta property=\"og:url\" content=\"http:\/\/segu-aero.com\/producto\/11-2-2-formacion-basica-del-responsable-de-seguridad\/\" \/>\n<meta property=\"og:site_name\" content=\"Segu-Aero\" \/>\n<meta property=\"article:modified_time\" content=\"2025-10-30T16:29:02+00:00\" \/>\n<meta property=\"og:image\" content=\"https:\/\/segu-aero.com\/wp-content\/uploads\/2025\/01\/11.2.2-2.png\" \/>\n\t<meta property=\"og:image:width\" content=\"617\" \/>\n\t<meta property=\"og:image:height\" content=\"449\" \/>\n\t<meta property=\"og:image:type\" content=\"image\/png\" \/>\n<meta name=\"twitter:card\" content=\"summary_large_image\" \/>\n<meta name=\"twitter:title\" content=\"Formation en ligne pour les responsables de la s\u00e9curit\u00e9 a\u00e9roportuaire (11.2.2) | AVSEC\" \/>\n<meta name=\"twitter:description\" content=\"Devenez responsable de la s\u00e9curit\u00e9 a\u00e9roportuaire. Cours en ligne AVSEC 11.2.2 certifi\u00e9 par l&#039;AESA sur les r\u00e8gles et la gestion de la s\u00e9curit\u00e9.\" \/>\n<meta name=\"twitter:image\" content=\"https:\/\/segu-aero.com\/wp-content\/uploads\/2025\/01\/11.2.2-2.png\" \/>\n<meta name=\"twitter:label1\" content=\"Dur\u00e9e de lecture estim\u00e9e\" \/>\n\t<meta name=\"twitter:data1\" content=\"3 minutes\" \/>\n<!-- \/ Yoast SEO plugin. -->","yoast_head_json":{"title":"AVSEC de base 11.2.2: Responsable de la s\u00e9curit\u00e9 a\u00e9roportuaire","description":"Suivez d\u00e8s maintenant la formation en ligne certifi\u00e9e AESA AVSEC 11.2.2 sur la r\u00e9glementation et la gestion de la s\u00fbret\u00e9.","robots":{"index":"index","follow":"follow","max-snippet":"max-snippet:-1","max-image-preview":"max-image-preview:large","max-video-preview":"max-video-preview:-1"},"canonical":"http:\/\/segu-aero.com\/fr\/producto\/11-2-2-formacion-basica-del-responsable-de-seguridad\/","og_locale":"fr_FR","og_type":"article","og_title":"Formation en ligne pour les responsables de la s\u00e9curit\u00e9 a\u00e9roportuaire (11.2.2) | AVSEC","og_description":"Devenez responsable de la s\u00e9curit\u00e9 a\u00e9roportuaire. Cours en ligne AVSEC 11.2.2 certifi\u00e9 par l'AESA sur les r\u00e8gles et la gestion de la s\u00e9curit\u00e9.","og_url":"http:\/\/segu-aero.com\/producto\/11-2-2-formacion-basica-del-responsable-de-seguridad\/","og_site_name":"Segu-Aero","article_modified_time":"2025-10-30T16:29:02+00:00","og_image":[{"width":617,"height":449,"url":"https:\/\/segu-aero.com\/wp-content\/uploads\/2025\/01\/11.2.2-2.png","type":"image\/png"}],"twitter_card":"summary_large_image","twitter_title":"Formation en ligne pour les responsables de la s\u00e9curit\u00e9 a\u00e9roportuaire (11.2.2) | AVSEC","twitter_description":"Devenez responsable de la s\u00e9curit\u00e9 a\u00e9roportuaire. Cours en ligne AVSEC 11.2.2 certifi\u00e9 par l'AESA sur les r\u00e8gles et la gestion de la s\u00e9curit\u00e9.","twitter_image":"https:\/\/segu-aero.com\/wp-content\/uploads\/2025\/01\/11.2.2-2.png","twitter_misc":{"Dur\u00e9e de lecture estim\u00e9e":"3 minutes"},"schema":{"@context":"https:\/\/schema.org","@graph":[{"@type":"WebPage","@id":"https:\/\/segu-aero.com\/fr\/produit\/11-2-2-formacion-basica-del-responsable-de-seguridad\/","url":"http:\/\/segu-aero.com\/producto\/11-2-2-formacion-basica-del-responsable-de-seguridad\/","name":"AVSEC de base 11.2.2: Responsable de la s\u00e9curit\u00e9 a\u00e9roportuaire","isPartOf":{"@id":"https:\/\/segu-aero.com\/fr\/#website"},"primaryImageOfPage":{"@id":"http:\/\/segu-aero.com\/producto\/11-2-2-formacion-basica-del-responsable-de-seguridad\/#primaryimage"},"image":{"@id":"http:\/\/segu-aero.com\/producto\/11-2-2-formacion-basica-del-responsable-de-seguridad\/#primaryimage"},"thumbnailUrl":"https:\/\/segu-aero.com\/wp-content\/uploads\/2025\/01\/11.2.2-2.png","datePublished":"2025-01-22T16:31:12+00:00","dateModified":"2025-10-30T16:29:02+00:00","description":"Suivez d\u00e8s maintenant la formation en ligne certifi\u00e9e AESA AVSEC 11.2.2 sur la r\u00e9glementation et la gestion de la s\u00fbret\u00e9.","breadcrumb":{"@id":"http:\/\/segu-aero.com\/producto\/11-2-2-formacion-basica-del-responsable-de-seguridad\/#breadcrumb"},"inLanguage":"fr-FR","potentialAction":[{"@type":"ReadAction","target":["http:\/\/segu-aero.com\/producto\/11-2-2-formacion-basica-del-responsable-de-seguridad\/"]}]},{"@type":"ImageObject","inLanguage":"fr-FR","@id":"http:\/\/segu-aero.com\/producto\/11-2-2-formacion-basica-del-responsable-de-seguridad\/#primaryimage","url":"https:\/\/segu-aero.com\/wp-content\/uploads\/2025\/01\/11.2.2-2.png","contentUrl":"https:\/\/segu-aero.com\/wp-content\/uploads\/2025\/01\/11.2.2-2.png","width":617,"height":449,"caption":"Responsable de la s\u00e9curit\u00e9 a\u00e9roportuaire"},{"@type":"BreadcrumbList","@id":"http:\/\/segu-aero.com\/producto\/11-2-2-formacion-basica-del-responsable-de-seguridad\/#breadcrumb","itemListElement":[{"@type":"ListItem","position":1,"name":"Portada","item":"https:\/\/segu-aero.com\/fr\/"},{"@type":"ListItem","position":2,"name":"Produits","item":"https:\/\/segu-aero.com\/fr\/shop\/"},{"@type":"ListItem","position":3,"name":"Formation de base AVSEC: Agent de s\u00e9curit\u00e9 a\u00e9roportuaire (11.2.2)"}]},{"@type":"WebSite","@id":"https:\/\/segu-aero.com\/fr\/#website","url":"https:\/\/segu-aero.com\/fr\/","name":"Segu-Aero","description":"Especialistas en formaci\u00f3n y seguridad aeroportuaria","publisher":{"@id":"https:\/\/segu-aero.com\/fr\/#organization"},"potentialAction":[{"@type":"SearchAction","target":{"@type":"EntryPoint","urlTemplate":"https:\/\/segu-aero.com\/fr\/?s={search_term_string}"},"query-input":{"@type":"PropertyValueSpecification","valueRequired":true,"valueName":"search_term_string"}}],"inLanguage":"fr-FR"},{"@type":"Organization","@id":"https:\/\/segu-aero.com\/fr\/#organization","name":"Segu-Aero","url":"https:\/\/segu-aero.com\/fr\/","logo":{"@type":"ImageObject","inLanguage":"fr-FR","@id":"https:\/\/segu-aero.com\/fr\/#\/schema\/logo\/image\/","url":"https:\/\/segu-aero.com\/wp-content\/uploads\/2024\/10\/LOGO-SEG-AERO-2024.png","contentUrl":"https:\/\/segu-aero.com\/wp-content\/uploads\/2024\/10\/LOGO-SEG-AERO-2024.png","width":293,"height":128,"caption":"Segu-Aero"},"image":{"@id":"https:\/\/segu-aero.com\/fr\/#\/schema\/logo\/image\/"},"sameAs":["https:\/\/www.linkedin.com\/company\/formaero\/"]}]}},"_links":{"self":[{"href":"https:\/\/segu-aero.com\/fr\/wp-json\/wp\/v2\/product\/4056","targetHints":{"allow":["GET"]}}],"collection":[{"href":"https:\/\/segu-aero.com\/fr\/wp-json\/wp\/v2\/product"}],"about":[{"href":"https:\/\/segu-aero.com\/fr\/wp-json\/wp\/v2\/types\/product"}],"version-history":[{"count":15,"href":"https:\/\/segu-aero.com\/fr\/wp-json\/wp\/v2\/product\/4056\/revisions"}],"predecessor-version":[{"id":6026,"href":"https:\/\/segu-aero.com\/fr\/wp-json\/wp\/v2\/product\/4056\/revisions\/6026"}],"wp:featuredmedia":[{"embeddable":true,"href":"https:\/\/segu-aero.com\/fr\/wp-json\/wp\/v2\/media\/2269"}],"wp:attachment":[{"href":"https:\/\/segu-aero.com\/fr\/wp-json\/wp\/v2\/media?parent=4056"}],"wp:term":[{"taxonomy":"product_brand","embeddable":true,"href":"https:\/\/segu-aero.com\/fr\/wp-json\/wp\/v2\/product_brand?post=4056"},{"taxonomy":"product_cat","embeddable":true,"href":"https:\/\/segu-aero.com\/fr\/wp-json\/wp\/v2\/product_cat?post=4056"},{"taxonomy":"product_tag","embeddable":true,"href":"https:\/\/segu-aero.com\/fr\/wp-json\/wp\/v2\/product_tag?post=4056"}],"curies":[{"name":"wp","href":"https:\/\/api.w.org\/{rel}","templated":true}]}}