{"id":4052,"date":"2025-01-22T16:31:12","date_gmt":"2025-01-22T16:31:12","guid":{"rendered":"http:\/\/segu-aero.com\/product\/11-2-3-10-requisitos-de-seguridad-para-correo-y-material-de-companias-provisiones-de-a-bordo-y-suministros-de-aeropuerto-distintos-de-la-inspeccion\/"},"modified":"2025-10-30T18:29:22","modified_gmt":"2025-10-30T17:29:22","slug":"11-2-3-10-requisitos-de-seguridad-para-correo-y-material-de-companias-provisiones-de-a-bordo-y-suministros-de-aeropuerto-distintos-de-la-inspeccion","status":"publish","type":"product","link":"https:\/\/segu-aero.com\/fr\/produit\/11-2-3-10-requisitos-de-seguridad-para-correo-y-material-de-companias-provisiones-de-a-bordo-y-suministros-de-aeropuerto-distintos-de-la-inspeccion\/","title":{"rendered":"Cours en ligne AVSEC: Exigences de s\u00e9curit\u00e9 pour le courrier et l\u2019\u00e9quipement des compagnies a\u00e9riennes, les provisions \u00e0 bord et les fournitures a\u00e9roportuaires autres que celles destin\u00e9es \u00e0 l\u2019inspection (11.2.3.10)"},"content":{"rendered":"\t\t<div data-elementor-type=\"product-post\" data-elementor-id=\"4052\" class=\"elementor elementor-4052 elementor-2322\" data-elementor-post-type=\"product\">\n\t\t\t\t<div class=\"elementor-element elementor-element-2e549455 e-flex e-con-boxed e-con e-parent\" data-id=\"2e549455\" data-element_type=\"container\" data-e-type=\"container\">\n\t\t\t\t\t<div class=\"e-con-inner\">\n\t\t\t\t<div class=\"elementor-element elementor-element-610a52a1 elementor-widget elementor-widget-text-editor\" data-id=\"610a52a1\" data-element_type=\"widget\" data-e-type=\"widget\" data-widget_type=\"text-editor.default\">\n\t\t\t\t<div class=\"elementor-widget-container\">\n\t\t\t\t\t\t\t\t\t<p>Ce cours aborde les<strong> exigences de s\u00e9curit\u00e9 applicables au courrier a\u00e9rien identifiable, aux provisions de vol et aux fournitures a\u00e9roportuaires<\/strong> (nourriture, restauration, pi\u00e8ces de rechange, etc.), lorsque celles-ci ne sont pas soumises \u00e0 une inspection directe.<\/p><p>Selon le cadre r\u00e9glementaire AVSEC, certaines exp\u00e9ditions de provisions et de fournitures doivent \u00eatre g\u00e9r\u00e9es sous des contr\u00f4les alternatifs, des protocoles d&#8217;int\u00e9gration s\u00e9curis\u00e9s et une surveillance documentaire. Ce cours enseigne comment appliquer ces exigences, contr\u00f4ler les risques, v\u00e9rifier l&#8217;authenticit\u00e9 du transport, effectuer le contr\u00f4le d&#8217;acc\u00e8s et garantir que ces actifs ne constituent pas une menace pour la s\u00e9curit\u00e9 des avions ou des a\u00e9roports. <\/p><h2>Objectifs du cours<\/h2><p>\u00c0 l\u2019issue de ce cours, les participants seront capables de :<\/p><ul><li>Conna\u00eetre le cadre r\u00e9glementaire AVSEC applicable :<a href=\"https:\/\/www.boe.es\/doue\/2015\/299\/L00001-00142.pdf\" target=\"_blank\" rel=\"noopener\"> R\u00e8glement UE 2015\/1998.<\/a><\/li><li>Identifiez les provisions, les fournitures ou le courrier qui n\u00e9cessitent des mesures sp\u00e9ciales sans inspection directe.<\/li><li>Appliquer des proc\u00e9dures de s\u00e9curit\u00e9 alternatives : surveillance des documents, parcours s\u00e9curis\u00e9s, scellement, authentification, contr\u00f4le d&#8217;acc\u00e8s.<\/li><li>Reconna\u00eetre les risques sp\u00e9cifiques li\u00e9s au transport de fournitures\/courrier non inspect\u00e9s.<\/li><li>Savoir se coordonner avec les entit\u00e9s a\u00e9roportuaires et les soci\u00e9t\u00e9s de manutention pour assurer la conformit\u00e9.<\/li><\/ul><h2>A qui s&#8217;adresse-t-il?<\/h2><p>Ce cours est ax\u00e9 sur :<\/p><ul><li>Personnel de restauration a\u00e9rienne (avitaillement, nourriture) livrant le ravitaillement aux zones op\u00e9rationnelles.<\/li><li>Personnel en charge des fournitures a\u00e9roportuaires non inspect\u00e9es (carburant, pi\u00e8ces d\u00e9tach\u00e9es, fret l\u00e9ger).<\/li><li>Op\u00e9rateurs de poste a\u00e9rienne qui traitent des marchandises li\u00e9es aux avions.<\/li><li>Entreprises de manutention et de logistique a\u00e9roportuaires.<\/li><li>Coordonnateurs de s\u00e9curit\u00e9 AVSEC qui doivent superviser les protocoles d\u2019approvisionnement s\u00e9curis\u00e9s.<\/li><\/ul><h2>Pourquoi suivre ce cours ?<\/h2><p>Une gestion s\u00e9curis\u00e9e des provisions, des fournitures et du courrier est essentielle pour \u00e9viter les actes d\u2019ing\u00e9rence ill\u00e9gale et garantir l\u2019int\u00e9grit\u00e9 des op\u00e9rations a\u00e9roportuaires.<\/p><p>Ce cours propose :<\/p><ul><li>Conformit\u00e9 r\u00e9glementaire aux exigences AVSEC 11.2.3.10.<\/li><li>Capacit\u00e9 \u00e0 appliquer des mesures de s\u00e9curit\u00e9 sans avoir besoin d\u2019une inspection physique directe.<\/li><li>R\u00e9duction des risques dans les cha\u00eenes d&#8217;approvisionnement a\u00e9roportuaires.<\/li><li>Am\u00e9lioration du profil professionnel en s\u00e9curit\u00e9 AVSEC appliqu\u00e9e aux services auxiliaires.<\/li><li>Renforcer la culture de s\u00e9curit\u00e9 dans les entreprises qui manipulent des fournitures critiques.<\/li><\/ul><p>L&#8217;application correcte de ces exigences est essentielle pour compl\u00e9ter la cha\u00eene de s\u00e9curit\u00e9 a\u00e9roportuaire sans vuln\u00e9rabilit\u00e9s au niveau des approvisionnements essentiels.<\/p><h2>Programme de cours sur les exigences de s\u00e9curit\u00e9 pour le courrier et le mat\u00e9riel de l&#8217;entreprise, les fournitures de bord et les fournitures d&#8217;a\u00e9roport autres que l&#8217;inspection <\/h2><ul><li>Actes d&#8217;intervention ill\u00e9gale contre l&#8217;aviation civile, actes terroristes et menaces r\u00e9elles.<\/li><li><span style=\"font-size: 0.9375rem;\">Dispositions l\u00e9gales pertinentes. <\/span><\/li><li><span style=\"font-size: 0.9375rem;\">Culture de s\u00e9curit\u00e9 sur le lieu de travail et dans le domaine a\u00e9rien.<\/span><\/li><li><span style=\"font-size: 0.9375rem;\">Objectifs et organisation de la s\u00e9curit\u00e9 a\u00e9rienne, y compris les obligations et responsabilit\u00e9s des personnes effectuant<\/span><\/li><li><span style=\"font-size: 0.9375rem;\">Contr\u00f4les de s\u00e9curit\u00e9.<\/span><\/li><li>Proc\u00e9dures d&#8217;interception de personnes et circonstances dans lesquelles les personnes doivent \u00eatre d\u00e9tenues ou signal\u00e9es<\/li><li><span style=\"font-size: 0.9375rem;\">Proc\u00e9dures de notification<\/span><\/li><li><span style=\"font-size: 0.9375rem;\">Identification des objets interdits<\/span><\/li><li><span style=\"font-size: 0.9375rem;\">Action en cas de d\u00e9tection d&#8217;objets interdits.<\/span><\/li><li><span style=\"font-size: 0.9375rem;\">M\u00e9thodes utilis\u00e9es pour dissimuler des objets interdits.<\/span><\/li><li><span style=\"font-size: 0.9375rem;\">Exigences de s\u00e9curit\u00e9 relatives au Co-mail et au Co-mat et aux dispositions \u00e0 bord.<\/span><\/li><li><span style=\"font-size: 0.9375rem;\">Exigences de transport<\/span><\/li><\/ul>\t\t\t\t\t\t\t\t<\/div>\n\t\t\t\t<\/div>\n\t\t\t\t\t<\/div>\n\t\t\t\t<\/div>\n\t\t\t\t<\/div>\n\t\t","protected":false},"excerpt":{"rendered":"<p>Le cours AVSEC 11.2.3.10 forme aux exigences de s\u00e9curit\u00e9 pour le courrier, les provisions et les fournitures a\u00e9roportuaires autres que l&#8217;inspection.<\/p>\n<ul>\n<li>Langue: Espagnol<\/li>\n<li>Dur\u00e9e: 6 heures<\/li>\n<li>Certification: valable 5 ans<\/li>\n<\/ul>\n","protected":false},"featured_media":2036,"template":"","meta":{"_acf_changed":false,"site-sidebar-layout":"default","site-content-layout":"","ast-site-content-layout":"default","site-content-style":"default","site-sidebar-style":"default","ast-global-header-display":"","ast-banner-title-visibility":"","ast-main-header-display":"","ast-hfb-above-header-display":"","ast-hfb-below-header-display":"","ast-hfb-mobile-header-display":"","site-post-title":"","ast-breadcrumbs-content":"","ast-featured-img":"","footer-sml-layout":"","ast-disable-related-posts":"","theme-transparent-header-meta":"default","adv-header-id-meta":"","stick-header-meta":"","header-above-stick-meta":"","header-main-stick-meta":"","header-below-stick-meta":"","astra-migrate-meta-layouts":"set","ast-page-background-enabled":"default","ast-page-background-meta":{"desktop":{"background-color":"var(--ast-global-color-5)","background-image":"","background-repeat":"repeat","background-position":"center center","background-size":"auto","background-attachment":"scroll","background-type":"","background-media":"","overlay-type":"","overlay-color":"","overlay-opacity":"","overlay-gradient":""},"tablet":{"background-color":"","background-image":"","background-repeat":"repeat","background-position":"center center","background-size":"auto","background-attachment":"scroll","background-type":"","background-media":"","overlay-type":"","overlay-color":"","overlay-opacity":"","overlay-gradient":""},"mobile":{"background-color":"","background-image":"","background-repeat":"repeat","background-position":"center center","background-size":"auto","background-attachment":"scroll","background-type":"","background-media":"","overlay-type":"","overlay-color":"","overlay-opacity":"","overlay-gradient":""}},"ast-content-background-meta":{"desktop":{"background-color":"var(--ast-global-color-4)","background-image":"","background-repeat":"repeat","background-position":"center center","background-size":"auto","background-attachment":"scroll","background-type":"","background-media":"","overlay-type":"","overlay-color":"","overlay-opacity":"","overlay-gradient":""},"tablet":{"background-color":"var(--ast-global-color-4)","background-image":"","background-repeat":"repeat","background-position":"center center","background-size":"auto","background-attachment":"scroll","background-type":"","background-media":"","overlay-type":"","overlay-color":"","overlay-opacity":"","overlay-gradient":""},"mobile":{"background-color":"var(--ast-global-color-4)","background-image":"","background-repeat":"repeat","background-position":"center center","background-size":"auto","background-attachment":"scroll","background-type":"","background-media":"","overlay-type":"","overlay-color":"","overlay-opacity":"","overlay-gradient":""}}},"product_brand":[],"product_cat":[144,145],"product_tag":[],"class_list":{"0":"post-4052","1":"product","2":"type-product","3":"status-publish","4":"has-post-thumbnail","6":"product_cat-avsec-fr","7":"product_cat-espanol-fr","8":"desktop-align-left","9":"tablet-align-left","10":"mobile-align-left","12":"first","13":"instock","14":"sale","15":"downloadable","16":"virtual","17":"taxable","18":"purchasable","19":"product-type-simple"},"acf":[],"yoast_head":"<!-- This site is optimized with the Yoast SEO plugin v27.4 - https:\/\/yoast.com\/product\/yoast-seo-wordpress\/ -->\n<title>Cours AVSEC: Courrier a\u00e9roportuaire, provisions et fournitures<\/title>\n<meta name=\"description\" content=\"Acc\u00e9dez au cours AVSEC 11.2.3.10 sur la s\u00e9curit\u00e9 du courrier et du mat\u00e9riel et des fournitures a\u00e9roportuaires autres que l&#039;inspection.\" \/>\n<meta name=\"robots\" content=\"index, follow, max-snippet:-1, max-image-preview:large, max-video-preview:-1\" \/>\n<link rel=\"canonical\" href=\"http:\/\/segu-aero.com\/fr\/producto\/11-2-3-10-requisitos-de-seguridad-para-correo-y-material-de-companias-provisiones-de-a-bordo-y-suministros-de-aeropuerto-distintos-de-la-inspeccion\/\" \/>\n<meta property=\"og:locale\" content=\"fr_FR\" \/>\n<meta property=\"og:type\" content=\"article\" \/>\n<meta property=\"og:title\" content=\"Cours AVSEC : Courrier et mat\u00e9riel d&#039;entreprise, provisions de bord et fournitures a\u00e9roportuaires (11.2.3.10)\" \/>\n<meta property=\"og:description\" content=\"Suivez d\u00e8s maintenant le cours en ligne AVSEC 11.2.3.10 sur les exigences de s\u00e9curit\u00e9 pour le courrier et le mat\u00e9riel de l&#039;entreprise, les fournitures en vol et les fournitures a\u00e9roportuaires autres que l&#039;inspection. Certifi\u00e9 par AESA.\" \/>\n<meta property=\"og:url\" content=\"http:\/\/segu-aero.com\/producto\/11-2-3-10-requisitos-de-seguridad-para-correo-y-material-de-companias-provisiones-de-a-bordo-y-suministros-de-aeropuerto-distintos-de-la-inspeccion\/\" \/>\n<meta property=\"og:site_name\" content=\"Segu-Aero\" \/>\n<meta property=\"article:modified_time\" content=\"2025-10-30T17:29:22+00:00\" \/>\n<meta property=\"og:image\" content=\"https:\/\/segu-aero.com\/wp-content\/uploads\/2025\/01\/image019-1.jpg\" \/>\n\t<meta property=\"og:image:width\" content=\"261\" \/>\n\t<meta property=\"og:image:height\" content=\"195\" \/>\n\t<meta property=\"og:image:type\" content=\"image\/jpeg\" \/>\n<meta name=\"twitter:card\" content=\"summary_large_image\" \/>\n<meta name=\"twitter:title\" content=\"Cours AVSEC : Courrier et mat\u00e9riel d&#039;entreprise, provisions de bord et fournitures a\u00e9roportuaires (11.2.3.10)\" \/>\n<meta name=\"twitter:description\" content=\"Suivez d\u00e8s maintenant le cours en ligne AVSEC 11.2.3.10 sur les exigences de s\u00e9curit\u00e9 pour le courrier et le mat\u00e9riel de l&#039;entreprise, les fournitures en vol et les fournitures a\u00e9roportuaires autres que l&#039;inspection. Certifi\u00e9 par AESA.\" \/>\n<meta name=\"twitter:label1\" content=\"Dur\u00e9e de lecture estim\u00e9e\" \/>\n\t<meta name=\"twitter:data1\" content=\"3 minutes\" \/>\n<!-- \/ Yoast SEO plugin. -->","yoast_head_json":{"title":"Cours AVSEC: Courrier a\u00e9roportuaire, provisions et fournitures","description":"Acc\u00e9dez au cours AVSEC 11.2.3.10 sur la s\u00e9curit\u00e9 du courrier et du mat\u00e9riel et des fournitures a\u00e9roportuaires autres que l'inspection.","robots":{"index":"index","follow":"follow","max-snippet":"max-snippet:-1","max-image-preview":"max-image-preview:large","max-video-preview":"max-video-preview:-1"},"canonical":"http:\/\/segu-aero.com\/fr\/producto\/11-2-3-10-requisitos-de-seguridad-para-correo-y-material-de-companias-provisiones-de-a-bordo-y-suministros-de-aeropuerto-distintos-de-la-inspeccion\/","og_locale":"fr_FR","og_type":"article","og_title":"Cours AVSEC : Courrier et mat\u00e9riel d'entreprise, provisions de bord et fournitures a\u00e9roportuaires (11.2.3.10)","og_description":"Suivez d\u00e8s maintenant le cours en ligne AVSEC 11.2.3.10 sur les exigences de s\u00e9curit\u00e9 pour le courrier et le mat\u00e9riel de l'entreprise, les fournitures en vol et les fournitures a\u00e9roportuaires autres que l'inspection. Certifi\u00e9 par AESA.","og_url":"http:\/\/segu-aero.com\/producto\/11-2-3-10-requisitos-de-seguridad-para-correo-y-material-de-companias-provisiones-de-a-bordo-y-suministros-de-aeropuerto-distintos-de-la-inspeccion\/","og_site_name":"Segu-Aero","article_modified_time":"2025-10-30T17:29:22+00:00","og_image":[{"width":261,"height":195,"url":"https:\/\/segu-aero.com\/wp-content\/uploads\/2025\/01\/image019-1.jpg","type":"image\/jpeg"}],"twitter_card":"summary_large_image","twitter_title":"Cours AVSEC : Courrier et mat\u00e9riel d'entreprise, provisions de bord et fournitures a\u00e9roportuaires (11.2.3.10)","twitter_description":"Suivez d\u00e8s maintenant le cours en ligne AVSEC 11.2.3.10 sur les exigences de s\u00e9curit\u00e9 pour le courrier et le mat\u00e9riel de l'entreprise, les fournitures en vol et les fournitures a\u00e9roportuaires autres que l'inspection. Certifi\u00e9 par AESA.","twitter_misc":{"Dur\u00e9e de lecture estim\u00e9e":"3 minutes"},"schema":{"@context":"https:\/\/schema.org","@graph":[{"@type":"WebPage","@id":"https:\/\/segu-aero.com\/fr\/produit\/11-2-3-10-requisitos-de-seguridad-para-correo-y-material-de-companias-provisiones-de-a-bordo-y-suministros-de-aeropuerto-distintos-de-la-inspeccion\/","url":"http:\/\/segu-aero.com\/producto\/11-2-3-10-requisitos-de-seguridad-para-correo-y-material-de-companias-provisiones-de-a-bordo-y-suministros-de-aeropuerto-distintos-de-la-inspeccion\/","name":"Cours AVSEC: Courrier a\u00e9roportuaire, provisions et fournitures","isPartOf":{"@id":"https:\/\/segu-aero.com\/fr\/#website"},"primaryImageOfPage":{"@id":"http:\/\/segu-aero.com\/producto\/11-2-3-10-requisitos-de-seguridad-para-correo-y-material-de-companias-provisiones-de-a-bordo-y-suministros-de-aeropuerto-distintos-de-la-inspeccion\/#primaryimage"},"image":{"@id":"http:\/\/segu-aero.com\/producto\/11-2-3-10-requisitos-de-seguridad-para-correo-y-material-de-companias-provisiones-de-a-bordo-y-suministros-de-aeropuerto-distintos-de-la-inspeccion\/#primaryimage"},"thumbnailUrl":"https:\/\/segu-aero.com\/wp-content\/uploads\/2025\/01\/image019-1.jpg","datePublished":"2025-01-22T16:31:12+00:00","dateModified":"2025-10-30T17:29:22+00:00","description":"Acc\u00e9dez au cours AVSEC 11.2.3.10 sur la s\u00e9curit\u00e9 du courrier et du mat\u00e9riel et des fournitures a\u00e9roportuaires autres que l'inspection.","breadcrumb":{"@id":"http:\/\/segu-aero.com\/producto\/11-2-3-10-requisitos-de-seguridad-para-correo-y-material-de-companias-provisiones-de-a-bordo-y-suministros-de-aeropuerto-distintos-de-la-inspeccion\/#breadcrumb"},"inLanguage":"fr-FR","potentialAction":[{"@type":"ReadAction","target":["http:\/\/segu-aero.com\/producto\/11-2-3-10-requisitos-de-seguridad-para-correo-y-material-de-companias-provisiones-de-a-bordo-y-suministros-de-aeropuerto-distintos-de-la-inspeccion\/"]}]},{"@type":"ImageObject","inLanguage":"fr-FR","@id":"http:\/\/segu-aero.com\/producto\/11-2-3-10-requisitos-de-seguridad-para-correo-y-material-de-companias-provisiones-de-a-bordo-y-suministros-de-aeropuerto-distintos-de-la-inspeccion\/#primaryimage","url":"https:\/\/segu-aero.com\/wp-content\/uploads\/2025\/01\/image019-1.jpg","contentUrl":"https:\/\/segu-aero.com\/wp-content\/uploads\/2025\/01\/image019-1.jpg","width":261,"height":195,"caption":"Exigences de s\u00e9curit\u00e9 pour le courrier et le mat\u00e9riel de l'entreprise, les fournitures de bord et les fournitures d'a\u00e9roport autres que l'inspection"},{"@type":"BreadcrumbList","@id":"http:\/\/segu-aero.com\/producto\/11-2-3-10-requisitos-de-seguridad-para-correo-y-material-de-companias-provisiones-de-a-bordo-y-suministros-de-aeropuerto-distintos-de-la-inspeccion\/#breadcrumb","itemListElement":[{"@type":"ListItem","position":1,"name":"Portada","item":"https:\/\/segu-aero.com\/fr\/"},{"@type":"ListItem","position":2,"name":"Produits","item":"https:\/\/segu-aero.com\/fr\/shop\/"},{"@type":"ListItem","position":3,"name":"Cours en ligne AVSEC: Exigences de s\u00e9curit\u00e9 pour le courrier et l\u2019\u00e9quipement des compagnies a\u00e9riennes, les provisions \u00e0 bord et les fournitures a\u00e9roportuaires autres que celles destin\u00e9es \u00e0 l\u2019inspection (11.2.3.10)"}]},{"@type":"WebSite","@id":"https:\/\/segu-aero.com\/fr\/#website","url":"https:\/\/segu-aero.com\/fr\/","name":"Segu-Aero","description":"Especialistas en formaci\u00f3n y seguridad aeroportuaria","publisher":{"@id":"https:\/\/segu-aero.com\/fr\/#organization"},"potentialAction":[{"@type":"SearchAction","target":{"@type":"EntryPoint","urlTemplate":"https:\/\/segu-aero.com\/fr\/?s={search_term_string}"},"query-input":{"@type":"PropertyValueSpecification","valueRequired":true,"valueName":"search_term_string"}}],"inLanguage":"fr-FR"},{"@type":"Organization","@id":"https:\/\/segu-aero.com\/fr\/#organization","name":"Segu-Aero","url":"https:\/\/segu-aero.com\/fr\/","logo":{"@type":"ImageObject","inLanguage":"fr-FR","@id":"https:\/\/segu-aero.com\/fr\/#\/schema\/logo\/image\/","url":"https:\/\/segu-aero.com\/wp-content\/uploads\/2024\/10\/LOGO-SEG-AERO-2024.png","contentUrl":"https:\/\/segu-aero.com\/wp-content\/uploads\/2024\/10\/LOGO-SEG-AERO-2024.png","width":293,"height":128,"caption":"Segu-Aero"},"image":{"@id":"https:\/\/segu-aero.com\/fr\/#\/schema\/logo\/image\/"},"sameAs":["https:\/\/www.linkedin.com\/company\/formaero\/"]}]}},"_links":{"self":[{"href":"https:\/\/segu-aero.com\/fr\/wp-json\/wp\/v2\/product\/4052","targetHints":{"allow":["GET"]}}],"collection":[{"href":"https:\/\/segu-aero.com\/fr\/wp-json\/wp\/v2\/product"}],"about":[{"href":"https:\/\/segu-aero.com\/fr\/wp-json\/wp\/v2\/types\/product"}],"version-history":[{"count":10,"href":"https:\/\/segu-aero.com\/fr\/wp-json\/wp\/v2\/product\/4052\/revisions"}],"predecessor-version":[{"id":6063,"href":"https:\/\/segu-aero.com\/fr\/wp-json\/wp\/v2\/product\/4052\/revisions\/6063"}],"wp:featuredmedia":[{"embeddable":true,"href":"https:\/\/segu-aero.com\/fr\/wp-json\/wp\/v2\/media\/2036"}],"wp:attachment":[{"href":"https:\/\/segu-aero.com\/fr\/wp-json\/wp\/v2\/media?parent=4052"}],"wp:term":[{"taxonomy":"product_brand","embeddable":true,"href":"https:\/\/segu-aero.com\/fr\/wp-json\/wp\/v2\/product_brand?post=4052"},{"taxonomy":"product_cat","embeddable":true,"href":"https:\/\/segu-aero.com\/fr\/wp-json\/wp\/v2\/product_cat?post=4052"},{"taxonomy":"product_tag","embeddable":true,"href":"https:\/\/segu-aero.com\/fr\/wp-json\/wp\/v2\/product_tag?post=4052"}],"curies":[{"name":"wp","href":"https:\/\/api.w.org\/{rel}","templated":true}]}}