{"id":4048,"date":"2025-01-22T16:31:12","date_gmt":"2025-01-22T16:31:12","guid":{"rendered":"http:\/\/segu-aero.com\/product\/factores-humanos-en-aviacion\/"},"modified":"2025-10-31T03:00:45","modified_gmt":"2025-10-31T02:00:45","slug":"factores-humanos-en-aviacion","status":"publish","type":"product","link":"https:\/\/segu-aero.com\/fr\/produit\/factores-humanos-en-aviacion\/","title":{"rendered":"Cours en ligne sur les facteurs humains dans l&#8217;aviation &#8211; Espagnol"},"content":{"rendered":"\t\t<div data-elementor-type=\"product-post\" data-elementor-id=\"4048\" class=\"elementor elementor-4048 elementor-2323\" data-elementor-post-type=\"product\">\n\t\t\t\t<div class=\"elementor-element elementor-element-4982bc56 e-flex e-con-boxed e-con e-parent\" data-id=\"4982bc56\" data-element_type=\"container\" data-e-type=\"container\">\n\t\t\t\t\t<div class=\"e-con-inner\">\n\t\t\t\t<div class=\"elementor-element elementor-element-40fcc8e5 elementor-widget elementor-widget-text-editor\" data-id=\"40fcc8e5\" data-element_type=\"widget\" data-e-type=\"widget\" data-widget_type=\"text-editor.default\">\n\t\t\t\t<div class=\"elementor-widget-container\">\n\t\t\t\t\t\t\t\t\t<p>Le <strong>cours sur les facteurs humains dans l&#8217;aviation<\/strong> (\u00e9galement connu sous le nom de facteurs humains) est une formation essentielle qui explore le comportement humain, l&#8217;ergonomie, la communication, la prise de d\u00e9cision et d&#8217;autres aspects psychologiques qui influencent la s\u00e9curit\u00e9 op\u00e9rationnelle dans le monde de l&#8217;aviation.<\/p><p>Elle s&#8217;applique \u00e0 de multiples domaines : maintenance, op\u00e9rations, vol, cabine, gestion a\u00e9roportuaire. Cette formation permet aux participants de comprendre comment les erreurs humaines se produisent, comment les pr\u00e9venir et comment concevoir des proc\u00e9dures, des environnements et des cultures qui r\u00e9duisent les cons\u00e9quences de ces erreurs dans le contexte a\u00e9ronautique. <\/p><p>Cette formation r\u00e9pond aux exigences d&#8217;un programme Facteurs Humains <strong>destin\u00e9 aux entreprises de manutention, de fret et autres services a\u00e9ronautiques<\/strong>, diff\u00e9rentes des entreprises de maintenance a\u00e9ronautique. Pour ces derniers, nous avons des cours sp\u00e9cifiques dans la cat\u00e9gorie PART-145 : <\/p><ul><li><a href=\"https:\/\/segu-aero.com\/producto\/factores-humanos-en-mantenimiento-de-aeronaves-ue-no-1321-2014-de-26-de-noviembre-de-2014-anexo-ii-parte-145-inicial\/\" target=\"_blank\" rel=\"noopener\">Cours en ligne sur les facteurs humains dans la maintenance des a\u00e9ronefs (Partie 145) \u2013 <strong>Initial<\/strong><\/a><\/li><li><a href=\"https:\/\/segu-aero.com\/fr\/produit\/curso-factores-humanos-en-mantenimiento-de-aeronaves-parte-145-recurrente\/\" target=\"_blank\" rel=\"noopener\">Cours en ligne sur les facteurs humains dans la maintenance des a\u00e9ronefs (Partie 145) \u2013 <strong>R\u00e9current<\/strong><\/a><\/li><\/ul><h2>Objectifs du cours<\/h2><p>Le cours a les objectifs suivants :<\/p><ul><li>\u00c9coutez comment l&#8217;esprit humain agit sous la pression, la fatigue, les erreurs et le stress.<\/li><li>Identifiez les facteurs cognitifs, humains et organisationnels qui peuvent d\u00e9clencher des \u00e9checs.<\/li><li>\u00c9tudiez la communication, le travail d\u2019\u00e9quipe, le leadership, la culture de s\u00e9curit\u00e9 et le reporting d\u2019incidents.<\/li><li>Proposer des strat\u00e9gies et une conception de syst\u00e8mes qui att\u00e9nuent les erreurs humaines.<\/li><li>Appliquer ces connaissances sp\u00e9cifiques aux environnements a\u00e9ronautiques (maintenance, cockpit, op\u00e9rations).<\/li><\/ul><p>\u00c0 la fin, l&#8217;\u00e9tudiant sera capable d&#8217;interpr\u00e9ter des sc\u00e9narios r\u00e9els et d&#8217;appliquer des am\u00e9liorations pratiques bas\u00e9es sur la connaissance du comportement humain.<\/p><h2>Pourquoi suivre ce cours ?<\/h2><ul><li>Parce que la plupart des \u00e9v\u00e9nements li\u00e9s \u00e0 la s\u00e9curit\u00e9 ne sont pas uniquement dus \u00e0 des d\u00e9faillances techniques, mais \u00e9galement \u00e0 des facteurs humains sous-jacents.<\/li><li>Il vous fournit des outils pour anticiper, pr\u00e9venir et g\u00e9rer les erreurs de mani\u00e8re proactive.<\/li><li>Contribuez \u00e0 ce que votre organisation ait une culture de s\u00e9curit\u00e9 plus mature et plus r\u00e9siliente.<\/li><li>Am\u00e9liorez votre profil professionnel en tant que personne qui non seulement conna\u00eet les proc\u00e9dures, mais les rend \u00ab \u00e0 l&#8217;\u00e9preuve des humains \u00bb.<\/li><li>Une formation pr\u00e9cieuse pour les m\u00e9tiers de la maintenance, des op\u00e9rations, de la s\u00e9curit\u00e9 et de la gestion a\u00e9ronautique.<\/li><li>La formation est certifi\u00e9e et reconnue, id\u00e9ale pour se diff\u00e9rencier dans un secteur hautement sp\u00e9cialis\u00e9.<\/li><\/ul><h2>Programme de cours sur les facteurs humains dans l&#8217;aviation<\/h2><ul><li><span style=\"font-size: 0.9375rem;\">Module 1 : Introduction aux facteurs humains.<\/span><\/li><li><span style=\"font-size: 0.9375rem;\">Module 2 : Culture de s\u00e9curit\u00e9 \/ Facteurs organisationnels.<\/span><\/li><li><span style=\"font-size: 0.9375rem;\">Module 3 : Erreur humaine.<\/span><\/li><li><span style=\"font-size: 0.9375rem;\">Module 4 : Performance humaine et limites<\/span><\/li><li><span style=\"font-size: 0.9375rem;\"><span style=\"font-size: 0.9375rem;\">Module 5 : Environnement.<\/span><\/span><\/li><li><span style=\"font-size: 0.9375rem;\"><span style=\"font-size: 0.9375rem;\"><span style=\"font-size: 0.9375rem;\">Module 6 : Proc\u00e9dures, informations, outils et pratiques. <\/span><\/span><\/span><\/li><li><span style=\"font-size: 0.9375rem;\"><span style=\"font-size: 0.9375rem;\"><span style=\"font-size: 0.9375rem;\"><span style=\"font-size: 0.9375rem;\">Module 7 : Communication. <\/span><\/span><\/span><\/span><\/li><li><span style=\"font-size: 0.9375rem;\"><span style=\"font-size: 0.9375rem;\"><span style=\"font-size: 0.9375rem;\"><span style=\"font-size: 0.9375rem;\"><span style=\"font-size: 0.9375rem;\">Module 8 : Travail d&#8217;\u00e9quipe. <\/span><\/span><\/span><\/span><\/span><\/li><li><span style=\"font-size: 0.9375rem;\"><span style=\"font-size: 0.9375rem;\"><span style=\"font-size: 0.9375rem;\"><span style=\"font-size: 0.9375rem;\"><span style=\"font-size: 0.9375rem;\"><span style=\"font-size: 0.9375rem;\">Module 9 : Professionnalisme et int\u00e9grit\u00e9. <\/span><\/span><\/span><\/span><\/span><\/span><\/li><li><span style=\"font-size: 0.9375rem;\"><span style=\"font-size: 0.9375rem;\"><span style=\"font-size: 0.9375rem;\"><span style=\"font-size: 0.9375rem;\"><span style=\"font-size: 0.9375rem;\"><span style=\"font-size: 0.9375rem;\"><span style=\"font-size: 0.9375rem;\">Module 10 : Programme des facteurs humains de l&#8217;organisation.<\/span><\/span><\/span><\/span><\/span><\/span><\/span><\/li><\/ul>\t\t\t\t\t\t\t\t<\/div>\n\t\t\t\t<\/div>\n\t\t\t\t\t<\/div>\n\t\t\t\t<\/div>\n\t\t\t\t<\/div>\n\t\t","protected":false},"excerpt":{"rendered":"<p>Cours en ligne sp\u00e9cialis\u00e9 sur les facteurs humains appliqu\u00e9s \u00e0 l&#8217;aviation : analyse la condition humaine et son impact sur la s\u00e9curit\u00e9 op\u00e9rationnelle a\u00e9ronautique.<\/p>\n<ul>\n<li>Langue: Espagnol<\/li>\n<li>Dur\u00e9e: 6 heures<\/li>\n<li>Certification : valable 3 ans<\/li>\n<\/ul>\n","protected":false},"featured_media":2043,"template":"","meta":{"_acf_changed":false,"site-sidebar-layout":"default","site-content-layout":"","ast-site-content-layout":"default","site-content-style":"default","site-sidebar-style":"default","ast-global-header-display":"","ast-banner-title-visibility":"","ast-main-header-display":"","ast-hfb-above-header-display":"","ast-hfb-below-header-display":"","ast-hfb-mobile-header-display":"","site-post-title":"","ast-breadcrumbs-content":"","ast-featured-img":"","footer-sml-layout":"","ast-disable-related-posts":"","theme-transparent-header-meta":"default","adv-header-id-meta":"","stick-header-meta":"","header-above-stick-meta":"","header-main-stick-meta":"","header-below-stick-meta":"","astra-migrate-meta-layouts":"set","ast-page-background-enabled":"default","ast-page-background-meta":{"desktop":{"background-color":"var(--ast-global-color-5)","background-image":"","background-repeat":"repeat","background-position":"center center","background-size":"auto","background-attachment":"scroll","background-type":"","background-media":"","overlay-type":"","overlay-color":"","overlay-opacity":"","overlay-gradient":""},"tablet":{"background-color":"","background-image":"","background-repeat":"repeat","background-position":"center center","background-size":"auto","background-attachment":"scroll","background-type":"","background-media":"","overlay-type":"","overlay-color":"","overlay-opacity":"","overlay-gradient":""},"mobile":{"background-color":"","background-image":"","background-repeat":"repeat","background-position":"center center","background-size":"auto","background-attachment":"scroll","background-type":"","background-media":"","overlay-type":"","overlay-color":"","overlay-opacity":"","overlay-gradient":""}},"ast-content-background-meta":{"desktop":{"background-color":"var(--ast-global-color-4)","background-image":"","background-repeat":"repeat","background-position":"center center","background-size":"auto","background-attachment":"scroll","background-type":"","background-media":"","overlay-type":"","overlay-color":"","overlay-opacity":"","overlay-gradient":""},"tablet":{"background-color":"var(--ast-global-color-4)","background-image":"","background-repeat":"repeat","background-position":"center center","background-size":"auto","background-attachment":"scroll","background-type":"","background-media":"","overlay-type":"","overlay-color":"","overlay-opacity":"","overlay-gradient":""},"mobile":{"background-color":"var(--ast-global-color-4)","background-image":"","background-repeat":"repeat","background-position":"center center","background-size":"auto","background-attachment":"scroll","background-type":"","background-media":"","overlay-type":"","overlay-color":"","overlay-opacity":"","overlay-gradient":""}}},"product_brand":[],"product_cat":[151,145],"product_tag":[],"class_list":{"0":"post-4048","1":"product","2":"type-product","3":"status-publish","4":"has-post-thumbnail","6":"product_cat-otros-fr","7":"product_cat-espanol-fr","8":"desktop-align-left","9":"tablet-align-left","10":"mobile-align-left","12":"first","13":"instock","14":"sale","15":"downloadable","16":"virtual","17":"taxable","18":"purchasable","19":"product-type-simple"},"acf":[],"yoast_head":"<!-- This site is optimized with the Yoast SEO plugin v27.4 - https:\/\/yoast.com\/product\/yoast-seo-wordpress\/ -->\n<title>Cours Facteurs humains dans l&#039;aviation - Espagnol | Segu-Aero<\/title>\n<meta name=\"description\" content=\"Am\u00e9liorer la s\u00e9curit\u00e9 op\u00e9rationnelle en comprenant le comportement humain avec les facteurs humains dans le cours de l&#039;aviation.\" \/>\n<meta name=\"robots\" content=\"index, follow, max-snippet:-1, max-image-preview:large, max-video-preview:-1\" \/>\n<link rel=\"canonical\" href=\"http:\/\/segu-aero.com\/fr\/producto\/factores-humanos-en-aviacion\/\" \/>\n<meta property=\"og:locale\" content=\"fr_FR\" \/>\n<meta property=\"og:type\" content=\"article\" \/>\n<meta property=\"og:title\" content=\"Cours en ligne sur les facteurs humains dans l&#039;aviation\" \/>\n<meta property=\"og:description\" content=\"Am\u00e9liorer la s\u00e9curit\u00e9 op\u00e9rationnelle en comprenant le comportement humain avec les facteurs humains dans le cours de l&#039;aviation.\" \/>\n<meta property=\"og:url\" content=\"http:\/\/segu-aero.com\/producto\/factores-humanos-en-aviacion\/\" \/>\n<meta property=\"og:site_name\" content=\"Segu-Aero\" \/>\n<meta property=\"article:modified_time\" content=\"2025-10-31T02:00:45+00:00\" \/>\n<meta property=\"og:image\" content=\"http:\/\/segu-aero.com\/wp-content\/uploads\/2025\/01\/FFHH-AVIACION-I-1.gif\" \/>\n<meta name=\"twitter:card\" content=\"summary_large_image\" \/>\n<meta name=\"twitter:title\" content=\"Cours en ligne sur les facteurs humains dans l&#039;aviation\" \/>\n<meta name=\"twitter:description\" content=\"Am\u00e9liorer la s\u00e9curit\u00e9 op\u00e9rationnelle en comprenant le comportement humain avec les facteurs humains dans le cours de l&#039;aviation.\" \/>\n<meta name=\"twitter:image\" content=\"http:\/\/segu-aero.com\/wp-content\/uploads\/2025\/01\/FFHH-AVIACION-I-1.gif\" \/>\n<meta name=\"twitter:label1\" content=\"Dur\u00e9e de lecture estim\u00e9e\" \/>\n\t<meta name=\"twitter:data1\" content=\"3 minutes\" \/>\n<!-- \/ Yoast SEO plugin. -->","yoast_head_json":{"title":"Cours Facteurs humains dans l'aviation - Espagnol | Segu-Aero","description":"Am\u00e9liorer la s\u00e9curit\u00e9 op\u00e9rationnelle en comprenant le comportement humain avec les facteurs humains dans le cours de l'aviation.","robots":{"index":"index","follow":"follow","max-snippet":"max-snippet:-1","max-image-preview":"max-image-preview:large","max-video-preview":"max-video-preview:-1"},"canonical":"http:\/\/segu-aero.com\/fr\/producto\/factores-humanos-en-aviacion\/","og_locale":"fr_FR","og_type":"article","og_title":"Cours en ligne sur les facteurs humains dans l'aviation","og_description":"Am\u00e9liorer la s\u00e9curit\u00e9 op\u00e9rationnelle en comprenant le comportement humain avec les facteurs humains dans le cours de l'aviation.","og_url":"http:\/\/segu-aero.com\/producto\/factores-humanos-en-aviacion\/","og_site_name":"Segu-Aero","article_modified_time":"2025-10-31T02:00:45+00:00","og_image":[{"url":"http:\/\/segu-aero.com\/wp-content\/uploads\/2025\/01\/FFHH-AVIACION-I-1.gif","type":"","width":"","height":""}],"twitter_card":"summary_large_image","twitter_title":"Cours en ligne sur les facteurs humains dans l'aviation","twitter_description":"Am\u00e9liorer la s\u00e9curit\u00e9 op\u00e9rationnelle en comprenant le comportement humain avec les facteurs humains dans le cours de l'aviation.","twitter_image":"http:\/\/segu-aero.com\/wp-content\/uploads\/2025\/01\/FFHH-AVIACION-I-1.gif","twitter_misc":{"Dur\u00e9e de lecture estim\u00e9e":"3 minutes"},"schema":{"@context":"https:\/\/schema.org","@graph":[{"@type":"WebPage","@id":"https:\/\/segu-aero.com\/fr\/produit\/factores-humanos-en-aviacion\/","url":"http:\/\/segu-aero.com\/producto\/factores-humanos-en-aviacion\/","name":"Cours Facteurs humains dans l'aviation - Espagnol | Segu-Aero","isPartOf":{"@id":"https:\/\/segu-aero.com\/fr\/#website"},"primaryImageOfPage":{"@id":"http:\/\/segu-aero.com\/producto\/factores-humanos-en-aviacion\/#primaryimage"},"image":{"@id":"http:\/\/segu-aero.com\/producto\/factores-humanos-en-aviacion\/#primaryimage"},"thumbnailUrl":"https:\/\/segu-aero.com\/wp-content\/uploads\/2025\/01\/FFHH-AVIACION-I-1.gif","datePublished":"2025-01-22T16:31:12+00:00","dateModified":"2025-10-31T02:00:45+00:00","description":"Am\u00e9liorer la s\u00e9curit\u00e9 op\u00e9rationnelle en comprenant le comportement humain avec les facteurs humains dans le cours de l'aviation.","breadcrumb":{"@id":"http:\/\/segu-aero.com\/producto\/factores-humanos-en-aviacion\/#breadcrumb"},"inLanguage":"fr-FR","potentialAction":[{"@type":"ReadAction","target":["http:\/\/segu-aero.com\/producto\/factores-humanos-en-aviacion\/"]}]},{"@type":"ImageObject","inLanguage":"fr-FR","@id":"http:\/\/segu-aero.com\/producto\/factores-humanos-en-aviacion\/#primaryimage","url":"https:\/\/segu-aero.com\/wp-content\/uploads\/2025\/01\/FFHH-AVIACION-I-1.gif","contentUrl":"https:\/\/segu-aero.com\/wp-content\/uploads\/2025\/01\/FFHH-AVIACION-I-1.gif","width":616,"height":445,"caption":"facteurs humains dans l'aviation"},{"@type":"BreadcrumbList","@id":"http:\/\/segu-aero.com\/producto\/factores-humanos-en-aviacion\/#breadcrumb","itemListElement":[{"@type":"ListItem","position":1,"name":"Portada","item":"https:\/\/segu-aero.com\/fr\/"},{"@type":"ListItem","position":2,"name":"Produits","item":"https:\/\/segu-aero.com\/fr\/shop\/"},{"@type":"ListItem","position":3,"name":"Cours en ligne sur les facteurs humains dans l&#8217;aviation &#8211; Espagnol"}]},{"@type":"WebSite","@id":"https:\/\/segu-aero.com\/fr\/#website","url":"https:\/\/segu-aero.com\/fr\/","name":"Segu-Aero","description":"Especialistas en formaci\u00f3n y seguridad aeroportuaria","publisher":{"@id":"https:\/\/segu-aero.com\/fr\/#organization"},"potentialAction":[{"@type":"SearchAction","target":{"@type":"EntryPoint","urlTemplate":"https:\/\/segu-aero.com\/fr\/?s={search_term_string}"},"query-input":{"@type":"PropertyValueSpecification","valueRequired":true,"valueName":"search_term_string"}}],"inLanguage":"fr-FR"},{"@type":"Organization","@id":"https:\/\/segu-aero.com\/fr\/#organization","name":"Segu-Aero","url":"https:\/\/segu-aero.com\/fr\/","logo":{"@type":"ImageObject","inLanguage":"fr-FR","@id":"https:\/\/segu-aero.com\/fr\/#\/schema\/logo\/image\/","url":"https:\/\/segu-aero.com\/wp-content\/uploads\/2024\/10\/LOGO-SEG-AERO-2024.png","contentUrl":"https:\/\/segu-aero.com\/wp-content\/uploads\/2024\/10\/LOGO-SEG-AERO-2024.png","width":293,"height":128,"caption":"Segu-Aero"},"image":{"@id":"https:\/\/segu-aero.com\/fr\/#\/schema\/logo\/image\/"},"sameAs":["https:\/\/www.linkedin.com\/company\/formaero\/"]}]}},"_links":{"self":[{"href":"https:\/\/segu-aero.com\/fr\/wp-json\/wp\/v2\/product\/4048","targetHints":{"allow":["GET"]}}],"collection":[{"href":"https:\/\/segu-aero.com\/fr\/wp-json\/wp\/v2\/product"}],"about":[{"href":"https:\/\/segu-aero.com\/fr\/wp-json\/wp\/v2\/types\/product"}],"version-history":[{"count":11,"href":"https:\/\/segu-aero.com\/fr\/wp-json\/wp\/v2\/product\/4048\/revisions"}],"predecessor-version":[{"id":6147,"href":"https:\/\/segu-aero.com\/fr\/wp-json\/wp\/v2\/product\/4048\/revisions\/6147"}],"wp:featuredmedia":[{"embeddable":true,"href":"https:\/\/segu-aero.com\/fr\/wp-json\/wp\/v2\/media\/2043"}],"wp:attachment":[{"href":"https:\/\/segu-aero.com\/fr\/wp-json\/wp\/v2\/media?parent=4048"}],"wp:term":[{"taxonomy":"product_brand","embeddable":true,"href":"https:\/\/segu-aero.com\/fr\/wp-json\/wp\/v2\/product_brand?post=4048"},{"taxonomy":"product_cat","embeddable":true,"href":"https:\/\/segu-aero.com\/fr\/wp-json\/wp\/v2\/product_cat?post=4048"},{"taxonomy":"product_tag","embeddable":true,"href":"https:\/\/segu-aero.com\/fr\/wp-json\/wp\/v2\/product_tag?post=4048"}],"curies":[{"name":"wp","href":"https:\/\/api.w.org\/{rel}","templated":true}]}}