{"id":4046,"date":"2025-01-22T16:31:13","date_gmt":"2025-01-22T16:31:13","guid":{"rendered":"http:\/\/segu-aero.com\/product\/11-2-5-formacion-especifica-para-el-responsable-de-seguridad\/"},"modified":"2025-10-30T17:35:34","modified_gmt":"2025-10-30T16:35:34","slug":"11-2-5-formacion-especifica-para-el-responsable-de-seguridad","status":"publish","type":"product","link":"https:\/\/segu-aero.com\/fr\/produit\/11-2-5-formacion-especifica-para-el-responsable-de-seguridad\/","title":{"rendered":"Formation AVSEC sp\u00e9cifique: Agent de s\u00e9curit\u00e9 a\u00e9roportuaire (11.2.5)"},"content":{"rendered":"\t\t<div data-elementor-type=\"product-post\" data-elementor-id=\"4046\" class=\"elementor elementor-4046 elementor-2326\" data-elementor-post-type=\"product\">\n\t\t\t\t<div class=\"elementor-element elementor-element-7937bcc4 e-flex e-con-boxed e-con e-parent\" data-id=\"7937bcc4\" data-element_type=\"container\" data-e-type=\"container\">\n\t\t\t\t\t<div class=\"e-con-inner\">\n\t\t\t\t<div class=\"elementor-element elementor-element-513dbc59 elementor-widget elementor-widget-text-editor\" data-id=\"513dbc59\" data-element_type=\"widget\" data-e-type=\"widget\" data-widget_type=\"text-editor.default\">\n\t\t\t\t<div class=\"elementor-widget-container\">\n\t\t\t\t\t\t\t\t\t<p>La<strong> formation sp\u00e9cifique pour le Responsable de la S\u00e9curit\u00e9 (11.2.5)<\/strong> est une formation avanc\u00e9e destin\u00e9e aux personnes qui exercent d\u00e9j\u00e0 le r\u00f4le ou qui sont d\u00e9sign\u00e9es comme Responsable de la S\u00e9curit\u00e9 AVSEC.<\/p><p>Contrairement \u00e0 la formation de base, cette formation approfondit les aspects strat\u00e9giques, op\u00e9rationnels et de leadership du r\u00f4le : coordination avec les autorit\u00e9s, audits, gestion de crise, analyse des risques, gestion du personnel de s\u00e9curit\u00e9, planification et supervision des syst\u00e8mes de s\u00e9curit\u00e9 a\u00e9roportuaire.<\/p><p>Cette formation sp\u00e9cialis\u00e9e est con\u00e7ue conform\u00e9ment aux r\u00e9glementations AVSEC et aux directives de l&#8217;AESA en vigueur, garantissant que les responsables disposent de connaissances et de comp\u00e9tences pratiques \u00e0 jour pour diriger la s\u00e9curit\u00e9 a\u00e9roportuaire.<\/p><h2>Objectifs du cours<\/h2><p>Ce cours a pour objectifs essentiels :<\/p><ul><li>Fournir des comp\u00e9tences avanc\u00e9es pour g\u00e9rer, planifier et surveiller les syst\u00e8mes AVSEC.<\/li><li>Former aux techniques d&#8217;audit, \u00e0 l&#8217;\u00e9valuation des performances, \u00e0 la communication avec les autorit\u00e9s et \u00e0 la coordination interminist\u00e9rielle.<\/li><li>Former \u00e0 la gestion de crise, \u00e0 la prise de d\u00e9cision et au leadership dans des sc\u00e9narios de s\u00e9curit\u00e9 a\u00e9roportuaire.<\/li><li>Analyser les risques complexes, mettre en \u0153uvre des strat\u00e9gies correctives et des syst\u00e8mes d&#8217;am\u00e9lioration continue.<\/li><li>Renforcer la responsabilit\u00e9 institutionnelle du responsable de la s\u00e9curit\u00e9 au sein de l&#8217;organisation.<\/li><\/ul><h2>A qui s&#8217;adresse-t-il?<\/h2><p>Ce cours s&#8217;adresse \u00e0 :<\/p><ul><li>Personnes d\u00e9sign\u00e9es comme responsables de la s\u00e9curit\u00e9 AVSEC dans les a\u00e9roports, les compagnies a\u00e9riennes, les services de manutention ou autres entit\u00e9s connexes.<\/li><li>Ceux qui ont d\u00e9j\u00e0 une <a href=\"https:\/\/segu-aero.com\/fr\/producto\/11-2-2-formacion-basica-del-responsable-de-seguridad\/\" target=\"_blank\" rel=\"noopener\">formation de base (11.2.2)<\/a> et souhaitent se sp\u00e9cialiser dans des fonctions d&#8217;encadrement sup\u00e9rieures.<\/li><li>Personnel ayant une exp\u00e9rience en s\u00e9curit\u00e9 a\u00e9roportuaire et qui aspire \u00e0 assumer de plus grandes responsabilit\u00e9s.<\/li><li>Coordonnateurs de s\u00e9curit\u00e9 ou chefs d\u2019\u00e9quipe \u00e0 la recherche d\u2019outils avanc\u00e9s de gestion AVSEC.<\/li><\/ul><h2>Pourquoi suivre ce cours ?<\/h2><p>Devenir un responsable de la s\u00e9curit\u00e9 comp\u00e9tent n\u00e9cessite non seulement des connaissances techniques, mais \u00e9galement des comp\u00e9tences strat\u00e9giques et de leadership.<\/p><p>Ce cours propose :<\/p><ul><li>Sp\u00e9cialisation et autorit\u00e9 professionnelle dans le domaine AVSEC.<\/li><li>Capacit\u00e9 \u00e0 diriger des \u00e9quipes de s\u00e9curit\u00e9, \u00e0 se coordonner avec les autorit\u00e9s et \u00e0 g\u00e9rer des situations complexes.<\/li><li>Am\u00e9lioration du profil professionnel et des comp\u00e9tences recherch\u00e9es dans le secteur a\u00e9roportuaire.<\/li><li>Des outils d\u2019am\u00e9lioration continue et de prise de d\u00e9cision sous pression.<\/li><li>Conformit\u00e9 aux exigences de formation sp\u00e9cialis\u00e9e reconnues par AESA\/AVSEC.<\/li><\/ul><p>Avec cette formation, le Security Manager acquiert non seulement des connaissances, mais \u00e9galement des outils pratiques de gestion et de leadership pour garantir un niveau optimal de protection dans les a\u00e9roports et les op\u00e9rations a\u00e9riennes.<\/p><h2>Agenda de formation sp\u00e9cifique pour le Responsable S\u00e9curit\u00e9<\/h2><ul><li><span style=\"font-size: 0.9375rem;\">Dispositions l\u00e9gales. Programme de s\u00e9curit\u00e9 des compagnies a\u00e9riennes. <\/span><\/li><li><span style=\"font-size: 0.9375rem;\">Proc\u00e9dures de contr\u00f4le qualit\u00e9 internes, nationales, communautaires et internationales.<\/span><\/li><li><span style=\"font-size: 0.9375rem;\">M\u00e9thodes de motivation du personnel.<\/span><\/li><li><span style=\"font-size: 0.9375rem;\">Capacit\u00e9s et limites des \u00e9quipements de s\u00e9curit\u00e9 ou des m\u00e9thodes de contr\u00f4le utilis\u00e9s.<\/span><\/li><\/ul>\t\t\t\t\t\t\t\t<\/div>\n\t\t\t\t<\/div>\n\t\t\t\t\t<\/div>\n\t\t\t\t<\/div>\n\t\t\t\t<\/div>\n\t\t","protected":false},"excerpt":{"rendered":"<p data-start=\"1089\" data-end=\"1247\">Formation sp\u00e9cifique pour le Responsable S\u00e9curit\u00e9 : formez-vous aux fonctions avanc\u00e9es de supervision, \u00e0 la r\u00e9glementation AVSEC et au leadership.<\/p>\n<ul>\n<li data-start=\"1089\" data-end=\"1247\">Langue: Espagnol<\/li>\n<li data-start=\"1089\" data-end=\"1247\">Dur\u00e9e: 3 heures<\/li>\n<li data-start=\"1089\" data-end=\"1247\">Certification: valable 5 ans<\/li>\n<\/ul>\n","protected":false},"featured_media":2273,"template":"","meta":{"_acf_changed":false,"site-sidebar-layout":"default","site-content-layout":"","ast-site-content-layout":"default","site-content-style":"default","site-sidebar-style":"default","ast-global-header-display":"","ast-banner-title-visibility":"","ast-main-header-display":"","ast-hfb-above-header-display":"","ast-hfb-below-header-display":"","ast-hfb-mobile-header-display":"","site-post-title":"","ast-breadcrumbs-content":"","ast-featured-img":"","footer-sml-layout":"","ast-disable-related-posts":"","theme-transparent-header-meta":"default","adv-header-id-meta":"","stick-header-meta":"","header-above-stick-meta":"","header-main-stick-meta":"","header-below-stick-meta":"","astra-migrate-meta-layouts":"set","ast-page-background-enabled":"default","ast-page-background-meta":{"desktop":{"background-color":"var(--ast-global-color-5)","background-image":"","background-repeat":"repeat","background-position":"center center","background-size":"auto","background-attachment":"scroll","background-type":"","background-media":"","overlay-type":"","overlay-color":"","overlay-opacity":"","overlay-gradient":""},"tablet":{"background-color":"","background-image":"","background-repeat":"repeat","background-position":"center center","background-size":"auto","background-attachment":"scroll","background-type":"","background-media":"","overlay-type":"","overlay-color":"","overlay-opacity":"","overlay-gradient":""},"mobile":{"background-color":"","background-image":"","background-repeat":"repeat","background-position":"center center","background-size":"auto","background-attachment":"scroll","background-type":"","background-media":"","overlay-type":"","overlay-color":"","overlay-opacity":"","overlay-gradient":""}},"ast-content-background-meta":{"desktop":{"background-color":"var(--ast-global-color-4)","background-image":"","background-repeat":"repeat","background-position":"center center","background-size":"auto","background-attachment":"scroll","background-type":"","background-media":"","overlay-type":"","overlay-color":"","overlay-opacity":"","overlay-gradient":""},"tablet":{"background-color":"var(--ast-global-color-4)","background-image":"","background-repeat":"repeat","background-position":"center center","background-size":"auto","background-attachment":"scroll","background-type":"","background-media":"","overlay-type":"","overlay-color":"","overlay-opacity":"","overlay-gradient":""},"mobile":{"background-color":"var(--ast-global-color-4)","background-image":"","background-repeat":"repeat","background-position":"center center","background-size":"auto","background-attachment":"scroll","background-type":"","background-media":"","overlay-type":"","overlay-color":"","overlay-opacity":"","overlay-gradient":""}}},"product_brand":[],"product_cat":[144,145],"product_tag":[],"class_list":{"0":"post-4046","1":"product","2":"type-product","3":"status-publish","4":"has-post-thumbnail","6":"product_cat-avsec-fr","7":"product_cat-espanol-fr","8":"desktop-align-left","9":"tablet-align-left","10":"mobile-align-left","12":"first","13":"instock","14":"sale","15":"downloadable","16":"virtual","17":"taxable","18":"purchasable","19":"product-type-simple"},"acf":[],"yoast_head":"<!-- This site is optimized with the Yoast SEO plugin v27.4 - https:\/\/yoast.com\/product\/yoast-seo-wordpress\/ -->\n<title>Formation AVSEC sp\u00e9cifique 11.2.5: Agent de s\u00fbret\u00e9 a\u00e9roportuaire<\/title>\n<meta name=\"description\" content=\"La formation sp\u00e9cialis\u00e9e AVSEC 11.2.5 est destin\u00e9e au personnel de s\u00e9curit\u00e9 a\u00e9roportuaire. Ce cours en ligne est certifi\u00e9 par l&#039;AESA.\" \/>\n<meta name=\"robots\" content=\"index, follow, max-snippet:-1, max-image-preview:large, max-video-preview:-1\" \/>\n<link rel=\"canonical\" href=\"http:\/\/segu-aero.com\/fr\/producto\/11-2-5-formacion-especifica-para-el-responsable-de-seguridad\/\" \/>\n<meta property=\"og:locale\" content=\"fr_FR\" \/>\n<meta property=\"og:type\" content=\"article\" \/>\n<meta property=\"og:title\" content=\"Formation AVSEC sp\u00e9cifique: Agent de s\u00e9curit\u00e9 a\u00e9roportuaire (11.2.5)\" \/>\n<meta property=\"og:description\" content=\"La formation sp\u00e9cialis\u00e9e AVSEC 11.2.5 est destin\u00e9e au personnel de s\u00e9curit\u00e9 a\u00e9roportuaire. Ce cours en ligne est certifi\u00e9 par l&#039;AESA.\" \/>\n<meta property=\"og:url\" content=\"http:\/\/segu-aero.com\/producto\/11-2-5-formacion-especifica-para-el-responsable-de-seguridad\/\" \/>\n<meta property=\"og:site_name\" content=\"Segu-Aero\" \/>\n<meta property=\"article:modified_time\" content=\"2025-10-30T16:35:34+00:00\" \/>\n<meta property=\"og:image\" content=\"https:\/\/segu-aero.com\/wp-content\/uploads\/2025\/01\/11.2.5-2.png\" \/>\n\t<meta property=\"og:image:width\" content=\"617\" \/>\n\t<meta property=\"og:image:height\" content=\"445\" \/>\n\t<meta property=\"og:image:type\" content=\"image\/png\" \/>\n<meta name=\"twitter:card\" content=\"summary_large_image\" \/>\n<meta name=\"twitter:title\" content=\"Formation AVSEC sp\u00e9cifique: Agent de s\u00e9curit\u00e9 a\u00e9roportuaire (11.2.5)\" \/>\n<meta name=\"twitter:description\" content=\"La formation sp\u00e9cialis\u00e9e AVSEC 11.2.5 est destin\u00e9e au personnel de s\u00e9curit\u00e9 a\u00e9roportuaire. Ce cours en ligne est certifi\u00e9 par l&#039;AESA.\" \/>\n<meta name=\"twitter:image\" content=\"https:\/\/segu-aero.com\/wp-content\/uploads\/2025\/01\/11.2.5-2.png\" \/>\n<meta name=\"twitter:label1\" content=\"Dur\u00e9e de lecture estim\u00e9e\" \/>\n\t<meta name=\"twitter:data1\" content=\"3 minutes\" \/>\n<!-- \/ Yoast SEO plugin. -->","yoast_head_json":{"title":"Formation AVSEC sp\u00e9cifique 11.2.5: Agent de s\u00fbret\u00e9 a\u00e9roportuaire","description":"La formation sp\u00e9cialis\u00e9e AVSEC 11.2.5 est destin\u00e9e au personnel de s\u00e9curit\u00e9 a\u00e9roportuaire. Ce cours en ligne est certifi\u00e9 par l'AESA.","robots":{"index":"index","follow":"follow","max-snippet":"max-snippet:-1","max-image-preview":"max-image-preview:large","max-video-preview":"max-video-preview:-1"},"canonical":"http:\/\/segu-aero.com\/fr\/producto\/11-2-5-formacion-especifica-para-el-responsable-de-seguridad\/","og_locale":"fr_FR","og_type":"article","og_title":"Formation AVSEC sp\u00e9cifique: Agent de s\u00e9curit\u00e9 a\u00e9roportuaire (11.2.5)","og_description":"La formation sp\u00e9cialis\u00e9e AVSEC 11.2.5 est destin\u00e9e au personnel de s\u00e9curit\u00e9 a\u00e9roportuaire. Ce cours en ligne est certifi\u00e9 par l'AESA.","og_url":"http:\/\/segu-aero.com\/producto\/11-2-5-formacion-especifica-para-el-responsable-de-seguridad\/","og_site_name":"Segu-Aero","article_modified_time":"2025-10-30T16:35:34+00:00","og_image":[{"width":617,"height":445,"url":"https:\/\/segu-aero.com\/wp-content\/uploads\/2025\/01\/11.2.5-2.png","type":"image\/png"}],"twitter_card":"summary_large_image","twitter_title":"Formation AVSEC sp\u00e9cifique: Agent de s\u00e9curit\u00e9 a\u00e9roportuaire (11.2.5)","twitter_description":"La formation sp\u00e9cialis\u00e9e AVSEC 11.2.5 est destin\u00e9e au personnel de s\u00e9curit\u00e9 a\u00e9roportuaire. Ce cours en ligne est certifi\u00e9 par l'AESA.","twitter_image":"https:\/\/segu-aero.com\/wp-content\/uploads\/2025\/01\/11.2.5-2.png","twitter_misc":{"Dur\u00e9e de lecture estim\u00e9e":"3 minutes"},"schema":{"@context":"https:\/\/schema.org","@graph":[{"@type":"WebPage","@id":"https:\/\/segu-aero.com\/fr\/produit\/11-2-5-formacion-especifica-para-el-responsable-de-seguridad\/","url":"http:\/\/segu-aero.com\/producto\/11-2-5-formacion-especifica-para-el-responsable-de-seguridad\/","name":"Formation AVSEC sp\u00e9cifique 11.2.5: Agent de s\u00fbret\u00e9 a\u00e9roportuaire","isPartOf":{"@id":"https:\/\/segu-aero.com\/fr\/#website"},"primaryImageOfPage":{"@id":"http:\/\/segu-aero.com\/producto\/11-2-5-formacion-especifica-para-el-responsable-de-seguridad\/#primaryimage"},"image":{"@id":"http:\/\/segu-aero.com\/producto\/11-2-5-formacion-especifica-para-el-responsable-de-seguridad\/#primaryimage"},"thumbnailUrl":"https:\/\/segu-aero.com\/wp-content\/uploads\/2025\/01\/11.2.5-2.png","datePublished":"2025-01-22T16:31:13+00:00","dateModified":"2025-10-30T16:35:34+00:00","description":"La formation sp\u00e9cialis\u00e9e AVSEC 11.2.5 est destin\u00e9e au personnel de s\u00e9curit\u00e9 a\u00e9roportuaire. Ce cours en ligne est certifi\u00e9 par l'AESA.","breadcrumb":{"@id":"http:\/\/segu-aero.com\/producto\/11-2-5-formacion-especifica-para-el-responsable-de-seguridad\/#breadcrumb"},"inLanguage":"fr-FR","potentialAction":[{"@type":"ReadAction","target":["http:\/\/segu-aero.com\/producto\/11-2-5-formacion-especifica-para-el-responsable-de-seguridad\/"]}]},{"@type":"ImageObject","inLanguage":"fr-FR","@id":"http:\/\/segu-aero.com\/producto\/11-2-5-formacion-especifica-para-el-responsable-de-seguridad\/#primaryimage","url":"https:\/\/segu-aero.com\/wp-content\/uploads\/2025\/01\/11.2.5-2.png","contentUrl":"https:\/\/segu-aero.com\/wp-content\/uploads\/2025\/01\/11.2.5-2.png","width":617,"height":445,"caption":"Responsable de la S\u00fbret\u00e9 A\u00e9roportuaire en cours sp\u00e9cifique"},{"@type":"BreadcrumbList","@id":"http:\/\/segu-aero.com\/producto\/11-2-5-formacion-especifica-para-el-responsable-de-seguridad\/#breadcrumb","itemListElement":[{"@type":"ListItem","position":1,"name":"Portada","item":"https:\/\/segu-aero.com\/fr\/"},{"@type":"ListItem","position":2,"name":"Produits","item":"https:\/\/segu-aero.com\/fr\/shop\/"},{"@type":"ListItem","position":3,"name":"Formation AVSEC sp\u00e9cifique: Agent de s\u00e9curit\u00e9 a\u00e9roportuaire (11.2.5)"}]},{"@type":"WebSite","@id":"https:\/\/segu-aero.com\/fr\/#website","url":"https:\/\/segu-aero.com\/fr\/","name":"Segu-Aero","description":"Especialistas en formaci\u00f3n y seguridad aeroportuaria","publisher":{"@id":"https:\/\/segu-aero.com\/fr\/#organization"},"potentialAction":[{"@type":"SearchAction","target":{"@type":"EntryPoint","urlTemplate":"https:\/\/segu-aero.com\/fr\/?s={search_term_string}"},"query-input":{"@type":"PropertyValueSpecification","valueRequired":true,"valueName":"search_term_string"}}],"inLanguage":"fr-FR"},{"@type":"Organization","@id":"https:\/\/segu-aero.com\/fr\/#organization","name":"Segu-Aero","url":"https:\/\/segu-aero.com\/fr\/","logo":{"@type":"ImageObject","inLanguage":"fr-FR","@id":"https:\/\/segu-aero.com\/fr\/#\/schema\/logo\/image\/","url":"https:\/\/segu-aero.com\/wp-content\/uploads\/2024\/10\/LOGO-SEG-AERO-2024.png","contentUrl":"https:\/\/segu-aero.com\/wp-content\/uploads\/2024\/10\/LOGO-SEG-AERO-2024.png","width":293,"height":128,"caption":"Segu-Aero"},"image":{"@id":"https:\/\/segu-aero.com\/fr\/#\/schema\/logo\/image\/"},"sameAs":["https:\/\/www.linkedin.com\/company\/formaero\/"]}]}},"_links":{"self":[{"href":"https:\/\/segu-aero.com\/fr\/wp-json\/wp\/v2\/product\/4046","targetHints":{"allow":["GET"]}}],"collection":[{"href":"https:\/\/segu-aero.com\/fr\/wp-json\/wp\/v2\/product"}],"about":[{"href":"https:\/\/segu-aero.com\/fr\/wp-json\/wp\/v2\/types\/product"}],"version-history":[{"count":13,"href":"https:\/\/segu-aero.com\/fr\/wp-json\/wp\/v2\/product\/4046\/revisions"}],"predecessor-version":[{"id":6035,"href":"https:\/\/segu-aero.com\/fr\/wp-json\/wp\/v2\/product\/4046\/revisions\/6035"}],"wp:featuredmedia":[{"embeddable":true,"href":"https:\/\/segu-aero.com\/fr\/wp-json\/wp\/v2\/media\/2273"}],"wp:attachment":[{"href":"https:\/\/segu-aero.com\/fr\/wp-json\/wp\/v2\/media?parent=4046"}],"wp:term":[{"taxonomy":"product_brand","embeddable":true,"href":"https:\/\/segu-aero.com\/fr\/wp-json\/wp\/v2\/product_brand?post=4046"},{"taxonomy":"product_cat","embeddable":true,"href":"https:\/\/segu-aero.com\/fr\/wp-json\/wp\/v2\/product_cat?post=4046"},{"taxonomy":"product_tag","embeddable":true,"href":"https:\/\/segu-aero.com\/fr\/wp-json\/wp\/v2\/product_tag?post=4046"}],"curies":[{"name":"wp","href":"https:\/\/api.w.org\/{rel}","templated":true}]}}