{"id":4044,"date":"2025-01-22T16:31:13","date_gmt":"2025-01-22T16:31:13","guid":{"rendered":"http:\/\/segu-aero.com\/product\/avsaf-conductores-avsaf-c\/"},"modified":"2025-10-30T16:54:49","modified_gmt":"2025-10-30T15:54:49","slug":"avsaf-conductores-avsaf-c","status":"publish","type":"product","link":"https:\/\/segu-aero.com\/fr\/produit\/avsaf-conductores-avsaf-c\/","title":{"rendered":"Cours en ligne AVSAF pour conducteurs (AVSAF-C) avec certificat officiel de l&#8217;AESA &#8211; Espagnol"},"content":{"rendered":"\t\t<div data-elementor-type=\"product-post\" data-elementor-id=\"4044\" class=\"elementor elementor-4044 elementor-2327\" data-elementor-post-type=\"product\">\n\t\t\t\t<div class=\"elementor-element elementor-element-2ad19105 e-flex e-con-boxed e-con e-parent\" data-id=\"2ad19105\" data-element_type=\"container\" data-e-type=\"container\">\n\t\t\t\t\t<div class=\"e-con-inner\">\n\t\t\t\t<div class=\"elementor-element elementor-element-55498455 elementor-widget elementor-widget-text-editor\" data-id=\"55498455\" data-element_type=\"widget\" data-e-type=\"widget\" data-widget_type=\"text-editor.default\">\n\t\t\t\t<div class=\"elementor-widget-container\">\n\t\t\t\t\t\t\t\t\t<p>Le<b> cours de conducteur AVSAF (AVSAF-C) <\/b>est la formation officielle exig\u00e9e par l&#8217;<a href=\"https:\/\/www.seguridadaerea.gob.es\/\" target=\"_blank\" rel=\"noopener\">Agence nationale de la s\u00e9curit\u00e9 a\u00e9rienne (AESA) <\/a>ax\u00e9e sur la s\u00e9curit\u00e9 op\u00e9rationnelle pour pouvoir circuler avec des v\u00e9hicules dans la zone de mouvement d&#8217;un a\u00e9roport. <\/p><p>Chez Segu-Aero, en tant qu&#8217;organisme de formation accr\u00e9dit\u00e9 (OFA), nous proposons ce cours 100% en ligne, avec un acc\u00e8s imm\u00e9diat et un certificat valable dans tous les a\u00e9roports espagnols.<\/p><h2>Objectifs du cours<\/h2><p>Le cours AVSAF-C permet d&#8217;acqu\u00e9rir les comp\u00e9tences minimales en mati\u00e8re de s\u00e9curit\u00e9 op\u00e9rationnelle pour l&#8217;acc\u00e8s non accompagn\u00e9 \u00e0 l&#8217;aire de mouvement de l&#8217;a\u00e9roport pour l&#8217;ex\u00e9cution de t\u00e2ches impliquant la manutention et la conduite de v\u00e9hicules et\/ou d&#8217;\u00e9quipements.<\/p><h2>A qui s&#8217;adresse ce cours?<\/h2><p>Ce cours s&#8217;adresse aux personnes dont le poste les oblige \u00e0 conduire des v\u00e9hicules dans l&#8217;aire de mouvement d&#8217;un a\u00e9roport, tels que:<\/p><ul><li>Chauffeurs des services op\u00e9rationnels a\u00e9roportuaires (v\u00e9hicules d&#8217;assistance, ravitaillement, maintenance)<\/li><li>Personnel de manutention, de rampe et d&#8217;exploitation qui doit se d\u00e9placer le long de la piste ou de la plateforme<\/li><li>Personnel de s\u00e9curit\u00e9 a\u00e9roportuaire charg\u00e9 de conduire des v\u00e9hicules<\/li><li>Salari\u00e9s de compagnies de manutention ou de compagnies a\u00e9riennes n\u00e9cessitant la mobilisation de mat\u00e9riel au sein de la zone d&#8217;exploitation<\/li><li>Les personnes disposant d\u00e9j\u00e0 de <strong><a href=\"https:\/\/segu-aero.com\/fr\/producto\/avsaf-peatones-avsaf-p\/\" target=\"_blank\" rel=\"noopener\">l&#8217;AVSAF-P (pi\u00e9tons)<\/a><\/strong> et devant accr\u00e9diter le module de circulation pour pouvoir exercer la fonction de conducteur<\/li><\/ul><p>Ce cours vous permet de r\u00e9pondre aux exigences exig\u00e9es par l&#8217;AESA et de vous d\u00e9placer l\u00e9galement dans les zones r\u00e9glement\u00e9es de l&#8217;a\u00e9roport.<\/p><h2>Programme du cours de Pilotes AVSAF<\/h2><ul><li>Module 1: S\u00e9curit\u00e9 op\u00e9rationnelle.<\/li><li>Module 2: Configuration de l&#8217;a\u00e9roport.<\/li><li>Module 3: Travailler dans un a\u00e9roport.<\/li><li>Module 4: Proc\u00e9dures a\u00e9roportuaires.<\/li><li>Module 5 \u2013 Circulation a\u00e9roportuaire.<\/li><\/ul><p>Achetez votre cours aujourd&#8217;hui et obtenez votre certificat de conducteur AVSAF officiel rapidement, en toute s\u00e9curit\u00e9 et enti\u00e8rement reconnu.<\/p>\t\t\t\t\t\t\t\t<\/div>\n\t\t\t\t<\/div>\n\t\t\t\t\t<\/div>\n\t\t\t\t<\/div>\n\t\t\t\t<\/div>\n\t\t","protected":false},"excerpt":{"rendered":"<p>Le cours AVSAF Drivers est la formation n\u00e9cessaire et obligatoire pour les personnes qui doivent conduire des v\u00e9hicules dans les zones r\u00e9glement\u00e9es d&#8217;un a\u00e9roport.<\/p>\n<ul>\n<li>Langue: Espagnol<\/li>\n<li>Dur\u00e9e: 6 heures<\/li>\n<li>Certification: valable 5 ans<\/li>\n<\/ul>\n","protected":false},"featured_media":4288,"template":"","meta":{"_acf_changed":false,"site-sidebar-layout":"default","site-content-layout":"","ast-site-content-layout":"default","site-content-style":"default","site-sidebar-style":"default","ast-global-header-display":"","ast-banner-title-visibility":"","ast-main-header-display":"","ast-hfb-above-header-display":"","ast-hfb-below-header-display":"","ast-hfb-mobile-header-display":"","site-post-title":"","ast-breadcrumbs-content":"","ast-featured-img":"","footer-sml-layout":"","ast-disable-related-posts":"","theme-transparent-header-meta":"default","adv-header-id-meta":"","stick-header-meta":"","header-above-stick-meta":"","header-main-stick-meta":"","header-below-stick-meta":"","astra-migrate-meta-layouts":"set","ast-page-background-enabled":"default","ast-page-background-meta":{"desktop":{"background-color":"var(--ast-global-color-5)","background-image":"","background-repeat":"repeat","background-position":"center center","background-size":"auto","background-attachment":"scroll","background-type":"","background-media":"","overlay-type":"","overlay-color":"","overlay-opacity":"","overlay-gradient":""},"tablet":{"background-color":"","background-image":"","background-repeat":"repeat","background-position":"center center","background-size":"auto","background-attachment":"scroll","background-type":"","background-media":"","overlay-type":"","overlay-color":"","overlay-opacity":"","overlay-gradient":""},"mobile":{"background-color":"","background-image":"","background-repeat":"repeat","background-position":"center center","background-size":"auto","background-attachment":"scroll","background-type":"","background-media":"","overlay-type":"","overlay-color":"","overlay-opacity":"","overlay-gradient":""}},"ast-content-background-meta":{"desktop":{"background-color":"var(--ast-global-color-4)","background-image":"","background-repeat":"repeat","background-position":"center center","background-size":"auto","background-attachment":"scroll","background-type":"","background-media":"","overlay-type":"","overlay-color":"","overlay-opacity":"","overlay-gradient":""},"tablet":{"background-color":"var(--ast-global-color-4)","background-image":"","background-repeat":"repeat","background-position":"center center","background-size":"auto","background-attachment":"scroll","background-type":"","background-media":"","overlay-type":"","overlay-color":"","overlay-opacity":"","overlay-gradient":""},"mobile":{"background-color":"var(--ast-global-color-4)","background-image":"","background-repeat":"repeat","background-position":"center center","background-size":"auto","background-attachment":"scroll","background-type":"","background-media":"","overlay-type":"","overlay-color":"","overlay-opacity":"","overlay-gradient":""}}},"product_brand":[],"product_cat":[149,145],"product_tag":[],"class_list":{"0":"post-4044","1":"product","2":"type-product","3":"status-publish","4":"has-post-thumbnail","6":"product_cat-avsaf-fr","7":"product_cat-espanol-fr","8":"desktop-align-left","9":"tablet-align-left","10":"mobile-align-left","12":"first","13":"instock","14":"sale","15":"featured","16":"downloadable","17":"virtual","18":"taxable","19":"purchasable","20":"product-type-simple"},"acf":[],"yoast_head":"<!-- This site is optimized with the Yoast SEO plugin v27.4 - https:\/\/yoast.com\/product\/yoast-seo-wordpress\/ -->\n<title>Cours en ligne pour conducteurs AVSAF - Espagnol | Certificat AESA<\/title>\n<meta name=\"description\" content=\"Le cours AVSAF pour les conducteurs de v\u00e9hicules dans les zones r\u00e9glement\u00e9es des a\u00e9roports avec un certificat officiel AESA commence maintenant.\" \/>\n<meta name=\"robots\" content=\"index, follow, max-snippet:-1, max-image-preview:large, max-video-preview:-1\" \/>\n<link rel=\"canonical\" href=\"http:\/\/segu-aero.com\/fr\/producto\/avsaf-conductores-avsaf-c\/\" \/>\n<meta property=\"og:locale\" content=\"fr_FR\" \/>\n<meta property=\"og:type\" content=\"article\" \/>\n<meta property=\"og:title\" content=\"Cours en ligne pour conducteurs AVSAF (AVSAF-C) | Certificat AESA | Segu-Aero\" \/>\n<meta property=\"og:description\" content=\"Le cours Pilotes AVSAF (AVSAF-C) commence maintenant. Formation obligatoire pour les conducteurs de v\u00e9hicules dans les zones r\u00e9glement\u00e9es des a\u00e9roports. C&#039;est 100% en ligne, rapide et avec un certificat officiel.\" \/>\n<meta property=\"og:url\" content=\"http:\/\/segu-aero.com\/producto\/avsaf-conductores-avsaf-c\/\" \/>\n<meta property=\"og:site_name\" content=\"Segu-Aero\" \/>\n<meta property=\"article:modified_time\" content=\"2025-10-30T15:54:49+00:00\" \/>\n<meta property=\"og:image\" content=\"http:\/\/segu-aero.com\/wp-content\/uploads\/2025\/01\/conductor-esp-1024x768.jpg\" \/>\n<meta name=\"twitter:card\" content=\"summary_large_image\" \/>\n<meta name=\"twitter:title\" content=\"Cours en ligne pour conducteurs AVSAF (AVSAF-C) | Certificat AESA | Segu-Aero\" \/>\n<meta name=\"twitter:description\" content=\"Le cours Pilotes AVSAF (AVSAF-C) commence maintenant. Formation obligatoire pour les conducteurs de v\u00e9hicules dans les zones r\u00e9glement\u00e9es des a\u00e9roports. C&#039;est 100% en ligne, rapide et avec un certificat officiel.\" \/>\n<meta name=\"twitter:image\" content=\"http:\/\/segu-aero.com\/wp-content\/uploads\/2025\/01\/conductor-esp-1024x768.jpg\" \/>\n<meta name=\"twitter:label1\" content=\"Dur\u00e9e de lecture estim\u00e9e\" \/>\n\t<meta name=\"twitter:data1\" content=\"2 minutes\" \/>\n<!-- \/ Yoast SEO plugin. -->","yoast_head_json":{"title":"Cours en ligne pour conducteurs AVSAF - Espagnol | Certificat AESA","description":"Le cours AVSAF pour les conducteurs de v\u00e9hicules dans les zones r\u00e9glement\u00e9es des a\u00e9roports avec un certificat officiel AESA commence maintenant.","robots":{"index":"index","follow":"follow","max-snippet":"max-snippet:-1","max-image-preview":"max-image-preview:large","max-video-preview":"max-video-preview:-1"},"canonical":"http:\/\/segu-aero.com\/fr\/producto\/avsaf-conductores-avsaf-c\/","og_locale":"fr_FR","og_type":"article","og_title":"Cours en ligne pour conducteurs AVSAF (AVSAF-C) | Certificat AESA | Segu-Aero","og_description":"Le cours Pilotes AVSAF (AVSAF-C) commence maintenant. Formation obligatoire pour les conducteurs de v\u00e9hicules dans les zones r\u00e9glement\u00e9es des a\u00e9roports. C'est 100% en ligne, rapide et avec un certificat officiel.","og_url":"http:\/\/segu-aero.com\/producto\/avsaf-conductores-avsaf-c\/","og_site_name":"Segu-Aero","article_modified_time":"2025-10-30T15:54:49+00:00","og_image":[{"url":"http:\/\/segu-aero.com\/wp-content\/uploads\/2025\/01\/conductor-esp-1024x768.jpg","type":"","width":"","height":""}],"twitter_card":"summary_large_image","twitter_title":"Cours en ligne pour conducteurs AVSAF (AVSAF-C) | Certificat AESA | Segu-Aero","twitter_description":"Le cours Pilotes AVSAF (AVSAF-C) commence maintenant. Formation obligatoire pour les conducteurs de v\u00e9hicules dans les zones r\u00e9glement\u00e9es des a\u00e9roports. C'est 100% en ligne, rapide et avec un certificat officiel.","twitter_image":"http:\/\/segu-aero.com\/wp-content\/uploads\/2025\/01\/conductor-esp-1024x768.jpg","twitter_misc":{"Dur\u00e9e de lecture estim\u00e9e":"2 minutes"},"schema":{"@context":"https:\/\/schema.org","@graph":[{"@type":"WebPage","@id":"https:\/\/segu-aero.com\/fr\/produit\/avsaf-conductores-avsaf-c\/","url":"http:\/\/segu-aero.com\/producto\/avsaf-conductores-avsaf-c\/","name":"Cours en ligne pour conducteurs AVSAF - Espagnol | Certificat AESA","isPartOf":{"@id":"https:\/\/segu-aero.com\/fr\/#website"},"primaryImageOfPage":{"@id":"http:\/\/segu-aero.com\/producto\/avsaf-conductores-avsaf-c\/#primaryimage"},"image":{"@id":"http:\/\/segu-aero.com\/producto\/avsaf-conductores-avsaf-c\/#primaryimage"},"thumbnailUrl":"https:\/\/segu-aero.com\/wp-content\/uploads\/2025\/01\/conductor-esp.jpg","datePublished":"2025-01-22T16:31:13+00:00","dateModified":"2025-10-30T15:54:49+00:00","description":"Le cours AVSAF pour les conducteurs de v\u00e9hicules dans les zones r\u00e9glement\u00e9es des a\u00e9roports avec un certificat officiel AESA commence maintenant.","breadcrumb":{"@id":"http:\/\/segu-aero.com\/producto\/avsaf-conductores-avsaf-c\/#breadcrumb"},"inLanguage":"fr-FR","potentialAction":[{"@type":"ReadAction","target":["http:\/\/segu-aero.com\/producto\/avsaf-conductores-avsaf-c\/"]}]},{"@type":"ImageObject","inLanguage":"fr-FR","@id":"http:\/\/segu-aero.com\/producto\/avsaf-conductores-avsaf-c\/#primaryimage","url":"https:\/\/segu-aero.com\/wp-content\/uploads\/2025\/01\/conductor-esp.jpg","contentUrl":"https:\/\/segu-aero.com\/wp-content\/uploads\/2025\/01\/conductor-esp.jpg","width":1984,"height":1488,"caption":"Cours en ligne AVSAF Pilotes AVSAF-C"},{"@type":"BreadcrumbList","@id":"http:\/\/segu-aero.com\/producto\/avsaf-conductores-avsaf-c\/#breadcrumb","itemListElement":[{"@type":"ListItem","position":1,"name":"Portada","item":"https:\/\/segu-aero.com\/fr\/"},{"@type":"ListItem","position":2,"name":"Produits","item":"https:\/\/segu-aero.com\/fr\/shop\/"},{"@type":"ListItem","position":3,"name":"Cours en ligne AVSAF pour conducteurs (AVSAF-C) avec certificat officiel de l&#8217;AESA &#8211; Espagnol"}]},{"@type":"WebSite","@id":"https:\/\/segu-aero.com\/fr\/#website","url":"https:\/\/segu-aero.com\/fr\/","name":"Segu-Aero","description":"Especialistas en formaci\u00f3n y seguridad aeroportuaria","publisher":{"@id":"https:\/\/segu-aero.com\/fr\/#organization"},"potentialAction":[{"@type":"SearchAction","target":{"@type":"EntryPoint","urlTemplate":"https:\/\/segu-aero.com\/fr\/?s={search_term_string}"},"query-input":{"@type":"PropertyValueSpecification","valueRequired":true,"valueName":"search_term_string"}}],"inLanguage":"fr-FR"},{"@type":"Organization","@id":"https:\/\/segu-aero.com\/fr\/#organization","name":"Segu-Aero","url":"https:\/\/segu-aero.com\/fr\/","logo":{"@type":"ImageObject","inLanguage":"fr-FR","@id":"https:\/\/segu-aero.com\/fr\/#\/schema\/logo\/image\/","url":"https:\/\/segu-aero.com\/wp-content\/uploads\/2024\/10\/LOGO-SEG-AERO-2024.png","contentUrl":"https:\/\/segu-aero.com\/wp-content\/uploads\/2024\/10\/LOGO-SEG-AERO-2024.png","width":293,"height":128,"caption":"Segu-Aero"},"image":{"@id":"https:\/\/segu-aero.com\/fr\/#\/schema\/logo\/image\/"},"sameAs":["https:\/\/www.linkedin.com\/company\/formaero\/"]}]}},"_links":{"self":[{"href":"https:\/\/segu-aero.com\/fr\/wp-json\/wp\/v2\/product\/4044","targetHints":{"allow":["GET"]}}],"collection":[{"href":"https:\/\/segu-aero.com\/fr\/wp-json\/wp\/v2\/product"}],"about":[{"href":"https:\/\/segu-aero.com\/fr\/wp-json\/wp\/v2\/types\/product"}],"version-history":[{"count":33,"href":"https:\/\/segu-aero.com\/fr\/wp-json\/wp\/v2\/product\/4044\/revisions"}],"predecessor-version":[{"id":6003,"href":"https:\/\/segu-aero.com\/fr\/wp-json\/wp\/v2\/product\/4044\/revisions\/6003"}],"wp:featuredmedia":[{"embeddable":true,"href":"https:\/\/segu-aero.com\/fr\/wp-json\/wp\/v2\/media\/4288"}],"wp:attachment":[{"href":"https:\/\/segu-aero.com\/fr\/wp-json\/wp\/v2\/media?parent=4044"}],"wp:term":[{"taxonomy":"product_brand","embeddable":true,"href":"https:\/\/segu-aero.com\/fr\/wp-json\/wp\/v2\/product_brand?post=4044"},{"taxonomy":"product_cat","embeddable":true,"href":"https:\/\/segu-aero.com\/fr\/wp-json\/wp\/v2\/product_cat?post=4044"},{"taxonomy":"product_tag","embeddable":true,"href":"https:\/\/segu-aero.com\/fr\/wp-json\/wp\/v2\/product_tag?post=4044"}],"curies":[{"name":"wp","href":"https:\/\/api.w.org\/{rel}","templated":true}]}}