{"id":4042,"date":"2025-01-22T16:31:13","date_gmt":"2025-01-22T16:31:13","guid":{"rendered":"http:\/\/segu-aero.com\/product\/11-2-3-1-controles-de-seguridad-de-personas-equipajes-y-pertenencias\/"},"modified":"2025-10-30T17:50:19","modified_gmt":"2025-10-30T16:50:19","slug":"11-2-3-1-controles-de-seguridad-de-personas-equipajes-y-pertenencias","status":"publish","type":"product","link":"https:\/\/segu-aero.com\/fr\/produit\/11-2-3-1-controles-de-seguridad-de-personas-equipajes-y-pertenencias\/","title":{"rendered":"Cours en ligne AVSEC sur les contr\u00f4les de s\u00e9curit\u00e9 des personnes, des bagages et des effets personnels (11.2.3.1)"},"content":{"rendered":"\t\t<div data-elementor-type=\"product-post\" data-elementor-id=\"4042\" class=\"elementor elementor-4042 elementor-2330\" data-elementor-post-type=\"product\">\n\t\t\t\t<div class=\"elementor-element elementor-element-53342be1 e-flex e-con-boxed e-con e-parent\" data-id=\"53342be1\" data-element_type=\"container\" data-e-type=\"container\">\n\t\t\t\t\t<div class=\"e-con-inner\">\n\t\t\t\t<div class=\"elementor-element elementor-element-30e5bd98 elementor-widget elementor-widget-text-editor\" data-id=\"30e5bd98\" data-element_type=\"widget\" data-e-type=\"widget\" data-widget_type=\"text-editor.default\">\n\t\t\t\t<div class=\"elementor-widget-container\">\n\t\t\t\t\t\t\t\t\t<p>Le <strong>cours AVSEC sur les contr\u00f4les de s\u00e9curit\u00e9 des personnes, des bagages et des effets personnels (11.2.3.1)<\/strong> est con\u00e7u pour former le personnel en charge des processus d&#8217;inspection et de contr\u00f4le dans les a\u00e9roports, tels que les contr\u00f4les de s\u00e9curit\u00e9 des personnes, les scans des bagages \u00e0 main et les fouilles des effets personnels, des bagages et des effets personnels conform\u00e9ment \u00e0 la r\u00e9glementation europ\u00e9enne.<\/p><p>La formation est bas\u00e9e sur les exigences du <a href=\"https:\/\/www.boe.es\/doue\/2015\/299\/L00001-00142.pdf\" target=\"_blank\" rel=\"noopener\">r\u00e8glement (UE) 2015\/1998 <\/a>et des r\u00e9glementations nationales applicables, et enseigne \u00e0 la fois la base juridique et les proc\u00e9dures op\u00e9rationnelles, les types d&#8217;\u00e9quipements autoris\u00e9s, les techniques de d\u00e9tection, les m\u00e9thodes de dissimulation et les actions en cas de d\u00e9couverte d&#8217;objets interdits.<\/p><p>L&#8217;\u00e9tudiant apprendra \u00e0 appliquer ces contr\u00f4les de mani\u00e8re s\u00fbre, efficace et conforme \u00e0 la r\u00e9glementation applicable, garantissant que les contr\u00f4les de s\u00e9curit\u00e9 remplissent leur mission sans entraver la fluidit\u00e9 op\u00e9rationnelle.<\/p><h2>Objectifs du cours<\/h2><p>Les principaux objectifs de ce cours sont :<\/p><ul><li>Conna\u00eetre le cadre r\u00e9glementaire national et europ\u00e9en qui encadre les contr\u00f4les AVSEC des personnes et des bagages.<\/li><li>Comprendre les responsabilit\u00e9s juridiques et op\u00e9rationnelles du personnel qui effectue ces contr\u00f4les.<\/li><li>Identifiez les objets interdits et les techniques de dissimulation courantes.<\/li><li>Savoir utiliser diff\u00e9rents \u00e9quipements d&#8217;inspection : Rayons X, d\u00e9tecteurs de m\u00e9taux, syst\u00e8mes ETD, scanners, inspection manuelle.<\/li><li>Appliquer rigoureusement les proc\u00e9dures de contr\u00f4le, sans violer les droits des passagers.<\/li><li>\u00catre capable de prendre des d\u00e9cisions appropri\u00e9es face \u00e0 des r\u00e9sultats critiques et de coordonner les r\u00e9ponses en mati\u00e8re de s\u00e9curit\u00e9.<\/li><li>D\u00e9velopper une culture de vigilance, d\u2019exactitude et de conformit\u00e9 au sein de l\u2019environnement de contr\u00f4le de s\u00e9curit\u00e9.<\/li><\/ul><h2>A qui s&#8217;adresse-t-il?<\/h2><p>Le cours s&#8217;adresse \u00e0 :<\/p><ul><li>Personnel de l&#8217;a\u00e9roport responsable des points de contr\u00f4le de s\u00e9curit\u00e9 (contr\u00f4le).<\/li><li>Op\u00e9rateurs \u00e0 rayons X, d\u00e9tecteurs, scanners et personnel d&#8217;examen manuel.<\/li><li>Superviseurs de s\u00e9curit\u00e9 a\u00e9roportuaire.<\/li><li>Personnel au sol, s\u00e9curit\u00e9 priv\u00e9e, soci\u00e9t\u00e9s de manutention qui effectuent des contr\u00f4les.<\/li><li>Nouveaux professionnels qui doivent suivre la formation AVSEC requise pour assumer des fonctions de contr\u00f4le dans les domaines de s\u00e9curit\u00e9.<\/li><\/ul><h2>Pourquoi suivre ce cours ?<\/h2><p>R\u00e9aliser cette formation est indispensable pour plusieurs raisons :<\/p><ul><li><strong>Obligation r\u00e9glementaire <\/strong>: Le r\u00e8glement (UE) 2015\/1998 exige que le personnel effectuant les contr\u00f4les de s\u00e9curit\u00e9 soit correctement form\u00e9.<\/li><li><strong>Comp\u00e9tence technique<\/strong> : des connaissances op\u00e9rationnelles cruciales sont acquises qui font la diff\u00e9rence entre un contr\u00f4le superficiel et un contr\u00f4le efficace.<\/li><li><strong>R\u00e9duction des risques <\/strong>: Conna\u00eetre les techniques avanc\u00e9es de dissimulation et de d\u00e9tection permet de pr\u00e9venir les actes d\u2019ing\u00e9rence ill\u00e9gale.<\/li><li><strong>Confiance et reconnaissance professionnelle:<\/strong> l&#8217;obtention d&#8217;une certification dans cette formation am\u00e9liore votre profil professionnel aupr\u00e8s des employeurs du secteur a\u00e9roportuaire.<\/li><li><strong>Une plus grande efficacit\u00e9 op\u00e9rationnelle<\/strong>: en connaissant mieux les proc\u00e9dures et les \u00e9quipements, le temps de contr\u00f4le est r\u00e9duit tout en respectant la s\u00e9curit\u00e9.<\/li><\/ul><p>Une formation ad\u00e9quate aux contr\u00f4les des personnes, des bagages et des effets personnels constitue un pilier essentiel de la cha\u00eene de s\u00fbret\u00e9 a\u00e9roportuaire.<\/p><h2>Programme du cours AVSEC sur les contr\u00f4les de s\u00e9curit\u00e9 des personnes, des bagages et des effets personnels<\/h2><ul><li><span style=\"font-size: 0.9375rem;\">Configuration des points de contr\u00f4le. Processus d&#8217;inspection <\/span><\/li><li>M\u00e9thodes utilis\u00e9es pour cacher les objets interdits<\/li><li>Action en cas de d\u00e9tection d&#8217;objets interdits<\/li><li>Capacit\u00e9s et limites des \u00e9quipements de s\u00e9curit\u00e9 ou des m\u00e9thodes de contr\u00f4le utilis\u00e9es<\/li><li>Proc\u00e9dures applicables en cas d&#8217;urgence<\/li><li>Comp\u00e9tences interpersonnelles, diff\u00e9rences culturelles et passagers potentiellement conflictuels<\/li><li>Techniques d&#8217;inspection manuelle. Manuels d&#8217;inspection fiables pour garantir la d\u00e9tection des objets interdits cach\u00e9s <\/li><li>Dispenses de contr\u00f4le et proc\u00e9dures particuli\u00e8res de s\u00e9curit\u00e9<\/li><li>Connaissance des exigences en mati\u00e8re de protection des bagages enregistr\u00e9s<\/li><\/ul><p> <\/p>\t\t\t\t\t\t\t\t<\/div>\n\t\t\t\t<\/div>\n\t\t\t\t\t<\/div>\n\t\t\t\t<\/div>\n\t\t\t\t<\/div>\n\t\t","protected":false},"excerpt":{"rendered":"<p><i>*Les points de la norme qui affectent l&#8217;utilisation des appareils \u00e0 rayons X ne sont pas inclus : Points 11.2.3.1 j) et k) ; 11.2.3.2 n) et o); 11.2.3.3. k) et l) <\/i><\/p>\n<p>Cours AVSEC pour ma\u00eetriser les contr\u00f4les de s\u00e9curit\u00e9 des personnes, des bagages et des effets conform\u00e9ment \u00e0 la r\u00e9glementation europ\u00e9enne.<\/p>\n<ul>\n<li>Langue: Espagnol<\/li>\n<li>Dur\u00e9e: 4 heures<\/li>\n<li>Certification: valable 5 ans<\/li>\n<\/ul>\n<p>&nbsp;<\/p>\n<p>&nbsp;<\/p>\n","protected":false},"featured_media":5113,"template":"","meta":{"_acf_changed":false,"site-sidebar-layout":"default","site-content-layout":"","ast-site-content-layout":"default","site-content-style":"default","site-sidebar-style":"default","ast-global-header-display":"","ast-banner-title-visibility":"","ast-main-header-display":"","ast-hfb-above-header-display":"","ast-hfb-below-header-display":"","ast-hfb-mobile-header-display":"","site-post-title":"","ast-breadcrumbs-content":"","ast-featured-img":"","footer-sml-layout":"","ast-disable-related-posts":"","theme-transparent-header-meta":"default","adv-header-id-meta":"","stick-header-meta":"","header-above-stick-meta":"","header-main-stick-meta":"","header-below-stick-meta":"","astra-migrate-meta-layouts":"set","ast-page-background-enabled":"default","ast-page-background-meta":{"desktop":{"background-color":"var(--ast-global-color-5)","background-image":"","background-repeat":"repeat","background-position":"center center","background-size":"auto","background-attachment":"scroll","background-type":"","background-media":"","overlay-type":"","overlay-color":"","overlay-opacity":"","overlay-gradient":""},"tablet":{"background-color":"","background-image":"","background-repeat":"repeat","background-position":"center center","background-size":"auto","background-attachment":"scroll","background-type":"","background-media":"","overlay-type":"","overlay-color":"","overlay-opacity":"","overlay-gradient":""},"mobile":{"background-color":"","background-image":"","background-repeat":"repeat","background-position":"center center","background-size":"auto","background-attachment":"scroll","background-type":"","background-media":"","overlay-type":"","overlay-color":"","overlay-opacity":"","overlay-gradient":""}},"ast-content-background-meta":{"desktop":{"background-color":"var(--ast-global-color-4)","background-image":"","background-repeat":"repeat","background-position":"center center","background-size":"auto","background-attachment":"scroll","background-type":"","background-media":"","overlay-type":"","overlay-color":"","overlay-opacity":"","overlay-gradient":""},"tablet":{"background-color":"var(--ast-global-color-4)","background-image":"","background-repeat":"repeat","background-position":"center center","background-size":"auto","background-attachment":"scroll","background-type":"","background-media":"","overlay-type":"","overlay-color":"","overlay-opacity":"","overlay-gradient":""},"mobile":{"background-color":"var(--ast-global-color-4)","background-image":"","background-repeat":"repeat","background-position":"center center","background-size":"auto","background-attachment":"scroll","background-type":"","background-media":"","overlay-type":"","overlay-color":"","overlay-opacity":"","overlay-gradient":""}}},"product_brand":[],"product_cat":[144,145],"product_tag":[],"class_list":{"0":"post-4042","1":"product","2":"type-product","3":"status-publish","4":"has-post-thumbnail","6":"product_cat-avsec-fr","7":"product_cat-espanol-fr","8":"desktop-align-left","9":"tablet-align-left","10":"mobile-align-left","12":"first","13":"instock","14":"sale","15":"downloadable","16":"virtual","17":"taxable","18":"purchasable","19":"product-type-simple"},"acf":[],"yoast_head":"<!-- This site is optimized with the Yoast SEO plugin v27.4 - https:\/\/yoast.com\/product\/yoast-seo-wordpress\/ -->\n<title>Cours: Contr\u00f4les de s\u00e9curit\u00e9 des personnes, bagages et effets personnels<\/title>\n<meta name=\"description\" content=\"Formation compl\u00e8te sur les contr\u00f4les de s\u00e9curit\u00e9 des personnes, bagages et effets personnels. Formation AVSEC 11.2.3.1 certifi\u00e9e par AESA.\" \/>\n<meta name=\"robots\" content=\"index, follow, max-snippet:-1, max-image-preview:large, max-video-preview:-1\" \/>\n<link rel=\"canonical\" href=\"http:\/\/segu-aero.com\/fr\/producto\/11-2-3-1-controles-de-seguridad-de-personas-equipajes-y-pertenencias\/\" \/>\n<meta property=\"og:locale\" content=\"fr_FR\" \/>\n<meta property=\"og:type\" content=\"article\" \/>\n<meta property=\"og:title\" content=\"Cours en ligne AVSEC sur les contr\u00f4les de s\u00e9curit\u00e9 des personnes, des bagages et des effets personnels (11.2.3.1)\" \/>\n<meta property=\"og:description\" content=\"Suivez d\u00e8s maintenant la formation en ligne sur les contr\u00f4les de s\u00e9curit\u00e9 des personnes, des bagages et des effets personnels. Formation AVSEC 11.2.3.1 certifi\u00e9e par l&#039;AESA.\" \/>\n<meta property=\"og:url\" content=\"http:\/\/segu-aero.com\/producto\/11-2-3-1-controles-de-seguridad-de-personas-equipajes-y-pertenencias\/\" \/>\n<meta property=\"og:site_name\" content=\"Segu-Aero\" \/>\n<meta property=\"article:modified_time\" content=\"2025-10-30T16:50:19+00:00\" \/>\n<meta property=\"og:image\" content=\"https:\/\/segu-aero.com\/wp-content\/uploads\/2025\/01\/curso-avsec-controles-seguridad-personas-equipajes-pertenencias.jpg\" \/>\n\t<meta property=\"og:image:width\" content=\"1476\" \/>\n\t<meta property=\"og:image:height\" content=\"992\" \/>\n\t<meta property=\"og:image:type\" content=\"image\/jpeg\" \/>\n<meta name=\"twitter:card\" content=\"summary_large_image\" \/>\n<meta name=\"twitter:title\" content=\"Cours en ligne AVSEC sur les contr\u00f4les de s\u00e9curit\u00e9 des personnes, des bagages et des effets personnels (11.2.3.1)\" \/>\n<meta name=\"twitter:description\" content=\"Suivez d\u00e8s maintenant la formation en ligne sur les contr\u00f4les de s\u00e9curit\u00e9 des personnes, des bagages et des effets personnels. Formation AVSEC 11.2.3.1 certifi\u00e9e par l&#039;AESA.\" \/>\n<meta name=\"twitter:image\" content=\"https:\/\/segu-aero.com\/wp-content\/uploads\/2025\/01\/curso-avsec-controles-seguridad-personas-equipajes-pertenencias.jpg\" \/>\n<meta name=\"twitter:label1\" content=\"Dur\u00e9e de lecture estim\u00e9e\" \/>\n\t<meta name=\"twitter:data1\" content=\"3 minutes\" \/>\n<!-- \/ Yoast SEO plugin. -->","yoast_head_json":{"title":"Cours: Contr\u00f4les de s\u00e9curit\u00e9 des personnes, bagages et effets personnels","description":"Formation compl\u00e8te sur les contr\u00f4les de s\u00e9curit\u00e9 des personnes, bagages et effets personnels. Formation AVSEC 11.2.3.1 certifi\u00e9e par AESA.","robots":{"index":"index","follow":"follow","max-snippet":"max-snippet:-1","max-image-preview":"max-image-preview:large","max-video-preview":"max-video-preview:-1"},"canonical":"http:\/\/segu-aero.com\/fr\/producto\/11-2-3-1-controles-de-seguridad-de-personas-equipajes-y-pertenencias\/","og_locale":"fr_FR","og_type":"article","og_title":"Cours en ligne AVSEC sur les contr\u00f4les de s\u00e9curit\u00e9 des personnes, des bagages et des effets personnels (11.2.3.1)","og_description":"Suivez d\u00e8s maintenant la formation en ligne sur les contr\u00f4les de s\u00e9curit\u00e9 des personnes, des bagages et des effets personnels. Formation AVSEC 11.2.3.1 certifi\u00e9e par l'AESA.","og_url":"http:\/\/segu-aero.com\/producto\/11-2-3-1-controles-de-seguridad-de-personas-equipajes-y-pertenencias\/","og_site_name":"Segu-Aero","article_modified_time":"2025-10-30T16:50:19+00:00","og_image":[{"width":1476,"height":992,"url":"https:\/\/segu-aero.com\/wp-content\/uploads\/2025\/01\/curso-avsec-controles-seguridad-personas-equipajes-pertenencias.jpg","type":"image\/jpeg"}],"twitter_card":"summary_large_image","twitter_title":"Cours en ligne AVSEC sur les contr\u00f4les de s\u00e9curit\u00e9 des personnes, des bagages et des effets personnels (11.2.3.1)","twitter_description":"Suivez d\u00e8s maintenant la formation en ligne sur les contr\u00f4les de s\u00e9curit\u00e9 des personnes, des bagages et des effets personnels. Formation AVSEC 11.2.3.1 certifi\u00e9e par l'AESA.","twitter_image":"https:\/\/segu-aero.com\/wp-content\/uploads\/2025\/01\/curso-avsec-controles-seguridad-personas-equipajes-pertenencias.jpg","twitter_misc":{"Dur\u00e9e de lecture estim\u00e9e":"3 minutes"},"schema":{"@context":"https:\/\/schema.org","@graph":[{"@type":"WebPage","@id":"https:\/\/segu-aero.com\/fr\/produit\/11-2-3-1-controles-de-seguridad-de-personas-equipajes-y-pertenencias\/","url":"http:\/\/segu-aero.com\/producto\/11-2-3-1-controles-de-seguridad-de-personas-equipajes-y-pertenencias\/","name":"Cours: Contr\u00f4les de s\u00e9curit\u00e9 des personnes, bagages et effets personnels","isPartOf":{"@id":"https:\/\/segu-aero.com\/fr\/#website"},"primaryImageOfPage":{"@id":"http:\/\/segu-aero.com\/producto\/11-2-3-1-controles-de-seguridad-de-personas-equipajes-y-pertenencias\/#primaryimage"},"image":{"@id":"http:\/\/segu-aero.com\/producto\/11-2-3-1-controles-de-seguridad-de-personas-equipajes-y-pertenencias\/#primaryimage"},"thumbnailUrl":"https:\/\/segu-aero.com\/wp-content\/uploads\/2025\/01\/curso-avsec-controles-seguridad-personas-equipajes-pertenencias.jpg","datePublished":"2025-01-22T16:31:13+00:00","dateModified":"2025-10-30T16:50:19+00:00","description":"Formation compl\u00e8te sur les contr\u00f4les de s\u00e9curit\u00e9 des personnes, bagages et effets personnels. Formation AVSEC 11.2.3.1 certifi\u00e9e par AESA.","breadcrumb":{"@id":"http:\/\/segu-aero.com\/producto\/11-2-3-1-controles-de-seguridad-de-personas-equipajes-y-pertenencias\/#breadcrumb"},"inLanguage":"fr-FR","potentialAction":[{"@type":"ReadAction","target":["http:\/\/segu-aero.com\/producto\/11-2-3-1-controles-de-seguridad-de-personas-equipajes-y-pertenencias\/"]}]},{"@type":"ImageObject","inLanguage":"fr-FR","@id":"http:\/\/segu-aero.com\/producto\/11-2-3-1-controles-de-seguridad-de-personas-equipajes-y-pertenencias\/#primaryimage","url":"https:\/\/segu-aero.com\/wp-content\/uploads\/2025\/01\/curso-avsec-controles-seguridad-personas-equipajes-pertenencias.jpg","contentUrl":"https:\/\/segu-aero.com\/wp-content\/uploads\/2025\/01\/curso-avsec-controles-seguridad-personas-equipajes-pertenencias.jpg","width":1476,"height":992,"caption":"contr\u00f4les de s\u00e9curit\u00e9 des personnes, des bagages et des effets personnels et fouilles de s\u00e9curit\u00e9 des avions"},{"@type":"BreadcrumbList","@id":"http:\/\/segu-aero.com\/producto\/11-2-3-1-controles-de-seguridad-de-personas-equipajes-y-pertenencias\/#breadcrumb","itemListElement":[{"@type":"ListItem","position":1,"name":"Portada","item":"https:\/\/segu-aero.com\/fr\/"},{"@type":"ListItem","position":2,"name":"Produits","item":"https:\/\/segu-aero.com\/fr\/shop\/"},{"@type":"ListItem","position":3,"name":"Cours en ligne AVSEC sur les contr\u00f4les de s\u00e9curit\u00e9 des personnes, des bagages et des effets personnels (11.2.3.1)"}]},{"@type":"WebSite","@id":"https:\/\/segu-aero.com\/fr\/#website","url":"https:\/\/segu-aero.com\/fr\/","name":"Segu-Aero","description":"Especialistas en formaci\u00f3n y seguridad aeroportuaria","publisher":{"@id":"https:\/\/segu-aero.com\/fr\/#organization"},"potentialAction":[{"@type":"SearchAction","target":{"@type":"EntryPoint","urlTemplate":"https:\/\/segu-aero.com\/fr\/?s={search_term_string}"},"query-input":{"@type":"PropertyValueSpecification","valueRequired":true,"valueName":"search_term_string"}}],"inLanguage":"fr-FR"},{"@type":"Organization","@id":"https:\/\/segu-aero.com\/fr\/#organization","name":"Segu-Aero","url":"https:\/\/segu-aero.com\/fr\/","logo":{"@type":"ImageObject","inLanguage":"fr-FR","@id":"https:\/\/segu-aero.com\/fr\/#\/schema\/logo\/image\/","url":"https:\/\/segu-aero.com\/wp-content\/uploads\/2024\/10\/LOGO-SEG-AERO-2024.png","contentUrl":"https:\/\/segu-aero.com\/wp-content\/uploads\/2024\/10\/LOGO-SEG-AERO-2024.png","width":293,"height":128,"caption":"Segu-Aero"},"image":{"@id":"https:\/\/segu-aero.com\/fr\/#\/schema\/logo\/image\/"},"sameAs":["https:\/\/www.linkedin.com\/company\/formaero\/"]}]}},"_links":{"self":[{"href":"https:\/\/segu-aero.com\/fr\/wp-json\/wp\/v2\/product\/4042","targetHints":{"allow":["GET"]}}],"collection":[{"href":"https:\/\/segu-aero.com\/fr\/wp-json\/wp\/v2\/product"}],"about":[{"href":"https:\/\/segu-aero.com\/fr\/wp-json\/wp\/v2\/types\/product"}],"version-history":[{"count":9,"href":"https:\/\/segu-aero.com\/fr\/wp-json\/wp\/v2\/product\/4042\/revisions"}],"predecessor-version":[{"id":6047,"href":"https:\/\/segu-aero.com\/fr\/wp-json\/wp\/v2\/product\/4042\/revisions\/6047"}],"wp:featuredmedia":[{"embeddable":true,"href":"https:\/\/segu-aero.com\/fr\/wp-json\/wp\/v2\/media\/5113"}],"wp:attachment":[{"href":"https:\/\/segu-aero.com\/fr\/wp-json\/wp\/v2\/media?parent=4042"}],"wp:term":[{"taxonomy":"product_brand","embeddable":true,"href":"https:\/\/segu-aero.com\/fr\/wp-json\/wp\/v2\/product_brand?post=4042"},{"taxonomy":"product_cat","embeddable":true,"href":"https:\/\/segu-aero.com\/fr\/wp-json\/wp\/v2\/product_cat?post=4042"},{"taxonomy":"product_tag","embeddable":true,"href":"https:\/\/segu-aero.com\/fr\/wp-json\/wp\/v2\/product_tag?post=4042"}],"curies":[{"name":"wp","href":"https:\/\/api.w.org\/{rel}","templated":true}]}}