{"id":4016,"date":"2025-01-22T16:31:13","date_gmt":"2025-01-22T16:31:13","guid":{"rendered":"http:\/\/segu-aero.com\/product\/11-2-3-6-registros-de-seguridad-de-las-aeronaves\/"},"modified":"2025-10-30T17:57:05","modified_gmt":"2025-10-30T16:57:05","slug":"11-2-3-6-registros-de-seguridad-de-las-aeronaves","status":"publish","type":"product","link":"https:\/\/segu-aero.com\/fr\/produit\/11-2-3-6-registros-de-seguridad-de-las-aeronaves\/","title":{"rendered":"Cours en ligne AVSEC sur les registres de s\u00e9curit\u00e9 des a\u00e9ronefs (11.2.3.6)"},"content":{"rendered":"\t\t<div data-elementor-type=\"product-post\" data-elementor-id=\"4016\" class=\"elementor elementor-4016 elementor-2328\" data-elementor-post-type=\"product\">\n\t\t\t\t<div class=\"elementor-element elementor-element-7b5c98f7 e-flex e-con-boxed e-con e-parent\" data-id=\"7b5c98f7\" data-element_type=\"container\" data-e-type=\"container\">\n\t\t\t\t\t<div class=\"e-con-inner\">\n\t\t\t\t<div class=\"elementor-element elementor-element-20047e4 elementor-widget elementor-widget-text-editor\" data-id=\"20047e4\" data-element_type=\"widget\" data-e-type=\"widget\" data-widget_type=\"text-editor.default\">\n\t\t\t\t<div class=\"elementor-widget-container\">\n\t\t\t\t\t\t\t\t\t<p>Le <strong>cours Dossiers de s\u00e9curit\u00e9 des a\u00e9ronefs (11.2.3.6)<\/strong> est con\u00e7u pour former les professionnels charg\u00e9s de maintenir, d&#8217;examiner et de v\u00e9rifier les dossiers de s\u00e9curit\u00e9 AVSEC d&#8217;un a\u00e9ronef.<\/p><p>La r\u00e9glementation AVSEC exige que chaque avion dispose d&#8217;un syst\u00e8me documentaire rigoureux dans lequel les inspections, contr\u00f4les, autorisations, examens et tout \u00e9v\u00e9nement de s\u00e9curit\u00e9 pertinent sont enregistr\u00e9s, permettant de v\u00e9rifier historiquement le respect des proc\u00e9dures de s\u00e9curit\u00e9 \u00e0 bord.<\/p><p>Ce cours enseigne les types de documents n\u00e9cessaires, leur gestion correcte, les techniques d&#8217;audit documentaire et comment r\u00e9agir en cas de divergences ou de conclusions lors des audits de s\u00e9curit\u00e9.<\/p><h2>Objectifs du cours<\/h2><p>Les objectifs cl\u00e9s du cours sont :<\/p><ul><li>Comprendre l&#8217;importance et la fonction des enregistrements de s\u00e9curit\u00e9 AVSEC associ\u00e9s \u00e0 l&#8217;avion.<\/li><li>Conna\u00eetre les formats, les mod\u00e8les et les exigences minimales des dossiers exig\u00e9s par la r\u00e9glementation.<\/li><li>Apprenez \u00e0 organiser, auditer et conserver ces enregistrements pour garantir la tra\u00e7abilit\u00e9 et la responsabilit\u00e9.<\/li><li>Savoir g\u00e9rer les \u00e9carts, les corrections et le reporting des incidents documentaires.<\/li><li>Pr\u00e9parez-vous aux audits internes ou externes sur la conformit\u00e9 des dossiers de s\u00e9curit\u00e9.<\/li><\/ul><h2>A qui s&#8217;adresse-t-il?<\/h2><p>Ce cours 11.2.3.6 s&#8217;adresse \u00e0 :<\/p><ul><li>Personnel de s\u00e9curit\u00e9 a\u00e9roportuaire responsable des avions.<\/li><li>Op\u00e9rateurs de s\u00e9curit\u00e9 AVSEC qui g\u00e8rent la documentation embarqu\u00e9e.<\/li><li>\u00c9quipe technique ou de maintenance qui collabore avec les dossiers de s\u00e9curit\u00e9.<\/li><li>Auditeurs internes de s\u00e9curit\u00e9 ou de conformit\u00e9 dans les compagnies a\u00e9riennes.<\/li><li>Des coordinateurs de s\u00e9curit\u00e9 qui doivent assurer la conformit\u00e9 documentaire AVSEC.<\/li><\/ul><h2>Pourquoi suivre ce cours ?<\/h2><p>Suivre cette formation apporte des avantages essentiels :<\/p><ul><li>S&#8217;assure que les dossiers de s\u00e9curit\u00e9 de l&#8217;avion r\u00e9pondent aux normes requises par les r\u00e9glementations AESA et AVSEC.<\/li><li>Am\u00e9liore la fiabilit\u00e9 et la tra\u00e7abilit\u00e9 documentaire des audits de s\u00e9curit\u00e9.<\/li><li>Aide \u00e0 pr\u00e9venir les sanctions ou les constatations dues \u00e0 un manque d\u2019enregistrement ou \u00e0 des irr\u00e9gularit\u00e9s documentaires.<\/li><li>Augmentez votre valeur professionnelle en tant qu&#8217;agent de s\u00e9curit\u00e9 a\u00e9ronautique.<\/li><li>Contribue de mani\u00e8re d\u00e9cisive \u00e0 la culture de s\u00e9curit\u00e9 et de conformit\u00e9 documentaire au sein des op\u00e9rations a\u00e9riennes.<\/li><\/ul><p>Une gestion efficace des dossiers de s\u00e9curit\u00e9 est essentielle pour d\u00e9montrer que les proc\u00e9dures AVSEC sont non seulement appliqu\u00e9es, mais syst\u00e9matiquement \u00e9tay\u00e9es par la documentation.<\/p><h2>Programme du cours sur les dossiers de s\u00e9curit\u00e9 des a\u00e9ronefs<\/h2><ul><li><span style=\"font-size: 0.9375rem;\">Exigences l\u00e9gales r\u00e9gissant les journaux de s\u00e9curit\u00e9. Culture de s\u00e9curit\u00e9 sur le lieu de travail et dans le domaine a\u00e9rien <\/span><\/li><li>Diff\u00e9rences de configuration des avions.<\/li><li>Identification des objets interdits dans le registre des a\u00e9ronefs.<\/li><li>M\u00e9thodes de dissimulation.<\/li><li>Proc\u00e9dures d&#8217;action en cas de d\u00e9tection d&#8217;objets interdits.<\/li><li>Proc\u00e9dure pour un enregistrement efficace de la s\u00e9curit\u00e9 des avions.<\/li><\/ul>\t\t\t\t\t\t\t\t<\/div>\n\t\t\t\t<\/div>\n\t\t\t\t\t<\/div>\n\t\t\t\t<\/div>\n\t\t\t\t<\/div>\n\t\t","protected":false},"excerpt":{"rendered":"<p>La formation AVSEC 11.2.3.6 vous forme \u00e0 g\u00e9rer les dossiers de s\u00e9curit\u00e9 des avions conform\u00e9ment \u00e0 la r\u00e9glementation europ\u00e9enne.<\/p>\n<ul>\n<li>Langue: Espagnol<\/li>\n<li>Dur\u00e9e: 2 heures<\/li>\n<li>Certification: valable 5 ans<\/li>\n<\/ul>\n","protected":false},"featured_media":5113,"template":"","meta":{"_acf_changed":false,"site-sidebar-layout":"default","site-content-layout":"","ast-site-content-layout":"default","site-content-style":"default","site-sidebar-style":"default","ast-global-header-display":"","ast-banner-title-visibility":"","ast-main-header-display":"","ast-hfb-above-header-display":"","ast-hfb-below-header-display":"","ast-hfb-mobile-header-display":"","site-post-title":"","ast-breadcrumbs-content":"","ast-featured-img":"","footer-sml-layout":"","ast-disable-related-posts":"","theme-transparent-header-meta":"default","adv-header-id-meta":"","stick-header-meta":"","header-above-stick-meta":"","header-main-stick-meta":"","header-below-stick-meta":"","astra-migrate-meta-layouts":"set","ast-page-background-enabled":"default","ast-page-background-meta":{"desktop":{"background-color":"var(--ast-global-color-5)","background-image":"","background-repeat":"repeat","background-position":"center center","background-size":"auto","background-attachment":"scroll","background-type":"","background-media":"","overlay-type":"","overlay-color":"","overlay-opacity":"","overlay-gradient":""},"tablet":{"background-color":"","background-image":"","background-repeat":"repeat","background-position":"center center","background-size":"auto","background-attachment":"scroll","background-type":"","background-media":"","overlay-type":"","overlay-color":"","overlay-opacity":"","overlay-gradient":""},"mobile":{"background-color":"","background-image":"","background-repeat":"repeat","background-position":"center center","background-size":"auto","background-attachment":"scroll","background-type":"","background-media":"","overlay-type":"","overlay-color":"","overlay-opacity":"","overlay-gradient":""}},"ast-content-background-meta":{"desktop":{"background-color":"var(--ast-global-color-4)","background-image":"","background-repeat":"repeat","background-position":"center center","background-size":"auto","background-attachment":"scroll","background-type":"","background-media":"","overlay-type":"","overlay-color":"","overlay-opacity":"","overlay-gradient":""},"tablet":{"background-color":"var(--ast-global-color-4)","background-image":"","background-repeat":"repeat","background-position":"center center","background-size":"auto","background-attachment":"scroll","background-type":"","background-media":"","overlay-type":"","overlay-color":"","overlay-opacity":"","overlay-gradient":""},"mobile":{"background-color":"var(--ast-global-color-4)","background-image":"","background-repeat":"repeat","background-position":"center center","background-size":"auto","background-attachment":"scroll","background-type":"","background-media":"","overlay-type":"","overlay-color":"","overlay-opacity":"","overlay-gradient":""}}},"product_brand":[],"product_cat":[144,145],"product_tag":[],"class_list":{"0":"post-4016","1":"product","2":"type-product","3":"status-publish","4":"has-post-thumbnail","6":"product_cat-avsec-fr","7":"product_cat-espanol-fr","8":"desktop-align-left","9":"tablet-align-left","10":"mobile-align-left","12":"first","13":"instock","14":"sale","15":"featured","16":"downloadable","17":"virtual","18":"taxable","19":"purchasable","20":"product-type-simple"},"acf":[],"yoast_head":"<!-- This site is optimized with the Yoast SEO plugin v27.4 - https:\/\/yoast.com\/product\/yoast-seo-wordpress\/ -->\n<title>Cours AVSEC: Registres de s\u00e9curit\u00e9 des a\u00e9ronefs (11.2.3.6)<\/title>\n<meta name=\"description\" content=\"Apprenez \u00e0 g\u00e9rer les dossiers de s\u00e9curit\u00e9 des avions. Suivez d\u00e8s maintenant la formation AVSEC 11.2.3.6, certifi\u00e9e par l&#039;EASA.\" \/>\n<meta name=\"robots\" content=\"index, follow, max-snippet:-1, max-image-preview:large, max-video-preview:-1\" \/>\n<link rel=\"canonical\" href=\"http:\/\/segu-aero.com\/fr\/producto\/11-2-3-6-registros-de-seguridad-de-las-aeronaves\/\" \/>\n<meta property=\"og:locale\" content=\"fr_FR\" \/>\n<meta property=\"og:type\" content=\"article\" \/>\n<meta property=\"og:title\" content=\"Cours en ligne AVSEC sur les registres de s\u00e9curit\u00e9 des a\u00e9ronefs (11.2.3.6)\" \/>\n<meta property=\"og:description\" content=\"Apprenez \u00e0 g\u00e9rer les dossiers de s\u00fbret\u00e9 des a\u00e9ronefs conform\u00e9ment \u00e0 la r\u00e9glementation AVSEC. Suivez d\u00e8s maintenant la formation en ligne 11.2.3.6, certifi\u00e9e par l&#039;AESA.\" \/>\n<meta property=\"og:url\" content=\"http:\/\/segu-aero.com\/producto\/11-2-3-6-registros-de-seguridad-de-las-aeronaves\/\" \/>\n<meta property=\"og:site_name\" content=\"Segu-Aero\" \/>\n<meta property=\"article:modified_time\" content=\"2025-10-30T16:57:05+00:00\" \/>\n<meta property=\"og:image\" content=\"http:\/\/segu-aero.com\/wp-content\/uploads\/2025\/01\/curso-avsec-controles-seguridad-personas-equipajes-pertenencias-1024x688.jpg\" \/>\n<meta name=\"twitter:card\" content=\"summary_large_image\" \/>\n<meta name=\"twitter:title\" content=\"Cours en ligne AVSEC sur les registres de s\u00e9curit\u00e9 des a\u00e9ronefs (11.2.3.6)\" \/>\n<meta name=\"twitter:description\" content=\"Apprenez \u00e0 g\u00e9rer les dossiers de s\u00fbret\u00e9 des a\u00e9ronefs conform\u00e9ment \u00e0 la r\u00e9glementation AVSEC. Suivez d\u00e8s maintenant la formation en ligne 11.2.3.6, certifi\u00e9e par l&#039;AESA.\" \/>\n<meta name=\"twitter:image\" content=\"http:\/\/segu-aero.com\/wp-content\/uploads\/2025\/01\/curso-avsec-controles-seguridad-personas-equipajes-pertenencias-1024x688.jpg\" \/>\n<meta name=\"twitter:label1\" content=\"Dur\u00e9e de lecture estim\u00e9e\" \/>\n\t<meta name=\"twitter:data1\" content=\"3 minutes\" \/>\n<!-- \/ Yoast SEO plugin. -->","yoast_head_json":{"title":"Cours AVSEC: Registres de s\u00e9curit\u00e9 des a\u00e9ronefs (11.2.3.6)","description":"Apprenez \u00e0 g\u00e9rer les dossiers de s\u00e9curit\u00e9 des avions. Suivez d\u00e8s maintenant la formation AVSEC 11.2.3.6, certifi\u00e9e par l'EASA.","robots":{"index":"index","follow":"follow","max-snippet":"max-snippet:-1","max-image-preview":"max-image-preview:large","max-video-preview":"max-video-preview:-1"},"canonical":"http:\/\/segu-aero.com\/fr\/producto\/11-2-3-6-registros-de-seguridad-de-las-aeronaves\/","og_locale":"fr_FR","og_type":"article","og_title":"Cours en ligne AVSEC sur les registres de s\u00e9curit\u00e9 des a\u00e9ronefs (11.2.3.6)","og_description":"Apprenez \u00e0 g\u00e9rer les dossiers de s\u00fbret\u00e9 des a\u00e9ronefs conform\u00e9ment \u00e0 la r\u00e9glementation AVSEC. Suivez d\u00e8s maintenant la formation en ligne 11.2.3.6, certifi\u00e9e par l'AESA.","og_url":"http:\/\/segu-aero.com\/producto\/11-2-3-6-registros-de-seguridad-de-las-aeronaves\/","og_site_name":"Segu-Aero","article_modified_time":"2025-10-30T16:57:05+00:00","og_image":[{"url":"http:\/\/segu-aero.com\/wp-content\/uploads\/2025\/01\/curso-avsec-controles-seguridad-personas-equipajes-pertenencias-1024x688.jpg","type":"","width":"","height":""}],"twitter_card":"summary_large_image","twitter_title":"Cours en ligne AVSEC sur les registres de s\u00e9curit\u00e9 des a\u00e9ronefs (11.2.3.6)","twitter_description":"Apprenez \u00e0 g\u00e9rer les dossiers de s\u00fbret\u00e9 des a\u00e9ronefs conform\u00e9ment \u00e0 la r\u00e9glementation AVSEC. Suivez d\u00e8s maintenant la formation en ligne 11.2.3.6, certifi\u00e9e par l'AESA.","twitter_image":"http:\/\/segu-aero.com\/wp-content\/uploads\/2025\/01\/curso-avsec-controles-seguridad-personas-equipajes-pertenencias-1024x688.jpg","twitter_misc":{"Dur\u00e9e de lecture estim\u00e9e":"3 minutes"},"schema":{"@context":"https:\/\/schema.org","@graph":[{"@type":"WebPage","@id":"https:\/\/segu-aero.com\/fr\/produit\/11-2-3-6-registros-de-seguridad-de-las-aeronaves\/","url":"http:\/\/segu-aero.com\/producto\/11-2-3-6-registros-de-seguridad-de-las-aeronaves\/","name":"Cours AVSEC: Registres de s\u00e9curit\u00e9 des a\u00e9ronefs (11.2.3.6)","isPartOf":{"@id":"https:\/\/segu-aero.com\/fr\/#website"},"primaryImageOfPage":{"@id":"http:\/\/segu-aero.com\/producto\/11-2-3-6-registros-de-seguridad-de-las-aeronaves\/#primaryimage"},"image":{"@id":"http:\/\/segu-aero.com\/producto\/11-2-3-6-registros-de-seguridad-de-las-aeronaves\/#primaryimage"},"thumbnailUrl":"https:\/\/segu-aero.com\/wp-content\/uploads\/2025\/01\/curso-avsec-controles-seguridad-personas-equipajes-pertenencias.jpg","datePublished":"2025-01-22T16:31:13+00:00","dateModified":"2025-10-30T16:57:05+00:00","description":"Apprenez \u00e0 g\u00e9rer les dossiers de s\u00e9curit\u00e9 des avions. Suivez d\u00e8s maintenant la formation AVSEC 11.2.3.6, certifi\u00e9e par l'EASA.","breadcrumb":{"@id":"http:\/\/segu-aero.com\/producto\/11-2-3-6-registros-de-seguridad-de-las-aeronaves\/#breadcrumb"},"inLanguage":"fr-FR","potentialAction":[{"@type":"ReadAction","target":["http:\/\/segu-aero.com\/producto\/11-2-3-6-registros-de-seguridad-de-las-aeronaves\/"]}]},{"@type":"ImageObject","inLanguage":"fr-FR","@id":"http:\/\/segu-aero.com\/producto\/11-2-3-6-registros-de-seguridad-de-las-aeronaves\/#primaryimage","url":"https:\/\/segu-aero.com\/wp-content\/uploads\/2025\/01\/curso-avsec-controles-seguridad-personas-equipajes-pertenencias.jpg","contentUrl":"https:\/\/segu-aero.com\/wp-content\/uploads\/2025\/01\/curso-avsec-controles-seguridad-personas-equipajes-pertenencias.jpg","width":1476,"height":992,"caption":"contr\u00f4les de s\u00e9curit\u00e9 des personnes, des bagages et des effets personnels et fouilles de s\u00e9curit\u00e9 des avions"},{"@type":"BreadcrumbList","@id":"http:\/\/segu-aero.com\/producto\/11-2-3-6-registros-de-seguridad-de-las-aeronaves\/#breadcrumb","itemListElement":[{"@type":"ListItem","position":1,"name":"Portada","item":"https:\/\/segu-aero.com\/fr\/"},{"@type":"ListItem","position":2,"name":"Produits","item":"https:\/\/segu-aero.com\/fr\/shop\/"},{"@type":"ListItem","position":3,"name":"Cours en ligne AVSEC sur les registres de s\u00e9curit\u00e9 des a\u00e9ronefs (11.2.3.6)"}]},{"@type":"WebSite","@id":"https:\/\/segu-aero.com\/fr\/#website","url":"https:\/\/segu-aero.com\/fr\/","name":"Segu-Aero","description":"Especialistas en formaci\u00f3n y seguridad aeroportuaria","publisher":{"@id":"https:\/\/segu-aero.com\/fr\/#organization"},"potentialAction":[{"@type":"SearchAction","target":{"@type":"EntryPoint","urlTemplate":"https:\/\/segu-aero.com\/fr\/?s={search_term_string}"},"query-input":{"@type":"PropertyValueSpecification","valueRequired":true,"valueName":"search_term_string"}}],"inLanguage":"fr-FR"},{"@type":"Organization","@id":"https:\/\/segu-aero.com\/fr\/#organization","name":"Segu-Aero","url":"https:\/\/segu-aero.com\/fr\/","logo":{"@type":"ImageObject","inLanguage":"fr-FR","@id":"https:\/\/segu-aero.com\/fr\/#\/schema\/logo\/image\/","url":"https:\/\/segu-aero.com\/wp-content\/uploads\/2024\/10\/LOGO-SEG-AERO-2024.png","contentUrl":"https:\/\/segu-aero.com\/wp-content\/uploads\/2024\/10\/LOGO-SEG-AERO-2024.png","width":293,"height":128,"caption":"Segu-Aero"},"image":{"@id":"https:\/\/segu-aero.com\/fr\/#\/schema\/logo\/image\/"},"sameAs":["https:\/\/www.linkedin.com\/company\/formaero\/"]}]}},"_links":{"self":[{"href":"https:\/\/segu-aero.com\/fr\/wp-json\/wp\/v2\/product\/4016","targetHints":{"allow":["GET"]}}],"collection":[{"href":"https:\/\/segu-aero.com\/fr\/wp-json\/wp\/v2\/product"}],"about":[{"href":"https:\/\/segu-aero.com\/fr\/wp-json\/wp\/v2\/types\/product"}],"version-history":[{"count":3,"href":"https:\/\/segu-aero.com\/fr\/wp-json\/wp\/v2\/product\/4016\/revisions"}],"predecessor-version":[{"id":6050,"href":"https:\/\/segu-aero.com\/fr\/wp-json\/wp\/v2\/product\/4016\/revisions\/6050"}],"wp:featuredmedia":[{"embeddable":true,"href":"https:\/\/segu-aero.com\/fr\/wp-json\/wp\/v2\/media\/5113"}],"wp:attachment":[{"href":"https:\/\/segu-aero.com\/fr\/wp-json\/wp\/v2\/media?parent=4016"}],"wp:term":[{"taxonomy":"product_brand","embeddable":true,"href":"https:\/\/segu-aero.com\/fr\/wp-json\/wp\/v2\/product_brand?post=4016"},{"taxonomy":"product_cat","embeddable":true,"href":"https:\/\/segu-aero.com\/fr\/wp-json\/wp\/v2\/product_cat?post=4016"},{"taxonomy":"product_tag","embeddable":true,"href":"https:\/\/segu-aero.com\/fr\/wp-json\/wp\/v2\/product_tag?post=4016"}],"curies":[{"name":"wp","href":"https:\/\/api.w.org\/{rel}","templated":true}]}}