{"id":3100,"date":"2022-11-17T08:40:02","date_gmt":"2022-11-17T07:40:02","guid":{"rendered":"http:\/\/segu-aero.com\/politica-de-cookies\/"},"modified":"2025-11-01T16:58:36","modified_gmt":"2025-11-01T15:58:36","slug":"politica-de-cookies","status":"publish","type":"page","link":"https:\/\/segu-aero.com\/fr\/politica-de-cookies\/","title":{"rendered":"Politique en mati\u00e8re de cookies"},"content":{"rendered":"\t\t<div data-elementor-type=\"wp-page\" data-elementor-id=\"3100\" class=\"elementor elementor-3100 elementor-281\" data-elementor-post-type=\"page\">\n\t\t\t\t<div class=\"elementor-element elementor-element-47e71e8 e-flex e-con-boxed e-con e-parent\" data-id=\"47e71e8\" data-element_type=\"container\" data-e-type=\"container\">\n\t\t\t\t\t<div class=\"e-con-inner\">\n\t\t\t\t<div class=\"elementor-element elementor-element-40df0d9 elementor-widget elementor-widget-text-editor\" data-id=\"40df0d9\" data-element_type=\"widget\" data-e-type=\"widget\" data-widget_type=\"text-editor.default\">\n\t\t\t\t<div class=\"elementor-widget-container\">\n\t\t\t\t\t\t\t\t\t<p><b>UTILISATION DE COOKIES. QUE SONT LES COOKIES ? <br><\/b><\/p><p>Les cookies sont des fichiers t\u00e9l\u00e9charg\u00e9s sur votre ordinateur, smartphone ou tablette lorsque vous acc\u00e9dez \u00e0 certaines pages Web, qui stockent et r\u00e9cup\u00e8rent des informations lors de votre navigation. L&#8217;utilisation de cookies offre de nombreux avantages dans la fourniture de services de la soci\u00e9t\u00e9 de l&#8217;information, puisque, entre autres : <\/p><p>(a) facilite la navigation de l&#8217;utilisateur sur le site Web ;<br>(b) permet \u00e0 l&#8217;utilisateur d&#8217;acc\u00e9der aux diff\u00e9rents services propos\u00e9s par le site Web ;<br>(c) emp\u00eache l&#8217;utilisateur de reconfigurer les caract\u00e9ristiques g\u00e9n\u00e9rales pr\u00e9d\u00e9finies \u00e0 chaque fois qu&#8217;il acc\u00e8de au Site Web ;<br>(d) favorise l&#8217;am\u00e9lioration du fonctionnement et des services fournis \u00e0 travers le Site Web, apr\u00e8s l&#8217;analyse correspondante des informations obtenues gr\u00e2ce aux cookies install\u00e9s ;<br>(e) permettre \u00e0 un site Web, entre autres, de stocker et de r\u00e9cup\u00e9rer des informations sur les habitudes de navigation d&#8217;un utilisateur ou de son \u00e9quipement et, en fonction des informations qu&#8217;ils contiennent et de la mani\u00e8re dont il utilise son \u00e9quipement, elles peuvent \u00eatre utilis\u00e9es pour reconna\u00eetre l&#8217;utilisateur.<\/p><p>Conform\u00e9ment aux dispositions de la loi 34\/2002 du 11 juillet relative aux services de la soci\u00e9t\u00e9 de l&#8217;information et au commerce \u00e9lectronique et au r\u00e8glement (UE) 2016\/679 du Parlement europ\u00e9en et du Conseil du 27 avril 2016, nous vous informons que ce site Web n&#8217;utilise pas de cookies pour collecter des informations sur les utilisateurs. Les cookies ne sont utilis\u00e9s qu&#8217;\u00e0 des fins techniques et de personnalisation, afin de permettre votre navigation et de vous permettre de d\u00e9terminer vos pr\u00e9f\u00e9rences.<br>Afin de vous fournir le maximum d&#8217;informations possible, nous proc\u00e9dons tout d&#8217;abord \u00e0 classer les cookies, selon une s\u00e9rie de cat\u00e9gories : <\/p><p>Types de cookies selon l&#8217;entit\u00e9 qui les g\u00e8re :<\/p><p>a) Propres Cookies :<br>Ce sont ceux dont l&#8217;\u00e9diteur est lui-m\u00eame responsable et qui, g\u00e9n\u00e9ralement, sont envoy\u00e9s \u00e0 l&#8217;\u00e9quipement terminal de l&#8217;utilisateur \u00e0 partir d&#8217;un ordinateur ou d&#8217;un domaine g\u00e9r\u00e9 par l&#8217;\u00e9diteur lui-m\u00eame et \u00e0 partir duquel est fourni le service demand\u00e9 par l&#8217;utilisateur.<\/p><p>b) Cookies tiers :<br>Il s&#8217;agit de ceux dont une entit\u00e9 autre que l&#8217;\u00e9diteur est responsable et qui sont g\u00e9n\u00e9ralement envoy\u00e9s \u00e0 l&#8217;\u00e9quipement terminal de l&#8217;utilisateur depuis un ordinateur ou un domaine qui n&#8217;est pas g\u00e9r\u00e9 par l&#8217;\u00e9diteur, mais par une autre entit\u00e9 qui traite les donn\u00e9es obtenues gr\u00e2ce aux cookies.<\/p><p>Types de cookies selon leur finalit\u00e9 :<\/p><p>a) Cookies techniques : sont ceux qui permettent \u00e0 l&#8217;utilisateur de naviguer sur un site Web, une plateforme ou une application et d&#8217;utiliser les diff\u00e9rentes options ou services qui y existent, y compris ceux que l&#8217;\u00e9diteur utilise pour permettre la gestion et le fonctionnement du site Web et activer ses fonctions et services, comme, par exemple, le contr\u00f4le du trafic et de la communication de donn\u00e9es, l&#8217;identification de la session, l&#8217;acc\u00e8s \u00e0 des parties \u00e0 acc\u00e8s restreint, la r\u00e9alisation du processus d&#8217;achat, la cr\u00e9ation et le stockage de contenu, la diffusion de vid\u00e9os ou de sons, l&#8217;activation de contenus dynamiques, etc.).<\/p><p>b) Cookies de pr\u00e9f\u00e9rence ou de personnalisation : ce sont ceux qui permettent \u00e0 l&#8217;utilisateur de m\u00e9moriser des informations afin que l&#8217;utilisateur puisse acc\u00e9der au service avec certaines caract\u00e9ristiques qui peuvent diff\u00e9rencier son exp\u00e9rience de celle des autres utilisateurs, comme, par exemple, la langue, le nombre de r\u00e9sultats \u00e0 afficher lorsque l&#8217;utilisateur effectue une recherche, etc.<\/p><p>c) Cookies d&#8217;analyse ou de mesure : ce sont ceux qui permettent \u00e0 leur responsable de suivre et d&#8217;analyser le comportement des utilisateurs des sites Internet auxquels ils sont li\u00e9s, y compris la quantification des impacts des publicit\u00e9s.<\/p><p>d) Cookies de publicit\u00e9 comportementale : ce sont ceux qui stockent des informations sur le comportement des utilisateurs obtenues gr\u00e2ce \u00e0 l&#8217;observation continue de leurs habitudes de navigation, ce qui permet de d\u00e9velopper un profil sp\u00e9cifique pour afficher des publicit\u00e9s bas\u00e9es sur celui-ci.<\/p><p>Types de cookies selon la dur\u00e9e pendant laquelle ils restent activ\u00e9s :<\/p><p>a) Cookies de session : ce sont ceux con\u00e7us pour collecter et stocker des donn\u00e9es lorsque l&#8217;utilisateur acc\u00e8de \u00e0 une page Web. Ils sont g\u00e9n\u00e9ralement utilis\u00e9s pour stocker des informations qu&#8217;il est int\u00e9ressant de conserver uniquement pour la fourniture du service demand\u00e9 par l&#8217;utilisateur \u00e0 une seule occasion (par exemple, une liste de produits achet\u00e9s) et qui disparaissent \u00e0 la fin de la session. <\/p><p>b) Cookies persistants : ce sont ceux dans lesquels les donn\u00e9es continuent \u00e0 \u00eatre stock\u00e9es dans le terminal et peuvent \u00eatre consult\u00e9es et trait\u00e9es pendant une dur\u00e9e d\u00e9finie par le responsable du cookie, qui peut aller de quelques minutes \u00e0 plusieurs ann\u00e9es.<\/p><p>Nous d\u00e9taillons ci-dessous la liste des cookies que nous utilisons :<\/p><p>Le portail appartenant \u00e0 SEGURIDAD AEROPORTUARIA SL peut contenir des liens vers des sites Web de tiers, dont les politiques de confidentialit\u00e9 ne sont pas li\u00e9es \u00e0 celle de SEGURIDAD AEROPORTUARIA SL. En acc\u00e9dant \u00e0 ces sites Web, vous pouvez d\u00e9cider d&#8217;accepter ou non leurs politiques de confidentialit\u00e9 et de cookies. De mani\u00e8re g\u00e9n\u00e9rale, si vous naviguez sur Internet vous pouvez accepter ou refuser les cookies tiers depuis les options de configuration de votre navigateur. SEGURIDAD AEROPORTUARIA SL n&#8217;est en aucun cas responsable du contenu ou de la v\u00e9racit\u00e9 des politiques et\/ou des conditions d&#8217;utilisation et de confidentialit\u00e9 des tiers.  <\/p><p><b>MODIFICATIONS. MISE \u00c0 JOUR <\/b><\/p><p><b><br><\/b>Cette politique en mati\u00e8re de cookies peut \u00eatre modifi\u00e9e\/mise \u00e0 jour en fonction des exigences l\u00e9gales \u00e9tablies ou dans le but d&#8217;adapter ladite politique aux instructions \u00e9mises par l&#8217;Agence espagnole de protection des donn\u00e9es ou en mettant \u00e0 jour le site Web. Pour cette raison, nous conseillons aux utilisateurs de consulter p\u00e9riodiquement notre politique en mati\u00e8re de cookies. <\/p><p>Si vous avez des questions sur cette politique de cookies, vous pouvez contacter SEGURIDAD AEROPORTUARIA SL via l&#8217;e-mail suivant info@seguroaeroportuaria.com<\/p><p>Pour plus d&#8217;informations sur le traitement de vos donn\u00e9es personnelles, consultez notre <a href=\"https:\/\/segu-aero.com\/fr\/politique-confidentialite\/\">Politique de confidentialit\u00e9<\/a> <\/p><p><span style=\"text-align: var(--text-align); font-family: -apple-system, BlinkMacSystemFont, 'Segoe UI', Roboto, 'Helvetica Neue', Arial, 'Noto Sans', sans-serif, 'Apple Color Emoji', 'Segoe UI Emoji', 'Segoe UI Symbol', 'Noto Color Emoji'; font-size: 1rem;\">Dernier avis 12 novembre 2024<\/span><\/p>\t\t\t\t\t\t\t\t<\/div>\n\t\t\t\t<\/div>\n\t\t\t\t\t<\/div>\n\t\t\t\t<\/div>\n\t\t\t\t<\/div>\n\t\t","protected":false},"excerpt":{"rendered":"<p>UTILISATION DE COOKIES. QUE SONT LES COOKIES ? Les cookies sont des fichiers t\u00e9l\u00e9charg\u00e9s sur votre ordinateur, smartphone ou tablette [&hellip;]<\/p>\n","protected":false},"author":1,"featured_media":0,"parent":0,"menu_order":0,"comment_status":"closed","ping_status":"closed","template":"elementor_header_footer","meta":{"_acf_changed":false,"site-sidebar-layout":"default","site-content-layout":"","ast-site-content-layout":"default","site-content-style":"default","site-sidebar-style":"default","ast-global-header-display":"","ast-banner-title-visibility":"","ast-main-header-display":"","ast-hfb-above-header-display":"","ast-hfb-below-header-display":"","ast-hfb-mobile-header-display":"","site-post-title":"","ast-breadcrumbs-content":"","ast-featured-img":"","footer-sml-layout":"","ast-disable-related-posts":"","theme-transparent-header-meta":"","adv-header-id-meta":"","stick-header-meta":"","header-above-stick-meta":"","header-main-stick-meta":"","header-below-stick-meta":"","astra-migrate-meta-layouts":"default","ast-page-background-enabled":"default","ast-page-background-meta":{"desktop":{"background-color":"var(--ast-global-color-5)","background-image":"","background-repeat":"repeat","background-position":"center center","background-size":"auto","background-attachment":"scroll","background-type":"","background-media":"","overlay-type":"","overlay-color":"","overlay-opacity":"","overlay-gradient":""},"tablet":{"background-color":"","background-image":"","background-repeat":"repeat","background-position":"center center","background-size":"auto","background-attachment":"scroll","background-type":"","background-media":"","overlay-type":"","overlay-color":"","overlay-opacity":"","overlay-gradient":""},"mobile":{"background-color":"","background-image":"","background-repeat":"repeat","background-position":"center center","background-size":"auto","background-attachment":"scroll","background-type":"","background-media":"","overlay-type":"","overlay-color":"","overlay-opacity":"","overlay-gradient":""}},"ast-content-background-meta":{"desktop":{"background-color":"var(--ast-global-color-4)","background-image":"","background-repeat":"repeat","background-position":"center center","background-size":"auto","background-attachment":"scroll","background-type":"","background-media":"","overlay-type":"","overlay-color":"","overlay-opacity":"","overlay-gradient":""},"tablet":{"background-color":"var(--ast-global-color-4)","background-image":"","background-repeat":"repeat","background-position":"center center","background-size":"auto","background-attachment":"scroll","background-type":"","background-media":"","overlay-type":"","overlay-color":"","overlay-opacity":"","overlay-gradient":""},"mobile":{"background-color":"var(--ast-global-color-4)","background-image":"","background-repeat":"repeat","background-position":"center center","background-size":"auto","background-attachment":"scroll","background-type":"","background-media":"","overlay-type":"","overlay-color":"","overlay-opacity":"","overlay-gradient":""}},"productId":0,"courseId":0,"footnotes":""},"class_list":["post-3100","page","type-page","status-publish","hentry"],"acf":[],"yoast_head":"<!-- This site is optimized with the Yoast SEO plugin v27.4 - https:\/\/yoast.com\/product\/yoast-seo-wordpress\/ -->\n<title>Politique en mati\u00e8re de cookies | Segu-Aero<\/title>\n<meta name=\"robots\" content=\"noindex, nofollow\" \/>\n<meta property=\"og:locale\" content=\"fr_FR\" \/>\n<meta property=\"og:type\" content=\"article\" \/>\n<meta property=\"og:title\" content=\"Politique en mati\u00e8re de cookies | Segu-Aero\" \/>\n<meta property=\"og:description\" content=\"UTILISATION DE COOKIES. QUE SONT LES COOKIES ? Les cookies sont des fichiers t\u00e9l\u00e9charg\u00e9s sur votre ordinateur, smartphone ou tablette [&hellip;]\" \/>\n<meta property=\"og:url\" content=\"https:\/\/segu-aero.com\/fr\/politica-de-cookies\/\" \/>\n<meta property=\"og:site_name\" content=\"Segu-Aero\" \/>\n<meta property=\"article:modified_time\" content=\"2025-11-01T15:58:36+00:00\" \/>\n<meta property=\"og:image\" content=\"https:\/\/segu-aero.com\/wp-content\/uploads\/2025\/02\/cropped-LOGO-SEGU-AERO.png\" \/>\n\t<meta property=\"og:image:width\" content=\"808\" \/>\n\t<meta property=\"og:image:height\" content=\"384\" \/>\n\t<meta property=\"og:image:type\" content=\"image\/png\" \/>\n<meta name=\"twitter:card\" content=\"summary_large_image\" \/>\n<meta name=\"twitter:label1\" content=\"Dur\u00e9e de lecture estim\u00e9e\" \/>\n\t<meta name=\"twitter:data1\" content=\"5 minutes\" \/>\n<!-- \/ Yoast SEO plugin. -->","yoast_head_json":{"title":"Politique en mati\u00e8re de cookies | Segu-Aero","robots":{"index":"noindex","follow":"nofollow"},"og_locale":"fr_FR","og_type":"article","og_title":"Politique en mati\u00e8re de cookies | Segu-Aero","og_description":"UTILISATION DE COOKIES. QUE SONT LES COOKIES ? Les cookies sont des fichiers t\u00e9l\u00e9charg\u00e9s sur votre ordinateur, smartphone ou tablette [&hellip;]","og_url":"https:\/\/segu-aero.com\/fr\/politica-de-cookies\/","og_site_name":"Segu-Aero","article_modified_time":"2025-11-01T15:58:36+00:00","og_image":[{"width":808,"height":384,"url":"https:\/\/segu-aero.com\/wp-content\/uploads\/2025\/02\/cropped-LOGO-SEGU-AERO.png","type":"image\/png"}],"twitter_card":"summary_large_image","twitter_misc":{"Dur\u00e9e de lecture estim\u00e9e":"5 minutes"},"schema":{"@context":"https:\/\/schema.org","@graph":[{"@type":"WebPage","@id":"https:\/\/segu-aero.com\/fr\/politica-de-cookies\/","url":"https:\/\/segu-aero.com\/fr\/politica-de-cookies\/","name":"Politique en mati\u00e8re de cookies | Segu-Aero","isPartOf":{"@id":"https:\/\/segu-aero.com\/fr\/#website"},"datePublished":"2022-11-17T07:40:02+00:00","dateModified":"2025-11-01T15:58:36+00:00","breadcrumb":{"@id":"https:\/\/segu-aero.com\/fr\/politica-de-cookies\/#breadcrumb"},"inLanguage":"fr-FR","potentialAction":[{"@type":"ReadAction","target":["https:\/\/segu-aero.com\/fr\/politica-de-cookies\/"]}]},{"@type":"BreadcrumbList","@id":"https:\/\/segu-aero.com\/fr\/politica-de-cookies\/#breadcrumb","itemListElement":[{"@type":"ListItem","position":1,"name":"Portada","item":"https:\/\/segu-aero.com\/fr\/"},{"@type":"ListItem","position":2,"name":"Politique en mati\u00e8re de cookies"}]},{"@type":"WebSite","@id":"https:\/\/segu-aero.com\/fr\/#website","url":"https:\/\/segu-aero.com\/fr\/","name":"Segu-Aero","description":"Especialistas en formaci\u00f3n y seguridad aeroportuaria","publisher":{"@id":"https:\/\/segu-aero.com\/fr\/#organization"},"potentialAction":[{"@type":"SearchAction","target":{"@type":"EntryPoint","urlTemplate":"https:\/\/segu-aero.com\/fr\/?s={search_term_string}"},"query-input":{"@type":"PropertyValueSpecification","valueRequired":true,"valueName":"search_term_string"}}],"inLanguage":"fr-FR"},{"@type":"Organization","@id":"https:\/\/segu-aero.com\/fr\/#organization","name":"Segu-Aero","url":"https:\/\/segu-aero.com\/fr\/","logo":{"@type":"ImageObject","inLanguage":"fr-FR","@id":"https:\/\/segu-aero.com\/fr\/#\/schema\/logo\/image\/","url":"https:\/\/segu-aero.com\/wp-content\/uploads\/2024\/10\/LOGO-SEG-AERO-2024.png","contentUrl":"https:\/\/segu-aero.com\/wp-content\/uploads\/2024\/10\/LOGO-SEG-AERO-2024.png","width":293,"height":128,"caption":"Segu-Aero"},"image":{"@id":"https:\/\/segu-aero.com\/fr\/#\/schema\/logo\/image\/"},"sameAs":["https:\/\/www.linkedin.com\/company\/formaero\/"]}]}},"_links":{"self":[{"href":"https:\/\/segu-aero.com\/fr\/wp-json\/wp\/v2\/pages\/3100","targetHints":{"allow":["GET"]}}],"collection":[{"href":"https:\/\/segu-aero.com\/fr\/wp-json\/wp\/v2\/pages"}],"about":[{"href":"https:\/\/segu-aero.com\/fr\/wp-json\/wp\/v2\/types\/page"}],"author":[{"embeddable":true,"href":"https:\/\/segu-aero.com\/fr\/wp-json\/wp\/v2\/users\/1"}],"replies":[{"embeddable":true,"href":"https:\/\/segu-aero.com\/fr\/wp-json\/wp\/v2\/comments?post=3100"}],"version-history":[{"count":8,"href":"https:\/\/segu-aero.com\/fr\/wp-json\/wp\/v2\/pages\/3100\/revisions"}],"predecessor-version":[{"id":6242,"href":"https:\/\/segu-aero.com\/fr\/wp-json\/wp\/v2\/pages\/3100\/revisions\/6242"}],"wp:attachment":[{"href":"https:\/\/segu-aero.com\/fr\/wp-json\/wp\/v2\/media?parent=3100"}],"curies":[{"name":"wp","href":"https:\/\/api.w.org\/{rel}","templated":true}]}}